{"id":15110,"date":"2025-09-26T14:56:58","date_gmt":"2025-09-26T12:56:58","guid":{"rendered":"https:\/\/www.rertech.it\/?page_id=15110"},"modified":"2025-09-26T18:13:37","modified_gmt":"2025-09-26T16:13:37","slug":"financial-instruments","status":"publish","type":"page","link":"https:\/\/rertech.it\/en\/strumenti-finanziari\/","title":{"rendered":"Financial Instruments"},"content":{"rendered":"<section class=\"l-section wpb_row us_custom_29e153ef height_auto\"><div class=\"l-section-overlay\" style=\"background:rgba(0,0,0,0.20)\"><\/div><div class=\"l-section-h i-cf\"><div class=\"g-cols vc_row via_grid cols_1 laptops-cols_inherit tablets-cols_inherit mobiles-cols_1 valign_top type_default stacking_default\"><div class=\"wpb_column vc_column_container us_custom_eb849559\"><div class=\"vc_column-inner\"><h3 class=\"w-text us_custom_c6a940d2 has_text_color\"><span class=\"w-text-h\"><span class=\"w-text-value\">I VANTAGGI DEL NOLEGGIO<\/span><\/span><\/h3><div class=\"w-separator us_custom_881e4f1b size_custom\" style=\"height:5px\"><\/div><h1 class=\"w-text us_custom_1f9ee13b has_text_color\"><span class=\"w-text-h\"><span class=\"w-text-value\">Strumenti Finanziari<\/span><\/span><\/h1><div class=\"w-separator size_medium\"><\/div><\/div><\/div><\/div><\/div><\/section><section class=\"l-section wpb_row height_medium with_shape\"><div class=\"l-section-shape type_triangle-2 pos_bottom hor_flip\" style=\"height:5vmin;color:var(--color-content-link)\"><svg xmlns=\"http:\/\/www.w3.org\/2000\/svg\" viewBox=\"0 0 64 8\" preserveAspectRatio=\"none\" width=\"100%\" height=\"100%\">\r\n\t<path fill=\"currentColor\" d=\"M64 8 L0 8 L0 0 L48 7.9 L64 0 Z\"\/>\r\n<\/svg><\/div><div class=\"l-section-h i-cf\"><div class=\"g-cols vc_row via_grid cols_1 laptops-cols_inherit tablets-cols_inherit mobiles-cols_1 valign_top type_default stacking_default\" style=\"--columns-gap:2rem;\"><div class=\"wpb_column vc_column_container\"><div class=\"vc_column-inner\"><div class=\"g-cols wpb_row us_custom_e7cd9039 via_grid cols_2 laptops-cols_inherit tablets-cols_inherit mobiles-cols_1 valign_top type_default stacking_default\" style=\"--columns-gap:1rem;\"><div class=\"wpb_column vc_column_container us_custom_a000945b has_bg_color\"><div class=\"vc_column-inner\"><div class=\"wpb_text_column\"><div class=\"wpb_wrapper\"><h2>SOLUZIONI FINANZIARIE<\/h2>\n<\/div><\/div><div class=\"w-separator size_small\"><\/div><div class=\"wpb_text_column us_custom_4e5e3751\"><div class=\"wpb_wrapper\"><p>Il\u00a0noleggio\u00a0\u00e8 una formula in cui i beni necessari all\u2019attivit\u00e0 vengono acquistati da un&#8217;istituto finanziario e dati in locazione al cliente finale. Il cliente pu\u00f2 cos\u00ec utilizzarli per la durata prestabilita, dietro pagamento di un canone periodico.<\/p>\n<p><strong>I\u00a0vantaggi, in generale, sono rilevanti:<\/strong><\/p>\n<ul>\n<li>Risparmio di capitale proprio: con la locazione operativa l\u2019Azienda ottiene il bene che serve per la propria attivit\u00e0 senza impegnare capitale e senza appesantimenti di immobilizzazioni nello stato patrimoniale.<\/li>\n<li>Miglioramento della situazione finanziaria: la locazione operativa migliora i ratios di indebitamento in quanto non rappresenta (in caso di contabilit\u00e0 secondo standard italiano) un debito per l\u2019azienda ma solo un canone in conto economico.<\/li>\n<\/ul>\n<\/div><\/div><\/div><\/div><div class=\"wpb_column vc_column_container us_custom_cf3d7369 has_bg_color\"><div class=\"vc_column-inner\"><div class=\"wpb_text_column\"><div class=\"wpb_wrapper\"><h4>NOLEGGIO FINANZIARIO [LEASING]<\/h4>\n<\/div><\/div><div class=\"w-separator size_small\"><\/div><div class=\"wpb_text_column\"><div class=\"wpb_wrapper\"><p>Con la formula del leasing, al termine del periodo di noleggio il bene viene riscattato dall\u2019utilizzatore.<\/p>\n<p>La deducibilit\u00e0 IRES e IRAP \u00e8 parziale; tuttavia la possibilit\u00e0 di godere del super ammortamento, ove previsto, pu\u00f2 rendere questa soluzione pi\u00f9 vantaggiosa rispetto al noleggio operativo.<\/p>\n<\/div><\/div><div class=\"w-separator size_small\"><\/div><div class=\"wpb_text_column us_custom_eb849559\"><div class=\"wpb_wrapper\"><p><strong>Noleggio beni strumentali con riscatto<\/strong><\/p>\n<\/div><\/div><div class=\"w-separator size_small\"><\/div><div class=\"w-hwrapper valign_top stack_on_mobiles align_center\"><div class=\"w-btn-wrapper align_center\"><a class=\"w-btn us-btn-style_7\" target=\"_blank\" href=\"\/wp-content\/uploads\/2023\/06\/Stima_noleggio_finanziario_01-02-2023.xlsx\"><span class=\"w-btn-label\">Stima noleggio finanziario<\/span><\/a><\/div><div class=\"w-btn-wrapper align_center\"><a class=\"w-btn us-btn-style_6\" target=\"_blank\" href=\"\/wp-content\/uploads\/2023\/06\/Stima_noleggio_operativo_16_02_2023.xlsx\"><span class=\"w-btn-label\">Stima noleggio operativo<\/span><\/a><\/div><\/div><div class=\"w-separator size_small\"><\/div><\/div><\/div><\/div><div class=\"g-cols wpb_row us_custom_e7cd9039 via_grid cols_2 laptops-cols_inherit tablets-cols_inherit mobiles-cols_1 valign_top type_default stacking_default\" style=\"--columns-gap:1rem;\"><div class=\"wpb_column vc_column_container us_custom_cf3d7369 has_bg_color\"><div class=\"vc_column-inner\"><div class=\"wpb_text_column\"><div class=\"wpb_wrapper\"><h4>NOLEGGIARE CON RERTECH<\/h4>\n<\/div><\/div><div class=\"w-separator size_small\"><\/div><div class=\"wpb_text_column\"><div class=\"wpb_wrapper\"><p>Rertech, grazie ad accordi con primari istituti di credito, \u00e8 in grado di offrire vantaggiose soluzioni di noleggio operativo per i beni strumentali di propria fornitura (OTDR, giuntatrici, soffiacavo ecc\u2026).<\/p>\n<ul>\n<li>Nessun anticipo<\/li>\n<li>Periodo di locazione a 18\/24\/30\/36\/48 o 60 mesi<\/li>\n<li>Canoni mensili o trimestrali, saldati in RID alla fine di ciascun periodo<\/li>\n<li>Assicurazione full-risk inclusa nel canone (furto, guasto ecc\u2026)<\/li>\n<li>Ridotti costi di apertura pratica<\/li>\n<li>Rapidit\u00e0 nella delibera<\/li>\n<\/ul>\n<\/div><\/div><\/div><\/div><div class=\"wpb_column vc_column_container us_custom_a000945b has_bg_color\"><div class=\"vc_column-inner\"><div class=\"wpb_text_column\"><div class=\"wpb_wrapper\"><h4>NOLEGGIO OPERATIVO CON RISCATTO<\/h4>\n<\/div><\/div><div class=\"w-separator size_small\"><\/div><div class=\"wpb_text_column us_custom_4e5e3751\"><div class=\"wpb_wrapper\"><p>Con la formula del noleggio operativo con riscatto, al termine del periodo di noleggio concordato l\u2019utilizzatore pu\u00f2 restituire il bene, permutarlo o acquistarlo definitivamente)<\/p>\n<p>Il noleggio operativo \u00e8 TOTALMENTE deducibile ai fini IRES e IRAP (oltre che IVA)<\/p>\n<\/div><\/div><div class=\"w-separator size_small\"><\/div><div class=\"wpb_text_column us_custom_eb849559\"><div class=\"wpb_wrapper\"><p><strong>Noleggio operativo riscatto<\/strong><\/p>\n<\/div><\/div><div class=\"w-separator size_small\"><\/div><div class=\"w-iconbox iconpos_left style_default color_secondary align_center no_text\"><a href=\"tel:+390110708840\" class=\"w-iconbox-link\" aria-label=\"Per maggiori informazioni contatta +39 011 0708 840\"><div class=\"w-iconbox-icon\" style=\"font-size:2rem;\"><i class=\"fad fa-phone-alt\"><\/i><\/div><\/a><div class=\"w-iconbox-meta\"><h6 class=\"w-iconbox-title\"><a href=\"tel:+390110708840\" class=\"w-iconbox-link\" aria-label=\"Per maggiori informazioni contatta +39 011 0708 840\">Per maggiori informazioni contatta +39 011 0708 840<\/a><\/h6><\/div><\/div><\/div><\/div><\/div><div class=\"w-separator size_large\"><\/div><div class=\"g-cols wpb_row via_grid cols_3 laptops-cols_inherit tablets-cols_inherit mobiles-cols_1 valign_top type_default stacking_default\" style=\"--columns-gap:1rem;\"><div class=\"wpb_column vc_column_container\"><div class=\"vc_column-inner\"><div class=\"w-iconbox us_custom_d625af92 iconpos_top style_default color_primary align_center\"><div class=\"w-iconbox-icon\" style=\"font-size:2rem;\"><i class=\"fas fa-map-marker-alt\"><\/i><\/div><div class=\"w-iconbox-meta\"><h5 class=\"w-iconbox-title\">SEDE LEGALE<\/h5><div class=\"w-iconbox-text\"><p>Corso Mortara 22 | 10149 TORINO<\/p>\n<p><strong>SEDE OPERATIVA<\/strong><br \/>\nCorso A. Fleming 15 | 10040 Druento TORINO<\/p>\n<\/div><\/div><\/div><\/div><\/div><div class=\"wpb_column vc_column_container\"><div class=\"vc_column-inner\"><div class=\"w-iconbox iconpos_top style_default color_primary align_center\"><div class=\"w-iconbox-icon\" style=\"font-size:2rem;\"><i class=\"fad fa-life-ring\"><\/i><\/div><div class=\"w-iconbox-meta\"><h5 class=\"w-iconbox-title\">SUPPORTO 7\/24<\/h5><div class=\"w-iconbox-text\"><p><strong>Servizio supporto clienti sempre<\/strong><\/p>\n<p>disponibile 7\/24<br \/>\n<a href=\"tel:+390110708840\">+39 011 0708 840<\/a><\/p>\n<\/div><\/div><\/div><\/div><\/div><div class=\"wpb_column vc_column_container\"><div class=\"vc_column-inner\"><div class=\"w-iconbox iconpos_top style_default color_primary align_center\"><div class=\"w-iconbox-icon\" style=\"font-size:2rem;\"><i class=\"fad fa-clock\"><\/i><\/div><div class=\"w-iconbox-meta\"><h5 class=\"w-iconbox-title\">ORARI DI LAVORO<\/h5><div class=\"w-iconbox-text\"><p><strong>Operativit\u00e0 On Line sempre attiva<\/strong><\/p>\n<p>Lun\/Gio | 09:00 &#8211; 17:00<br \/>\nVenerd\u00ec | 09:00 &#8211; 13:00<\/p>\n<\/div><\/div><\/div><\/div><\/div><\/div><\/div><\/div><\/div><\/div><\/section>\n","protected":false},"excerpt":{"rendered":"I VANTAGGI DEL NOLEGGIOStrumenti Finanziari SOLUZIONI FINANZIARIE Il\u00a0noleggio\u00a0\u00e8 una formula in cui i beni necessari all\u2019attivit\u00e0 vengono acquistati da un&#8217;istituto finanziario e dati in locazione al cliente finale. Il cliente pu\u00f2 cos\u00ec utilizzarli per la durata prestabilita, dietro pagamento di un canone periodico. I\u00a0vantaggi, in generale, sono rilevanti: Risparmio di capitale proprio: con la locazione...","protected":false},"author":1707,"featured_media":17860,"parent":0,"menu_order":0,"comment_status":"closed","ping_status":"closed","template":"","meta":{"_acf_changed":false,"footnotes":""},"class_list":["post-15110","page","type-page","status-publish","has-post-thumbnail","hentry"],"acf":[],"yoast_head":"<!-- This site is optimized with the Yoast SEO Premium plugin v20.8 (Yoast SEO v27.0) - https:\/\/yoast.com\/product\/yoast-seo-premium-wordpress\/ -->\n<title>Strumenti Finanziari | Fornitura di Strumenti per reti in Fibra Ottica e Rame<\/title>\n<meta name=\"description\" content=\"Strumenti finanziari: Rertech, grazie ad accordi con primari istituti di credito, \u00e8 in grado di offrire vantaggiose soluzioni di noleggio\" \/>\n<meta name=\"robots\" content=\"index, follow, max-snippet:-1, max-image-preview:large, max-video-preview:-1\" \/>\n<link rel=\"canonical\" href=\"https:\/\/rertech.it\/en\/financial-instruments\/\" \/>\n<meta property=\"og:locale\" content=\"en_GB\" \/>\n<meta property=\"og:type\" content=\"article\" \/>\n<meta property=\"og:title\" content=\"Strumenti Finanziari\" \/>\n<meta property=\"og:description\" content=\"Strumenti finanziari: Rertech, grazie ad accordi con primari istituti di credito, \u00e8 in grado di offrire vantaggiose soluzioni di noleggio\" \/>\n<meta property=\"og:url\" content=\"https:\/\/rertech.it\/en\/financial-instruments\/\" \/>\n<meta property=\"og:site_name\" content=\"Rertech\" \/>\n<meta property=\"article:publisher\" content=\"https:\/\/www.facebook.com\/rertech.fibraottica\/\" \/>\n<meta property=\"article:modified_time\" content=\"2025-09-26T16:13:37+00:00\" \/>\n<meta property=\"og:image\" content=\"https:\/\/rertech.it\/wp-content\/uploads\/2020\/08\/blog-rertech-12.png\" \/>\n\t<meta property=\"og:image:width\" content=\"1200\" \/>\n\t<meta property=\"og:image:height\" content=\"630\" \/>\n\t<meta property=\"og:image:type\" content=\"image\/png\" \/>\n<meta name=\"twitter:card\" content=\"summary_large_image\" \/>\n<meta name=\"twitter:label1\" content=\"Estimated reading time\" \/>\n\t<meta name=\"twitter:data1\" content=\"3 minutes\" \/>\n<script type=\"application\/ld+json\" class=\"yoast-schema-graph\">{\"@context\":\"https:\/\/schema.org\",\"@graph\":[{\"@type\":\"WebPage\",\"@id\":\"https:\/\/rertech.it\/strumenti-finanziari\/\",\"url\":\"https:\/\/rertech.it\/strumenti-finanziari\/\",\"name\":\"Strumenti Finanziari | Fornitura di Strumenti per reti in Fibra Ottica e Rame\",\"isPartOf\":{\"@id\":\"https:\/\/rertech.it\/#website\"},\"primaryImageOfPage\":{\"@id\":\"https:\/\/rertech.it\/strumenti-finanziari\/#primaryimage\"},\"image\":{\"@id\":\"https:\/\/rertech.it\/strumenti-finanziari\/#primaryimage\"},\"thumbnailUrl\":\"https:\/\/rertech.it\/wp-content\/uploads\/2020\/08\/blog-rertech-12.png\",\"datePublished\":\"2025-09-26T12:56:58+00:00\",\"dateModified\":\"2025-09-26T16:13:37+00:00\",\"description\":\"Strumenti finanziari: Rertech, grazie ad accordi con primari istituti di credito, \u00e8 in grado di offrire vantaggiose soluzioni di noleggio\",\"breadcrumb\":{\"@id\":\"https:\/\/rertech.it\/strumenti-finanziari\/#breadcrumb\"},\"inLanguage\":\"en-GB\",\"potentialAction\":[{\"@type\":\"ReadAction\",\"target\":[\"https:\/\/rertech.it\/strumenti-finanziari\/\"]}]},{\"@type\":\"ImageObject\",\"inLanguage\":\"en-GB\",\"@id\":\"https:\/\/rertech.it\/strumenti-finanziari\/#primaryimage\",\"url\":\"https:\/\/rertech.it\/wp-content\/uploads\/2020\/08\/blog-rertech-12.png\",\"contentUrl\":\"https:\/\/rertech.it\/wp-content\/uploads\/2020\/08\/blog-rertech-12.png\",\"width\":1200,\"height\":630,\"caption\":\"RERTECH - strumenti finanziari\"},{\"@type\":\"BreadcrumbList\",\"@id\":\"https:\/\/rertech.it\/strumenti-finanziari\/#breadcrumb\",\"itemListElement\":[{\"@type\":\"ListItem\",\"position\":1,\"name\":\"Home\",\"item\":\"https:\/\/rertech.it\/\"},{\"@type\":\"ListItem\",\"position\":2,\"name\":\"Strumenti Finanziari\"}]},{\"@type\":\"WebSite\",\"@id\":\"https:\/\/rertech.it\/#website\",\"url\":\"https:\/\/rertech.it\/\",\"name\":\"Rertech\",\"description\":\"Prodotti, attrezzatura e servizi per fibra ottica\",\"publisher\":{\"@id\":\"https:\/\/rertech.it\/#organization\"},\"potentialAction\":[{\"@type\":\"SearchAction\",\"target\":{\"@type\":\"EntryPoint\",\"urlTemplate\":\"https:\/\/rertech.it\/?s={search_term_string}\"},\"query-input\":{\"@type\":\"PropertyValueSpecification\",\"valueRequired\":true,\"valueName\":\"search_term_string\"}}],\"inLanguage\":\"en-GB\"},{\"@type\":\"Organization\",\"@id\":\"https:\/\/rertech.it\/#organization\",\"name\":\"RERTECH\",\"url\":\"https:\/\/rertech.it\/\",\"logo\":{\"@type\":\"ImageObject\",\"inLanguage\":\"en-GB\",\"@id\":\"https:\/\/rertech.it\/#\/schema\/logo\/image\/\",\"url\":\"https:\/\/rertech.it\/wp-content\/uploads\/2022\/03\/cropped-Copia-di-RERTECH-500x180-2.png\",\"contentUrl\":\"https:\/\/rertech.it\/wp-content\/uploads\/2022\/03\/cropped-Copia-di-RERTECH-500x180-2.png\",\"width\":512,\"height\":512,\"caption\":\"RERTECH\"},\"image\":{\"@id\":\"https:\/\/rertech.it\/#\/schema\/logo\/image\/\"},\"sameAs\":[\"https:\/\/www.facebook.com\/rertech.fibraottica\/\",\"https:\/\/www.instagram.com\/rertechfibraottica\/\",\"https:\/\/www.linkedin.com\/company\/rertech-fibraottica\/\",\"https:\/\/www.youtube.com\/channel\/UC5Sihqg7SPUcMPDCEnmQ5XQ\/\"]}]}<\/script>\n<!-- \/ Yoast SEO Premium plugin. -->","yoast_head_json":{"title":"Financial Tools | Supply of Tools for Fiber Optic and Copper Networks","description":"Financial tools: Rertech, thanks to agreements with leading financial institutions, is able to offer advantageous rental solutions","robots":{"index":"index","follow":"follow","max-snippet":"max-snippet:-1","max-image-preview":"max-image-preview:large","max-video-preview":"max-video-preview:-1"},"canonical":"https:\/\/rertech.it\/en\/financial-instruments\/","og_locale":"en_GB","og_type":"article","og_title":"Strumenti Finanziari","og_description":"Strumenti finanziari: Rertech, grazie ad accordi con primari istituti di credito, \u00e8 in grado di offrire vantaggiose soluzioni di noleggio","og_url":"https:\/\/rertech.it\/en\/financial-instruments\/","og_site_name":"Rertech","article_publisher":"https:\/\/www.facebook.com\/rertech.fibraottica\/","article_modified_time":"2025-09-26T16:13:37+00:00","og_image":[{"width":1200,"height":630,"url":"https:\/\/rertech.it\/wp-content\/uploads\/2020\/08\/blog-rertech-12.png","type":"image\/png"}],"twitter_card":"summary_large_image","twitter_misc":{"Estimated reading time":"3 minutes"},"schema":{"@context":"https:\/\/schema.org","@graph":[{"@type":"WebPage","@id":"https:\/\/rertech.it\/strumenti-finanziari\/","url":"https:\/\/rertech.it\/strumenti-finanziari\/","name":"Financial Tools | Supply of Tools for Fiber Optic and Copper Networks","isPartOf":{"@id":"https:\/\/rertech.it\/#website"},"primaryImageOfPage":{"@id":"https:\/\/rertech.it\/strumenti-finanziari\/#primaryimage"},"image":{"@id":"https:\/\/rertech.it\/strumenti-finanziari\/#primaryimage"},"thumbnailUrl":"https:\/\/rertech.it\/wp-content\/uploads\/2020\/08\/blog-rertech-12.png","datePublished":"2025-09-26T12:56:58+00:00","dateModified":"2025-09-26T16:13:37+00:00","description":"Financial tools: Rertech, thanks to agreements with leading financial institutions, is able to offer advantageous rental solutions","breadcrumb":{"@id":"https:\/\/rertech.it\/strumenti-finanziari\/#breadcrumb"},"inLanguage":"en-GB","potentialAction":[{"@type":"ReadAction","target":["https:\/\/rertech.it\/strumenti-finanziari\/"]}]},{"@type":"ImageObject","inLanguage":"en-GB","@id":"https:\/\/rertech.it\/strumenti-finanziari\/#primaryimage","url":"https:\/\/rertech.it\/wp-content\/uploads\/2020\/08\/blog-rertech-12.png","contentUrl":"https:\/\/rertech.it\/wp-content\/uploads\/2020\/08\/blog-rertech-12.png","width":1200,"height":630,"caption":"RERTECH - strumenti finanziari"},{"@type":"BreadcrumbList","@id":"https:\/\/rertech.it\/strumenti-finanziari\/#breadcrumb","itemListElement":[{"@type":"ListItem","position":1,"name":"Home","item":"https:\/\/rertech.it\/"},{"@type":"ListItem","position":2,"name":"Strumenti Finanziari"}]},{"@type":"WebSite","@id":"https:\/\/rertech.it\/#website","url":"https:\/\/rertech.it\/","name":"Rertech","description":"Fiber Optic Products, Equipment and Services","publisher":{"@id":"https:\/\/rertech.it\/#organization"},"potentialAction":[{"@type":"SearchAction","target":{"@type":"EntryPoint","urlTemplate":"https:\/\/rertech.it\/?s={search_term_string}"},"query-input":{"@type":"PropertyValueSpecification","valueRequired":true,"valueName":"search_term_string"}}],"inLanguage":"en-GB"},{"@type":"Organization","@id":"https:\/\/rertech.it\/#organization","name":"RERTECH","url":"https:\/\/rertech.it\/","logo":{"@type":"ImageObject","inLanguage":"en-GB","@id":"https:\/\/rertech.it\/#\/schema\/logo\/image\/","url":"https:\/\/rertech.it\/wp-content\/uploads\/2022\/03\/cropped-Copia-di-RERTECH-500x180-2.png","contentUrl":"https:\/\/rertech.it\/wp-content\/uploads\/2022\/03\/cropped-Copia-di-RERTECH-500x180-2.png","width":512,"height":512,"caption":"RERTECH"},"image":{"@id":"https:\/\/rertech.it\/#\/schema\/logo\/image\/"},"sameAs":["https:\/\/www.facebook.com\/rertech.fibraottica\/","https:\/\/www.instagram.com\/rertechfibraottica\/","https:\/\/www.linkedin.com\/company\/rertech-fibraottica\/","https:\/\/www.youtube.com\/channel\/UC5Sihqg7SPUcMPDCEnmQ5XQ\/"]}]}},"_links":{"self":[{"href":"https:\/\/rertech.it\/en\/wp-json\/wp\/v2\/pages\/15110","targetHints":{"allow":["GET"]}}],"collection":[{"href":"https:\/\/rertech.it\/en\/wp-json\/wp\/v2\/pages"}],"about":[{"href":"https:\/\/rertech.it\/en\/wp-json\/wp\/v2\/types\/page"}],"author":[{"embeddable":true,"href":"https:\/\/rertech.it\/en\/wp-json\/wp\/v2\/users\/1707"}],"replies":[{"embeddable":true,"href":"https:\/\/rertech.it\/en\/wp-json\/wp\/v2\/comments?post=15110"}],"version-history":[{"count":1,"href":"https:\/\/rertech.it\/en\/wp-json\/wp\/v2\/pages\/15110\/revisions"}],"predecessor-version":[{"id":43838,"href":"https:\/\/rertech.it\/en\/wp-json\/wp\/v2\/pages\/15110\/revisions\/43838"}],"wp:featuredmedia":[{"embeddable":true,"href":"https:\/\/rertech.it\/en\/wp-json\/wp\/v2\/media\/17860"}],"wp:attachment":[{"href":"https:\/\/rertech.it\/en\/wp-json\/wp\/v2\/media?parent=15110"}],"curies":[{"name":"wp","href":"https:\/\/api.w.org\/{rel}","templated":true}]}}