{"id":21568,"date":"2020-10-26T14:09:33","date_gmt":"2020-10-26T13:09:33","guid":{"rendered":"https:\/\/www.rertech.it\/?post_type=product&#038;p=21568"},"modified":"2026-04-20T08:00:10","modified_gmt":"2025-10-17T13:50:23","slug":"ki9600a-ingaas-high-end-optical-power-meter","status":"publish","type":"product","link":"https:\/\/rertech.it\/en\/prodotti\/collaudo-e-manutenzione\/reti-in-fibra-ottica\/ki9600a-ingaas-power-meter-ottico-di-fascia-alta\/","title":{"rendered":"Kingfisher KI9600A-InGaAs CWDM DWDM fiber optic power meter"},"content":{"rendered":"<h3>Features of the CWDM DWDM fiber optic power meter:<\/h3>\n<p>Ideal for singlemode, CWDM and DWDM<br \/>\nSmall and reliable, for intensive and highly professional use<br \/>\nExcellent measurement quality, 2% calibration accuracy, 0.02 dB linearity<br \/>\n9 lunghezze d&#8217;onda calibrate: 660-850-1300-1310-1390-1490-1550-1625<br \/>\nMeasurement range: -60 +5 dBm<br \/>\nModulation recognition: 200 to 2500 Hz, \u00b12%<br \/>\nStandard SC connector, optionally FC, ST, LC, MU, E2000, SMA etc<br \/>\nAuto power off<br \/>\nDrop-resistant from a height of 2.5 meters, MIL-PRF 28800F class 2 standards<br \/>\nAAA alkaline batteries, 300 hours battery life<\/p>\n<h3>The kit includes:<\/h3>\n<ul>\n<li>Instrument<\/li>\n<li>SC\/SC Compass<\/li>\n<li>Carrying bag<\/li>\n<li>Calibration certificate and documentation<\/li>\n<\/ul>","protected":false},"excerpt":{"rendered":"<p>The KI9600A series fiber optic power meters are compact, highly precise and highly reliable portable instruments.<br \/>\n<a href=\"https:\/\/rertech.it\/wp-content\/uploads\/2020\/10\/ki9600-comparison.pdf\">ki9600-comparison<\/a><br \/>\nSensor-based versions are available:<br \/>\nInGaAs: sensitivity -60 + 5dBm, best for singlemode, excellent for CWDM and DWDM<br \/>\nGe: Less accurate, but also excellent for multimode. Not to be used with CWDM and DWDM.<br \/>\nYes: Ideal between 600 and 1000 nm<br \/>\nH5: high power (+15 dBm)<br \/>\nXL: for 1mm POF fiber, MPO, MTRJ etc<\/p>\n<p>The instrument is equipped with SC interface, interchangeable with numerous options.<br \/>\nFC, ST, MU, LC, LSA-DIN47256, D4, SMA 905\/906 ecc&#8230;<\/p>\n<h4 style=\"text-align: center;\"><span style=\"color: #cc99ff;\">This item is managed on order<\/span><\/h4>","protected":false},"featured_media":28430,"template":"","meta":{"_acf_changed":false},"product_brand":[1399],"product_cat":[121],"product_tag":[438,1105,437,163,436],"class_list":{"0":"post-21568","1":"product","2":"type-product","3":"status-publish","4":"has-post-thumbnail","6":"product_brand-kingfisher","7":"product_cat-reti-in-fibra-ottica","8":"product_tag-fibra-plastica","9":"product_tag-kingfisher","10":"product_tag-misura-potenza-ottica","11":"product_tag-opm","12":"product_tag-power-meter","14":"first","15":"instock","16":"taxable","17":"shipping-taxable","18":"product-type-simple"},"acf":[],"tiered_pricing_type":"fixed","tiered_pricing_fixed_rules":[],"tiered_pricing_percentage_rules":[],"tiered_pricing_minimum":1,"_administrator_tiered_pricing_type":"fixed","_administrator_tiered_pricing_fixed_rules":[],"_editor_tiered_pricing_type":"fixed","_editor_tiered_pricing_fixed_rules":[],"_author_tiered_pricing_type":"fixed","_author_tiered_pricing_fixed_rules":[],"_contributor_tiered_pricing_type":"fixed","_contributor_tiered_pricing_fixed_rules":[],"_subscriber_tiered_pricing_type":"fixed","_subscriber_tiered_pricing_fixed_rules":[],"_customer_tiered_pricing_type":"fixed","_customer_tiered_pricing_fixed_rules":[],"_shop_manager_tiered_pricing_type":"fixed","_shop_manager_tiered_pricing_fixed_rules":[],"_translator_tiered_pricing_type":"fixed","_translator_tiered_pricing_fixed_rules":[],"_give_manager_tiered_pricing_type":"fixed","_give_manager_tiered_pricing_fixed_rules":[],"_give_accountant_tiered_pricing_type":"fixed","_give_accountant_tiered_pricing_fixed_rules":[],"_give_worker_tiered_pricing_type":"fixed","_give_worker_tiered_pricing_fixed_rules":[],"_give_donor_tiered_pricing_type":"fixed","_give_donor_tiered_pricing_fixed_rules":[],"_wpseo_manager_tiered_pricing_type":"fixed","_wpseo_manager_tiered_pricing_fixed_rules":[],"_wpseo_editor_tiered_pricing_type":"fixed","_wpseo_editor_tiered_pricing_fixed_rules":[],"_wholesale_buyer_tiered_pricing_type":"fixed","_wholesale_buyer_tiered_pricing_fixed_rules":[],"_wholesale_tax_free_tiered_pricing_type":"fixed","_wholesale_tax_free_tiered_pricing_fixed_rules":[],"_azienda_tiered_pricing_type":"fixed","_azienda_tiered_pricing_fixed_rules":[],"_privato_tiered_pricing_type":"fixed","_privato_tiered_pricing_fixed_rules":[],"yoast_head":"<!-- This site is optimized with the Yoast SEO Premium plugin v20.8 (Yoast SEO v27.4) - https:\/\/yoast.com\/product\/yoast-seo-premium-wordpress\/ -->\n<title>Power meter per fibra ottica CWDM DWDM Kingfisher KI9600A-InGaAs | Rertech<\/title>\n<meta name=\"description\" content=\"Questo power meter per fibra ottica \u00e8 adatto ad una ampia gamma di applicazioni. Tuttavia, grazie al sensore InGaAs, \u00e8 pi\u00f9 indicato per CWDM e DWDM\" \/>\n<meta name=\"robots\" content=\"index, follow, max-snippet:-1, max-image-preview:large, max-video-preview:-1\" \/>\n<link rel=\"canonical\" href=\"https:\/\/rertech.it\/en\/products\/testing-and-maintenance\/fiber-optic-networks\/ki9600a-ingaas-high-end-optical-power-meter\/\" \/>\n<meta property=\"og:locale\" content=\"en_GB\" \/>\n<meta property=\"og:type\" content=\"article\" \/>\n<meta property=\"og:title\" content=\"Power meter per fibra ottica CWDM DWDM Kingfisher KI9600A-InGaAs\" \/>\n<meta property=\"og:description\" content=\"Questo power meter per fibra ottica \u00e8 adatto ad una ampia gamma di applicazioni. Tuttavia, grazie al sensore InGaAs, \u00e8 pi\u00f9 indicato per CWDM e DWDM\" \/>\n<meta property=\"og:url\" content=\"https:\/\/rertech.it\/en\/products\/testing-and-maintenance\/fiber-optic-networks\/ki9600a-ingaas-high-end-optical-power-meter\/\" \/>\n<meta property=\"og:site_name\" content=\"Rertech\" \/>\n<meta property=\"article:publisher\" content=\"https:\/\/www.facebook.com\/rertech.fibraottica\/\" \/>\n<meta property=\"article:modified_time\" content=\"2025-10-17T13:50:23+00:00\" \/>\n<meta property=\"og:image\" content=\"https:\/\/rertech.it\/wp-content\/uploads\/2022\/08\/Immagine-Prodotti-RERTECH-E-Commerce-40-1.webp\" \/>\n\t<meta property=\"og:image:width\" content=\"1080\" \/>\n\t<meta property=\"og:image:height\" content=\"1080\" \/>\n\t<meta property=\"og:image:type\" content=\"image\/webp\" \/>\n<meta name=\"twitter:card\" content=\"summary_large_image\" \/>\n<meta name=\"twitter:label1\" content=\"Price\" \/>\n\t<meta name=\"twitter:data1\" content=\"768.00&nbsp;&euro; Iva esclusa\" \/>\n\t<meta name=\"twitter:label2\" content=\"Availability\" \/>\n\t<meta name=\"twitter:data2\" content=\"In stock\" \/>\n<script type=\"application\/ld+json\" class=\"yoast-schema-graph\">{\"@context\":\"https:\\\/\\\/schema.org\",\"@graph\":[{\"@type\":\"WebPage\",\"@id\":\"https:\\\/\\\/rertech.it\\\/prodotti\\\/collaudo-e-manutenzione\\\/reti-in-fibra-ottica\\\/ki9600a-ingaas-power-meter-ottico-di-fascia-alta\\\/\",\"url\":\"https:\\\/\\\/rertech.it\\\/prodotti\\\/collaudo-e-manutenzione\\\/reti-in-fibra-ottica\\\/ki9600a-ingaas-power-meter-ottico-di-fascia-alta\\\/\",\"name\":\"Power meter per fibra ottica CWDM DWDM Kingfisher KI9600A-InGaAs | Rertech\",\"isPartOf\":{\"@id\":\"https:\\\/\\\/rertech.it\\\/#website\"},\"primaryImageOfPage\":{\"@id\":\"https:\\\/\\\/rertech.it\\\/prodotti\\\/collaudo-e-manutenzione\\\/reti-in-fibra-ottica\\\/ki9600a-ingaas-power-meter-ottico-di-fascia-alta\\\/#primaryimage\"},\"image\":{\"@id\":\"https:\\\/\\\/rertech.it\\\/prodotti\\\/collaudo-e-manutenzione\\\/reti-in-fibra-ottica\\\/ki9600a-ingaas-power-meter-ottico-di-fascia-alta\\\/#primaryimage\"},\"thumbnailUrl\":\"https:\\\/\\\/rertech.it\\\/wp-content\\\/uploads\\\/2022\\\/08\\\/Immagine-Prodotti-RERTECH-E-Commerce-40-1.webp\",\"datePublished\":\"2020-10-26T13:09:33+00:00\",\"dateModified\":\"2025-10-17T13:50:23+00:00\",\"description\":\"Questo power meter per fibra ottica \u00e8 adatto ad una ampia gamma di applicazioni. Tuttavia, grazie al sensore InGaAs, \u00e8 pi\u00f9 indicato per CWDM e DWDM\",\"breadcrumb\":{\"@id\":\"https:\\\/\\\/rertech.it\\\/prodotti\\\/collaudo-e-manutenzione\\\/reti-in-fibra-ottica\\\/ki9600a-ingaas-power-meter-ottico-di-fascia-alta\\\/#breadcrumb\"},\"inLanguage\":\"en-GB\",\"potentialAction\":[{\"@type\":\"ReadAction\",\"target\":[\"https:\\\/\\\/rertech.it\\\/prodotti\\\/collaudo-e-manutenzione\\\/reti-in-fibra-ottica\\\/ki9600a-ingaas-power-meter-ottico-di-fascia-alta\\\/\"]}]},{\"@type\":\"ImageObject\",\"inLanguage\":\"en-GB\",\"@id\":\"https:\\\/\\\/rertech.it\\\/prodotti\\\/collaudo-e-manutenzione\\\/reti-in-fibra-ottica\\\/ki9600a-ingaas-power-meter-ottico-di-fascia-alta\\\/#primaryimage\",\"url\":\"https:\\\/\\\/rertech.it\\\/wp-content\\\/uploads\\\/2022\\\/08\\\/Immagine-Prodotti-RERTECH-E-Commerce-40-1.webp\",\"contentUrl\":\"https:\\\/\\\/rertech.it\\\/wp-content\\\/uploads\\\/2022\\\/08\\\/Immagine-Prodotti-RERTECH-E-Commerce-40-1.webp\",\"width\":1080,\"height\":1080,\"caption\":\"power meter per fibra ottica\"},{\"@type\":\"BreadcrumbList\",\"@id\":\"https:\\\/\\\/rertech.it\\\/prodotti\\\/collaudo-e-manutenzione\\\/reti-in-fibra-ottica\\\/ki9600a-ingaas-power-meter-ottico-di-fascia-alta\\\/#breadcrumb\",\"itemListElement\":[{\"@type\":\"ListItem\",\"position\":1,\"name\":\"Home\",\"item\":\"https:\\\/\\\/rertech.it\\\/\"},{\"@type\":\"ListItem\",\"position\":2,\"name\":\"Prodotti\",\"item\":\"https:\\\/\\\/rertech.it\\\/prodotti\\\/\"},{\"@type\":\"ListItem\",\"position\":3,\"name\":\"COLLAUDO e MANUTENZIONE\",\"item\":\"https:\\\/\\\/rertech.it\\\/categoria-prodotto\\\/collaudo-e-manutenzione\\\/\"},{\"@type\":\"ListItem\",\"position\":4,\"name\":\"Reti in fibra ottica\",\"item\":\"https:\\\/\\\/rertech.it\\\/categoria-prodotto\\\/collaudo-e-manutenzione\\\/reti-in-fibra-ottica\\\/\"},{\"@type\":\"ListItem\",\"position\":5,\"name\":\"Power meter per fibra ottica CWDM DWDM Kingfisher KI9600A-InGaAs\"}]},{\"@type\":\"WebSite\",\"@id\":\"https:\\\/\\\/rertech.it\\\/#website\",\"url\":\"https:\\\/\\\/rertech.it\\\/\",\"name\":\"Rertech\",\"description\":\"Prodotti, attrezzatura e servizi per fibra ottica\",\"publisher\":{\"@id\":\"https:\\\/\\\/rertech.it\\\/#organization\"},\"potentialAction\":[{\"@type\":\"SearchAction\",\"target\":{\"@type\":\"EntryPoint\",\"urlTemplate\":\"https:\\\/\\\/rertech.it\\\/?s={search_term_string}\"},\"query-input\":{\"@type\":\"PropertyValueSpecification\",\"valueRequired\":true,\"valueName\":\"search_term_string\"}}],\"inLanguage\":\"en-GB\"},{\"@type\":\"Organization\",\"@id\":\"https:\\\/\\\/rertech.it\\\/#organization\",\"name\":\"RERTECH\",\"url\":\"https:\\\/\\\/rertech.it\\\/\",\"logo\":{\"@type\":\"ImageObject\",\"inLanguage\":\"en-GB\",\"@id\":\"https:\\\/\\\/rertech.it\\\/#\\\/schema\\\/logo\\\/image\\\/\",\"url\":\"https:\\\/\\\/rertech.it\\\/wp-content\\\/uploads\\\/2022\\\/03\\\/cropped-Copia-di-RERTECH-500x180-2.png\",\"contentUrl\":\"https:\\\/\\\/rertech.it\\\/wp-content\\\/uploads\\\/2022\\\/03\\\/cropped-Copia-di-RERTECH-500x180-2.png\",\"width\":512,\"height\":512,\"caption\":\"RERTECH\"},\"image\":{\"@id\":\"https:\\\/\\\/rertech.it\\\/#\\\/schema\\\/logo\\\/image\\\/\"},\"sameAs\":[\"https:\\\/\\\/www.facebook.com\\\/rertech.fibraottica\\\/\",\"https:\\\/\\\/www.instagram.com\\\/rertechfibraottica\\\/\",\"https:\\\/\\\/www.linkedin.com\\\/company\\\/rertech-fibraottica\\\/\",\"https:\\\/\\\/www.youtube.com\\\/channel\\\/UC5Sihqg7SPUcMPDCEnmQ5XQ\\\/\"]}]}<\/script>\n<meta property=\"product:price:amount\" content=\"768.000\" \/>\n<meta property=\"product:price:currency\" content=\"EUR\" \/>\n<meta property=\"og:availability\" content=\"instock\" \/>\n<meta property=\"product:availability\" content=\"instock\" \/>\n<meta property=\"product:retailer_item_id\" content=\"KI9600A-INGAAS\" \/>\n<meta property=\"product:condition\" content=\"new\" \/>\n<!-- \/ Yoast SEO Premium plugin. -->","yoast_head_json":{"title":"Kingfisher KI9600A-InGaAs CWDM DWDM Fiber Optic Power Meter | Rertech","description":"This fiber optic power meter is suitable for a wide range of applications. However, thanks to the InGaAs sensor, it is best suited for CWDM and DWDM.","robots":{"index":"index","follow":"follow","max-snippet":"max-snippet:-1","max-image-preview":"max-image-preview:large","max-video-preview":"max-video-preview:-1"},"canonical":"https:\/\/rertech.it\/en\/products\/testing-and-maintenance\/fiber-optic-networks\/ki9600a-ingaas-high-end-optical-power-meter\/","og_locale":"en_GB","og_type":"article","og_title":"Power meter per fibra ottica CWDM DWDM Kingfisher KI9600A-InGaAs","og_description":"Questo power meter per fibra ottica \u00e8 adatto ad una ampia gamma di applicazioni. Tuttavia, grazie al sensore InGaAs, \u00e8 pi\u00f9 indicato per CWDM e DWDM","og_url":"https:\/\/rertech.it\/en\/products\/testing-and-maintenance\/fiber-optic-networks\/ki9600a-ingaas-high-end-optical-power-meter\/","og_site_name":"Rertech","article_publisher":"https:\/\/www.facebook.com\/rertech.fibraottica\/","article_modified_time":"2025-10-17T13:50:23+00:00","og_image":[{"width":1080,"height":1080,"url":"https:\/\/rertech.it\/wp-content\/uploads\/2022\/08\/Immagine-Prodotti-RERTECH-E-Commerce-40-1.webp","type":"image\/webp"}],"twitter_card":"summary_large_image","twitter_misc":{"Price":"768.00&nbsp;&euro; Iva esclusa","Availability":"In stock"},"schema":{"@context":"https:\/\/schema.org","@graph":[{"@type":"WebPage","@id":"https:\/\/rertech.it\/prodotti\/collaudo-e-manutenzione\/reti-in-fibra-ottica\/ki9600a-ingaas-power-meter-ottico-di-fascia-alta\/","url":"https:\/\/rertech.it\/prodotti\/collaudo-e-manutenzione\/reti-in-fibra-ottica\/ki9600a-ingaas-power-meter-ottico-di-fascia-alta\/","name":"Kingfisher KI9600A-InGaAs CWDM DWDM Fiber Optic Power Meter | Rertech","isPartOf":{"@id":"https:\/\/rertech.it\/#website"},"primaryImageOfPage":{"@id":"https:\/\/rertech.it\/prodotti\/collaudo-e-manutenzione\/reti-in-fibra-ottica\/ki9600a-ingaas-power-meter-ottico-di-fascia-alta\/#primaryimage"},"image":{"@id":"https:\/\/rertech.it\/prodotti\/collaudo-e-manutenzione\/reti-in-fibra-ottica\/ki9600a-ingaas-power-meter-ottico-di-fascia-alta\/#primaryimage"},"thumbnailUrl":"https:\/\/rertech.it\/wp-content\/uploads\/2022\/08\/Immagine-Prodotti-RERTECH-E-Commerce-40-1.webp","datePublished":"2020-10-26T13:09:33+00:00","dateModified":"2025-10-17T13:50:23+00:00","description":"This fiber optic power meter is suitable for a wide range of applications. However, thanks to the InGaAs sensor, it is best suited for CWDM and DWDM.","breadcrumb":{"@id":"https:\/\/rertech.it\/prodotti\/collaudo-e-manutenzione\/reti-in-fibra-ottica\/ki9600a-ingaas-power-meter-ottico-di-fascia-alta\/#breadcrumb"},"inLanguage":"en-GB","potentialAction":[{"@type":"ReadAction","target":["https:\/\/rertech.it\/prodotti\/collaudo-e-manutenzione\/reti-in-fibra-ottica\/ki9600a-ingaas-power-meter-ottico-di-fascia-alta\/"]}]},{"@type":"ImageObject","inLanguage":"en-GB","@id":"https:\/\/rertech.it\/prodotti\/collaudo-e-manutenzione\/reti-in-fibra-ottica\/ki9600a-ingaas-power-meter-ottico-di-fascia-alta\/#primaryimage","url":"https:\/\/rertech.it\/wp-content\/uploads\/2022\/08\/Immagine-Prodotti-RERTECH-E-Commerce-40-1.webp","contentUrl":"https:\/\/rertech.it\/wp-content\/uploads\/2022\/08\/Immagine-Prodotti-RERTECH-E-Commerce-40-1.webp","width":1080,"height":1080,"caption":"power meter per fibra ottica"},{"@type":"BreadcrumbList","@id":"https:\/\/rertech.it\/prodotti\/collaudo-e-manutenzione\/reti-in-fibra-ottica\/ki9600a-ingaas-power-meter-ottico-di-fascia-alta\/#breadcrumb","itemListElement":[{"@type":"ListItem","position":1,"name":"Home","item":"https:\/\/rertech.it\/"},{"@type":"ListItem","position":2,"name":"Prodotti","item":"https:\/\/rertech.it\/prodotti\/"},{"@type":"ListItem","position":3,"name":"COLLAUDO e MANUTENZIONE","item":"https:\/\/rertech.it\/categoria-prodotto\/collaudo-e-manutenzione\/"},{"@type":"ListItem","position":4,"name":"Reti in fibra ottica","item":"https:\/\/rertech.it\/categoria-prodotto\/collaudo-e-manutenzione\/reti-in-fibra-ottica\/"},{"@type":"ListItem","position":5,"name":"Power meter per fibra ottica CWDM DWDM Kingfisher KI9600A-InGaAs"}]},{"@type":"WebSite","@id":"https:\/\/rertech.it\/#website","url":"https:\/\/rertech.it\/","name":"Rertech","description":"Fiber Optic Products, Equipment and Services","publisher":{"@id":"https:\/\/rertech.it\/#organization"},"potentialAction":[{"@type":"SearchAction","target":{"@type":"EntryPoint","urlTemplate":"https:\/\/rertech.it\/?s={search_term_string}"},"query-input":{"@type":"PropertyValueSpecification","valueRequired":true,"valueName":"search_term_string"}}],"inLanguage":"en-GB"},{"@type":"Organization","@id":"https:\/\/rertech.it\/#organization","name":"RERTECH","url":"https:\/\/rertech.it\/","logo":{"@type":"ImageObject","inLanguage":"en-GB","@id":"https:\/\/rertech.it\/#\/schema\/logo\/image\/","url":"https:\/\/rertech.it\/wp-content\/uploads\/2022\/03\/cropped-Copia-di-RERTECH-500x180-2.png","contentUrl":"https:\/\/rertech.it\/wp-content\/uploads\/2022\/03\/cropped-Copia-di-RERTECH-500x180-2.png","width":512,"height":512,"caption":"RERTECH"},"image":{"@id":"https:\/\/rertech.it\/#\/schema\/logo\/image\/"},"sameAs":["https:\/\/www.facebook.com\/rertech.fibraottica\/","https:\/\/www.instagram.com\/rertechfibraottica\/","https:\/\/www.linkedin.com\/company\/rertech-fibraottica\/","https:\/\/www.youtube.com\/channel\/UC5Sihqg7SPUcMPDCEnmQ5XQ\/"]}]},"product_price_amount":"768.000","product_price_currency":"EUR","og_availability":"instock","product_availability":"instock","product_retailer_item_id":"KI9600A-INGAAS","product_condition":"new"},"_links":{"self":[{"href":"https:\/\/rertech.it\/en\/wp-json\/wp\/v2\/product\/21568","targetHints":{"allow":["GET"]}}],"collection":[{"href":"https:\/\/rertech.it\/en\/wp-json\/wp\/v2\/product"}],"about":[{"href":"https:\/\/rertech.it\/en\/wp-json\/wp\/v2\/types\/product"}],"wp:featuredmedia":[{"embeddable":true,"href":"https:\/\/rertech.it\/en\/wp-json\/wp\/v2\/media\/28430"}],"wp:attachment":[{"href":"https:\/\/rertech.it\/en\/wp-json\/wp\/v2\/media?parent=21568"}],"wp:term":[{"taxonomy":"product_brand","embeddable":true,"href":"https:\/\/rertech.it\/en\/wp-json\/wp\/v2\/product_brand?post=21568"},{"taxonomy":"product_cat","embeddable":true,"href":"https:\/\/rertech.it\/en\/wp-json\/wp\/v2\/product_cat?post=21568"},{"taxonomy":"product_tag","embeddable":true,"href":"https:\/\/rertech.it\/en\/wp-json\/wp\/v2\/product_tag?post=21568"}],"curies":[{"name":"wp","href":"https:\/\/api.w.org\/{rel}","templated":true}]}}