{"id":21629,"date":"2020-10-26T18:23:52","date_gmt":"2020-10-26T17:23:52","guid":{"rendered":"https:\/\/www.rertech.it\/?post_type=product&#038;p=21629"},"modified":"2026-04-20T08:00:10","modified_gmt":"2025-10-17T13:50:23","slug":"ki9822a-high-end-single-mode-optical-source","status":"publish","type":"product","link":"https:\/\/rertech.it\/en\/prodotti\/collaudo-e-manutenzione\/reti-in-fibra-ottica\/ki9822a-sorgente-ottica-monomodale-fascia-alta\/","title":{"rendered":"Kingfisher KI9822A Single-Mode Fiber Optic Source (1310-1550 nm)"},"content":{"rendered":"<h3>Characteristics of the source for single-mode optical fiber 1310-1550 nm<\/h3>\n<p>Laser optical source, 1310 and 1550 nm<br \/>\nSmall and reliable, for intensive and highly professional use<br \/>\nQualit\u00e0 eccellente di stabilit\u00e0 nel tempo, nella temperatura e ripetibilit\u00e0<br \/>\n0dBm output adjustable by 3dB in 0.1 dB steps<br \/>\nAmpia scelta di interfacce: ST, SC, LC, FC, POF Multi, POF SC, POF ST ecc&#8230;<br \/>\nDrop-resistant from a height of 2.5 meters, MIL-PRF 28800F class 2 standards<br \/>\nAAA alkaline batteries, 40 hours battery life<\/p>\n<p><strong>In the kit:<\/strong><br \/>\nInstrument<br \/>\nCarrying bag<br \/>\nSC\/SC Compass<br \/>\nCalibration certificate and documentation<\/p>","protected":false},"excerpt":{"rendered":"<p>Le sorgenti ottiche Kingfisher della serie KI9800A sono strumenti portatili compatti, affidabili e di grande qualit\u00e0.<br \/>\n<a href=\"https:\/\/rertech.it\/wp-content\/uploads\/2020\/10\/9800-comparison.pdf\">9800-comparison<\/a><br \/>\nThey are available in numerous versions, the main ones being:<br \/>\n&#8211; Per fibra monomodale, laser, lunghezza d&#8217;onda 1310\/1550 nm<br \/>\n&#8211; Per reti triple play, laser, lunghezza d&#8217;onda 1310\/1490\/1550, o 1310\/1550\/1625 nm<br \/>\n&#8211; Per reti multimodali, led, lunghezza d&#8217;onda 850\/1300 nm<br \/>\n&#8211; Per POF, led, lunghezza d&#8217;onda 660 nm<\/p>\n<p>The instrument is equipped with SC interface, interchangeable with numerous options.<br \/>\nFC, ST, MU, LC, LSA-DIN47256, D4, SMA 905\/906 ecc&#8230;<\/p>\n<h4 style=\"text-align: center;\"><span style=\"color: #cc99ff;\">This item is managed on order<\/span><\/h4>","protected":false},"featured_media":28433,"template":"","meta":{"_acf_changed":false},"product_brand":[1399],"product_cat":[121],"product_tag":[440,160,159],"class_list":{"0":"post-21629","1":"product","2":"type-product","3":"status-publish","4":"has-post-thumbnail","6":"product_brand-kingfisher","7":"product_cat-reti-in-fibra-ottica","8":"product_tag-ols","9":"product_tag-sorgente-laser","10":"product_tag-sorgente-ottica","12":"first","13":"instock","14":"taxable","15":"shipping-taxable","16":"product-type-simple"},"acf":[],"tiered_pricing_type":"fixed","tiered_pricing_fixed_rules":[],"tiered_pricing_percentage_rules":[],"tiered_pricing_minimum":1,"_administrator_tiered_pricing_type":"fixed","_administrator_tiered_pricing_fixed_rules":[],"_editor_tiered_pricing_type":"fixed","_editor_tiered_pricing_fixed_rules":[],"_author_tiered_pricing_type":"fixed","_author_tiered_pricing_fixed_rules":[],"_contributor_tiered_pricing_type":"fixed","_contributor_tiered_pricing_fixed_rules":[],"_subscriber_tiered_pricing_type":"fixed","_subscriber_tiered_pricing_fixed_rules":[],"_customer_tiered_pricing_type":"fixed","_customer_tiered_pricing_fixed_rules":[],"_shop_manager_tiered_pricing_type":"fixed","_shop_manager_tiered_pricing_fixed_rules":[],"_translator_tiered_pricing_type":"fixed","_translator_tiered_pricing_fixed_rules":[],"_give_manager_tiered_pricing_type":"fixed","_give_manager_tiered_pricing_fixed_rules":[],"_give_accountant_tiered_pricing_type":"fixed","_give_accountant_tiered_pricing_fixed_rules":[],"_give_worker_tiered_pricing_type":"fixed","_give_worker_tiered_pricing_fixed_rules":[],"_give_donor_tiered_pricing_type":"fixed","_give_donor_tiered_pricing_fixed_rules":[],"_wpseo_manager_tiered_pricing_type":"fixed","_wpseo_manager_tiered_pricing_fixed_rules":[],"_wpseo_editor_tiered_pricing_type":"fixed","_wpseo_editor_tiered_pricing_fixed_rules":[],"_wholesale_buyer_tiered_pricing_type":"fixed","_wholesale_buyer_tiered_pricing_fixed_rules":[],"_wholesale_tax_free_tiered_pricing_type":"fixed","_wholesale_tax_free_tiered_pricing_fixed_rules":[],"_azienda_tiered_pricing_type":"fixed","_azienda_tiered_pricing_fixed_rules":[],"_privato_tiered_pricing_type":"fixed","_privato_tiered_pricing_fixed_rules":[],"yoast_head":"<!-- This site is optimized with the Yoast SEO Premium plugin v20.8 (Yoast SEO v27.4) - https:\/\/yoast.com\/product\/yoast-seo-premium-wordpress\/ -->\n<title>Sorgente per fibra ottica monomodale (1310-1550 nm) Kingfisher KI9822A | Rertech<\/title>\n<meta name=\"description\" content=\"Le sorgenti ottiche kingfisher della serie 9800 sono strumenti portati di alta precisione con caratteristiche assolutamente di rilievo rispetto al panorama della concorrenza\" \/>\n<meta name=\"robots\" content=\"index, follow, max-snippet:-1, max-image-preview:large, max-video-preview:-1\" \/>\n<link rel=\"canonical\" href=\"https:\/\/rertech.it\/en\/products\/testing-and-maintenance\/fiber-optic-networks\/ki9822a-high-end-single-mode-optical-source\/\" \/>\n<meta property=\"og:locale\" content=\"en_GB\" \/>\n<meta property=\"og:type\" content=\"article\" \/>\n<meta property=\"og:title\" content=\"Sorgente per fibra ottica monomodale (1310-1550 nm) Kingfisher KI9822A\" \/>\n<meta property=\"og:description\" content=\"Le sorgenti ottiche kingfisher della serie 9800 sono strumenti portati di alta precisione con caratteristiche assolutamente di rilievo rispetto al panorama della concorrenza\" \/>\n<meta property=\"og:url\" content=\"https:\/\/rertech.it\/en\/products\/testing-and-maintenance\/fiber-optic-networks\/ki9822a-high-end-single-mode-optical-source\/\" \/>\n<meta property=\"og:site_name\" content=\"Rertech\" \/>\n<meta property=\"article:publisher\" content=\"https:\/\/www.facebook.com\/rertech.fibraottica\/\" \/>\n<meta property=\"article:modified_time\" content=\"2025-10-17T13:50:23+00:00\" \/>\n<meta property=\"og:image\" content=\"https:\/\/rertech.it\/wp-content\/uploads\/2022\/08\/KI9800A.webp\" \/>\n\t<meta property=\"og:image:width\" content=\"600\" \/>\n\t<meta property=\"og:image:height\" content=\"600\" \/>\n\t<meta property=\"og:image:type\" content=\"image\/webp\" \/>\n<meta name=\"twitter:card\" content=\"summary_large_image\" \/>\n<meta name=\"twitter:label1\" content=\"Price\" \/>\n\t<meta name=\"twitter:data1\" content=\"1,350.00&nbsp;&euro; Iva esclusa\" \/>\n\t<meta name=\"twitter:label2\" content=\"Availability\" \/>\n\t<meta name=\"twitter:data2\" content=\"In stock\" \/>\n<script type=\"application\/ld+json\" class=\"yoast-schema-graph\">{\"@context\":\"https:\\\/\\\/schema.org\",\"@graph\":[{\"@type\":\"WebPage\",\"@id\":\"https:\\\/\\\/rertech.it\\\/prodotti\\\/collaudo-e-manutenzione\\\/reti-in-fibra-ottica\\\/ki9822a-sorgente-ottica-monomodale-fascia-alta\\\/\",\"url\":\"https:\\\/\\\/rertech.it\\\/prodotti\\\/collaudo-e-manutenzione\\\/reti-in-fibra-ottica\\\/ki9822a-sorgente-ottica-monomodale-fascia-alta\\\/\",\"name\":\"Sorgente per fibra ottica monomodale (1310-1550 nm) Kingfisher KI9822A | Rertech\",\"isPartOf\":{\"@id\":\"https:\\\/\\\/rertech.it\\\/#website\"},\"primaryImageOfPage\":{\"@id\":\"https:\\\/\\\/rertech.it\\\/prodotti\\\/collaudo-e-manutenzione\\\/reti-in-fibra-ottica\\\/ki9822a-sorgente-ottica-monomodale-fascia-alta\\\/#primaryimage\"},\"image\":{\"@id\":\"https:\\\/\\\/rertech.it\\\/prodotti\\\/collaudo-e-manutenzione\\\/reti-in-fibra-ottica\\\/ki9822a-sorgente-ottica-monomodale-fascia-alta\\\/#primaryimage\"},\"thumbnailUrl\":\"https:\\\/\\\/rertech.it\\\/wp-content\\\/uploads\\\/2022\\\/08\\\/KI9800A.webp\",\"datePublished\":\"2020-10-26T17:23:52+00:00\",\"dateModified\":\"2025-10-17T13:50:23+00:00\",\"description\":\"Le sorgenti ottiche kingfisher della serie 9800 sono strumenti portati di alta precisione con caratteristiche assolutamente di rilievo rispetto al panorama della concorrenza\",\"breadcrumb\":{\"@id\":\"https:\\\/\\\/rertech.it\\\/prodotti\\\/collaudo-e-manutenzione\\\/reti-in-fibra-ottica\\\/ki9822a-sorgente-ottica-monomodale-fascia-alta\\\/#breadcrumb\"},\"inLanguage\":\"en-GB\",\"potentialAction\":[{\"@type\":\"ReadAction\",\"target\":[\"https:\\\/\\\/rertech.it\\\/prodotti\\\/collaudo-e-manutenzione\\\/reti-in-fibra-ottica\\\/ki9822a-sorgente-ottica-monomodale-fascia-alta\\\/\"]}]},{\"@type\":\"ImageObject\",\"inLanguage\":\"en-GB\",\"@id\":\"https:\\\/\\\/rertech.it\\\/prodotti\\\/collaudo-e-manutenzione\\\/reti-in-fibra-ottica\\\/ki9822a-sorgente-ottica-monomodale-fascia-alta\\\/#primaryimage\",\"url\":\"https:\\\/\\\/rertech.it\\\/wp-content\\\/uploads\\\/2022\\\/08\\\/KI9800A.webp\",\"contentUrl\":\"https:\\\/\\\/rertech.it\\\/wp-content\\\/uploads\\\/2022\\\/08\\\/KI9800A.webp\",\"width\":600,\"height\":600,\"caption\":\"sorgente fibra ottica\"},{\"@type\":\"BreadcrumbList\",\"@id\":\"https:\\\/\\\/rertech.it\\\/prodotti\\\/collaudo-e-manutenzione\\\/reti-in-fibra-ottica\\\/ki9822a-sorgente-ottica-monomodale-fascia-alta\\\/#breadcrumb\",\"itemListElement\":[{\"@type\":\"ListItem\",\"position\":1,\"name\":\"Home\",\"item\":\"https:\\\/\\\/rertech.it\\\/\"},{\"@type\":\"ListItem\",\"position\":2,\"name\":\"Prodotti\",\"item\":\"https:\\\/\\\/rertech.it\\\/prodotti\\\/\"},{\"@type\":\"ListItem\",\"position\":3,\"name\":\"COLLAUDO e MANUTENZIONE\",\"item\":\"https:\\\/\\\/rertech.it\\\/categoria-prodotto\\\/collaudo-e-manutenzione\\\/\"},{\"@type\":\"ListItem\",\"position\":4,\"name\":\"Reti in fibra ottica\",\"item\":\"https:\\\/\\\/rertech.it\\\/categoria-prodotto\\\/collaudo-e-manutenzione\\\/reti-in-fibra-ottica\\\/\"},{\"@type\":\"ListItem\",\"position\":5,\"name\":\"Sorgente per fibra ottica monomodale (1310-1550 nm) Kingfisher KI9822A\"}]},{\"@type\":\"WebSite\",\"@id\":\"https:\\\/\\\/rertech.it\\\/#website\",\"url\":\"https:\\\/\\\/rertech.it\\\/\",\"name\":\"Rertech\",\"description\":\"Prodotti, attrezzatura e servizi per fibra ottica\",\"publisher\":{\"@id\":\"https:\\\/\\\/rertech.it\\\/#organization\"},\"potentialAction\":[{\"@type\":\"SearchAction\",\"target\":{\"@type\":\"EntryPoint\",\"urlTemplate\":\"https:\\\/\\\/rertech.it\\\/?s={search_term_string}\"},\"query-input\":{\"@type\":\"PropertyValueSpecification\",\"valueRequired\":true,\"valueName\":\"search_term_string\"}}],\"inLanguage\":\"en-GB\"},{\"@type\":\"Organization\",\"@id\":\"https:\\\/\\\/rertech.it\\\/#organization\",\"name\":\"RERTECH\",\"url\":\"https:\\\/\\\/rertech.it\\\/\",\"logo\":{\"@type\":\"ImageObject\",\"inLanguage\":\"en-GB\",\"@id\":\"https:\\\/\\\/rertech.it\\\/#\\\/schema\\\/logo\\\/image\\\/\",\"url\":\"https:\\\/\\\/rertech.it\\\/wp-content\\\/uploads\\\/2022\\\/03\\\/cropped-Copia-di-RERTECH-500x180-2.png\",\"contentUrl\":\"https:\\\/\\\/rertech.it\\\/wp-content\\\/uploads\\\/2022\\\/03\\\/cropped-Copia-di-RERTECH-500x180-2.png\",\"width\":512,\"height\":512,\"caption\":\"RERTECH\"},\"image\":{\"@id\":\"https:\\\/\\\/rertech.it\\\/#\\\/schema\\\/logo\\\/image\\\/\"},\"sameAs\":[\"https:\\\/\\\/www.facebook.com\\\/rertech.fibraottica\\\/\",\"https:\\\/\\\/www.instagram.com\\\/rertechfibraottica\\\/\",\"https:\\\/\\\/www.linkedin.com\\\/company\\\/rertech-fibraottica\\\/\",\"https:\\\/\\\/www.youtube.com\\\/channel\\\/UC5Sihqg7SPUcMPDCEnmQ5XQ\\\/\"]}]}<\/script>\n<meta property=\"product:price:amount\" content=\"1350.000\" \/>\n<meta property=\"product:price:currency\" content=\"EUR\" \/>\n<meta property=\"og:availability\" content=\"instock\" \/>\n<meta property=\"product:availability\" content=\"instock\" \/>\n<meta property=\"product:retailer_item_id\" content=\"KI9822A\" \/>\n<meta property=\"product:condition\" content=\"new\" \/>\n<!-- \/ Yoast SEO Premium plugin. -->","yoast_head_json":{"title":"Kingfisher KI9822A Single-Mode Fiber Optic Source (1310-1550 nm) | Rertech","description":"The Kingfisher 9800 series optical sources are high precision portable instruments with features that are absolutely outstanding compared to the competition.","robots":{"index":"index","follow":"follow","max-snippet":"max-snippet:-1","max-image-preview":"max-image-preview:large","max-video-preview":"max-video-preview:-1"},"canonical":"https:\/\/rertech.it\/en\/products\/testing-and-maintenance\/fiber-optic-networks\/ki9822a-high-end-single-mode-optical-source\/","og_locale":"en_GB","og_type":"article","og_title":"Sorgente per fibra ottica monomodale (1310-1550 nm) Kingfisher KI9822A","og_description":"Le sorgenti ottiche kingfisher della serie 9800 sono strumenti portati di alta precisione con caratteristiche assolutamente di rilievo rispetto al panorama della concorrenza","og_url":"https:\/\/rertech.it\/en\/products\/testing-and-maintenance\/fiber-optic-networks\/ki9822a-high-end-single-mode-optical-source\/","og_site_name":"Rertech","article_publisher":"https:\/\/www.facebook.com\/rertech.fibraottica\/","article_modified_time":"2025-10-17T13:50:23+00:00","og_image":[{"width":600,"height":600,"url":"https:\/\/rertech.it\/wp-content\/uploads\/2022\/08\/KI9800A.webp","type":"image\/webp"}],"twitter_card":"summary_large_image","twitter_misc":{"Price":"1,350.00&nbsp;&euro; Iva esclusa","Availability":"In stock"},"schema":{"@context":"https:\/\/schema.org","@graph":[{"@type":"WebPage","@id":"https:\/\/rertech.it\/prodotti\/collaudo-e-manutenzione\/reti-in-fibra-ottica\/ki9822a-sorgente-ottica-monomodale-fascia-alta\/","url":"https:\/\/rertech.it\/prodotti\/collaudo-e-manutenzione\/reti-in-fibra-ottica\/ki9822a-sorgente-ottica-monomodale-fascia-alta\/","name":"Kingfisher KI9822A Single-Mode Fiber Optic Source (1310-1550 nm) | Rertech","isPartOf":{"@id":"https:\/\/rertech.it\/#website"},"primaryImageOfPage":{"@id":"https:\/\/rertech.it\/prodotti\/collaudo-e-manutenzione\/reti-in-fibra-ottica\/ki9822a-sorgente-ottica-monomodale-fascia-alta\/#primaryimage"},"image":{"@id":"https:\/\/rertech.it\/prodotti\/collaudo-e-manutenzione\/reti-in-fibra-ottica\/ki9822a-sorgente-ottica-monomodale-fascia-alta\/#primaryimage"},"thumbnailUrl":"https:\/\/rertech.it\/wp-content\/uploads\/2022\/08\/KI9800A.webp","datePublished":"2020-10-26T17:23:52+00:00","dateModified":"2025-10-17T13:50:23+00:00","description":"The Kingfisher 9800 series optical sources are high precision portable instruments with features that are absolutely outstanding compared to the competition.","breadcrumb":{"@id":"https:\/\/rertech.it\/prodotti\/collaudo-e-manutenzione\/reti-in-fibra-ottica\/ki9822a-sorgente-ottica-monomodale-fascia-alta\/#breadcrumb"},"inLanguage":"en-GB","potentialAction":[{"@type":"ReadAction","target":["https:\/\/rertech.it\/prodotti\/collaudo-e-manutenzione\/reti-in-fibra-ottica\/ki9822a-sorgente-ottica-monomodale-fascia-alta\/"]}]},{"@type":"ImageObject","inLanguage":"en-GB","@id":"https:\/\/rertech.it\/prodotti\/collaudo-e-manutenzione\/reti-in-fibra-ottica\/ki9822a-sorgente-ottica-monomodale-fascia-alta\/#primaryimage","url":"https:\/\/rertech.it\/wp-content\/uploads\/2022\/08\/KI9800A.webp","contentUrl":"https:\/\/rertech.it\/wp-content\/uploads\/2022\/08\/KI9800A.webp","width":600,"height":600,"caption":"sorgente fibra ottica"},{"@type":"BreadcrumbList","@id":"https:\/\/rertech.it\/prodotti\/collaudo-e-manutenzione\/reti-in-fibra-ottica\/ki9822a-sorgente-ottica-monomodale-fascia-alta\/#breadcrumb","itemListElement":[{"@type":"ListItem","position":1,"name":"Home","item":"https:\/\/rertech.it\/"},{"@type":"ListItem","position":2,"name":"Prodotti","item":"https:\/\/rertech.it\/prodotti\/"},{"@type":"ListItem","position":3,"name":"COLLAUDO e MANUTENZIONE","item":"https:\/\/rertech.it\/categoria-prodotto\/collaudo-e-manutenzione\/"},{"@type":"ListItem","position":4,"name":"Reti in fibra ottica","item":"https:\/\/rertech.it\/categoria-prodotto\/collaudo-e-manutenzione\/reti-in-fibra-ottica\/"},{"@type":"ListItem","position":5,"name":"Sorgente per fibra ottica monomodale (1310-1550 nm) Kingfisher KI9822A"}]},{"@type":"WebSite","@id":"https:\/\/rertech.it\/#website","url":"https:\/\/rertech.it\/","name":"Rertech","description":"Fiber Optic Products, Equipment and Services","publisher":{"@id":"https:\/\/rertech.it\/#organization"},"potentialAction":[{"@type":"SearchAction","target":{"@type":"EntryPoint","urlTemplate":"https:\/\/rertech.it\/?s={search_term_string}"},"query-input":{"@type":"PropertyValueSpecification","valueRequired":true,"valueName":"search_term_string"}}],"inLanguage":"en-GB"},{"@type":"Organization","@id":"https:\/\/rertech.it\/#organization","name":"RERTECH","url":"https:\/\/rertech.it\/","logo":{"@type":"ImageObject","inLanguage":"en-GB","@id":"https:\/\/rertech.it\/#\/schema\/logo\/image\/","url":"https:\/\/rertech.it\/wp-content\/uploads\/2022\/03\/cropped-Copia-di-RERTECH-500x180-2.png","contentUrl":"https:\/\/rertech.it\/wp-content\/uploads\/2022\/03\/cropped-Copia-di-RERTECH-500x180-2.png","width":512,"height":512,"caption":"RERTECH"},"image":{"@id":"https:\/\/rertech.it\/#\/schema\/logo\/image\/"},"sameAs":["https:\/\/www.facebook.com\/rertech.fibraottica\/","https:\/\/www.instagram.com\/rertechfibraottica\/","https:\/\/www.linkedin.com\/company\/rertech-fibraottica\/","https:\/\/www.youtube.com\/channel\/UC5Sihqg7SPUcMPDCEnmQ5XQ\/"]}]},"product_price_amount":"1350.000","product_price_currency":"EUR","og_availability":"instock","product_availability":"instock","product_retailer_item_id":"KI9822A","product_condition":"new"},"_links":{"self":[{"href":"https:\/\/rertech.it\/en\/wp-json\/wp\/v2\/product\/21629","targetHints":{"allow":["GET"]}}],"collection":[{"href":"https:\/\/rertech.it\/en\/wp-json\/wp\/v2\/product"}],"about":[{"href":"https:\/\/rertech.it\/en\/wp-json\/wp\/v2\/types\/product"}],"wp:featuredmedia":[{"embeddable":true,"href":"https:\/\/rertech.it\/en\/wp-json\/wp\/v2\/media\/28433"}],"wp:attachment":[{"href":"https:\/\/rertech.it\/en\/wp-json\/wp\/v2\/media?parent=21629"}],"wp:term":[{"taxonomy":"product_brand","embeddable":true,"href":"https:\/\/rertech.it\/en\/wp-json\/wp\/v2\/product_brand?post=21629"},{"taxonomy":"product_cat","embeddable":true,"href":"https:\/\/rertech.it\/en\/wp-json\/wp\/v2\/product_cat?post=21629"},{"taxonomy":"product_tag","embeddable":true,"href":"https:\/\/rertech.it\/en\/wp-json\/wp\/v2\/product_tag?post=21629"}],"curies":[{"name":"wp","href":"https:\/\/api.w.org\/{rel}","templated":true}]}}