{"id":22879,"date":"2021-04-21T15:20:03","date_gmt":"2021-04-21T13:20:03","guid":{"rendered":"https:\/\/www.rertech.it\/?post_type=product&#038;p=22879"},"modified":"2026-04-20T08:00:10","modified_gmt":"2026-03-05T19:13:46","slug":"kit-12-pigtails-sc-apc-sm-9-125-g657a1-multicolored","status":"publish","type":"product","link":"https:\/\/rertech.it\/en\/prodotti\/installazione-reti-telecomunicazioni-trasmissione-dati\/componenti-fibra-ottica\/kit-12-pigtail-sc-apc-sm-9-125-g657a1-multicolore\/","title":{"rendered":"Kit 12 pigtails SC\/APC SM 9\/125 (G657A1) multicolor"},"content":{"rendered":"<h3>Features of the 12 pigtail kit SM 9\/125 G657A1 multicolor<\/h3>\n<p>Kit consisting of 12 colored pigtails<br \/>\nSemi-loose fiber with stripping &gt; 1m in a single pass<br \/>\nFiber coating colored like buffer<br \/>\nSuitable for PTE and, in general, for high density junction boards<br \/>\nIL &lt;= 0.30 dB<br \/>\nRL &gt;= 55 dB<br \/>\n10 units in a single pack<br \/>\nLength 2.5 meters<\/p>\n<p>&nbsp;<\/p>","protected":false},"excerpt":{"rendered":"<p>Questo kit di 12 pigtail colorati SC\/APC SM 9\/125 G657A1 a spelatura rapida \u00e8 realizzato appositamente per quelle applicazioni in cui la scheda di giunzione richiede la presenza di fibra nuda (esempio: PTE)<br \/>\nCon un passaggio unico, questo pigtail pu\u00f2 essere spelato per oltre 1 metro, velocizzando l&#8217;attivit\u00e0 di installazione<br \/>\nGrazie alla colorazione della guaina del buffer, presente anche nel rivestimento acrilico della fibra, il riconoscimento \u00e8 pi\u00f9 agevole, e installazione e manutenzione sono pi\u00f9 efficci<br \/>\nSM 9\/125 G657A1 single mode fiber<br \/>\nSingle pack containing 12 pieces<\/p>","protected":false},"featured_media":28485,"template":"","meta":{"_acf_changed":false},"product_brand":[1390],"product_cat":[117,267],"product_tag":[584,201,585,1108],"class_list":{"0":"post-22879","1":"product","2":"type-product","3":"status-publish","4":"has-post-thumbnail","6":"product_brand-rertech","7":"product_cat-componenti-fibra-ottica","8":"product_cat-componenti-ftth","9":"product_tag-pigtail-colorati","10":"product_tag-pigtail-ftth","11":"product_tag-pigtail-sc-apc","12":"product_tag-rertech","14":"first","15":"instock","16":"taxable","17":"shipping-taxable","18":"product-type-simple"},"acf":[],"tiered_pricing_type":"fixed","tiered_pricing_fixed_rules":{"20":"4.56","150":"4"},"tiered_pricing_percentage_rules":[],"tiered_pricing_minimum":1,"_administrator_tiered_pricing_type":"fixed","_administrator_tiered_pricing_fixed_rules":[],"_editor_tiered_pricing_type":"fixed","_editor_tiered_pricing_fixed_rules":[],"_author_tiered_pricing_type":"fixed","_author_tiered_pricing_fixed_rules":[],"_contributor_tiered_pricing_type":"fixed","_contributor_tiered_pricing_fixed_rules":[],"_subscriber_tiered_pricing_type":"fixed","_subscriber_tiered_pricing_fixed_rules":[],"_customer_tiered_pricing_type":"fixed","_customer_tiered_pricing_fixed_rules":[],"_shop_manager_tiered_pricing_type":"fixed","_shop_manager_tiered_pricing_fixed_rules":[],"_translator_tiered_pricing_type":"fixed","_translator_tiered_pricing_fixed_rules":[],"_give_manager_tiered_pricing_type":"fixed","_give_manager_tiered_pricing_fixed_rules":[],"_give_accountant_tiered_pricing_type":"fixed","_give_accountant_tiered_pricing_fixed_rules":[],"_give_worker_tiered_pricing_type":"fixed","_give_worker_tiered_pricing_fixed_rules":[],"_give_donor_tiered_pricing_type":"fixed","_give_donor_tiered_pricing_fixed_rules":[],"_wpseo_manager_tiered_pricing_type":"fixed","_wpseo_manager_tiered_pricing_fixed_rules":[],"_wpseo_editor_tiered_pricing_type":"fixed","_wpseo_editor_tiered_pricing_fixed_rules":[],"_wholesale_buyer_tiered_pricing_type":"fixed","_wholesale_buyer_tiered_pricing_fixed_rules":[],"_wholesale_tax_free_tiered_pricing_type":"fixed","_wholesale_tax_free_tiered_pricing_fixed_rules":[],"_azienda_tiered_pricing_type":"fixed","_azienda_tiered_pricing_fixed_rules":[],"_privato_tiered_pricing_type":"fixed","_privato_tiered_pricing_fixed_rules":[],"yoast_head":"<!-- This site is optimized with the Yoast SEO Premium plugin v20.8 (Yoast SEO v27.4) - https:\/\/yoast.com\/product\/yoast-seo-premium-wordpress\/ -->\n<title>Kit 12 pigtail SC\/APC SM 9\/125 (G657A1) multicolore | Rertech<\/title>\n<meta name=\"description\" content=\"Con questo kit di 12 pigtail multicolore l&#039;attivit\u00e0 di giunzione e manutenzione nei cassetti ottici \u00e8 enormemente facilitata\" \/>\n<meta name=\"robots\" content=\"index, follow, max-snippet:-1, max-image-preview:large, max-video-preview:-1\" \/>\n<link rel=\"canonical\" href=\"https:\/\/rertech.it\/en\/products\/installation-telecommunication-and-data-transmission-networks\/fiber-optic-components\/kit-12-pigtails-sc-apc-sm-9-125-g657a1-multicolored\/\" \/>\n<meta property=\"og:locale\" content=\"en_GB\" \/>\n<meta property=\"og:type\" content=\"article\" \/>\n<meta property=\"og:title\" content=\"Kit 12 pigtail SC\/APC SM 9\/125 (G657A1) multicolore\" \/>\n<meta property=\"og:description\" content=\"Con questo kit di 12 pigtail multicolore l&#039;attivit\u00e0 di giunzione e manutenzione nei cassetti ottici \u00e8 enormemente facilitata\" \/>\n<meta property=\"og:url\" content=\"https:\/\/rertech.it\/en\/products\/installation-telecommunication-and-data-transmission-networks\/fiber-optic-components\/kit-12-pigtails-sc-apc-sm-9-125-g657a1-multicolored\/\" \/>\n<meta property=\"og:site_name\" content=\"Rertech\" \/>\n<meta property=\"article:publisher\" content=\"https:\/\/www.facebook.com\/rertech.fibraottica\/\" \/>\n<meta property=\"article:modified_time\" content=\"2026-03-05T19:13:46+00:00\" \/>\n<meta property=\"og:image\" content=\"https:\/\/rertech.it\/wp-content\/uploads\/2022\/08\/Immagine-Prodotti-RERTECH-E-Commerce-82.webp\" \/>\n\t<meta property=\"og:image:width\" content=\"1080\" \/>\n\t<meta property=\"og:image:height\" content=\"1080\" \/>\n\t<meta property=\"og:image:type\" content=\"image\/webp\" \/>\n<meta name=\"twitter:card\" content=\"summary_large_image\" \/>\n<meta name=\"twitter:label1\" content=\"Price\" \/>\n\t<meta name=\"twitter:data1\" content=\"4.76&nbsp;&euro; Iva esclusa\" \/>\n\t<meta name=\"twitter:label2\" content=\"Availability\" \/>\n\t<meta name=\"twitter:data2\" content=\"In stock\" \/>\n<script type=\"application\/ld+json\" class=\"yoast-schema-graph\">{\"@context\":\"https:\\\/\\\/schema.org\",\"@graph\":[{\"@type\":\"WebPage\",\"@id\":\"https:\\\/\\\/rertech.it\\\/prodotti\\\/installazione-reti-telecomunicazioni-trasmissione-dati\\\/componenti-fibra-ottica\\\/kit-12-pigtail-sc-apc-sm-9-125-g657a1-multicolore\\\/\",\"url\":\"https:\\\/\\\/rertech.it\\\/prodotti\\\/installazione-reti-telecomunicazioni-trasmissione-dati\\\/componenti-fibra-ottica\\\/kit-12-pigtail-sc-apc-sm-9-125-g657a1-multicolore\\\/\",\"name\":\"Kit 12 pigtail SC\\\/APC SM 9\\\/125 (G657A1) multicolore | Rertech\",\"isPartOf\":{\"@id\":\"https:\\\/\\\/rertech.it\\\/#website\"},\"primaryImageOfPage\":{\"@id\":\"https:\\\/\\\/rertech.it\\\/prodotti\\\/installazione-reti-telecomunicazioni-trasmissione-dati\\\/componenti-fibra-ottica\\\/kit-12-pigtail-sc-apc-sm-9-125-g657a1-multicolore\\\/#primaryimage\"},\"image\":{\"@id\":\"https:\\\/\\\/rertech.it\\\/prodotti\\\/installazione-reti-telecomunicazioni-trasmissione-dati\\\/componenti-fibra-ottica\\\/kit-12-pigtail-sc-apc-sm-9-125-g657a1-multicolore\\\/#primaryimage\"},\"thumbnailUrl\":\"https:\\\/\\\/rertech.it\\\/wp-content\\\/uploads\\\/2022\\\/08\\\/Immagine-Prodotti-RERTECH-E-Commerce-82.webp\",\"datePublished\":\"2021-04-21T13:20:03+00:00\",\"dateModified\":\"2026-03-05T19:13:46+00:00\",\"description\":\"Con questo kit di 12 pigtail multicolore l'attivit\u00e0 di giunzione e manutenzione nei cassetti ottici \u00e8 enormemente facilitata\",\"breadcrumb\":{\"@id\":\"https:\\\/\\\/rertech.it\\\/prodotti\\\/installazione-reti-telecomunicazioni-trasmissione-dati\\\/componenti-fibra-ottica\\\/kit-12-pigtail-sc-apc-sm-9-125-g657a1-multicolore\\\/#breadcrumb\"},\"inLanguage\":\"en-GB\",\"potentialAction\":[{\"@type\":\"ReadAction\",\"target\":[\"https:\\\/\\\/rertech.it\\\/prodotti\\\/installazione-reti-telecomunicazioni-trasmissione-dati\\\/componenti-fibra-ottica\\\/kit-12-pigtail-sc-apc-sm-9-125-g657a1-multicolore\\\/\"]}]},{\"@type\":\"ImageObject\",\"inLanguage\":\"en-GB\",\"@id\":\"https:\\\/\\\/rertech.it\\\/prodotti\\\/installazione-reti-telecomunicazioni-trasmissione-dati\\\/componenti-fibra-ottica\\\/kit-12-pigtail-sc-apc-sm-9-125-g657a1-multicolore\\\/#primaryimage\",\"url\":\"https:\\\/\\\/rertech.it\\\/wp-content\\\/uploads\\\/2022\\\/08\\\/Immagine-Prodotti-RERTECH-E-Commerce-82.webp\",\"contentUrl\":\"https:\\\/\\\/rertech.it\\\/wp-content\\\/uploads\\\/2022\\\/08\\\/Immagine-Prodotti-RERTECH-E-Commerce-82.webp\",\"width\":1080,\"height\":1080,\"caption\":\"pigtail colorati SC\\\/APC\"},{\"@type\":\"BreadcrumbList\",\"@id\":\"https:\\\/\\\/rertech.it\\\/prodotti\\\/installazione-reti-telecomunicazioni-trasmissione-dati\\\/componenti-fibra-ottica\\\/kit-12-pigtail-sc-apc-sm-9-125-g657a1-multicolore\\\/#breadcrumb\",\"itemListElement\":[{\"@type\":\"ListItem\",\"position\":1,\"name\":\"Home\",\"item\":\"https:\\\/\\\/rertech.it\\\/\"},{\"@type\":\"ListItem\",\"position\":2,\"name\":\"Prodotti\",\"item\":\"https:\\\/\\\/rertech.it\\\/prodotti\\\/\"},{\"@type\":\"ListItem\",\"position\":3,\"name\":\"INSTALLAZIONE DI RETI DI TELECOMUNICAZIONE E TRASMISSIONE DATI\",\"item\":\"https:\\\/\\\/rertech.it\\\/categoria-prodotto\\\/installazione-reti-telecomunicazioni-trasmissione-dati\\\/\"},{\"@type\":\"ListItem\",\"position\":4,\"name\":\"Componenti per fibra ottica\",\"item\":\"https:\\\/\\\/rertech.it\\\/categoria-prodotto\\\/installazione-reti-telecomunicazioni-trasmissione-dati\\\/componenti-fibra-ottica\\\/\"},{\"@type\":\"ListItem\",\"position\":5,\"name\":\"Kit 12 pigtail SC\\\/APC SM 9\\\/125 (G657A1) multicolore\"}]},{\"@type\":\"WebSite\",\"@id\":\"https:\\\/\\\/rertech.it\\\/#website\",\"url\":\"https:\\\/\\\/rertech.it\\\/\",\"name\":\"Rertech\",\"description\":\"Prodotti, attrezzatura e servizi per fibra ottica\",\"publisher\":{\"@id\":\"https:\\\/\\\/rertech.it\\\/#organization\"},\"potentialAction\":[{\"@type\":\"SearchAction\",\"target\":{\"@type\":\"EntryPoint\",\"urlTemplate\":\"https:\\\/\\\/rertech.it\\\/?s={search_term_string}\"},\"query-input\":{\"@type\":\"PropertyValueSpecification\",\"valueRequired\":true,\"valueName\":\"search_term_string\"}}],\"inLanguage\":\"en-GB\"},{\"@type\":\"Organization\",\"@id\":\"https:\\\/\\\/rertech.it\\\/#organization\",\"name\":\"RERTECH\",\"url\":\"https:\\\/\\\/rertech.it\\\/\",\"logo\":{\"@type\":\"ImageObject\",\"inLanguage\":\"en-GB\",\"@id\":\"https:\\\/\\\/rertech.it\\\/#\\\/schema\\\/logo\\\/image\\\/\",\"url\":\"https:\\\/\\\/rertech.it\\\/wp-content\\\/uploads\\\/2022\\\/03\\\/cropped-Copia-di-RERTECH-500x180-2.png\",\"contentUrl\":\"https:\\\/\\\/rertech.it\\\/wp-content\\\/uploads\\\/2022\\\/03\\\/cropped-Copia-di-RERTECH-500x180-2.png\",\"width\":512,\"height\":512,\"caption\":\"RERTECH\"},\"image\":{\"@id\":\"https:\\\/\\\/rertech.it\\\/#\\\/schema\\\/logo\\\/image\\\/\"},\"sameAs\":[\"https:\\\/\\\/www.facebook.com\\\/rertech.fibraottica\\\/\",\"https:\\\/\\\/www.instagram.com\\\/rertechfibraottica\\\/\",\"https:\\\/\\\/www.linkedin.com\\\/company\\\/rertech-fibraottica\\\/\",\"https:\\\/\\\/www.youtube.com\\\/channel\\\/UC5Sihqg7SPUcMPDCEnmQ5XQ\\\/\"]}]}<\/script>\n<meta property=\"product:price:amount\" content=\"4.760\" \/>\n<meta property=\"product:price:currency\" content=\"EUR\" \/>\n<meta property=\"og:availability\" content=\"instock\" \/>\n<meta property=\"product:availability\" content=\"instock\" \/>\n<meta property=\"product:retailer_item_id\" content=\"51-700-8K0-2H-LS\" \/>\n<meta property=\"product:condition\" content=\"new\" \/>\n<!-- \/ Yoast SEO Premium plugin. -->","yoast_head_json":{"title":"Kit 12 pigtails SC\/APC SM 9\/125 (G657A1) multicolor | Rertech","description":"With this kit of 12 multicolored pigtails, splicing and maintenance work in optical drawers is greatly facilitated.","robots":{"index":"index","follow":"follow","max-snippet":"max-snippet:-1","max-image-preview":"max-image-preview:large","max-video-preview":"max-video-preview:-1"},"canonical":"https:\/\/rertech.it\/en\/products\/installation-telecommunication-and-data-transmission-networks\/fiber-optic-components\/kit-12-pigtails-sc-apc-sm-9-125-g657a1-multicolored\/","og_locale":"en_GB","og_type":"article","og_title":"Kit 12 pigtail SC\/APC SM 9\/125 (G657A1) multicolore","og_description":"Con questo kit di 12 pigtail multicolore l'attivit\u00e0 di giunzione e manutenzione nei cassetti ottici \u00e8 enormemente facilitata","og_url":"https:\/\/rertech.it\/en\/products\/installation-telecommunication-and-data-transmission-networks\/fiber-optic-components\/kit-12-pigtails-sc-apc-sm-9-125-g657a1-multicolored\/","og_site_name":"Rertech","article_publisher":"https:\/\/www.facebook.com\/rertech.fibraottica\/","article_modified_time":"2026-03-05T19:13:46+00:00","og_image":[{"width":1080,"height":1080,"url":"https:\/\/rertech.it\/wp-content\/uploads\/2022\/08\/Immagine-Prodotti-RERTECH-E-Commerce-82.webp","type":"image\/webp"}],"twitter_card":"summary_large_image","twitter_misc":{"Price":"4.76&nbsp;&euro; Iva esclusa","Availability":"In stock"},"schema":{"@context":"https:\/\/schema.org","@graph":[{"@type":"WebPage","@id":"https:\/\/rertech.it\/prodotti\/installazione-reti-telecomunicazioni-trasmissione-dati\/componenti-fibra-ottica\/kit-12-pigtail-sc-apc-sm-9-125-g657a1-multicolore\/","url":"https:\/\/rertech.it\/prodotti\/installazione-reti-telecomunicazioni-trasmissione-dati\/componenti-fibra-ottica\/kit-12-pigtail-sc-apc-sm-9-125-g657a1-multicolore\/","name":"Kit 12 pigtails SC\/APC SM 9\/125 (G657A1) multicolor | Rertech","isPartOf":{"@id":"https:\/\/rertech.it\/#website"},"primaryImageOfPage":{"@id":"https:\/\/rertech.it\/prodotti\/installazione-reti-telecomunicazioni-trasmissione-dati\/componenti-fibra-ottica\/kit-12-pigtail-sc-apc-sm-9-125-g657a1-multicolore\/#primaryimage"},"image":{"@id":"https:\/\/rertech.it\/prodotti\/installazione-reti-telecomunicazioni-trasmissione-dati\/componenti-fibra-ottica\/kit-12-pigtail-sc-apc-sm-9-125-g657a1-multicolore\/#primaryimage"},"thumbnailUrl":"https:\/\/rertech.it\/wp-content\/uploads\/2022\/08\/Immagine-Prodotti-RERTECH-E-Commerce-82.webp","datePublished":"2021-04-21T13:20:03+00:00","dateModified":"2026-03-05T19:13:46+00:00","description":"With this kit of 12 multicolored pigtails, splicing and maintenance work in optical drawers is greatly facilitated.","breadcrumb":{"@id":"https:\/\/rertech.it\/prodotti\/installazione-reti-telecomunicazioni-trasmissione-dati\/componenti-fibra-ottica\/kit-12-pigtail-sc-apc-sm-9-125-g657a1-multicolore\/#breadcrumb"},"inLanguage":"en-GB","potentialAction":[{"@type":"ReadAction","target":["https:\/\/rertech.it\/prodotti\/installazione-reti-telecomunicazioni-trasmissione-dati\/componenti-fibra-ottica\/kit-12-pigtail-sc-apc-sm-9-125-g657a1-multicolore\/"]}]},{"@type":"ImageObject","inLanguage":"en-GB","@id":"https:\/\/rertech.it\/prodotti\/installazione-reti-telecomunicazioni-trasmissione-dati\/componenti-fibra-ottica\/kit-12-pigtail-sc-apc-sm-9-125-g657a1-multicolore\/#primaryimage","url":"https:\/\/rertech.it\/wp-content\/uploads\/2022\/08\/Immagine-Prodotti-RERTECH-E-Commerce-82.webp","contentUrl":"https:\/\/rertech.it\/wp-content\/uploads\/2022\/08\/Immagine-Prodotti-RERTECH-E-Commerce-82.webp","width":1080,"height":1080,"caption":"pigtail colorati SC\/APC"},{"@type":"BreadcrumbList","@id":"https:\/\/rertech.it\/prodotti\/installazione-reti-telecomunicazioni-trasmissione-dati\/componenti-fibra-ottica\/kit-12-pigtail-sc-apc-sm-9-125-g657a1-multicolore\/#breadcrumb","itemListElement":[{"@type":"ListItem","position":1,"name":"Home","item":"https:\/\/rertech.it\/"},{"@type":"ListItem","position":2,"name":"Prodotti","item":"https:\/\/rertech.it\/prodotti\/"},{"@type":"ListItem","position":3,"name":"INSTALLAZIONE DI RETI DI TELECOMUNICAZIONE E TRASMISSIONE DATI","item":"https:\/\/rertech.it\/categoria-prodotto\/installazione-reti-telecomunicazioni-trasmissione-dati\/"},{"@type":"ListItem","position":4,"name":"Componenti per fibra ottica","item":"https:\/\/rertech.it\/categoria-prodotto\/installazione-reti-telecomunicazioni-trasmissione-dati\/componenti-fibra-ottica\/"},{"@type":"ListItem","position":5,"name":"Kit 12 pigtail SC\/APC SM 9\/125 (G657A1) multicolore"}]},{"@type":"WebSite","@id":"https:\/\/rertech.it\/#website","url":"https:\/\/rertech.it\/","name":"Rertech","description":"Fiber Optic Products, Equipment and Services","publisher":{"@id":"https:\/\/rertech.it\/#organization"},"potentialAction":[{"@type":"SearchAction","target":{"@type":"EntryPoint","urlTemplate":"https:\/\/rertech.it\/?s={search_term_string}"},"query-input":{"@type":"PropertyValueSpecification","valueRequired":true,"valueName":"search_term_string"}}],"inLanguage":"en-GB"},{"@type":"Organization","@id":"https:\/\/rertech.it\/#organization","name":"RERTECH","url":"https:\/\/rertech.it\/","logo":{"@type":"ImageObject","inLanguage":"en-GB","@id":"https:\/\/rertech.it\/#\/schema\/logo\/image\/","url":"https:\/\/rertech.it\/wp-content\/uploads\/2022\/03\/cropped-Copia-di-RERTECH-500x180-2.png","contentUrl":"https:\/\/rertech.it\/wp-content\/uploads\/2022\/03\/cropped-Copia-di-RERTECH-500x180-2.png","width":512,"height":512,"caption":"RERTECH"},"image":{"@id":"https:\/\/rertech.it\/#\/schema\/logo\/image\/"},"sameAs":["https:\/\/www.facebook.com\/rertech.fibraottica\/","https:\/\/www.instagram.com\/rertechfibraottica\/","https:\/\/www.linkedin.com\/company\/rertech-fibraottica\/","https:\/\/www.youtube.com\/channel\/UC5Sihqg7SPUcMPDCEnmQ5XQ\/"]}]},"product_price_amount":"4.760","product_price_currency":"EUR","og_availability":"instock","product_availability":"instock","product_retailer_item_id":"51-700-8K0-2H-LS","product_condition":"new"},"_links":{"self":[{"href":"https:\/\/rertech.it\/en\/wp-json\/wp\/v2\/product\/22879","targetHints":{"allow":["GET"]}}],"collection":[{"href":"https:\/\/rertech.it\/en\/wp-json\/wp\/v2\/product"}],"about":[{"href":"https:\/\/rertech.it\/en\/wp-json\/wp\/v2\/types\/product"}],"wp:featuredmedia":[{"embeddable":true,"href":"https:\/\/rertech.it\/en\/wp-json\/wp\/v2\/media\/28485"}],"wp:attachment":[{"href":"https:\/\/rertech.it\/en\/wp-json\/wp\/v2\/media?parent=22879"}],"wp:term":[{"taxonomy":"product_brand","embeddable":true,"href":"https:\/\/rertech.it\/en\/wp-json\/wp\/v2\/product_brand?post=22879"},{"taxonomy":"product_cat","embeddable":true,"href":"https:\/\/rertech.it\/en\/wp-json\/wp\/v2\/product_cat?post=22879"},{"taxonomy":"product_tag","embeddable":true,"href":"https:\/\/rertech.it\/en\/wp-json\/wp\/v2\/product_tag?post=22879"}],"curies":[{"name":"wp","href":"https:\/\/api.w.org\/{rel}","templated":true}]}}