{"id":40641,"date":"2023-02-16T11:51:49","date_gmt":"2023-02-16T10:51:49","guid":{"rendered":"https:\/\/rertech.it\/?post_type=product&#038;p=40641"},"modified":"2026-04-20T08:00:10","modified_gmt":"2025-10-17T13:50:29","slug":"tester-for-lan-ethernet-networks-softing-linkexpert-tp","status":"publish","type":"product","link":"https:\/\/rertech.it\/en\/prodotti\/collaudo-e-manutenzione\/reti-in-rame-trasmissione-dati\/tester-per-reti-lan-ethernet-softing-linkexpert-tp\/","title":{"rendered":"Softing LinkeXpert TP Ethernet LAN network tester up to 1Gb\/s"},"content":{"rendered":"<h4>Application areas of the Softing LinkeXpert TP Ethernet LAN Tester<\/h4>\n<ul class=\"default-list\">\n<li>Ethernet cabling and diagnostic tool for copper networks up to 1Gb\/s<\/li>\n<li>Practical multi-tool for commissioning, maintaining, and troubleshooting LAN and campus Ethernet networks and devices<\/li>\n<li>Pu\u00f2 essere utilizzato nelle piccole reti domestiche e SoHo fino alle grandi reti aziendali, ai data center e all&#8217;industria.<\/li>\n<\/ul>\n<h4>Main features of the Softing LinkeXpert TP Ethernet LAN Tester<\/h4>\n<ul>\n<li>Misure e verifiche: wiremap; lunghezza link; TDR; generazione di toni; test di carico PPoE; misura di velocit\u00e0 del link; DHCP; DNS; Ping; Traceroute; ricerca di indirizzi duplicati; scan indirizzi; ricerca LLDP, CDP, VLAN; MAC spooling<\/li>\n<li>5 1\/4 touch screen display<\/li>\n<li>Dimensions and weight: 160x93x93 mm, 400 gr<\/li>\n<li>Battery: Rechargeable Li-Ion<\/li>\n<li>Measurement interface: RJ45 (standard); Optional: F-Coax and M12<\/li>\n<\/ul>\n<h4>LinkXpert TP Supply Kit:<\/h4>\n<ul class=\"default-list\">\n<li>1 x unit\u00e0 principale LinkXpert TP con batteria LiIon integrata<\/li>\n<li>1 x Smart-Remote #1 Art. No. 226292-1<\/li>\n<li>1 x Power Supply<\/li>\n<li>1 x Carrying Case<\/li>\n<li>2 x RJ45 connection cable<\/li>\n<li>1 x Quick Start Guide<\/li>\n<\/ul>\n<p>&nbsp;<\/p>","protected":false},"excerpt":{"rendered":"<p>Questo compatto e versatile tester per reti LAN Ethernet in rame offre un&#8217;ampia gamma di prestazioni e funzioni per il collaudo e la ricerca guasti anche in contesti complessi.<\/p>\n<p>Dalle reti SOHO a quelle aziendali, le reti in rame di oggi diventano sempre pi\u00f9 complesse, con una variet\u00e0 di dispositivi diversi e alimentazione remota. Uno strumento multifunzione di rete portatile \u00e8 essenziale per padroneggiare queste reti moderne.<\/p>\n<p>LinkXpert TP \u00e8 lo strumento perfetto per la risoluzione di problemi sul cablaggio in rame e di LAN Ethernet sia in ambienti SoHo e uffici che in applicazioni industriali. Il dispositivo offre una combinazione unica di test di cablaggio e diagnostica approfondita della rete Ethernet per aiutare gli utenti a risolvere i problemi quotidiani delle reti Ethernet e a mantenere la rete attiva e funzionante 24 ore su 24, 7 giorni su 7. Per la messa in servizio delle reti, LinkXpert pu\u00f2 eseguire test automatici che possono essere configurati dall&#8217;utente. Ad esempio, se sono stati introdotti nuovi switch PoE, LinkXpert pu\u00f2 essere configurato per testare solo PoE fino a 90W e ottenere informazioni sulle porte come LLPD. Per la risoluzione dei problemi, gli utenti possono anche eseguire tutti i test singolarmente.<\/p>","protected":false},"featured_media":41671,"template":"","meta":{"_acf_changed":false},"product_brand":[1393],"product_cat":[120],"product_tag":[1247,1219,1212],"class_list":{"0":"post-40641","1":"product","2":"type-product","3":"status-publish","4":"has-post-thumbnail","6":"product_brand-softing","7":"product_cat-reti-in-rame-trasmissione-dati","8":"product_tag-collaudo-reti-lan","9":"product_tag-tester-ethernet","10":"product_tag-tester-reti-lan","12":"first","13":"instock","14":"taxable","15":"shipping-taxable","16":"product-type-simple"},"acf":[],"tiered_pricing_type":"fixed","tiered_pricing_fixed_rules":[],"tiered_pricing_percentage_rules":[],"tiered_pricing_minimum":1,"_administrator_tiered_pricing_type":"fixed","_administrator_tiered_pricing_fixed_rules":[],"_editor_tiered_pricing_type":"fixed","_editor_tiered_pricing_fixed_rules":[],"_author_tiered_pricing_type":"fixed","_author_tiered_pricing_fixed_rules":[],"_contributor_tiered_pricing_type":"fixed","_contributor_tiered_pricing_fixed_rules":[],"_subscriber_tiered_pricing_type":"fixed","_subscriber_tiered_pricing_fixed_rules":[],"_customer_tiered_pricing_type":"fixed","_customer_tiered_pricing_fixed_rules":[],"_shop_manager_tiered_pricing_type":"fixed","_shop_manager_tiered_pricing_fixed_rules":[],"_translator_tiered_pricing_type":"fixed","_translator_tiered_pricing_fixed_rules":[],"_give_manager_tiered_pricing_type":"fixed","_give_manager_tiered_pricing_fixed_rules":[],"_give_accountant_tiered_pricing_type":"fixed","_give_accountant_tiered_pricing_fixed_rules":[],"_give_worker_tiered_pricing_type":"fixed","_give_worker_tiered_pricing_fixed_rules":[],"_give_donor_tiered_pricing_type":"fixed","_give_donor_tiered_pricing_fixed_rules":[],"_wpseo_manager_tiered_pricing_type":"fixed","_wpseo_manager_tiered_pricing_fixed_rules":[],"_wpseo_editor_tiered_pricing_type":"fixed","_wpseo_editor_tiered_pricing_fixed_rules":[],"_wholesale_buyer_tiered_pricing_type":"fixed","_wholesale_buyer_tiered_pricing_fixed_rules":[],"_wholesale_tax_free_tiered_pricing_type":"fixed","_wholesale_tax_free_tiered_pricing_fixed_rules":[],"_azienda_tiered_pricing_type":"fixed","_azienda_tiered_pricing_fixed_rules":[],"_privato_tiered_pricing_type":"fixed","_privato_tiered_pricing_fixed_rules":[],"yoast_head":"<!-- This site is optimized with the Yoast SEO Premium plugin v20.8 (Yoast SEO v27.4) - https:\/\/yoast.com\/product\/yoast-seo-premium-wordpress\/ -->\n<title>Tester per reti LAN Ethernet Softing LinkeXpert TP fino a 1Gb\/s | Rertech<\/title>\n<meta name=\"description\" content=\"Questo compatto e versatile tester per reti LAN Ethernet in rame offre un&#039;ampia gamma di prestazioni e funzioni per il collaudo e la ricerca guasti anche in contesti complessi.  Dalle reti SOHO a quelle aziendali, le reti in rame di oggi diventano sempre pi\u00f9 complesse, con una variet\u00e0 di dispositivi diversi e alimentazione remota. Uno strumento multifunzione di rete portatile \u00e8 essenziale per padroneggiare queste reti moderne.  LinkXpert TP \u00e8 lo strumento perfetto per la risoluzione di problemi sul cablaggio in rame e di LAN Ethernet sia in ambienti SoHo e uffici che in applicazioni industriali. Il dispositivo offre una combinazione unica di test di cablaggio e diagnostica approfondita della rete Ethernet per aiutare gli utenti a risolvere i problemi quotidiani delle reti Ethernet e a mantenere la rete attiva e funzionante 24 ore su 24, 7 giorni su 7. Per la messa in servizio delle reti, LinkXpert pu\u00f2 eseguire test automatici che possono essere configurati dall&#039;utente. Ad esempio, se sono stati introdotti nuovi switch PoE, LinkXpert pu\u00f2 essere configurato per testare solo PoE fino a 90W e ottenere informazioni sulle porte come LLPD. Per la risoluzione dei problemi, gli utenti possono anche eseguire tutti i test singolarmente.\" \/>\n<meta name=\"robots\" content=\"index, follow, max-snippet:-1, max-image-preview:large, max-video-preview:-1\" \/>\n<link rel=\"canonical\" href=\"https:\/\/rertech.it\/en\/products\/testing-and-maintenance\/copper-data-transmission-networks\/tester-for-lan-ethernet-networks-softing-linkexpert-tp\/\" \/>\n<meta property=\"og:locale\" content=\"en_GB\" \/>\n<meta property=\"og:type\" content=\"article\" \/>\n<meta property=\"og:title\" content=\"Tester per reti LAN Ethernet Softing LinkeXpert TP fino a 1Gb\/s\" \/>\n<meta property=\"og:description\" content=\"Questo compatto e versatile tester per reti LAN Ethernet in rame offre un&#039;ampia gamma di prestazioni e funzioni per il collaudo e la ricerca guasti anche in contesti complessi.  Dalle reti SOHO a quelle aziendali, le reti in rame di oggi diventano sempre pi\u00f9 complesse, con una variet\u00e0 di dispositivi diversi e alimentazione remota. Uno strumento multifunzione di rete portatile \u00e8 essenziale per padroneggiare queste reti moderne.  LinkXpert TP \u00e8 lo strumento perfetto per la risoluzione di problemi sul cablaggio in rame e di LAN Ethernet sia in ambienti SoHo e uffici che in applicazioni industriali. Il dispositivo offre una combinazione unica di test di cablaggio e diagnostica approfondita della rete Ethernet per aiutare gli utenti a risolvere i problemi quotidiani delle reti Ethernet e a mantenere la rete attiva e funzionante 24 ore su 24, 7 giorni su 7. Per la messa in servizio delle reti, LinkXpert pu\u00f2 eseguire test automatici che possono essere configurati dall&#039;utente. Ad esempio, se sono stati introdotti nuovi switch PoE, LinkXpert pu\u00f2 essere configurato per testare solo PoE fino a 90W e ottenere informazioni sulle porte come LLPD. Per la risoluzione dei problemi, gli utenti possono anche eseguire tutti i test singolarmente.\" \/>\n<meta property=\"og:url\" content=\"https:\/\/rertech.it\/en\/products\/testing-and-maintenance\/copper-data-transmission-networks\/tester-for-lan-ethernet-networks-softing-linkexpert-tp\/\" \/>\n<meta property=\"og:site_name\" content=\"Rertech\" \/>\n<meta property=\"article:publisher\" content=\"https:\/\/www.facebook.com\/rertech.fibraottica\/\" \/>\n<meta property=\"article:modified_time\" content=\"2025-10-17T13:50:29+00:00\" \/>\n<meta property=\"og:image\" content=\"https:\/\/rertech.it\/wp-content\/uploads\/2023\/02\/Linkexpert-tpa.webp\" \/>\n\t<meta property=\"og:image:width\" content=\"768\" \/>\n\t<meta property=\"og:image:height\" content=\"922\" \/>\n\t<meta property=\"og:image:type\" content=\"image\/webp\" \/>\n<meta name=\"twitter:card\" content=\"summary_large_image\" \/>\n<meta name=\"twitter:label1\" content=\"Price\" \/>\n\t<meta name=\"twitter:data1\" content=\"950.00&nbsp;&euro; Iva esclusa\" \/>\n\t<meta name=\"twitter:label2\" content=\"Availability\" \/>\n\t<meta name=\"twitter:data2\" content=\"In stock\" \/>\n<script type=\"application\/ld+json\" class=\"yoast-schema-graph\">{\"@context\":\"https:\\\/\\\/schema.org\",\"@graph\":[{\"@type\":\"WebPage\",\"@id\":\"https:\\\/\\\/rertech.it\\\/prodotti\\\/collaudo-e-manutenzione\\\/reti-in-rame-trasmissione-dati\\\/tester-per-reti-lan-ethernet-softing-linkexpert-tp\\\/\",\"url\":\"https:\\\/\\\/rertech.it\\\/prodotti\\\/collaudo-e-manutenzione\\\/reti-in-rame-trasmissione-dati\\\/tester-per-reti-lan-ethernet-softing-linkexpert-tp\\\/\",\"name\":\"Tester per reti LAN Ethernet Softing LinkeXpert TP fino a 1Gb\\\/s | Rertech\",\"isPartOf\":{\"@id\":\"https:\\\/\\\/rertech.it\\\/#website\"},\"primaryImageOfPage\":{\"@id\":\"https:\\\/\\\/rertech.it\\\/prodotti\\\/collaudo-e-manutenzione\\\/reti-in-rame-trasmissione-dati\\\/tester-per-reti-lan-ethernet-softing-linkexpert-tp\\\/#primaryimage\"},\"image\":{\"@id\":\"https:\\\/\\\/rertech.it\\\/prodotti\\\/collaudo-e-manutenzione\\\/reti-in-rame-trasmissione-dati\\\/tester-per-reti-lan-ethernet-softing-linkexpert-tp\\\/#primaryimage\"},\"thumbnailUrl\":\"https:\\\/\\\/rertech.it\\\/wp-content\\\/uploads\\\/2023\\\/02\\\/Linkexpert-tpa.webp\",\"datePublished\":\"2023-02-16T10:51:49+00:00\",\"dateModified\":\"2025-10-17T13:50:29+00:00\",\"description\":\"Questo compatto e versatile tester per reti LAN Ethernet in rame offre un'ampia gamma di prestazioni e funzioni per il collaudo e la ricerca guasti anche in contesti complessi. Dalle reti SOHO a quelle aziendali, le reti in rame di oggi diventano sempre pi\u00f9 complesse, con una variet\u00e0 di dispositivi diversi e alimentazione remota. Uno strumento multifunzione di rete portatile \u00e8 essenziale per padroneggiare queste reti moderne. LinkXpert TP \u00e8 lo strumento perfetto per la risoluzione di problemi sul cablaggio in rame e di LAN Ethernet sia in ambienti SoHo e uffici che in applicazioni industriali. Il dispositivo offre una combinazione unica di test di cablaggio e diagnostica approfondita della rete Ethernet per aiutare gli utenti a risolvere i problemi quotidiani delle reti Ethernet e a mantenere la rete attiva e funzionante 24 ore su 24, 7 giorni su 7. Per la messa in servizio delle reti, LinkXpert pu\u00f2 eseguire test automatici che possono essere configurati dall'utente. Ad esempio, se sono stati introdotti nuovi switch PoE, LinkXpert pu\u00f2 essere configurato per testare solo PoE fino a 90W e ottenere informazioni sulle porte come LLPD. Per la risoluzione dei problemi, gli utenti possono anche eseguire tutti i test singolarmente.\",\"breadcrumb\":{\"@id\":\"https:\\\/\\\/rertech.it\\\/prodotti\\\/collaudo-e-manutenzione\\\/reti-in-rame-trasmissione-dati\\\/tester-per-reti-lan-ethernet-softing-linkexpert-tp\\\/#breadcrumb\"},\"inLanguage\":\"en-GB\",\"potentialAction\":[{\"@type\":\"ReadAction\",\"target\":[\"https:\\\/\\\/rertech.it\\\/prodotti\\\/collaudo-e-manutenzione\\\/reti-in-rame-trasmissione-dati\\\/tester-per-reti-lan-ethernet-softing-linkexpert-tp\\\/\"]}]},{\"@type\":\"ImageObject\",\"inLanguage\":\"en-GB\",\"@id\":\"https:\\\/\\\/rertech.it\\\/prodotti\\\/collaudo-e-manutenzione\\\/reti-in-rame-trasmissione-dati\\\/tester-per-reti-lan-ethernet-softing-linkexpert-tp\\\/#primaryimage\",\"url\":\"https:\\\/\\\/rertech.it\\\/wp-content\\\/uploads\\\/2023\\\/02\\\/Linkexpert-tpa.webp\",\"contentUrl\":\"https:\\\/\\\/rertech.it\\\/wp-content\\\/uploads\\\/2023\\\/02\\\/Linkexpert-tpa.webp\",\"width\":768,\"height\":922,\"caption\":\"tester reti lan ethernet fino a 1Gb\\\/s\"},{\"@type\":\"BreadcrumbList\",\"@id\":\"https:\\\/\\\/rertech.it\\\/prodotti\\\/collaudo-e-manutenzione\\\/reti-in-rame-trasmissione-dati\\\/tester-per-reti-lan-ethernet-softing-linkexpert-tp\\\/#breadcrumb\",\"itemListElement\":[{\"@type\":\"ListItem\",\"position\":1,\"name\":\"Home\",\"item\":\"https:\\\/\\\/rertech.it\\\/\"},{\"@type\":\"ListItem\",\"position\":2,\"name\":\"Prodotti\",\"item\":\"https:\\\/\\\/rertech.it\\\/prodotti\\\/\"},{\"@type\":\"ListItem\",\"position\":3,\"name\":\"COLLAUDO e MANUTENZIONE\",\"item\":\"https:\\\/\\\/rertech.it\\\/categoria-prodotto\\\/collaudo-e-manutenzione\\\/\"},{\"@type\":\"ListItem\",\"position\":4,\"name\":\"Reti in rame Trasmissione dati\",\"item\":\"https:\\\/\\\/rertech.it\\\/categoria-prodotto\\\/collaudo-e-manutenzione\\\/reti-in-rame-trasmissione-dati\\\/\"},{\"@type\":\"ListItem\",\"position\":5,\"name\":\"Tester per reti LAN Ethernet Softing LinkeXpert TP fino a 1Gb\\\/s\"}]},{\"@type\":\"WebSite\",\"@id\":\"https:\\\/\\\/rertech.it\\\/#website\",\"url\":\"https:\\\/\\\/rertech.it\\\/\",\"name\":\"Rertech\",\"description\":\"Prodotti, attrezzatura e servizi per fibra ottica\",\"publisher\":{\"@id\":\"https:\\\/\\\/rertech.it\\\/#organization\"},\"potentialAction\":[{\"@type\":\"SearchAction\",\"target\":{\"@type\":\"EntryPoint\",\"urlTemplate\":\"https:\\\/\\\/rertech.it\\\/?s={search_term_string}\"},\"query-input\":{\"@type\":\"PropertyValueSpecification\",\"valueRequired\":true,\"valueName\":\"search_term_string\"}}],\"inLanguage\":\"en-GB\"},{\"@type\":\"Organization\",\"@id\":\"https:\\\/\\\/rertech.it\\\/#organization\",\"name\":\"RERTECH\",\"url\":\"https:\\\/\\\/rertech.it\\\/\",\"logo\":{\"@type\":\"ImageObject\",\"inLanguage\":\"en-GB\",\"@id\":\"https:\\\/\\\/rertech.it\\\/#\\\/schema\\\/logo\\\/image\\\/\",\"url\":\"https:\\\/\\\/rertech.it\\\/wp-content\\\/uploads\\\/2022\\\/03\\\/cropped-Copia-di-RERTECH-500x180-2.png\",\"contentUrl\":\"https:\\\/\\\/rertech.it\\\/wp-content\\\/uploads\\\/2022\\\/03\\\/cropped-Copia-di-RERTECH-500x180-2.png\",\"width\":512,\"height\":512,\"caption\":\"RERTECH\"},\"image\":{\"@id\":\"https:\\\/\\\/rertech.it\\\/#\\\/schema\\\/logo\\\/image\\\/\"},\"sameAs\":[\"https:\\\/\\\/www.facebook.com\\\/rertech.fibraottica\\\/\",\"https:\\\/\\\/www.instagram.com\\\/rertechfibraottica\\\/\",\"https:\\\/\\\/www.linkedin.com\\\/company\\\/rertech-fibraottica\\\/\",\"https:\\\/\\\/www.youtube.com\\\/channel\\\/UC5Sihqg7SPUcMPDCEnmQ5XQ\\\/\"]}]}<\/script>\n<meta property=\"product:price:amount\" content=\"950.000\" \/>\n<meta property=\"product:price:currency\" content=\"EUR\" \/>\n<meta property=\"og:availability\" content=\"instock\" \/>\n<meta property=\"product:availability\" content=\"instock\" \/>\n<meta property=\"product:retailer_item_id\" content=\"LINKXPERT-TP\" \/>\n<meta property=\"product:condition\" content=\"new\" \/>\n<!-- \/ Yoast SEO Premium plugin. -->","yoast_head_json":{"title":"Softing LinkeXpert TP Ethernet LAN network tester up to 1Gb\/s | Rertech","description":"This compact and versatile copper Ethernet LAN tester offers a wide range of performance and features for testing and troubleshooting even in complex environments. From SOHO to enterprise networks, today&#039;s copper networks are becoming increasingly complex, with a variety of different devices and remote power. A portable multifunction network tool is essential for mastering these modern networks. The LinkXpert TP is the perfect tool for troubleshooting copper cabling and Ethernet LANs in both SOHO and office environments as well as industrial applications. The device offers a unique combination of cabling testing and in-depth Ethernet network diagnostics to help users troubleshoot everyday Ethernet network problems and keep their network up and running 24\/7. For network commissioning, the LinkXpert can run automated tests that can be configured by the user. For example, if new PoE switches have been introduced, the LinkXpert can be configured to test PoE only up to 90W and obtain port information such as LLPD. For troubleshooting purposes, users can also run all tests individually.","robots":{"index":"index","follow":"follow","max-snippet":"max-snippet:-1","max-image-preview":"max-image-preview:large","max-video-preview":"max-video-preview:-1"},"canonical":"https:\/\/rertech.it\/en\/products\/testing-and-maintenance\/copper-data-transmission-networks\/tester-for-lan-ethernet-networks-softing-linkexpert-tp\/","og_locale":"en_GB","og_type":"article","og_title":"Tester per reti LAN Ethernet Softing LinkeXpert TP fino a 1Gb\/s","og_description":"Questo compatto e versatile tester per reti LAN Ethernet in rame offre un'ampia gamma di prestazioni e funzioni per il collaudo e la ricerca guasti anche in contesti complessi.  Dalle reti SOHO a quelle aziendali, le reti in rame di oggi diventano sempre pi\u00f9 complesse, con una variet\u00e0 di dispositivi diversi e alimentazione remota. Uno strumento multifunzione di rete portatile \u00e8 essenziale per padroneggiare queste reti moderne.  LinkXpert TP \u00e8 lo strumento perfetto per la risoluzione di problemi sul cablaggio in rame e di LAN Ethernet sia in ambienti SoHo e uffici che in applicazioni industriali. Il dispositivo offre una combinazione unica di test di cablaggio e diagnostica approfondita della rete Ethernet per aiutare gli utenti a risolvere i problemi quotidiani delle reti Ethernet e a mantenere la rete attiva e funzionante 24 ore su 24, 7 giorni su 7. Per la messa in servizio delle reti, LinkXpert pu\u00f2 eseguire test automatici che possono essere configurati dall'utente. Ad esempio, se sono stati introdotti nuovi switch PoE, LinkXpert pu\u00f2 essere configurato per testare solo PoE fino a 90W e ottenere informazioni sulle porte come LLPD. Per la risoluzione dei problemi, gli utenti possono anche eseguire tutti i test singolarmente.","og_url":"https:\/\/rertech.it\/en\/products\/testing-and-maintenance\/copper-data-transmission-networks\/tester-for-lan-ethernet-networks-softing-linkexpert-tp\/","og_site_name":"Rertech","article_publisher":"https:\/\/www.facebook.com\/rertech.fibraottica\/","article_modified_time":"2025-10-17T13:50:29+00:00","og_image":[{"width":768,"height":922,"url":"https:\/\/rertech.it\/wp-content\/uploads\/2023\/02\/Linkexpert-tpa.webp","type":"image\/webp"}],"twitter_card":"summary_large_image","twitter_misc":{"Price":"950.00&nbsp;&euro; Iva esclusa","Availability":"In stock"},"schema":{"@context":"https:\/\/schema.org","@graph":[{"@type":"WebPage","@id":"https:\/\/rertech.it\/prodotti\/collaudo-e-manutenzione\/reti-in-rame-trasmissione-dati\/tester-per-reti-lan-ethernet-softing-linkexpert-tp\/","url":"https:\/\/rertech.it\/prodotti\/collaudo-e-manutenzione\/reti-in-rame-trasmissione-dati\/tester-per-reti-lan-ethernet-softing-linkexpert-tp\/","name":"Softing LinkeXpert TP Ethernet LAN network tester up to 1Gb\/s | Rertech","isPartOf":{"@id":"https:\/\/rertech.it\/#website"},"primaryImageOfPage":{"@id":"https:\/\/rertech.it\/prodotti\/collaudo-e-manutenzione\/reti-in-rame-trasmissione-dati\/tester-per-reti-lan-ethernet-softing-linkexpert-tp\/#primaryimage"},"image":{"@id":"https:\/\/rertech.it\/prodotti\/collaudo-e-manutenzione\/reti-in-rame-trasmissione-dati\/tester-per-reti-lan-ethernet-softing-linkexpert-tp\/#primaryimage"},"thumbnailUrl":"https:\/\/rertech.it\/wp-content\/uploads\/2023\/02\/Linkexpert-tpa.webp","datePublished":"2023-02-16T10:51:49+00:00","dateModified":"2025-10-17T13:50:29+00:00","description":"Questo compatto e versatile tester per reti LAN Ethernet in rame offre un'ampia gamma di prestazioni e funzioni per il collaudo e la ricerca guasti anche in contesti complessi. Dalle reti SOHO a quelle aziendali, le reti in rame di oggi diventano sempre pi\u00f9 complesse, con una variet\u00e0 di dispositivi diversi e alimentazione remota. Uno strumento multifunzione di rete portatile \u00e8 essenziale per padroneggiare queste reti moderne. LinkXpert TP \u00e8 lo strumento perfetto per la risoluzione di problemi sul cablaggio in rame e di LAN Ethernet sia in ambienti SoHo e uffici che in applicazioni industriali. Il dispositivo offre una combinazione unica di test di cablaggio e diagnostica approfondita della rete Ethernet per aiutare gli utenti a risolvere i problemi quotidiani delle reti Ethernet e a mantenere la rete attiva e funzionante 24 ore su 24, 7 giorni su 7. Per la messa in servizio delle reti, LinkXpert pu\u00f2 eseguire test automatici che possono essere configurati dall'utente. Ad esempio, se sono stati introdotti nuovi switch PoE, LinkXpert pu\u00f2 essere configurato per testare solo PoE fino a 90W e ottenere informazioni sulle porte come LLPD. Per la risoluzione dei problemi, gli utenti possono anche eseguire tutti i test singolarmente.","breadcrumb":{"@id":"https:\/\/rertech.it\/prodotti\/collaudo-e-manutenzione\/reti-in-rame-trasmissione-dati\/tester-per-reti-lan-ethernet-softing-linkexpert-tp\/#breadcrumb"},"inLanguage":"en-GB","potentialAction":[{"@type":"ReadAction","target":["https:\/\/rertech.it\/prodotti\/collaudo-e-manutenzione\/reti-in-rame-trasmissione-dati\/tester-per-reti-lan-ethernet-softing-linkexpert-tp\/"]}]},{"@type":"ImageObject","inLanguage":"en-GB","@id":"https:\/\/rertech.it\/prodotti\/collaudo-e-manutenzione\/reti-in-rame-trasmissione-dati\/tester-per-reti-lan-ethernet-softing-linkexpert-tp\/#primaryimage","url":"https:\/\/rertech.it\/wp-content\/uploads\/2023\/02\/Linkexpert-tpa.webp","contentUrl":"https:\/\/rertech.it\/wp-content\/uploads\/2023\/02\/Linkexpert-tpa.webp","width":768,"height":922,"caption":"tester reti lan ethernet fino a 1Gb\/s"},{"@type":"BreadcrumbList","@id":"https:\/\/rertech.it\/prodotti\/collaudo-e-manutenzione\/reti-in-rame-trasmissione-dati\/tester-per-reti-lan-ethernet-softing-linkexpert-tp\/#breadcrumb","itemListElement":[{"@type":"ListItem","position":1,"name":"Home","item":"https:\/\/rertech.it\/"},{"@type":"ListItem","position":2,"name":"Prodotti","item":"https:\/\/rertech.it\/prodotti\/"},{"@type":"ListItem","position":3,"name":"COLLAUDO e MANUTENZIONE","item":"https:\/\/rertech.it\/categoria-prodotto\/collaudo-e-manutenzione\/"},{"@type":"ListItem","position":4,"name":"Reti in rame Trasmissione dati","item":"https:\/\/rertech.it\/categoria-prodotto\/collaudo-e-manutenzione\/reti-in-rame-trasmissione-dati\/"},{"@type":"ListItem","position":5,"name":"Tester per reti LAN Ethernet Softing LinkeXpert TP fino a 1Gb\/s"}]},{"@type":"WebSite","@id":"https:\/\/rertech.it\/#website","url":"https:\/\/rertech.it\/","name":"Rertech","description":"Fiber Optic Products, Equipment and Services","publisher":{"@id":"https:\/\/rertech.it\/#organization"},"potentialAction":[{"@type":"SearchAction","target":{"@type":"EntryPoint","urlTemplate":"https:\/\/rertech.it\/?s={search_term_string}"},"query-input":{"@type":"PropertyValueSpecification","valueRequired":true,"valueName":"search_term_string"}}],"inLanguage":"en-GB"},{"@type":"Organization","@id":"https:\/\/rertech.it\/#organization","name":"RERTECH","url":"https:\/\/rertech.it\/","logo":{"@type":"ImageObject","inLanguage":"en-GB","@id":"https:\/\/rertech.it\/#\/schema\/logo\/image\/","url":"https:\/\/rertech.it\/wp-content\/uploads\/2022\/03\/cropped-Copia-di-RERTECH-500x180-2.png","contentUrl":"https:\/\/rertech.it\/wp-content\/uploads\/2022\/03\/cropped-Copia-di-RERTECH-500x180-2.png","width":512,"height":512,"caption":"RERTECH"},"image":{"@id":"https:\/\/rertech.it\/#\/schema\/logo\/image\/"},"sameAs":["https:\/\/www.facebook.com\/rertech.fibraottica\/","https:\/\/www.instagram.com\/rertechfibraottica\/","https:\/\/www.linkedin.com\/company\/rertech-fibraottica\/","https:\/\/www.youtube.com\/channel\/UC5Sihqg7SPUcMPDCEnmQ5XQ\/"]}]},"product_price_amount":"950.000","product_price_currency":"EUR","og_availability":"instock","product_availability":"instock","product_retailer_item_id":"LINKXPERT-TP","product_condition":"new"},"_links":{"self":[{"href":"https:\/\/rertech.it\/en\/wp-json\/wp\/v2\/product\/40641","targetHints":{"allow":["GET"]}}],"collection":[{"href":"https:\/\/rertech.it\/en\/wp-json\/wp\/v2\/product"}],"about":[{"href":"https:\/\/rertech.it\/en\/wp-json\/wp\/v2\/types\/product"}],"wp:featuredmedia":[{"embeddable":true,"href":"https:\/\/rertech.it\/en\/wp-json\/wp\/v2\/media\/41671"}],"wp:attachment":[{"href":"https:\/\/rertech.it\/en\/wp-json\/wp\/v2\/media?parent=40641"}],"wp:term":[{"taxonomy":"product_brand","embeddable":true,"href":"https:\/\/rertech.it\/en\/wp-json\/wp\/v2\/product_brand?post=40641"},{"taxonomy":"product_cat","embeddable":true,"href":"https:\/\/rertech.it\/en\/wp-json\/wp\/v2\/product_cat?post=40641"},{"taxonomy":"product_tag","embeddable":true,"href":"https:\/\/rertech.it\/en\/wp-json\/wp\/v2\/product_tag?post=40641"}],"curies":[{"name":"wp","href":"https:\/\/api.w.org\/{rel}","templated":true}]}}