{"id":40677,"date":"2023-02-28T13:46:46","date_gmt":"2023-02-28T12:46:46","guid":{"rendered":"https:\/\/rertech.it\/?post_type=product&#038;p=40677"},"modified":"2026-04-08T08:59:37","modified_gmt":"2026-04-08T06:59:37","slug":"netally-airmagnet-pro-wireless-site-design-and-analysis-software","status":"publish","type":"product","link":"https:\/\/rertech.it\/en\/prodotti\/collaudo-e-manutenzione\/reti-in-rame-trasmissione-dati\/software-per-il-progetto-e-lanalisi-di-siti-wireless-netally-airmagnet-pro\/","title":{"rendered":"Wireless Site Design and Analysis Software \u2013 Netally Airmagnet Pro"},"content":{"rendered":"<h4>Caratteristiche del Software per il progetto e l&#8217;analisi di siti Wireless Netally Airmagnet Pro<\/h4>\n<ul>\n<li>Predictively model Wi-Fi 6 network changes or design a new network without physically deploying APs.<\/li>\n<li>Rccoglie i dati del mondo reale eseguendo misurazioni reali dell&#8217;esperienza dell&#8217;utente finale utilizzando <a href=\"https:\/\/www.netally.com\/products\/airmapper-site-survey\/\">AirMapper\u2122 Site Survey<\/a>\u00a0on <a href=\"https:\/\/rertech.it\/en\/products\/testing-and-maintenance\/copper-data-transmission-networks\/netally-aircheck-g3-triband-wireless-tester-analyzer\/\" target=\"_blank\" rel=\"noopener\">AirCheck\u2122 G3<\/a> e EtherScope\u2122 nXG.<\/li>\n<li>Genera mappe di calore che forniscono visibilit\u00e0 completa su copertura WLAN, rumore, SNR, interferenze, throughput, velocit\u00e0 dati, tentativi, perdite e altro sulle bande 2,4\/5\/6 GHz.<\/li>\n<\/ul>\n<h4>Supported operating systems<\/h4>\n<ul>\n<li>Microsoft Windows 10 Pro\/Enterprise a 64 bit o Microsoft Windows 11 Pro\/Enterprise a 64 bit.\u00a0Intel\u00ae Core\u2122 i5 2,00 GHz (consigliato Intel\u00ae Core\u2122 i7 o superiore). 4 GB (8 GB o superiore consigliato)<\/li>\n<\/ul>\n<h4>Supported Adapters<\/h4>\n<ul>\n<li>You see <a href=\"https:\/\/www.netally.com\/wp-content\/uploads\/APA_FL_21_V2.pdf\" target=\"_blank\" rel=\"noopener\">HERE<\/a> the table<\/li>\n<\/ul>","protected":false},"excerpt":{"rendered":"<p>Il software Netally AirMagnet Pro \u00e8 un completo pacchetto per la progettazione e l&#8217;analisi di siti wireless.<\/p>\n<p>AirMagnet Pro \u00e8 in grado di modellare in modo predittivo le modifiche alla rete Wi-Fi, o di progettare una nuova rete per copertura, connettivit\u00e0 e prestazioni ottimali senza posizionare fisicamente gli AP.<\/p>\n<p>AirMagnet Survey PRO va oltre la semplice verifica della copertura RF, tracciando le prestazioni effettive della rete dell&#8217;utente finale in termini di throughput e velocit\u00e0 dei dati PHY, tenendo conto delle situazioni ambientali o della configurazione della rete.\u00a0Questa soluzione per la progettazione Wi-Fi e l&#8217;analisi del sito mostra la copertura di specifici parametri Wi-Fi che migliorano le prestazioni, come schemi MCS pi\u00f9 elevati e canali pi\u00f9 ampi.<\/p>\n<p>Inoltre, aiuta a identificare dove le interferenze e i dispositivi legacy possono influire sulla velocit\u00e0 della rete.\u00a0Il risultato \u00e8 una &#8220;mappa termica&#8221; Wi-Fi completa di tutte le metriche critiche delle prestazioni RF e dell&#8217;utente finale sulle bande a 2,4 GHz, 5 GHz e 6 GHz.\u00a0Queste misurazioni del &#8220;mondo reale&#8221; consentono di modellare in modo predittivo i miglioramenti della rete in modo accurato e aiutano a risparmiare tempo e denaro evitando reclami sulla rete da parte degli utenti finali.<\/p>\n<p>&nbsp;<\/p>","protected":false},"featured_media":40681,"template":"","meta":{"_acf_changed":false},"product_brand":[1419],"product_cat":[120,272],"product_tag":[1218,1217],"class_list":{"0":"post-40677","1":"product","2":"type-product","3":"status-publish","4":"has-post-thumbnail","6":"product_brand-netally","7":"product_cat-reti-in-rame-trasmissione-dati","8":"product_cat-trasmissione-dati","9":"product_tag-wifi-analisi","10":"product_tag-wifi-progetto","12":"first","13":"onbackorder","14":"taxable","15":"shipping-taxable","16":"product-type-simple"},"acf":[],"tiered_pricing_type":"fixed","tiered_pricing_fixed_rules":[],"tiered_pricing_percentage_rules":[],"tiered_pricing_minimum":1,"_administrator_tiered_pricing_type":"fixed","_administrator_tiered_pricing_fixed_rules":[],"_editor_tiered_pricing_type":"fixed","_editor_tiered_pricing_fixed_rules":[],"_author_tiered_pricing_type":"fixed","_author_tiered_pricing_fixed_rules":[],"_contributor_tiered_pricing_type":"fixed","_contributor_tiered_pricing_fixed_rules":[],"_subscriber_tiered_pricing_type":"fixed","_subscriber_tiered_pricing_fixed_rules":[],"_customer_tiered_pricing_type":"fixed","_customer_tiered_pricing_fixed_rules":[],"_shop_manager_tiered_pricing_type":"fixed","_shop_manager_tiered_pricing_fixed_rules":[],"_translator_tiered_pricing_type":"fixed","_translator_tiered_pricing_fixed_rules":[],"_give_manager_tiered_pricing_type":"fixed","_give_manager_tiered_pricing_fixed_rules":[],"_give_accountant_tiered_pricing_type":"fixed","_give_accountant_tiered_pricing_fixed_rules":[],"_give_worker_tiered_pricing_type":"fixed","_give_worker_tiered_pricing_fixed_rules":[],"_give_donor_tiered_pricing_type":"fixed","_give_donor_tiered_pricing_fixed_rules":[],"_wpseo_manager_tiered_pricing_type":"fixed","_wpseo_manager_tiered_pricing_fixed_rules":[],"_wpseo_editor_tiered_pricing_type":"fixed","_wpseo_editor_tiered_pricing_fixed_rules":[],"_wholesale_buyer_tiered_pricing_type":"fixed","_wholesale_buyer_tiered_pricing_fixed_rules":[],"_wholesale_tax_free_tiered_pricing_type":"fixed","_wholesale_tax_free_tiered_pricing_fixed_rules":[],"_azienda_tiered_pricing_type":"fixed","_azienda_tiered_pricing_fixed_rules":[],"_privato_tiered_pricing_type":"fixed","_privato_tiered_pricing_fixed_rules":[],"yoast_head":"<!-- This site is optimized with the Yoast SEO Premium plugin v20.8 (Yoast SEO v27.4) - https:\/\/yoast.com\/product\/yoast-seo-premium-wordpress\/ -->\n<title>Software per il progetto e l&#039;analisi di siti Wireless - Netally Airmagnet Pro | Rertech<\/title>\n<meta name=\"description\" content=\"Il software Netally AirMagnet Pro \u00e8 un completo pacchetto per la progettazione e l&#039;analisi di siti wireless.  AirMagnet Pro \u00e8 in grado di modellare in modo predittivo le modifiche alla rete Wi-Fi, o di progettare una nuova rete per copertura, connettivit\u00e0 e prestazioni ottimali senza posizionare fisicamente gli AP.  AirMagnet Survey PRO va oltre la semplice verifica della copertura RF, tracciando le prestazioni effettive della rete dell&#039;utente finale in termini di throughput e velocit\u00e0 dei dati PHY, tenendo conto delle situazioni ambientali o della configurazione della rete.\u00a0Questa soluzione per la progettazione Wi-Fi e l&#039;analisi del sito mostra la copertura di specifici parametri Wi-Fi che migliorano le prestazioni, come schemi MCS pi\u00f9 elevati e canali pi\u00f9 ampi.  Inoltre, aiuta a identificare dove le interferenze e i dispositivi legacy possono influire sulla velocit\u00e0 della rete.\u00a0Il risultato \u00e8 una &quot;mappa termica&quot; Wi-Fi completa di tutte le metriche critiche delle prestazioni RF e dell&#039;utente finale sulle bande a 2,4 GHz, 5 GHz e 6 GHz.\u00a0Queste misurazioni del &quot;mondo reale&quot; consentono di modellare in modo predittivo i miglioramenti della rete in modo accurato e aiutano a risparmiare tempo e denaro evitando reclami sulla rete da parte degli utenti finali.  &nbsp;\" \/>\n<meta name=\"robots\" content=\"index, follow, max-snippet:-1, max-image-preview:large, max-video-preview:-1\" \/>\n<link rel=\"canonical\" href=\"https:\/\/rertech.it\/en\/products\/testing-and-maintenance\/copper-data-transmission-networks\/netally-airmagnet-pro-wireless-site-design-and-analysis-software\/\" \/>\n<meta property=\"og:locale\" content=\"en_GB\" \/>\n<meta property=\"og:type\" content=\"article\" \/>\n<meta property=\"og:title\" content=\"Software per il progetto e l&#039;analisi di siti Wireless - Netally Airmagnet Pro\" \/>\n<meta property=\"og:description\" content=\"Il software Netally AirMagnet Pro \u00e8 un completo pacchetto per la progettazione e l&#039;analisi di siti wireless.  AirMagnet Pro \u00e8 in grado di modellare in modo predittivo le modifiche alla rete Wi-Fi, o di progettare una nuova rete per copertura, connettivit\u00e0 e prestazioni ottimali senza posizionare fisicamente gli AP.  AirMagnet Survey PRO va oltre la semplice verifica della copertura RF, tracciando le prestazioni effettive della rete dell&#039;utente finale in termini di throughput e velocit\u00e0 dei dati PHY, tenendo conto delle situazioni ambientali o della configurazione della rete.\u00a0Questa soluzione per la progettazione Wi-Fi e l&#039;analisi del sito mostra la copertura di specifici parametri Wi-Fi che migliorano le prestazioni, come schemi MCS pi\u00f9 elevati e canali pi\u00f9 ampi.  Inoltre, aiuta a identificare dove le interferenze e i dispositivi legacy possono influire sulla velocit\u00e0 della rete.\u00a0Il risultato \u00e8 una &quot;mappa termica&quot; Wi-Fi completa di tutte le metriche critiche delle prestazioni RF e dell&#039;utente finale sulle bande a 2,4 GHz, 5 GHz e 6 GHz.\u00a0Queste misurazioni del &quot;mondo reale&quot; consentono di modellare in modo predittivo i miglioramenti della rete in modo accurato e aiutano a risparmiare tempo e denaro evitando reclami sulla rete da parte degli utenti finali.  &nbsp;\" \/>\n<meta property=\"og:url\" content=\"https:\/\/rertech.it\/en\/products\/testing-and-maintenance\/copper-data-transmission-networks\/netally-airmagnet-pro-wireless-site-design-and-analysis-software\/\" \/>\n<meta property=\"og:site_name\" content=\"Rertech\" \/>\n<meta property=\"article:publisher\" content=\"https:\/\/www.facebook.com\/rertech.fibraottica\/\" \/>\n<meta property=\"article:modified_time\" content=\"2026-04-08T06:59:37+00:00\" \/>\n<meta property=\"og:image\" content=\"https:\/\/rertech.it\/wp-content\/uploads\/2023\/02\/airmagnet1.webp\" \/>\n\t<meta property=\"og:image:width\" content=\"1024\" \/>\n\t<meta property=\"og:image:height\" content=\"594\" \/>\n\t<meta property=\"og:image:type\" content=\"image\/webp\" \/>\n<meta name=\"twitter:card\" content=\"summary_large_image\" \/>\n<meta name=\"twitter:label1\" content=\"Price\" \/>\n\t<meta name=\"twitter:data1\" content=\"\" \/>\n\t<meta name=\"twitter:label2\" content=\"Availability\" \/>\n\t<meta name=\"twitter:data2\" content=\"On backorder\" \/>\n<script type=\"application\/ld+json\" class=\"yoast-schema-graph\">{\"@context\":\"https:\\\/\\\/schema.org\",\"@graph\":[{\"@type\":\"WebPage\",\"@id\":\"https:\\\/\\\/rertech.it\\\/prodotti\\\/collaudo-e-manutenzione\\\/reti-in-rame-trasmissione-dati\\\/software-per-il-progetto-e-lanalisi-di-siti-wireless-netally-airmagnet-pro\\\/\",\"url\":\"https:\\\/\\\/rertech.it\\\/prodotti\\\/collaudo-e-manutenzione\\\/reti-in-rame-trasmissione-dati\\\/software-per-il-progetto-e-lanalisi-di-siti-wireless-netally-airmagnet-pro\\\/\",\"name\":\"Software per il progetto e l'analisi di siti Wireless - Netally Airmagnet Pro | Rertech\",\"isPartOf\":{\"@id\":\"https:\\\/\\\/rertech.it\\\/#website\"},\"primaryImageOfPage\":{\"@id\":\"https:\\\/\\\/rertech.it\\\/prodotti\\\/collaudo-e-manutenzione\\\/reti-in-rame-trasmissione-dati\\\/software-per-il-progetto-e-lanalisi-di-siti-wireless-netally-airmagnet-pro\\\/#primaryimage\"},\"image\":{\"@id\":\"https:\\\/\\\/rertech.it\\\/prodotti\\\/collaudo-e-manutenzione\\\/reti-in-rame-trasmissione-dati\\\/software-per-il-progetto-e-lanalisi-di-siti-wireless-netally-airmagnet-pro\\\/#primaryimage\"},\"thumbnailUrl\":\"https:\\\/\\\/rertech.it\\\/wp-content\\\/uploads\\\/2023\\\/02\\\/airmagnet1.webp\",\"datePublished\":\"2023-02-28T12:46:46+00:00\",\"dateModified\":\"2026-04-08T06:59:37+00:00\",\"description\":\"Il software Netally AirMagnet Pro \u00e8 un completo pacchetto per la progettazione e l'analisi di siti wireless. AirMagnet Pro \u00e8 in grado di modellare in modo predittivo le modifiche alla rete Wi-Fi, o di progettare una nuova rete per copertura, connettivit\u00e0 e prestazioni ottimali senza posizionare fisicamente gli AP. AirMagnet Survey PRO va oltre la semplice verifica della copertura RF, tracciando le prestazioni effettive della rete dell'utente finale in termini di throughput e velocit\u00e0 dei dati PHY, tenendo conto delle situazioni ambientali o della configurazione della rete.\u00a0Questa soluzione per la progettazione Wi-Fi e l'analisi del sito mostra la copertura di specifici parametri Wi-Fi che migliorano le prestazioni, come schemi MCS pi\u00f9 elevati e canali pi\u00f9 ampi. Inoltre, aiuta a identificare dove le interferenze e i dispositivi legacy possono influire sulla velocit\u00e0 della rete.\u00a0Il risultato \u00e8 una \\\"mappa termica\\\" Wi-Fi completa di tutte le metriche critiche delle prestazioni RF e dell'utente finale sulle bande a 2,4 GHz, 5 GHz e 6 GHz.\u00a0Queste misurazioni del \\\"mondo reale\\\" consentono di modellare in modo predittivo i miglioramenti della rete in modo accurato e aiutano a risparmiare tempo e denaro evitando reclami sulla rete da parte degli utenti finali. &nbsp;\",\"breadcrumb\":{\"@id\":\"https:\\\/\\\/rertech.it\\\/prodotti\\\/collaudo-e-manutenzione\\\/reti-in-rame-trasmissione-dati\\\/software-per-il-progetto-e-lanalisi-di-siti-wireless-netally-airmagnet-pro\\\/#breadcrumb\"},\"inLanguage\":\"en-GB\",\"potentialAction\":[{\"@type\":\"ReadAction\",\"target\":[\"https:\\\/\\\/rertech.it\\\/prodotti\\\/collaudo-e-manutenzione\\\/reti-in-rame-trasmissione-dati\\\/software-per-il-progetto-e-lanalisi-di-siti-wireless-netally-airmagnet-pro\\\/\"]}]},{\"@type\":\"ImageObject\",\"inLanguage\":\"en-GB\",\"@id\":\"https:\\\/\\\/rertech.it\\\/prodotti\\\/collaudo-e-manutenzione\\\/reti-in-rame-trasmissione-dati\\\/software-per-il-progetto-e-lanalisi-di-siti-wireless-netally-airmagnet-pro\\\/#primaryimage\",\"url\":\"https:\\\/\\\/rertech.it\\\/wp-content\\\/uploads\\\/2023\\\/02\\\/airmagnet1.webp\",\"contentUrl\":\"https:\\\/\\\/rertech.it\\\/wp-content\\\/uploads\\\/2023\\\/02\\\/airmagnet1.webp\",\"width\":1024,\"height\":594,\"caption\":\"Software per progetto e analisi di siti Wireless\"},{\"@type\":\"BreadcrumbList\",\"@id\":\"https:\\\/\\\/rertech.it\\\/prodotti\\\/collaudo-e-manutenzione\\\/reti-in-rame-trasmissione-dati\\\/software-per-il-progetto-e-lanalisi-di-siti-wireless-netally-airmagnet-pro\\\/#breadcrumb\",\"itemListElement\":[{\"@type\":\"ListItem\",\"position\":1,\"name\":\"Home\",\"item\":\"https:\\\/\\\/rertech.it\\\/\"},{\"@type\":\"ListItem\",\"position\":2,\"name\":\"Prodotti\",\"item\":\"https:\\\/\\\/rertech.it\\\/prodotti\\\/\"},{\"@type\":\"ListItem\",\"position\":3,\"name\":\"COLLAUDO e MANUTENZIONE\",\"item\":\"https:\\\/\\\/rertech.it\\\/categoria-prodotto\\\/collaudo-e-manutenzione\\\/\"},{\"@type\":\"ListItem\",\"position\":4,\"name\":\"Reti in rame Trasmissione dati\",\"item\":\"https:\\\/\\\/rertech.it\\\/categoria-prodotto\\\/collaudo-e-manutenzione\\\/reti-in-rame-trasmissione-dati\\\/\"},{\"@type\":\"ListItem\",\"position\":5,\"name\":\"Software per il progetto e l&#8217;analisi di siti Wireless &#8211; Netally Airmagnet Pro\"}]},{\"@type\":\"WebSite\",\"@id\":\"https:\\\/\\\/rertech.it\\\/#website\",\"url\":\"https:\\\/\\\/rertech.it\\\/\",\"name\":\"Rertech\",\"description\":\"Prodotti, attrezzatura e servizi per fibra ottica\",\"publisher\":{\"@id\":\"https:\\\/\\\/rertech.it\\\/#organization\"},\"potentialAction\":[{\"@type\":\"SearchAction\",\"target\":{\"@type\":\"EntryPoint\",\"urlTemplate\":\"https:\\\/\\\/rertech.it\\\/?s={search_term_string}\"},\"query-input\":{\"@type\":\"PropertyValueSpecification\",\"valueRequired\":true,\"valueName\":\"search_term_string\"}}],\"inLanguage\":\"en-GB\"},{\"@type\":\"Organization\",\"@id\":\"https:\\\/\\\/rertech.it\\\/#organization\",\"name\":\"RERTECH\",\"url\":\"https:\\\/\\\/rertech.it\\\/\",\"logo\":{\"@type\":\"ImageObject\",\"inLanguage\":\"en-GB\",\"@id\":\"https:\\\/\\\/rertech.it\\\/#\\\/schema\\\/logo\\\/image\\\/\",\"url\":\"https:\\\/\\\/rertech.it\\\/wp-content\\\/uploads\\\/2022\\\/03\\\/cropped-Copia-di-RERTECH-500x180-2.png\",\"contentUrl\":\"https:\\\/\\\/rertech.it\\\/wp-content\\\/uploads\\\/2022\\\/03\\\/cropped-Copia-di-RERTECH-500x180-2.png\",\"width\":512,\"height\":512,\"caption\":\"RERTECH\"},\"image\":{\"@id\":\"https:\\\/\\\/rertech.it\\\/#\\\/schema\\\/logo\\\/image\\\/\"},\"sameAs\":[\"https:\\\/\\\/www.facebook.com\\\/rertech.fibraottica\\\/\",\"https:\\\/\\\/www.instagram.com\\\/rertechfibraottica\\\/\",\"https:\\\/\\\/www.linkedin.com\\\/company\\\/rertech-fibraottica\\\/\",\"https:\\\/\\\/www.youtube.com\\\/channel\\\/UC5Sihqg7SPUcMPDCEnmQ5XQ\\\/\"]}]}<\/script>\n<meta property=\"product:price:currency\" content=\"EUR\" \/>\n<meta property=\"og:availability\" content=\"backorder\" \/>\n<meta property=\"product:availability\" content=\"available for order\" \/>\n<meta property=\"product:retailer_item_id\" content=\"AM\/A4018G\" \/>\n<meta property=\"product:condition\" content=\"new\" \/>\n<!-- \/ Yoast SEO Premium plugin. -->","yoast_head_json":{"title":"Wireless Site Design and Analysis Software - Netally Airmagnet Pro | Rertech","description":"Netally AirMagnet Pro software is a comprehensive wireless site design and analysis package. AirMagnet Pro can predictively model Wi-Fi network changes or design a new network for optimal coverage, connectivity, and performance without physically placing APs. AirMagnet Survey PRO goes beyond simple RF coverage verification by tracking actual end-user network performance in terms of throughput and PHY data rate, taking into account environmental conditions or network configuration. This Wi-Fi design and site analysis solution displays coverage of specific Wi-Fi parameters that improve performance, such as higher MCS schemes and wider channels. It also helps identify where interference and legacy devices may be impacting network speed. The result is a comprehensive Wi-Fi &quot;heat map&quot; of all critical RF and end-user performance metrics across the 2.4 GHz, 5 GHz, and 6 GHz bands. These &quot;real-world&quot; measurements allow you to accurately predict network improvements and help save time and money by avoiding network complaints from end users.  &nbsp;","robots":{"index":"index","follow":"follow","max-snippet":"max-snippet:-1","max-image-preview":"max-image-preview:large","max-video-preview":"max-video-preview:-1"},"canonical":"https:\/\/rertech.it\/en\/products\/testing-and-maintenance\/copper-data-transmission-networks\/netally-airmagnet-pro-wireless-site-design-and-analysis-software\/","og_locale":"en_GB","og_type":"article","og_title":"Software per il progetto e l'analisi di siti Wireless - Netally Airmagnet Pro","og_description":"Il software Netally AirMagnet Pro \u00e8 un completo pacchetto per la progettazione e l'analisi di siti wireless.  AirMagnet Pro \u00e8 in grado di modellare in modo predittivo le modifiche alla rete Wi-Fi, o di progettare una nuova rete per copertura, connettivit\u00e0 e prestazioni ottimali senza posizionare fisicamente gli AP.  AirMagnet Survey PRO va oltre la semplice verifica della copertura RF, tracciando le prestazioni effettive della rete dell'utente finale in termini di throughput e velocit\u00e0 dei dati PHY, tenendo conto delle situazioni ambientali o della configurazione della rete.\u00a0Questa soluzione per la progettazione Wi-Fi e l'analisi del sito mostra la copertura di specifici parametri Wi-Fi che migliorano le prestazioni, come schemi MCS pi\u00f9 elevati e canali pi\u00f9 ampi.  Inoltre, aiuta a identificare dove le interferenze e i dispositivi legacy possono influire sulla velocit\u00e0 della rete.\u00a0Il risultato \u00e8 una \"mappa termica\" Wi-Fi completa di tutte le metriche critiche delle prestazioni RF e dell'utente finale sulle bande a 2,4 GHz, 5 GHz e 6 GHz.\u00a0Queste misurazioni del \"mondo reale\" consentono di modellare in modo predittivo i miglioramenti della rete in modo accurato e aiutano a risparmiare tempo e denaro evitando reclami sulla rete da parte degli utenti finali.  &nbsp;","og_url":"https:\/\/rertech.it\/en\/products\/testing-and-maintenance\/copper-data-transmission-networks\/netally-airmagnet-pro-wireless-site-design-and-analysis-software\/","og_site_name":"Rertech","article_publisher":"https:\/\/www.facebook.com\/rertech.fibraottica\/","article_modified_time":"2026-04-08T06:59:37+00:00","og_image":[{"width":1024,"height":594,"url":"https:\/\/rertech.it\/wp-content\/uploads\/2023\/02\/airmagnet1.webp","type":"image\/webp"}],"twitter_card":"summary_large_image","twitter_misc":{"Price":"","Availability":"On backorder"},"schema":{"@context":"https:\/\/schema.org","@graph":[{"@type":"WebPage","@id":"https:\/\/rertech.it\/prodotti\/collaudo-e-manutenzione\/reti-in-rame-trasmissione-dati\/software-per-il-progetto-e-lanalisi-di-siti-wireless-netally-airmagnet-pro\/","url":"https:\/\/rertech.it\/prodotti\/collaudo-e-manutenzione\/reti-in-rame-trasmissione-dati\/software-per-il-progetto-e-lanalisi-di-siti-wireless-netally-airmagnet-pro\/","name":"Wireless Site Design and Analysis Software - Netally Airmagnet Pro | Rertech","isPartOf":{"@id":"https:\/\/rertech.it\/#website"},"primaryImageOfPage":{"@id":"https:\/\/rertech.it\/prodotti\/collaudo-e-manutenzione\/reti-in-rame-trasmissione-dati\/software-per-il-progetto-e-lanalisi-di-siti-wireless-netally-airmagnet-pro\/#primaryimage"},"image":{"@id":"https:\/\/rertech.it\/prodotti\/collaudo-e-manutenzione\/reti-in-rame-trasmissione-dati\/software-per-il-progetto-e-lanalisi-di-siti-wireless-netally-airmagnet-pro\/#primaryimage"},"thumbnailUrl":"https:\/\/rertech.it\/wp-content\/uploads\/2023\/02\/airmagnet1.webp","datePublished":"2023-02-28T12:46:46+00:00","dateModified":"2026-04-08T06:59:37+00:00","description":"Il software Netally AirMagnet Pro \u00e8 un completo pacchetto per la progettazione e l'analisi di siti wireless. AirMagnet Pro \u00e8 in grado di modellare in modo predittivo le modifiche alla rete Wi-Fi, o di progettare una nuova rete per copertura, connettivit\u00e0 e prestazioni ottimali senza posizionare fisicamente gli AP. AirMagnet Survey PRO va oltre la semplice verifica della copertura RF, tracciando le prestazioni effettive della rete dell'utente finale in termini di throughput e velocit\u00e0 dei dati PHY, tenendo conto delle situazioni ambientali o della configurazione della rete.\u00a0Questa soluzione per la progettazione Wi-Fi e l'analisi del sito mostra la copertura di specifici parametri Wi-Fi che migliorano le prestazioni, come schemi MCS pi\u00f9 elevati e canali pi\u00f9 ampi. Inoltre, aiuta a identificare dove le interferenze e i dispositivi legacy possono influire sulla velocit\u00e0 della rete.\u00a0Il risultato \u00e8 una \"mappa termica\" Wi-Fi completa di tutte le metriche critiche delle prestazioni RF e dell'utente finale sulle bande a 2,4 GHz, 5 GHz e 6 GHz.\u00a0Queste misurazioni del \"mondo reale\" consentono di modellare in modo predittivo i miglioramenti della rete in modo accurato e aiutano a risparmiare tempo e denaro evitando reclami sulla rete da parte degli utenti finali. &nbsp;","breadcrumb":{"@id":"https:\/\/rertech.it\/prodotti\/collaudo-e-manutenzione\/reti-in-rame-trasmissione-dati\/software-per-il-progetto-e-lanalisi-di-siti-wireless-netally-airmagnet-pro\/#breadcrumb"},"inLanguage":"en-GB","potentialAction":[{"@type":"ReadAction","target":["https:\/\/rertech.it\/prodotti\/collaudo-e-manutenzione\/reti-in-rame-trasmissione-dati\/software-per-il-progetto-e-lanalisi-di-siti-wireless-netally-airmagnet-pro\/"]}]},{"@type":"ImageObject","inLanguage":"en-GB","@id":"https:\/\/rertech.it\/prodotti\/collaudo-e-manutenzione\/reti-in-rame-trasmissione-dati\/software-per-il-progetto-e-lanalisi-di-siti-wireless-netally-airmagnet-pro\/#primaryimage","url":"https:\/\/rertech.it\/wp-content\/uploads\/2023\/02\/airmagnet1.webp","contentUrl":"https:\/\/rertech.it\/wp-content\/uploads\/2023\/02\/airmagnet1.webp","width":1024,"height":594,"caption":"Software per progetto e analisi di siti Wireless"},{"@type":"BreadcrumbList","@id":"https:\/\/rertech.it\/prodotti\/collaudo-e-manutenzione\/reti-in-rame-trasmissione-dati\/software-per-il-progetto-e-lanalisi-di-siti-wireless-netally-airmagnet-pro\/#breadcrumb","itemListElement":[{"@type":"ListItem","position":1,"name":"Home","item":"https:\/\/rertech.it\/"},{"@type":"ListItem","position":2,"name":"Prodotti","item":"https:\/\/rertech.it\/prodotti\/"},{"@type":"ListItem","position":3,"name":"COLLAUDO e MANUTENZIONE","item":"https:\/\/rertech.it\/categoria-prodotto\/collaudo-e-manutenzione\/"},{"@type":"ListItem","position":4,"name":"Reti in rame Trasmissione dati","item":"https:\/\/rertech.it\/categoria-prodotto\/collaudo-e-manutenzione\/reti-in-rame-trasmissione-dati\/"},{"@type":"ListItem","position":5,"name":"Software per il progetto e l&#8217;analisi di siti Wireless &#8211; Netally Airmagnet Pro"}]},{"@type":"WebSite","@id":"https:\/\/rertech.it\/#website","url":"https:\/\/rertech.it\/","name":"Rertech","description":"Fiber Optic Products, Equipment and Services","publisher":{"@id":"https:\/\/rertech.it\/#organization"},"potentialAction":[{"@type":"SearchAction","target":{"@type":"EntryPoint","urlTemplate":"https:\/\/rertech.it\/?s={search_term_string}"},"query-input":{"@type":"PropertyValueSpecification","valueRequired":true,"valueName":"search_term_string"}}],"inLanguage":"en-GB"},{"@type":"Organization","@id":"https:\/\/rertech.it\/#organization","name":"RERTECH","url":"https:\/\/rertech.it\/","logo":{"@type":"ImageObject","inLanguage":"en-GB","@id":"https:\/\/rertech.it\/#\/schema\/logo\/image\/","url":"https:\/\/rertech.it\/wp-content\/uploads\/2022\/03\/cropped-Copia-di-RERTECH-500x180-2.png","contentUrl":"https:\/\/rertech.it\/wp-content\/uploads\/2022\/03\/cropped-Copia-di-RERTECH-500x180-2.png","width":512,"height":512,"caption":"RERTECH"},"image":{"@id":"https:\/\/rertech.it\/#\/schema\/logo\/image\/"},"sameAs":["https:\/\/www.facebook.com\/rertech.fibraottica\/","https:\/\/www.instagram.com\/rertechfibraottica\/","https:\/\/www.linkedin.com\/company\/rertech-fibraottica\/","https:\/\/www.youtube.com\/channel\/UC5Sihqg7SPUcMPDCEnmQ5XQ\/"]}]},"product_price_currency":"EUR","og_availability":"backorder","product_availability":"available for order","product_retailer_item_id":"AM\/A4018G","product_condition":"new"},"_links":{"self":[{"href":"https:\/\/rertech.it\/en\/wp-json\/wp\/v2\/product\/40677","targetHints":{"allow":["GET"]}}],"collection":[{"href":"https:\/\/rertech.it\/en\/wp-json\/wp\/v2\/product"}],"about":[{"href":"https:\/\/rertech.it\/en\/wp-json\/wp\/v2\/types\/product"}],"wp:featuredmedia":[{"embeddable":true,"href":"https:\/\/rertech.it\/en\/wp-json\/wp\/v2\/media\/40681"}],"wp:attachment":[{"href":"https:\/\/rertech.it\/en\/wp-json\/wp\/v2\/media?parent=40677"}],"wp:term":[{"taxonomy":"product_brand","embeddable":true,"href":"https:\/\/rertech.it\/en\/wp-json\/wp\/v2\/product_brand?post=40677"},{"taxonomy":"product_cat","embeddable":true,"href":"https:\/\/rertech.it\/en\/wp-json\/wp\/v2\/product_cat?post=40677"},{"taxonomy":"product_tag","embeddable":true,"href":"https:\/\/rertech.it\/en\/wp-json\/wp\/v2\/product_tag?post=40677"}],"curies":[{"name":"wp","href":"https:\/\/api.w.org\/{rel}","templated":true}]}}