{"id":40695,"date":"2023-02-28T14:21:42","date_gmt":"2023-02-28T13:21:42","guid":{"rendered":"https:\/\/rertech.it\/?post_type=product&#038;p=40695"},"modified":"2026-04-08T08:59:01","modified_gmt":"2026-04-08T06:59:01","slug":"advanced-ethernet-lan-network-tester-netally-linkrunner-10g","status":"publish","type":"product","link":"https:\/\/rertech.it\/en\/prodotti\/collaudo-e-manutenzione\/reti-in-rame-trasmissione-dati\/tester-avanzato-rete-lan-ethernet-netally-linkrunner-10g\/","title":{"rendered":"Netally LinkRunner 10G advanced Ethernet LAN network tester"},"content":{"rendered":"<h4>Netally LinkRunner 10G Advanced Ethernet LAN Tester Features<\/h4>\n<ul>\n<li>Install, test, verify and troubleshoot technology upgrades, Multi-Gig (NBASE-T) and 10G networks with advanced Android\u2122-based troubleshooting apps and purpose-built test hardware<\/li>\n<li>The Layer 1-7 Auto Test allows any technician to find network problems<\/li>\n<li>You can use two LinkRunner 10G units for line rate performance testing to verify network capacity, performance, and QoS, as well as service provider SLAs between sites.<\/li>\n<li>The LANBERT\u2122 Media Qualification app generates and measures line-rate Ethernet frame transmission over network cabling infrastructure, qualifying its ability to support 1G\/10G over fiber and 100M\/1G\/2.5G\/5G\/10G over copper links.<\/li>\n<li>Monitors networks for intermittent issues, every minute for up to 24 hours\u00a0<a href=\"https:\/\/www.netally.com\/allycare-enabled\/\" target=\"_blank\" rel=\"noopener\">AllyCare allows<\/a>\u00a0deep network discovery and web remote control capabilities<\/li>\n<li>Compatibility with standards-compliant SFPs allows you to test and validate any cable medium (copper or fiber) for a variety of usage models<\/li>\n<li>Validates up to 90W 802.3bt PSE with TruePower\u2122 loaded Power over Ethernet (PoE) testing<\/li>\n<\/ul>\n<h4>Kit contents<\/h4>\n<ul>\n<li>Tool with 1 year of Allycare support<\/li>\n<li>AC adapter<\/li>\n<li>SFP+MR-10G850<\/li>\n<li>RJ45 inline coupler<\/li>\n<li>Wireview 1<\/li>\n<li>Quick Guide<\/li>\n<li>Carrying bag<\/li>\n<\/ul>","protected":false},"excerpt":{"rendered":"<p>The Netally Linkrunner 10G Advanced Ethernet LAN Tester is the most efficient and effective solution for testing and troubleshooting 10M\/100M, 1G, Multi-Gig, and 10Gig networks, allowing you to easily test copper and fiber Ethernet networks from physical media up to layers 1-7.<\/p>\n<p>Thanks to the ability to connect a third-party WiFi transceiver, the tool is also able to analyze wireless networks.<\/p>\n<p>The tester is based on an Android platform that allows access to a wide range of compatible third-party applications.<\/p>\n<p style=\"text-align: center;\"><strong>Doesn&#039;t meet your requirements? Compare <a href=\"https:\/\/rertech.it\/wp-content\/uploads\/2024\/08\/LinkRunner-Family-Brochure.pdf\" target=\"_blank\" rel=\"noopener\">Netally&#039;s Linkrunner family<\/a><\/strong><\/p>\n<p>&nbsp;<\/p>","protected":false},"featured_media":40699,"template":"","meta":{"_acf_changed":false},"product_brand":[1419],"product_cat":[120],"product_tag":[1221,1220,1219],"class_list":{"0":"post-40695","1":"product","2":"type-product","3":"status-publish","4":"has-post-thumbnail","6":"product_brand-netally","7":"product_cat-reti-in-rame-trasmissione-dati","8":"product_tag-tester-di-rete-avanzato","9":"product_tag-tester-di-rete-lan","10":"product_tag-tester-ethernet","12":"first","13":"onbackorder","14":"taxable","15":"shipping-taxable","16":"product-type-simple"},"acf":[],"tiered_pricing_type":"fixed","tiered_pricing_fixed_rules":[],"tiered_pricing_percentage_rules":[],"tiered_pricing_minimum":1,"_administrator_tiered_pricing_type":"fixed","_administrator_tiered_pricing_fixed_rules":[],"_editor_tiered_pricing_type":"fixed","_editor_tiered_pricing_fixed_rules":[],"_author_tiered_pricing_type":"fixed","_author_tiered_pricing_fixed_rules":[],"_contributor_tiered_pricing_type":"fixed","_contributor_tiered_pricing_fixed_rules":[],"_subscriber_tiered_pricing_type":"fixed","_subscriber_tiered_pricing_fixed_rules":[],"_customer_tiered_pricing_type":"fixed","_customer_tiered_pricing_fixed_rules":[],"_shop_manager_tiered_pricing_type":"fixed","_shop_manager_tiered_pricing_fixed_rules":[],"_translator_tiered_pricing_type":"fixed","_translator_tiered_pricing_fixed_rules":[],"_give_manager_tiered_pricing_type":"fixed","_give_manager_tiered_pricing_fixed_rules":[],"_give_accountant_tiered_pricing_type":"fixed","_give_accountant_tiered_pricing_fixed_rules":[],"_give_worker_tiered_pricing_type":"fixed","_give_worker_tiered_pricing_fixed_rules":[],"_give_donor_tiered_pricing_type":"fixed","_give_donor_tiered_pricing_fixed_rules":[],"_wpseo_manager_tiered_pricing_type":"fixed","_wpseo_manager_tiered_pricing_fixed_rules":[],"_wpseo_editor_tiered_pricing_type":"fixed","_wpseo_editor_tiered_pricing_fixed_rules":[],"_wholesale_buyer_tiered_pricing_type":"fixed","_wholesale_buyer_tiered_pricing_fixed_rules":[],"_wholesale_tax_free_tiered_pricing_type":"fixed","_wholesale_tax_free_tiered_pricing_fixed_rules":[],"_azienda_tiered_pricing_type":"fixed","_azienda_tiered_pricing_fixed_rules":[],"_privato_tiered_pricing_type":"fixed","_privato_tiered_pricing_fixed_rules":[],"yoast_head":"<!-- This site is optimized with the Yoast SEO Premium plugin v20.8 (Yoast SEO v27.4) - https:\/\/yoast.com\/product\/yoast-seo-premium-wordpress\/ -->\n<title>Tester avanzato per rete LAN Ethernet Netally LinkRunner 10G | Rertech<\/title>\n<meta name=\"description\" content=\"Il tester avanzato di rete LAN Ethernet Netally Linkrunner 10G \u00e8 la pi\u00f9 efficiente ed efficace soluzione per collaudo e la ricerca guasti di reti 10M\/100M, 1G, Multi-Gig, and 10Gig, permettendo con semplicit\u00e0 il collaudo di reti ethernet in rame e fibra, dai media fisici fino ai layer 1-7.  Grazie alla possibilit\u00e0 di connettere un tranceiver WiFi di terze parti, lo strumento \u00e8 anche in grado di analizzare reti wireless  Il tester \u00e8 basato su una piattaforma Android che consente di accedere ad una ampia serie di applicazioni compatibili di terze parti. Non soddisfa i tuoi requisiti? Confronta la famiglia Linkrunner di Netally &nbsp;\" \/>\n<meta name=\"robots\" content=\"index, follow, max-snippet:-1, max-image-preview:large, max-video-preview:-1\" \/>\n<link rel=\"canonical\" href=\"https:\/\/rertech.it\/en\/products\/testing-and-maintenance\/copper-data-transmission-networks\/advanced-ethernet-lan-network-tester-netally-linkrunner-10g\/\" \/>\n<meta property=\"og:locale\" content=\"en_GB\" \/>\n<meta property=\"og:type\" content=\"article\" \/>\n<meta property=\"og:title\" content=\"Tester avanzato per rete LAN Ethernet Netally LinkRunner 10G\" \/>\n<meta property=\"og:description\" content=\"Il tester avanzato di rete LAN Ethernet Netally Linkrunner 10G \u00e8 la pi\u00f9 efficiente ed efficace soluzione per collaudo e la ricerca guasti di reti 10M\/100M, 1G, Multi-Gig, and 10Gig, permettendo con semplicit\u00e0 il collaudo di reti ethernet in rame e fibra, dai media fisici fino ai layer 1-7.  Grazie alla possibilit\u00e0 di connettere un tranceiver WiFi di terze parti, lo strumento \u00e8 anche in grado di analizzare reti wireless  Il tester \u00e8 basato su una piattaforma Android che consente di accedere ad una ampia serie di applicazioni compatibili di terze parti. Non soddisfa i tuoi requisiti? Confronta la famiglia Linkrunner di Netally &nbsp;\" \/>\n<meta property=\"og:url\" content=\"https:\/\/rertech.it\/en\/products\/testing-and-maintenance\/copper-data-transmission-networks\/advanced-ethernet-lan-network-tester-netally-linkrunner-10g\/\" \/>\n<meta property=\"og:site_name\" content=\"Rertech\" \/>\n<meta property=\"article:publisher\" content=\"https:\/\/www.facebook.com\/rertech.fibraottica\/\" \/>\n<meta property=\"article:modified_time\" content=\"2026-04-08T06:59:01+00:00\" \/>\n<meta property=\"og:image\" content=\"https:\/\/rertech.it\/wp-content\/uploads\/2023\/02\/LinkRunner-10G.webp\" \/>\n\t<meta property=\"og:image:width\" content=\"1024\" \/>\n\t<meta property=\"og:image:height\" content=\"1024\" \/>\n\t<meta property=\"og:image:type\" content=\"image\/webp\" \/>\n<meta name=\"twitter:card\" content=\"summary_large_image\" \/>\n<meta name=\"twitter:label1\" content=\"Price\" \/>\n\t<meta name=\"twitter:data1\" content=\"\" \/>\n\t<meta name=\"twitter:label2\" content=\"Availability\" \/>\n\t<meta name=\"twitter:data2\" content=\"On backorder\" \/>\n<script type=\"application\/ld+json\" class=\"yoast-schema-graph\">{\"@context\":\"https:\\\/\\\/schema.org\",\"@graph\":[{\"@type\":\"WebPage\",\"@id\":\"https:\\\/\\\/rertech.it\\\/prodotti\\\/collaudo-e-manutenzione\\\/reti-in-rame-trasmissione-dati\\\/tester-avanzato-rete-lan-ethernet-netally-linkrunner-10g\\\/\",\"url\":\"https:\\\/\\\/rertech.it\\\/prodotti\\\/collaudo-e-manutenzione\\\/reti-in-rame-trasmissione-dati\\\/tester-avanzato-rete-lan-ethernet-netally-linkrunner-10g\\\/\",\"name\":\"Tester avanzato per rete LAN Ethernet Netally LinkRunner 10G | Rertech\",\"isPartOf\":{\"@id\":\"https:\\\/\\\/rertech.it\\\/#website\"},\"primaryImageOfPage\":{\"@id\":\"https:\\\/\\\/rertech.it\\\/prodotti\\\/collaudo-e-manutenzione\\\/reti-in-rame-trasmissione-dati\\\/tester-avanzato-rete-lan-ethernet-netally-linkrunner-10g\\\/#primaryimage\"},\"image\":{\"@id\":\"https:\\\/\\\/rertech.it\\\/prodotti\\\/collaudo-e-manutenzione\\\/reti-in-rame-trasmissione-dati\\\/tester-avanzato-rete-lan-ethernet-netally-linkrunner-10g\\\/#primaryimage\"},\"thumbnailUrl\":\"https:\\\/\\\/rertech.it\\\/wp-content\\\/uploads\\\/2023\\\/02\\\/LinkRunner-10G.webp\",\"datePublished\":\"2023-02-28T13:21:42+00:00\",\"dateModified\":\"2026-04-08T06:59:01+00:00\",\"description\":\"Il tester avanzato di rete LAN Ethernet Netally Linkrunner 10G \u00e8 la pi\u00f9 efficiente ed efficace soluzione per collaudo e la ricerca guasti di reti 10M\\\/100M, 1G, Multi-Gig, and 10Gig, permettendo con semplicit\u00e0 il collaudo di reti ethernet in rame e fibra, dai media fisici fino ai layer 1-7. Grazie alla possibilit\u00e0 di connettere un tranceiver WiFi di terze parti, lo strumento \u00e8 anche in grado di analizzare reti wireless Il tester \u00e8 basato su una piattaforma Android che consente di accedere ad una ampia serie di applicazioni compatibili di terze parti. Non soddisfa i tuoi requisiti? Confronta la famiglia Linkrunner di Netally &nbsp;\",\"breadcrumb\":{\"@id\":\"https:\\\/\\\/rertech.it\\\/prodotti\\\/collaudo-e-manutenzione\\\/reti-in-rame-trasmissione-dati\\\/tester-avanzato-rete-lan-ethernet-netally-linkrunner-10g\\\/#breadcrumb\"},\"inLanguage\":\"en-GB\",\"potentialAction\":[{\"@type\":\"ReadAction\",\"target\":[\"https:\\\/\\\/rertech.it\\\/prodotti\\\/collaudo-e-manutenzione\\\/reti-in-rame-trasmissione-dati\\\/tester-avanzato-rete-lan-ethernet-netally-linkrunner-10g\\\/\"]}]},{\"@type\":\"ImageObject\",\"inLanguage\":\"en-GB\",\"@id\":\"https:\\\/\\\/rertech.it\\\/prodotti\\\/collaudo-e-manutenzione\\\/reti-in-rame-trasmissione-dati\\\/tester-avanzato-rete-lan-ethernet-netally-linkrunner-10g\\\/#primaryimage\",\"url\":\"https:\\\/\\\/rertech.it\\\/wp-content\\\/uploads\\\/2023\\\/02\\\/LinkRunner-10G.webp\",\"contentUrl\":\"https:\\\/\\\/rertech.it\\\/wp-content\\\/uploads\\\/2023\\\/02\\\/LinkRunner-10G.webp\",\"width\":1024,\"height\":1024,\"caption\":\"Analizzatore avanzato per reti LAN\"},{\"@type\":\"BreadcrumbList\",\"@id\":\"https:\\\/\\\/rertech.it\\\/prodotti\\\/collaudo-e-manutenzione\\\/reti-in-rame-trasmissione-dati\\\/tester-avanzato-rete-lan-ethernet-netally-linkrunner-10g\\\/#breadcrumb\",\"itemListElement\":[{\"@type\":\"ListItem\",\"position\":1,\"name\":\"Home\",\"item\":\"https:\\\/\\\/rertech.it\\\/\"},{\"@type\":\"ListItem\",\"position\":2,\"name\":\"Prodotti\",\"item\":\"https:\\\/\\\/rertech.it\\\/prodotti\\\/\"},{\"@type\":\"ListItem\",\"position\":3,\"name\":\"COLLAUDO e MANUTENZIONE\",\"item\":\"https:\\\/\\\/rertech.it\\\/categoria-prodotto\\\/collaudo-e-manutenzione\\\/\"},{\"@type\":\"ListItem\",\"position\":4,\"name\":\"Reti in rame Trasmissione dati\",\"item\":\"https:\\\/\\\/rertech.it\\\/categoria-prodotto\\\/collaudo-e-manutenzione\\\/reti-in-rame-trasmissione-dati\\\/\"},{\"@type\":\"ListItem\",\"position\":5,\"name\":\"Tester avanzato per rete LAN Ethernet Netally LinkRunner 10G\"}]},{\"@type\":\"WebSite\",\"@id\":\"https:\\\/\\\/rertech.it\\\/#website\",\"url\":\"https:\\\/\\\/rertech.it\\\/\",\"name\":\"Rertech\",\"description\":\"Prodotti, attrezzatura e servizi per fibra ottica\",\"publisher\":{\"@id\":\"https:\\\/\\\/rertech.it\\\/#organization\"},\"potentialAction\":[{\"@type\":\"SearchAction\",\"target\":{\"@type\":\"EntryPoint\",\"urlTemplate\":\"https:\\\/\\\/rertech.it\\\/?s={search_term_string}\"},\"query-input\":{\"@type\":\"PropertyValueSpecification\",\"valueRequired\":true,\"valueName\":\"search_term_string\"}}],\"inLanguage\":\"en-GB\"},{\"@type\":\"Organization\",\"@id\":\"https:\\\/\\\/rertech.it\\\/#organization\",\"name\":\"RERTECH\",\"url\":\"https:\\\/\\\/rertech.it\\\/\",\"logo\":{\"@type\":\"ImageObject\",\"inLanguage\":\"en-GB\",\"@id\":\"https:\\\/\\\/rertech.it\\\/#\\\/schema\\\/logo\\\/image\\\/\",\"url\":\"https:\\\/\\\/rertech.it\\\/wp-content\\\/uploads\\\/2022\\\/03\\\/cropped-Copia-di-RERTECH-500x180-2.png\",\"contentUrl\":\"https:\\\/\\\/rertech.it\\\/wp-content\\\/uploads\\\/2022\\\/03\\\/cropped-Copia-di-RERTECH-500x180-2.png\",\"width\":512,\"height\":512,\"caption\":\"RERTECH\"},\"image\":{\"@id\":\"https:\\\/\\\/rertech.it\\\/#\\\/schema\\\/logo\\\/image\\\/\"},\"sameAs\":[\"https:\\\/\\\/www.facebook.com\\\/rertech.fibraottica\\\/\",\"https:\\\/\\\/www.instagram.com\\\/rertechfibraottica\\\/\",\"https:\\\/\\\/www.linkedin.com\\\/company\\\/rertech-fibraottica\\\/\",\"https:\\\/\\\/www.youtube.com\\\/channel\\\/UC5Sihqg7SPUcMPDCEnmQ5XQ\\\/\"]}]}<\/script>\n<meta property=\"product:price:currency\" content=\"EUR\" \/>\n<meta property=\"og:availability\" content=\"backorder\" \/>\n<meta property=\"product:availability\" content=\"available for order\" \/>\n<meta property=\"product:retailer_item_id\" content=\"LR10G-200\" \/>\n<meta property=\"product:condition\" content=\"new\" \/>\n<!-- \/ Yoast SEO Premium plugin. -->","yoast_head_json":{"title":"Netally LinkRunner 10G Advanced Ethernet LAN Network Tester | Rertech","description":"The Netally Linkrunner 10G advanced Ethernet LAN tester is the most efficient and effective solution for testing and troubleshooting 10M\/100M, 1G, Multi-Gig, and 10Gig networks, allowing you to easily test copper and fiber Ethernet networks, from physical media up to Layers 1-7. With the ability to connect a third-party WiFi transceiver, the tool can also analyze wireless networks. The tester is based on an Android platform that allows access to a wide range of compatible third-party applications. Not meeting your requirements? Compare Netally&#039;s Linkrunner family. &nbsp;","robots":{"index":"index","follow":"follow","max-snippet":"max-snippet:-1","max-image-preview":"max-image-preview:large","max-video-preview":"max-video-preview:-1"},"canonical":"https:\/\/rertech.it\/en\/products\/testing-and-maintenance\/copper-data-transmission-networks\/advanced-ethernet-lan-network-tester-netally-linkrunner-10g\/","og_locale":"en_GB","og_type":"article","og_title":"Tester avanzato per rete LAN Ethernet Netally LinkRunner 10G","og_description":"Il tester avanzato di rete LAN Ethernet Netally Linkrunner 10G \u00e8 la pi\u00f9 efficiente ed efficace soluzione per collaudo e la ricerca guasti di reti 10M\/100M, 1G, Multi-Gig, and 10Gig, permettendo con semplicit\u00e0 il collaudo di reti ethernet in rame e fibra, dai media fisici fino ai layer 1-7.  Grazie alla possibilit\u00e0 di connettere un tranceiver WiFi di terze parti, lo strumento \u00e8 anche in grado di analizzare reti wireless  Il tester \u00e8 basato su una piattaforma Android che consente di accedere ad una ampia serie di applicazioni compatibili di terze parti. Non soddisfa i tuoi requisiti? Confronta la famiglia Linkrunner di Netally &nbsp;","og_url":"https:\/\/rertech.it\/en\/products\/testing-and-maintenance\/copper-data-transmission-networks\/advanced-ethernet-lan-network-tester-netally-linkrunner-10g\/","og_site_name":"Rertech","article_publisher":"https:\/\/www.facebook.com\/rertech.fibraottica\/","article_modified_time":"2026-04-08T06:59:01+00:00","og_image":[{"width":1024,"height":1024,"url":"https:\/\/rertech.it\/wp-content\/uploads\/2023\/02\/LinkRunner-10G.webp","type":"image\/webp"}],"twitter_card":"summary_large_image","twitter_misc":{"Price":"","Availability":"On backorder"},"schema":{"@context":"https:\/\/schema.org","@graph":[{"@type":"WebPage","@id":"https:\/\/rertech.it\/prodotti\/collaudo-e-manutenzione\/reti-in-rame-trasmissione-dati\/tester-avanzato-rete-lan-ethernet-netally-linkrunner-10g\/","url":"https:\/\/rertech.it\/prodotti\/collaudo-e-manutenzione\/reti-in-rame-trasmissione-dati\/tester-avanzato-rete-lan-ethernet-netally-linkrunner-10g\/","name":"Netally LinkRunner 10G Advanced Ethernet LAN Network Tester | Rertech","isPartOf":{"@id":"https:\/\/rertech.it\/#website"},"primaryImageOfPage":{"@id":"https:\/\/rertech.it\/prodotti\/collaudo-e-manutenzione\/reti-in-rame-trasmissione-dati\/tester-avanzato-rete-lan-ethernet-netally-linkrunner-10g\/#primaryimage"},"image":{"@id":"https:\/\/rertech.it\/prodotti\/collaudo-e-manutenzione\/reti-in-rame-trasmissione-dati\/tester-avanzato-rete-lan-ethernet-netally-linkrunner-10g\/#primaryimage"},"thumbnailUrl":"https:\/\/rertech.it\/wp-content\/uploads\/2023\/02\/LinkRunner-10G.webp","datePublished":"2023-02-28T13:21:42+00:00","dateModified":"2026-04-08T06:59:01+00:00","description":"The Netally Linkrunner 10G advanced Ethernet LAN tester is the most efficient and effective solution for testing and troubleshooting 10M\/100M, 1G, Multi-Gig, and 10Gig networks, allowing you to easily test copper and fiber Ethernet networks, from physical media up to Layers 1-7. With the ability to connect a third-party WiFi transceiver, the tool can also analyze wireless networks. The tester is based on an Android platform that allows access to a wide range of compatible third-party applications. Not meeting your requirements? Compare Netally&#039;s Linkrunner family. &nbsp;","breadcrumb":{"@id":"https:\/\/rertech.it\/prodotti\/collaudo-e-manutenzione\/reti-in-rame-trasmissione-dati\/tester-avanzato-rete-lan-ethernet-netally-linkrunner-10g\/#breadcrumb"},"inLanguage":"en-GB","potentialAction":[{"@type":"ReadAction","target":["https:\/\/rertech.it\/prodotti\/collaudo-e-manutenzione\/reti-in-rame-trasmissione-dati\/tester-avanzato-rete-lan-ethernet-netally-linkrunner-10g\/"]}]},{"@type":"ImageObject","inLanguage":"en-GB","@id":"https:\/\/rertech.it\/prodotti\/collaudo-e-manutenzione\/reti-in-rame-trasmissione-dati\/tester-avanzato-rete-lan-ethernet-netally-linkrunner-10g\/#primaryimage","url":"https:\/\/rertech.it\/wp-content\/uploads\/2023\/02\/LinkRunner-10G.webp","contentUrl":"https:\/\/rertech.it\/wp-content\/uploads\/2023\/02\/LinkRunner-10G.webp","width":1024,"height":1024,"caption":"Analizzatore avanzato per reti LAN"},{"@type":"BreadcrumbList","@id":"https:\/\/rertech.it\/prodotti\/collaudo-e-manutenzione\/reti-in-rame-trasmissione-dati\/tester-avanzato-rete-lan-ethernet-netally-linkrunner-10g\/#breadcrumb","itemListElement":[{"@type":"ListItem","position":1,"name":"Home","item":"https:\/\/rertech.it\/"},{"@type":"ListItem","position":2,"name":"Prodotti","item":"https:\/\/rertech.it\/prodotti\/"},{"@type":"ListItem","position":3,"name":"COLLAUDO e MANUTENZIONE","item":"https:\/\/rertech.it\/categoria-prodotto\/collaudo-e-manutenzione\/"},{"@type":"ListItem","position":4,"name":"Reti in rame Trasmissione dati","item":"https:\/\/rertech.it\/categoria-prodotto\/collaudo-e-manutenzione\/reti-in-rame-trasmissione-dati\/"},{"@type":"ListItem","position":5,"name":"Tester avanzato per rete LAN Ethernet Netally LinkRunner 10G"}]},{"@type":"WebSite","@id":"https:\/\/rertech.it\/#website","url":"https:\/\/rertech.it\/","name":"Rertech","description":"Fiber Optic Products, Equipment and Services","publisher":{"@id":"https:\/\/rertech.it\/#organization"},"potentialAction":[{"@type":"SearchAction","target":{"@type":"EntryPoint","urlTemplate":"https:\/\/rertech.it\/?s={search_term_string}"},"query-input":{"@type":"PropertyValueSpecification","valueRequired":true,"valueName":"search_term_string"}}],"inLanguage":"en-GB"},{"@type":"Organization","@id":"https:\/\/rertech.it\/#organization","name":"RERTECH","url":"https:\/\/rertech.it\/","logo":{"@type":"ImageObject","inLanguage":"en-GB","@id":"https:\/\/rertech.it\/#\/schema\/logo\/image\/","url":"https:\/\/rertech.it\/wp-content\/uploads\/2022\/03\/cropped-Copia-di-RERTECH-500x180-2.png","contentUrl":"https:\/\/rertech.it\/wp-content\/uploads\/2022\/03\/cropped-Copia-di-RERTECH-500x180-2.png","width":512,"height":512,"caption":"RERTECH"},"image":{"@id":"https:\/\/rertech.it\/#\/schema\/logo\/image\/"},"sameAs":["https:\/\/www.facebook.com\/rertech.fibraottica\/","https:\/\/www.instagram.com\/rertechfibraottica\/","https:\/\/www.linkedin.com\/company\/rertech-fibraottica\/","https:\/\/www.youtube.com\/channel\/UC5Sihqg7SPUcMPDCEnmQ5XQ\/"]}]},"product_price_currency":"EUR","og_availability":"backorder","product_availability":"available for order","product_retailer_item_id":"LR10G-200","product_condition":"new"},"_links":{"self":[{"href":"https:\/\/rertech.it\/en\/wp-json\/wp\/v2\/product\/40695","targetHints":{"allow":["GET"]}}],"collection":[{"href":"https:\/\/rertech.it\/en\/wp-json\/wp\/v2\/product"}],"about":[{"href":"https:\/\/rertech.it\/en\/wp-json\/wp\/v2\/types\/product"}],"wp:featuredmedia":[{"embeddable":true,"href":"https:\/\/rertech.it\/en\/wp-json\/wp\/v2\/media\/40699"}],"wp:attachment":[{"href":"https:\/\/rertech.it\/en\/wp-json\/wp\/v2\/media?parent=40695"}],"wp:term":[{"taxonomy":"product_brand","embeddable":true,"href":"https:\/\/rertech.it\/en\/wp-json\/wp\/v2\/product_brand?post=40695"},{"taxonomy":"product_cat","embeddable":true,"href":"https:\/\/rertech.it\/en\/wp-json\/wp\/v2\/product_cat?post=40695"},{"taxonomy":"product_tag","embeddable":true,"href":"https:\/\/rertech.it\/en\/wp-json\/wp\/v2\/product_tag?post=40695"}],"curies":[{"name":"wp","href":"https:\/\/api.w.org\/{rel}","templated":true}]}}