{"id":41452,"date":"2023-09-06T16:29:37","date_gmt":"2023-09-06T14:29:37","guid":{"rendered":"https:\/\/rertech.it\/?post_type=product&#038;p=41452"},"modified":"2026-04-08T08:52:06","modified_gmt":"2026-04-08T06:52:06","slug":"netally-cyberscope-advanced-cybersecurity-analyzer","status":"publish","type":"product","link":"https:\/\/rertech.it\/en\/prodotti\/collaudo-e-manutenzione\/reti-in-rame-trasmissione-dati\/analizzatore-avanzato-di-cybersecurity-netally-cyberscope\/","title":{"rendered":"Advanced Cybersecurity Analyzer \u2013 Netally Cyberscope"},"content":{"rendered":"<h3>Caratteristiche dell&#8217;analizzatore avanzato di cybersecurity<\/h3>\n<h4><strong>Discovers<\/strong><\/h4>\n<p>CyberScope combina la scansione e il sondaggio attivo tramite cinque diverse interfacce di rete per trovare endpoint ed elementi dell&#8217;infrastruttura di rete.<\/p>\n<p>CyberScope rileva tutti gli AP e i client WiFi su un massimo di 96 canali per comprendere appieno l&#8217;ambito della portata RF all&#8217;interno e all&#8217;esterno della struttura.<\/p>\n<p>Characteristics:<\/p>\n<ul>\n<li>Detection scanning with integrated Nmap port scanner<\/li>\n<li>Extended\/Excluded Discovery Ranges<\/li>\n<li>Self-test<\/li>\n<li>Sort, filter, search<\/li>\n<\/ul>\n<h4><strong>Identify<\/strong><\/h4>\n<p>CyberScope pu\u00f2 verificare la corretta segmentazione delle reti sia cablate che WiFi nel punto di accesso con una chiara indicazione di pass\/fail. CyberScope pu\u00f2 anche esaminare le porte dello switch per verificarne il corretto provisioning, unirsi a una VLAN per garantire la corretta segmentazione e acquisire il traffico su una VLAN specifica per un&#8217;analisi pi\u00f9 approfondita. L&#8217;hardware ad alte prestazioni di CyberScope garantisce l&#8217;acquisizione del 100% dei pacchetti a velocit\u00e0 di linea.<\/p>\n<ul>\n<li>List of authorized devices<\/li>\n<li>Sort\/Filter<\/li>\n<li>Free string search<\/li>\n<li>VLAN identification<\/li>\n<li>Device labeling<\/li>\n<li>Ping, capture, navigate<\/li>\n<\/ul>\n<h4><strong>Identify<\/strong><\/h4>\n<p>Dettagli completi porta per porta del percorso di rete (sfruttando la tecnologia Nmap port scanner) &#8211; sia cablato che wireless &#8211; a qualsiasi dispositivo. La caccia ai ladri \u00e8 resa semplice e veloce tramite WiFi grazie all&#8217;antenna direzionale sintonizzata di CyberScope.<\/p>\n<ul>\n<li>Path analysis<\/li>\n<li>Port\/VLAN identification<\/li>\n<li>Surveys on APs, clients and BT\/BLE devices<\/li>\n<li>Topology Mapping<\/li>\n<li>Monitoraggio dell&#8217;antenna direzionale\/intensit\u00e0 del segnale<\/li>\n<li>Identificazione della tecnologia di connessione (tipo di collegamento\/velocit\u00e0, frequenza\/banda\/canale)<\/li>\n<\/ul>\n<div class=\"elementor-element elementor-element-15304e5 elementor-widget elementor-widget-text-editor\" data-id=\"15304e5\" data-element_type=\"widget\" data-widget_type=\"text-editor.default\">\n<div class=\"elementor-widget-container optml-bg-lazyloaded\">\n<h4><strong>Analyze<\/strong><\/h4>\n<p>L&#8217;interfaccia utente intuitiva di CyberScope sfrutta la tecnologia Nmap per aiutarti a ridurre il rischio di attacchi riusciti. Nmap \u00e8 uno scanner di vulnerabilit\u00e0 di rete integrato su CyberScope che esegue automaticamente la scansione delle vulnerabilit\u00e0 su tutti i dispositivi endpoint collegati alla rete. Nmap migliora le informazioni raccolte da ciascun dispositivo con analisi approfondite eseguendo script integrati o personalizzati e genera automaticamente notifiche di avvisi ed errori. Tutto ci\u00f2 pu\u00f2 aiutare a identificare potenziali punti deboli della sicurezza e a dare priorit\u00e0 agli interventi correttivi per ridurre i rischi.<\/p>\n<ul>\n<li>Valutazione della vulnerabilit\u00e0 degli endpoint Nmap<\/li>\n<li>Real-time WiFi analysis<\/li>\n<li>AirMapper site survey device and signal heatmaps<\/li>\n<li>AutoTest Connection, Segmentation and Endpoint Analysis<\/li>\n<li>UDP\/TCP port scanning, operating system and services identification<\/li>\n<li>Topology Mapping<\/li>\n<li>Analysis of tabular data<\/li>\n<li>Packet capture<\/li>\n<\/ul>\n<h4>Runs reports<\/h4>\n<p>Segnala, collabora e condividi con il tuo team con la nostra piattaforma di collaborazione Link-Live senza licenza. I risultati vengono eseguiti su un cloud sicuro. Oppure \u00e8 disponibile una versione con licenza e containerizzata per l&#8217;utilizzo in sede o nel cloud privato.<\/p>\n<\/div>\n<\/div>","protected":false},"excerpt":{"rendered":"<p>Netally CyberScope offre valutazione, analisi e reportistica completa dei rischi per la sicurezza informatica per il livello di accesso al sito in un unico strumento potente e portatile, tra cui rilevamento di endpoint e reti, sicurezza wireless, valutazione delle vulnerabilit\u00e0 (Nmap) e segmentazione e convalida del provisioning.<\/p>\n<p>Essendo uno strumento all-in-one robusto e appositamente realizzato, CyberScope \u00e8 una soluzione di sicurezza di rete che elimina l&#8217;uso di laptop e tablet fragili. Con molteplici funzioni, fornisce informazioni rapide e utilizzabili in sede sulle reti del tuo sito, colmando le lacune critiche di visibilit\u00e0 che altri strumenti di sicurezza informatica spesso non colmano.<\/p>\n<p><a href=\"https:\/\/rertech.it\/wp-content\/uploads\/2023\/09\/flyer-netally-cyberscope.pdf\" target=\"_blank\" rel=\"noopener\"><strong>&gt;&gt; Download the flyer &lt;<\/strong><\/a><\/p>","protected":false},"featured_media":42251,"template":"","meta":{"_acf_changed":false},"product_brand":[1419],"product_cat":[265,120,272],"product_tag":[1238,1239],"class_list":{"0":"post-41452","1":"product","2":"type-product","3":"status-publish","4":"has-post-thumbnail","6":"product_brand-netally","7":"product_cat-prodotti-in-evidenza","8":"product_cat-reti-in-rame-trasmissione-dati","9":"product_cat-trasmissione-dati","10":"product_tag-tester-cybersecurity","11":"product_tag-tester-cybersicurezza","13":"first","14":"onbackorder","15":"taxable","16":"shipping-taxable","17":"product-type-simple"},"acf":[],"tiered_pricing_type":"fixed","tiered_pricing_fixed_rules":[],"tiered_pricing_percentage_rules":[],"tiered_pricing_minimum":1,"_administrator_tiered_pricing_type":"fixed","_administrator_tiered_pricing_fixed_rules":[],"_editor_tiered_pricing_type":"fixed","_editor_tiered_pricing_fixed_rules":[],"_author_tiered_pricing_type":"fixed","_author_tiered_pricing_fixed_rules":[],"_contributor_tiered_pricing_type":"fixed","_contributor_tiered_pricing_fixed_rules":[],"_subscriber_tiered_pricing_type":"fixed","_subscriber_tiered_pricing_fixed_rules":[],"_customer_tiered_pricing_type":"fixed","_customer_tiered_pricing_fixed_rules":[],"_shop_manager_tiered_pricing_type":"fixed","_shop_manager_tiered_pricing_fixed_rules":[],"_translator_tiered_pricing_type":"fixed","_translator_tiered_pricing_fixed_rules":[],"_give_manager_tiered_pricing_type":"fixed","_give_manager_tiered_pricing_fixed_rules":[],"_give_accountant_tiered_pricing_type":"fixed","_give_accountant_tiered_pricing_fixed_rules":[],"_give_worker_tiered_pricing_type":"fixed","_give_worker_tiered_pricing_fixed_rules":[],"_give_donor_tiered_pricing_type":"fixed","_give_donor_tiered_pricing_fixed_rules":[],"_wpseo_manager_tiered_pricing_type":"fixed","_wpseo_manager_tiered_pricing_fixed_rules":[],"_wpseo_editor_tiered_pricing_type":"fixed","_wpseo_editor_tiered_pricing_fixed_rules":[],"_wholesale_buyer_tiered_pricing_type":"fixed","_wholesale_buyer_tiered_pricing_fixed_rules":[],"_wholesale_tax_free_tiered_pricing_type":"fixed","_wholesale_tax_free_tiered_pricing_fixed_rules":[],"_azienda_tiered_pricing_type":"fixed","_azienda_tiered_pricing_fixed_rules":[],"_privato_tiered_pricing_type":"fixed","_privato_tiered_pricing_fixed_rules":[],"yoast_head":"<!-- This site is optimized with the Yoast SEO Premium plugin v20.8 (Yoast SEO v27.4) - https:\/\/yoast.com\/product\/yoast-seo-premium-wordpress\/ -->\n<title>Analizzatore avanzato di cybersecurity - Netally Cyberscope | Rertech<\/title>\n<meta name=\"description\" content=\"Netally CyberScope offre valutazione, analisi e reportistica completa dei rischi per la sicurezza informatica per il livello di accesso al sito in un unico strumento potente e portatile, tra cui rilevamento di endpoint e reti, sicurezza wireless, valutazione delle vulnerabilit\u00e0 (Nmap) e segmentazione e convalida del provisioning.  Essendo uno strumento all-in-one robusto e appositamente realizzato, CyberScope \u00e8 una soluzione di sicurezza di rete che elimina l&#039;uso di laptop e tablet fragili. Con molteplici funzioni, fornisce informazioni rapide e utilizzabili in sede sulle reti del tuo sito, colmando le lacune critiche di visibilit\u00e0 che altri strumenti di sicurezza informatica spesso non colmano.  &gt;&gt; Scarica il flyer &lt;&lt;\" \/>\n<meta name=\"robots\" content=\"index, follow, max-snippet:-1, max-image-preview:large, max-video-preview:-1\" \/>\n<link rel=\"canonical\" href=\"https:\/\/rertech.it\/en\/products\/testing-and-maintenance\/copper-data-transmission-networks\/netally-cyberscope-advanced-cybersecurity-analyzer\/\" \/>\n<meta property=\"og:locale\" content=\"en_GB\" \/>\n<meta property=\"og:type\" content=\"article\" \/>\n<meta property=\"og:title\" content=\"Analizzatore avanzato di cybersecurity - Netally Cyberscope\" \/>\n<meta property=\"og:description\" content=\"Netally CyberScope offre valutazione, analisi e reportistica completa dei rischi per la sicurezza informatica per il livello di accesso al sito in un unico strumento potente e portatile, tra cui rilevamento di endpoint e reti, sicurezza wireless, valutazione delle vulnerabilit\u00e0 (Nmap) e segmentazione e convalida del provisioning.  Essendo uno strumento all-in-one robusto e appositamente realizzato, CyberScope \u00e8 una soluzione di sicurezza di rete che elimina l&#039;uso di laptop e tablet fragili. Con molteplici funzioni, fornisce informazioni rapide e utilizzabili in sede sulle reti del tuo sito, colmando le lacune critiche di visibilit\u00e0 che altri strumenti di sicurezza informatica spesso non colmano.  &gt;&gt; Scarica il flyer &lt;&lt;\" \/>\n<meta property=\"og:url\" content=\"https:\/\/rertech.it\/en\/products\/testing-and-maintenance\/copper-data-transmission-networks\/netally-cyberscope-advanced-cybersecurity-analyzer\/\" \/>\n<meta property=\"og:site_name\" content=\"Rertech\" \/>\n<meta property=\"article:publisher\" content=\"https:\/\/www.facebook.com\/rertech.fibraottica\/\" \/>\n<meta property=\"article:modified_time\" content=\"2026-04-08T06:52:06+00:00\" \/>\n<meta property=\"og:image\" content=\"https:\/\/rertech.it\/wp-content\/uploads\/2023\/09\/cyberscope-1-1.webp\" \/>\n\t<meta property=\"og:image:width\" content=\"640\" \/>\n\t<meta property=\"og:image:height\" content=\"800\" \/>\n\t<meta property=\"og:image:type\" content=\"image\/webp\" \/>\n<meta name=\"twitter:card\" content=\"summary_large_image\" \/>\n<meta name=\"twitter:label1\" content=\"Price\" \/>\n\t<meta name=\"twitter:data1\" content=\"\" \/>\n\t<meta name=\"twitter:label2\" content=\"Availability\" \/>\n\t<meta name=\"twitter:data2\" content=\"On backorder\" \/>\n<script type=\"application\/ld+json\" class=\"yoast-schema-graph\">{\"@context\":\"https:\\\/\\\/schema.org\",\"@graph\":[{\"@type\":\"WebPage\",\"@id\":\"https:\\\/\\\/rertech.it\\\/prodotti\\\/collaudo-e-manutenzione\\\/reti-in-rame-trasmissione-dati\\\/analizzatore-avanzato-di-cybersecurity-netally-cyberscope\\\/\",\"url\":\"https:\\\/\\\/rertech.it\\\/prodotti\\\/collaudo-e-manutenzione\\\/reti-in-rame-trasmissione-dati\\\/analizzatore-avanzato-di-cybersecurity-netally-cyberscope\\\/\",\"name\":\"Analizzatore avanzato di cybersecurity - Netally Cyberscope | Rertech\",\"isPartOf\":{\"@id\":\"https:\\\/\\\/rertech.it\\\/#website\"},\"primaryImageOfPage\":{\"@id\":\"https:\\\/\\\/rertech.it\\\/prodotti\\\/collaudo-e-manutenzione\\\/reti-in-rame-trasmissione-dati\\\/analizzatore-avanzato-di-cybersecurity-netally-cyberscope\\\/#primaryimage\"},\"image\":{\"@id\":\"https:\\\/\\\/rertech.it\\\/prodotti\\\/collaudo-e-manutenzione\\\/reti-in-rame-trasmissione-dati\\\/analizzatore-avanzato-di-cybersecurity-netally-cyberscope\\\/#primaryimage\"},\"thumbnailUrl\":\"https:\\\/\\\/rertech.it\\\/wp-content\\\/uploads\\\/2023\\\/09\\\/cyberscope-1-1.webp\",\"datePublished\":\"2023-09-06T14:29:37+00:00\",\"dateModified\":\"2026-04-08T06:52:06+00:00\",\"description\":\"Netally CyberScope offre valutazione, analisi e reportistica completa dei rischi per la sicurezza informatica per il livello di accesso al sito in un unico strumento potente e portatile, tra cui rilevamento di endpoint e reti, sicurezza wireless, valutazione delle vulnerabilit\u00e0 (Nmap) e segmentazione e convalida del provisioning. Essendo uno strumento all-in-one robusto e appositamente realizzato, CyberScope \u00e8 una soluzione di sicurezza di rete che elimina l'uso di laptop e tablet fragili. Con molteplici funzioni, fornisce informazioni rapide e utilizzabili in sede sulle reti del tuo sito, colmando le lacune critiche di visibilit\u00e0 che altri strumenti di sicurezza informatica spesso non colmano. &gt;&gt; Scarica il flyer &lt;&lt;\",\"breadcrumb\":{\"@id\":\"https:\\\/\\\/rertech.it\\\/prodotti\\\/collaudo-e-manutenzione\\\/reti-in-rame-trasmissione-dati\\\/analizzatore-avanzato-di-cybersecurity-netally-cyberscope\\\/#breadcrumb\"},\"inLanguage\":\"en-GB\",\"potentialAction\":[{\"@type\":\"ReadAction\",\"target\":[\"https:\\\/\\\/rertech.it\\\/prodotti\\\/collaudo-e-manutenzione\\\/reti-in-rame-trasmissione-dati\\\/analizzatore-avanzato-di-cybersecurity-netally-cyberscope\\\/\"]}]},{\"@type\":\"ImageObject\",\"inLanguage\":\"en-GB\",\"@id\":\"https:\\\/\\\/rertech.it\\\/prodotti\\\/collaudo-e-manutenzione\\\/reti-in-rame-trasmissione-dati\\\/analizzatore-avanzato-di-cybersecurity-netally-cyberscope\\\/#primaryimage\",\"url\":\"https:\\\/\\\/rertech.it\\\/wp-content\\\/uploads\\\/2023\\\/09\\\/cyberscope-1-1.webp\",\"contentUrl\":\"https:\\\/\\\/rertech.it\\\/wp-content\\\/uploads\\\/2023\\\/09\\\/cyberscope-1-1.webp\",\"width\":640,\"height\":800,\"caption\":\"Netally Cyberscope\"},{\"@type\":\"BreadcrumbList\",\"@id\":\"https:\\\/\\\/rertech.it\\\/prodotti\\\/collaudo-e-manutenzione\\\/reti-in-rame-trasmissione-dati\\\/analizzatore-avanzato-di-cybersecurity-netally-cyberscope\\\/#breadcrumb\",\"itemListElement\":[{\"@type\":\"ListItem\",\"position\":1,\"name\":\"Home\",\"item\":\"https:\\\/\\\/rertech.it\\\/\"},{\"@type\":\"ListItem\",\"position\":2,\"name\":\"Prodotti\",\"item\":\"https:\\\/\\\/rertech.it\\\/prodotti\\\/\"},{\"@type\":\"ListItem\",\"position\":3,\"name\":\"COLLAUDO e MANUTENZIONE\",\"item\":\"https:\\\/\\\/rertech.it\\\/categoria-prodotto\\\/collaudo-e-manutenzione\\\/\"},{\"@type\":\"ListItem\",\"position\":4,\"name\":\"Reti in rame Trasmissione dati\",\"item\":\"https:\\\/\\\/rertech.it\\\/categoria-prodotto\\\/collaudo-e-manutenzione\\\/reti-in-rame-trasmissione-dati\\\/\"},{\"@type\":\"ListItem\",\"position\":5,\"name\":\"Analizzatore avanzato di cybersecurity &#8211; Netally Cyberscope\"}]},{\"@type\":\"WebSite\",\"@id\":\"https:\\\/\\\/rertech.it\\\/#website\",\"url\":\"https:\\\/\\\/rertech.it\\\/\",\"name\":\"Rertech\",\"description\":\"Prodotti, attrezzatura e servizi per fibra ottica\",\"publisher\":{\"@id\":\"https:\\\/\\\/rertech.it\\\/#organization\"},\"potentialAction\":[{\"@type\":\"SearchAction\",\"target\":{\"@type\":\"EntryPoint\",\"urlTemplate\":\"https:\\\/\\\/rertech.it\\\/?s={search_term_string}\"},\"query-input\":{\"@type\":\"PropertyValueSpecification\",\"valueRequired\":true,\"valueName\":\"search_term_string\"}}],\"inLanguage\":\"en-GB\"},{\"@type\":\"Organization\",\"@id\":\"https:\\\/\\\/rertech.it\\\/#organization\",\"name\":\"RERTECH\",\"url\":\"https:\\\/\\\/rertech.it\\\/\",\"logo\":{\"@type\":\"ImageObject\",\"inLanguage\":\"en-GB\",\"@id\":\"https:\\\/\\\/rertech.it\\\/#\\\/schema\\\/logo\\\/image\\\/\",\"url\":\"https:\\\/\\\/rertech.it\\\/wp-content\\\/uploads\\\/2022\\\/03\\\/cropped-Copia-di-RERTECH-500x180-2.png\",\"contentUrl\":\"https:\\\/\\\/rertech.it\\\/wp-content\\\/uploads\\\/2022\\\/03\\\/cropped-Copia-di-RERTECH-500x180-2.png\",\"width\":512,\"height\":512,\"caption\":\"RERTECH\"},\"image\":{\"@id\":\"https:\\\/\\\/rertech.it\\\/#\\\/schema\\\/logo\\\/image\\\/\"},\"sameAs\":[\"https:\\\/\\\/www.facebook.com\\\/rertech.fibraottica\\\/\",\"https:\\\/\\\/www.instagram.com\\\/rertechfibraottica\\\/\",\"https:\\\/\\\/www.linkedin.com\\\/company\\\/rertech-fibraottica\\\/\",\"https:\\\/\\\/www.youtube.com\\\/channel\\\/UC5Sihqg7SPUcMPDCEnmQ5XQ\\\/\"]}]}<\/script>\n<meta property=\"product:price:currency\" content=\"EUR\" \/>\n<meta property=\"og:availability\" content=\"backorder\" \/>\n<meta property=\"product:availability\" content=\"available for order\" \/>\n<meta property=\"product:retailer_item_id\" content=\"Cyberscope-CE\" \/>\n<meta property=\"product:condition\" content=\"new\" \/>\n<!-- \/ Yoast SEO Premium plugin. -->","yoast_head_json":{"title":"Advanced Cybersecurity Analyzer - Netally Cyberscope | Rertech","description":"Netally CyberScope offre valutazione, analisi e reportistica completa dei rischi per la sicurezza informatica per il livello di accesso al sito in un unico strumento potente e portatile, tra cui rilevamento di endpoint e reti, sicurezza wireless, valutazione delle vulnerabilit\u00e0 (Nmap) e segmentazione e convalida del provisioning.  Essendo uno strumento all-in-one robusto e appositamente realizzato, CyberScope \u00e8 una soluzione di sicurezza di rete che elimina l'uso di laptop e tablet fragili. Con molteplici funzioni, fornisce informazioni rapide e utilizzabili in sede sulle reti del tuo sito, colmando le lacune critiche di visibilit\u00e0 che altri strumenti di sicurezza informatica spesso non colmano.  &gt;&gt; Scarica il flyer &lt;&lt;","robots":{"index":"index","follow":"follow","max-snippet":"max-snippet:-1","max-image-preview":"max-image-preview:large","max-video-preview":"max-video-preview:-1"},"canonical":"https:\/\/rertech.it\/en\/products\/testing-and-maintenance\/copper-data-transmission-networks\/netally-cyberscope-advanced-cybersecurity-analyzer\/","og_locale":"en_GB","og_type":"article","og_title":"Analizzatore avanzato di cybersecurity - Netally Cyberscope","og_description":"Netally CyberScope offre valutazione, analisi e reportistica completa dei rischi per la sicurezza informatica per il livello di accesso al sito in un unico strumento potente e portatile, tra cui rilevamento di endpoint e reti, sicurezza wireless, valutazione delle vulnerabilit\u00e0 (Nmap) e segmentazione e convalida del provisioning.  Essendo uno strumento all-in-one robusto e appositamente realizzato, CyberScope \u00e8 una soluzione di sicurezza di rete che elimina l'uso di laptop e tablet fragili. Con molteplici funzioni, fornisce informazioni rapide e utilizzabili in sede sulle reti del tuo sito, colmando le lacune critiche di visibilit\u00e0 che altri strumenti di sicurezza informatica spesso non colmano.  &gt;&gt; Scarica il flyer &lt;&lt;","og_url":"https:\/\/rertech.it\/en\/products\/testing-and-maintenance\/copper-data-transmission-networks\/netally-cyberscope-advanced-cybersecurity-analyzer\/","og_site_name":"Rertech","article_publisher":"https:\/\/www.facebook.com\/rertech.fibraottica\/","article_modified_time":"2026-04-08T06:52:06+00:00","og_image":[{"width":640,"height":800,"url":"https:\/\/rertech.it\/wp-content\/uploads\/2023\/09\/cyberscope-1-1.webp","type":"image\/webp"}],"twitter_card":"summary_large_image","twitter_misc":{"Price":"","Availability":"On backorder"},"schema":{"@context":"https:\/\/schema.org","@graph":[{"@type":"WebPage","@id":"https:\/\/rertech.it\/prodotti\/collaudo-e-manutenzione\/reti-in-rame-trasmissione-dati\/analizzatore-avanzato-di-cybersecurity-netally-cyberscope\/","url":"https:\/\/rertech.it\/prodotti\/collaudo-e-manutenzione\/reti-in-rame-trasmissione-dati\/analizzatore-avanzato-di-cybersecurity-netally-cyberscope\/","name":"Advanced Cybersecurity Analyzer - Netally Cyberscope | Rertech","isPartOf":{"@id":"https:\/\/rertech.it\/#website"},"primaryImageOfPage":{"@id":"https:\/\/rertech.it\/prodotti\/collaudo-e-manutenzione\/reti-in-rame-trasmissione-dati\/analizzatore-avanzato-di-cybersecurity-netally-cyberscope\/#primaryimage"},"image":{"@id":"https:\/\/rertech.it\/prodotti\/collaudo-e-manutenzione\/reti-in-rame-trasmissione-dati\/analizzatore-avanzato-di-cybersecurity-netally-cyberscope\/#primaryimage"},"thumbnailUrl":"https:\/\/rertech.it\/wp-content\/uploads\/2023\/09\/cyberscope-1-1.webp","datePublished":"2023-09-06T14:29:37+00:00","dateModified":"2026-04-08T06:52:06+00:00","description":"Netally CyberScope offre valutazione, analisi e reportistica completa dei rischi per la sicurezza informatica per il livello di accesso al sito in un unico strumento potente e portatile, tra cui rilevamento di endpoint e reti, sicurezza wireless, valutazione delle vulnerabilit\u00e0 (Nmap) e segmentazione e convalida del provisioning. Essendo uno strumento all-in-one robusto e appositamente realizzato, CyberScope \u00e8 una soluzione di sicurezza di rete che elimina l'uso di laptop e tablet fragili. Con molteplici funzioni, fornisce informazioni rapide e utilizzabili in sede sulle reti del tuo sito, colmando le lacune critiche di visibilit\u00e0 che altri strumenti di sicurezza informatica spesso non colmano. &gt;&gt; Scarica il flyer &lt;&lt;","breadcrumb":{"@id":"https:\/\/rertech.it\/prodotti\/collaudo-e-manutenzione\/reti-in-rame-trasmissione-dati\/analizzatore-avanzato-di-cybersecurity-netally-cyberscope\/#breadcrumb"},"inLanguage":"en-GB","potentialAction":[{"@type":"ReadAction","target":["https:\/\/rertech.it\/prodotti\/collaudo-e-manutenzione\/reti-in-rame-trasmissione-dati\/analizzatore-avanzato-di-cybersecurity-netally-cyberscope\/"]}]},{"@type":"ImageObject","inLanguage":"en-GB","@id":"https:\/\/rertech.it\/prodotti\/collaudo-e-manutenzione\/reti-in-rame-trasmissione-dati\/analizzatore-avanzato-di-cybersecurity-netally-cyberscope\/#primaryimage","url":"https:\/\/rertech.it\/wp-content\/uploads\/2023\/09\/cyberscope-1-1.webp","contentUrl":"https:\/\/rertech.it\/wp-content\/uploads\/2023\/09\/cyberscope-1-1.webp","width":640,"height":800,"caption":"Netally Cyberscope"},{"@type":"BreadcrumbList","@id":"https:\/\/rertech.it\/prodotti\/collaudo-e-manutenzione\/reti-in-rame-trasmissione-dati\/analizzatore-avanzato-di-cybersecurity-netally-cyberscope\/#breadcrumb","itemListElement":[{"@type":"ListItem","position":1,"name":"Home","item":"https:\/\/rertech.it\/"},{"@type":"ListItem","position":2,"name":"Prodotti","item":"https:\/\/rertech.it\/prodotti\/"},{"@type":"ListItem","position":3,"name":"COLLAUDO e MANUTENZIONE","item":"https:\/\/rertech.it\/categoria-prodotto\/collaudo-e-manutenzione\/"},{"@type":"ListItem","position":4,"name":"Reti in rame Trasmissione dati","item":"https:\/\/rertech.it\/categoria-prodotto\/collaudo-e-manutenzione\/reti-in-rame-trasmissione-dati\/"},{"@type":"ListItem","position":5,"name":"Analizzatore avanzato di cybersecurity &#8211; Netally Cyberscope"}]},{"@type":"WebSite","@id":"https:\/\/rertech.it\/#website","url":"https:\/\/rertech.it\/","name":"Rertech","description":"Fiber Optic Products, Equipment and Services","publisher":{"@id":"https:\/\/rertech.it\/#organization"},"potentialAction":[{"@type":"SearchAction","target":{"@type":"EntryPoint","urlTemplate":"https:\/\/rertech.it\/?s={search_term_string}"},"query-input":{"@type":"PropertyValueSpecification","valueRequired":true,"valueName":"search_term_string"}}],"inLanguage":"en-GB"},{"@type":"Organization","@id":"https:\/\/rertech.it\/#organization","name":"RERTECH","url":"https:\/\/rertech.it\/","logo":{"@type":"ImageObject","inLanguage":"en-GB","@id":"https:\/\/rertech.it\/#\/schema\/logo\/image\/","url":"https:\/\/rertech.it\/wp-content\/uploads\/2022\/03\/cropped-Copia-di-RERTECH-500x180-2.png","contentUrl":"https:\/\/rertech.it\/wp-content\/uploads\/2022\/03\/cropped-Copia-di-RERTECH-500x180-2.png","width":512,"height":512,"caption":"RERTECH"},"image":{"@id":"https:\/\/rertech.it\/#\/schema\/logo\/image\/"},"sameAs":["https:\/\/www.facebook.com\/rertech.fibraottica\/","https:\/\/www.instagram.com\/rertechfibraottica\/","https:\/\/www.linkedin.com\/company\/rertech-fibraottica\/","https:\/\/www.youtube.com\/channel\/UC5Sihqg7SPUcMPDCEnmQ5XQ\/"]}]},"product_price_currency":"EUR","og_availability":"backorder","product_availability":"available for order","product_retailer_item_id":"Cyberscope-CE","product_condition":"new"},"_links":{"self":[{"href":"https:\/\/rertech.it\/en\/wp-json\/wp\/v2\/product\/41452","targetHints":{"allow":["GET"]}}],"collection":[{"href":"https:\/\/rertech.it\/en\/wp-json\/wp\/v2\/product"}],"about":[{"href":"https:\/\/rertech.it\/en\/wp-json\/wp\/v2\/types\/product"}],"wp:featuredmedia":[{"embeddable":true,"href":"https:\/\/rertech.it\/en\/wp-json\/wp\/v2\/media\/42251"}],"wp:attachment":[{"href":"https:\/\/rertech.it\/en\/wp-json\/wp\/v2\/media?parent=41452"}],"wp:term":[{"taxonomy":"product_brand","embeddable":true,"href":"https:\/\/rertech.it\/en\/wp-json\/wp\/v2\/product_brand?post=41452"},{"taxonomy":"product_cat","embeddable":true,"href":"https:\/\/rertech.it\/en\/wp-json\/wp\/v2\/product_cat?post=41452"},{"taxonomy":"product_tag","embeddable":true,"href":"https:\/\/rertech.it\/en\/wp-json\/wp\/v2\/product_tag?post=41452"}],"curies":[{"name":"wp","href":"https:\/\/api.w.org\/{rel}","templated":true}]}}