{"id":41486,"date":"2023-09-11T17:49:56","date_gmt":"2023-09-11T15:49:56","guid":{"rendered":"https:\/\/rertech.it\/?post_type=product&#038;p=41486"},"modified":"2026-04-20T08:00:10","modified_gmt":"2026-04-13T12:20:15","slug":"otdr-for-quad-sm-mm-fiber-optics-fho5000-md21","status":"publish","type":"product","link":"https:\/\/rertech.it\/en\/prodotti\/collaudo-e-manutenzione\/reti-in-fibra-ottica\/otdr-per-fibra-ottica-quad-sm-mm-fho5000-md21\/","title":{"rendered":"FHO5000-MD21 SM\/MM Fiber Optic Quad-Optic Tester"},"content":{"rendered":"<h4>Features of the FHO5000-MD21 SM\/MM Fiber Optic Quad OTDR<\/h4>\n<ul>\n<li style=\"list-style-type: none;\">\n<ul>\n<li>Wavelengths: 1310\/1550 nm (SM) and 850\/1300 nm (MM)<\/li>\n<li>Dynamic range: 35\/33 dB (1310\/1550); 26\/28 dB (850\/1300 nm)<\/li>\n<li>Event dead zone: 0.8 m (SM)<\/li>\n<\/ul>\n<\/li>\n<\/ul>\n<ul>\n<li>Attenuation dead zone: 4.0 m (SM)<\/li>\n<li>SC\/PC and FC\/PC connectors<\/li>\n<li>Comprehends:\n<ul>\n<li>optical source (OLS, uses the OTDR port)<\/li>\n<li>optical power meter (OPM)<\/li>\n<li>VFL (visible red laser)<\/li>\n<\/ul>\n<\/li>\n<\/ul>\n<h4>Features of the FHO5000-MD21 SM\/MM Fiber Optic Quad OTDR<\/h4>\n<ul>\n<li>Alternating display of OTDR trace and block diagram (Map)<\/li>\n<li>FLM Multi-Pulse Analysis Software<\/li>\n<li>Generation of the PDF test report on board the machine (download <a href=\"https:\/\/rertech.it\/wp-content\/uploads\/2023\/09\/FHO5000-pdf-report-sample.pdf\" target=\"_blank\" rel=\"noopener\">here<\/a> an example)<\/li>\n<li>Multi-fiber, bidirectional, differential analysis<\/li>\n<li>Connector surface analysis (with optional probe, not included)<\/li>\n<\/ul>\n<h4>Other features of the FHO5000-MD21 SM\/MM Fiber Optic Quad OTDR<\/h4>\n<ul>\n<li>7-inch TFT touch screen display + physical soft keys<\/li>\n<li>16GB internal storage, corresponding to approximately 16 thousand tracks<\/li>\n<li>1 RJ45 Ethernet port, 2 USB Type-A ports, 1 USB Type-B port<\/li>\n<li>Power supply: 240V(ac), 50~60Hz with included adapter<\/li>\n<li>Battery: Lithium-ion 7.4 VDC, 4.4 Ah, recharges in 4 hours<\/li>\n<li>Battery life: 12 hours, Telcordia GR-196-CORE<\/li>\n<li>Dimensions: 253\u00d7168\u00d773.6mm<\/li>\n<li>Weight: 1.5 kg (incl. battery)<\/li>\n<\/ul>\n<h4>Ever further ahead<\/h4>\n<p>New QUICK SETUP function that allows the instrument parameters to be set quickly and easily even for less experienced users<\/p>\n<p><strong><a href=\"https:\/\/youtu.be\/L0KkmHa_zNI\" target=\"_blank\" rel=\"noopener\">Watch the VIDEO<\/a><\/strong><\/p>\n<p>&nbsp;<\/p>","protected":false},"excerpt":{"rendered":"<p>L&#8217;OTDR FHO5000-MD21 \u00e8 lo strumento ideale per la certificazione di reti ottiche monomodali (SM) e multimodali (MM), disponendo di un mix di prestazioni, flessibilit\u00e0 d&#8217;uso e affidabilit\u00e0 di alto livello, e di un rapporto qualit\u00e0\/prezzo molto competitivo.<\/p>\n<p>L&#8217;utilizzo tipico \u00e8 nel settore delle telecomunicazioni, del networking e della video sorveglianza IP<\/p>\n<p>Grazie alla capacit\u00e0 di realizzare i certificati di misura in pdf in modo autonomo (senza trasferire le misure a un PC) &#8211; prestazioni riservate a prodotti di fascia decisamente superiore &#8211; questo strumento permette notevoli risparmi di tempo nel caso di utilizzo intensivo. (scarica <a href=\"https:\/\/rertech.it\/wp-content\/uploads\/2023\/09\/FHO5000-pdf-report-sample.pdf\" target=\"_blank\" rel=\"noopener\">here<\/a> an example)<\/p>\n<p>From today, with the new Quick Setup function (<a href=\"https:\/\/youtu.be\/L0KkmHa_zNI\" target=\"_blank\" rel=\"noopener\">video<\/a>), even the less experienced can configure the instrument quickly and easily<\/p>","protected":false},"featured_media":41520,"template":"","meta":{"_acf_changed":false},"product_brand":[1395],"product_cat":[265,121,272],"product_tag":[1234,167],"class_list":{"0":"post-41486","1":"product","2":"type-product","3":"status-publish","4":"has-post-thumbnail","6":"product_brand-grandway","7":"product_cat-prodotti-in-evidenza","8":"product_cat-reti-in-fibra-ottica","9":"product_cat-trasmissione-dati","10":"product_tag-otdr-monomodale-multimodale","11":"product_tag-otdr-quad","13":"first","14":"instock","15":"taxable","16":"shipping-taxable","17":"product-type-simple"},"acf":[],"tiered_pricing_type":"fixed","tiered_pricing_fixed_rules":[],"tiered_pricing_percentage_rules":[],"tiered_pricing_minimum":1,"_administrator_tiered_pricing_type":"fixed","_administrator_tiered_pricing_fixed_rules":[],"_editor_tiered_pricing_type":"fixed","_editor_tiered_pricing_fixed_rules":[],"_author_tiered_pricing_type":"fixed","_author_tiered_pricing_fixed_rules":[],"_contributor_tiered_pricing_type":"fixed","_contributor_tiered_pricing_fixed_rules":[],"_subscriber_tiered_pricing_type":"fixed","_subscriber_tiered_pricing_fixed_rules":[],"_customer_tiered_pricing_type":"fixed","_customer_tiered_pricing_fixed_rules":[],"_shop_manager_tiered_pricing_type":"fixed","_shop_manager_tiered_pricing_fixed_rules":[],"_translator_tiered_pricing_type":"fixed","_translator_tiered_pricing_fixed_rules":[],"_give_manager_tiered_pricing_type":"fixed","_give_manager_tiered_pricing_fixed_rules":[],"_give_accountant_tiered_pricing_type":"fixed","_give_accountant_tiered_pricing_fixed_rules":[],"_give_worker_tiered_pricing_type":"fixed","_give_worker_tiered_pricing_fixed_rules":[],"_give_donor_tiered_pricing_type":"fixed","_give_donor_tiered_pricing_fixed_rules":[],"_wpseo_manager_tiered_pricing_type":"fixed","_wpseo_manager_tiered_pricing_fixed_rules":[],"_wpseo_editor_tiered_pricing_type":"fixed","_wpseo_editor_tiered_pricing_fixed_rules":[],"_wholesale_buyer_tiered_pricing_type":"fixed","_wholesale_buyer_tiered_pricing_fixed_rules":[],"_wholesale_tax_free_tiered_pricing_type":"fixed","_wholesale_tax_free_tiered_pricing_fixed_rules":[],"_azienda_tiered_pricing_type":"fixed","_azienda_tiered_pricing_fixed_rules":[],"_privato_tiered_pricing_type":"fixed","_privato_tiered_pricing_fixed_rules":[],"yoast_head":"<!-- This site is optimized with the Yoast SEO Premium plugin v20.8 (Yoast SEO v27.4) - https:\/\/yoast.com\/product\/yoast-seo-premium-wordpress\/ -->\n<title>OTDR QUAD per Fibra Ottica SM\/MM FHO5000-MD21 | Rertech<\/title>\n<meta name=\"description\" content=\"L&#039;OTDR FHO5000-MD21 \u00e8 lo strumento ideale per la certificazione di reti ottiche monomodali (SM) e multimodali (MM), disponendo di un mix di prestazioni, flessibilit\u00e0 d&#039;uso e affidabilit\u00e0 di alto livello, e di un rapporto qualit\u00e0\/prezzo molto competitivo.  L&#039;utilizzo tipico \u00e8 nel settore delle telecomunicazioni, del networking e della video sorveglianza IP  Grazie alla capacit\u00e0 di realizzare i certificati di misura in pdf in modo autonomo (senza trasferire le misure a un PC) - prestazioni riservate a prodotti di fascia decisamente superiore - questo strumento permette notevoli risparmi di tempo nel caso di utilizzo intensivo. (scarica qui un esempio)  Da oggi, con la nuova funzione di Quick Setup (video), anche i meno esperti possono configurare lo strumento in modo semplice e veloce\" \/>\n<meta name=\"robots\" content=\"index, follow, max-snippet:-1, max-image-preview:large, max-video-preview:-1\" \/>\n<link rel=\"canonical\" href=\"https:\/\/rertech.it\/en\/products\/testing-and-maintenance\/fiber-optic-networks\/otdr-for-quad-sm-mm-fiber-optics-fho5000-md21\/\" \/>\n<meta property=\"og:locale\" content=\"en_GB\" \/>\n<meta property=\"og:type\" content=\"article\" \/>\n<meta property=\"og:title\" content=\"OTDR QUAD per Fibra Ottica SM\/MM FHO5000-MD21\" \/>\n<meta property=\"og:description\" content=\"L&#039;OTDR FHO5000-MD21 \u00e8 lo strumento ideale per la certificazione di reti ottiche monomodali (SM) e multimodali (MM), disponendo di un mix di prestazioni, flessibilit\u00e0 d&#039;uso e affidabilit\u00e0 di alto livello, e di un rapporto qualit\u00e0\/prezzo molto competitivo.  L&#039;utilizzo tipico \u00e8 nel settore delle telecomunicazioni, del networking e della video sorveglianza IP  Grazie alla capacit\u00e0 di realizzare i certificati di misura in pdf in modo autonomo (senza trasferire le misure a un PC) - prestazioni riservate a prodotti di fascia decisamente superiore - questo strumento permette notevoli risparmi di tempo nel caso di utilizzo intensivo. (scarica qui un esempio)  Da oggi, con la nuova funzione di Quick Setup (video), anche i meno esperti possono configurare lo strumento in modo semplice e veloce\" \/>\n<meta property=\"og:url\" content=\"https:\/\/rertech.it\/en\/products\/testing-and-maintenance\/fiber-optic-networks\/otdr-for-quad-sm-mm-fiber-optics-fho5000-md21\/\" \/>\n<meta property=\"og:site_name\" content=\"Rertech\" \/>\n<meta property=\"article:publisher\" content=\"https:\/\/www.facebook.com\/rertech.fibraottica\/\" \/>\n<meta property=\"article:modified_time\" content=\"2026-04-13T12:20:15+00:00\" \/>\n<meta property=\"og:image\" content=\"https:\/\/rertech.it\/wp-content\/uploads\/2023\/09\/FHO5000-A.webp\" \/>\n\t<meta property=\"og:image:width\" content=\"768\" \/>\n\t<meta property=\"og:image:height\" content=\"576\" \/>\n\t<meta property=\"og:image:type\" content=\"image\/webp\" \/>\n<meta name=\"twitter:card\" content=\"summary_large_image\" \/>\n<meta name=\"twitter:label1\" content=\"Price\" \/>\n\t<meta name=\"twitter:data1\" content=\"3,390.00&nbsp;&euro; Iva esclusa\" \/>\n\t<meta name=\"twitter:label2\" content=\"Availability\" \/>\n\t<meta name=\"twitter:data2\" content=\"In stock\" \/>\n<script type=\"application\/ld+json\" class=\"yoast-schema-graph\">{\"@context\":\"https:\\\/\\\/schema.org\",\"@graph\":[{\"@type\":\"WebPage\",\"@id\":\"https:\\\/\\\/rertech.it\\\/prodotti\\\/collaudo-e-manutenzione\\\/reti-in-fibra-ottica\\\/otdr-per-fibra-ottica-quad-sm-mm-fho5000-md21\\\/\",\"url\":\"https:\\\/\\\/rertech.it\\\/prodotti\\\/collaudo-e-manutenzione\\\/reti-in-fibra-ottica\\\/otdr-per-fibra-ottica-quad-sm-mm-fho5000-md21\\\/\",\"name\":\"OTDR QUAD per Fibra Ottica SM\\\/MM FHO5000-MD21 | Rertech\",\"isPartOf\":{\"@id\":\"https:\\\/\\\/rertech.it\\\/#website\"},\"primaryImageOfPage\":{\"@id\":\"https:\\\/\\\/rertech.it\\\/prodotti\\\/collaudo-e-manutenzione\\\/reti-in-fibra-ottica\\\/otdr-per-fibra-ottica-quad-sm-mm-fho5000-md21\\\/#primaryimage\"},\"image\":{\"@id\":\"https:\\\/\\\/rertech.it\\\/prodotti\\\/collaudo-e-manutenzione\\\/reti-in-fibra-ottica\\\/otdr-per-fibra-ottica-quad-sm-mm-fho5000-md21\\\/#primaryimage\"},\"thumbnailUrl\":\"https:\\\/\\\/rertech.it\\\/wp-content\\\/uploads\\\/2023\\\/09\\\/FHO5000-A.webp\",\"datePublished\":\"2023-09-11T15:49:56+00:00\",\"dateModified\":\"2026-04-13T12:20:15+00:00\",\"description\":\"L'OTDR FHO5000-MD21 \u00e8 lo strumento ideale per la certificazione di reti ottiche monomodali (SM) e multimodali (MM), disponendo di un mix di prestazioni, flessibilit\u00e0 d'uso e affidabilit\u00e0 di alto livello, e di un rapporto qualit\u00e0\\\/prezzo molto competitivo. L'utilizzo tipico \u00e8 nel settore delle telecomunicazioni, del networking e della video sorveglianza IP Grazie alla capacit\u00e0 di realizzare i certificati di misura in pdf in modo autonomo (senza trasferire le misure a un PC) - prestazioni riservate a prodotti di fascia decisamente superiore - questo strumento permette notevoli risparmi di tempo nel caso di utilizzo intensivo. (scarica qui un esempio) Da oggi, con la nuova funzione di Quick Setup (video), anche i meno esperti possono configurare lo strumento in modo semplice e veloce\",\"breadcrumb\":{\"@id\":\"https:\\\/\\\/rertech.it\\\/prodotti\\\/collaudo-e-manutenzione\\\/reti-in-fibra-ottica\\\/otdr-per-fibra-ottica-quad-sm-mm-fho5000-md21\\\/#breadcrumb\"},\"inLanguage\":\"en-GB\",\"potentialAction\":[{\"@type\":\"ReadAction\",\"target\":[\"https:\\\/\\\/rertech.it\\\/prodotti\\\/collaudo-e-manutenzione\\\/reti-in-fibra-ottica\\\/otdr-per-fibra-ottica-quad-sm-mm-fho5000-md21\\\/\"]}]},{\"@type\":\"ImageObject\",\"inLanguage\":\"en-GB\",\"@id\":\"https:\\\/\\\/rertech.it\\\/prodotti\\\/collaudo-e-manutenzione\\\/reti-in-fibra-ottica\\\/otdr-per-fibra-ottica-quad-sm-mm-fho5000-md21\\\/#primaryimage\",\"url\":\"https:\\\/\\\/rertech.it\\\/wp-content\\\/uploads\\\/2023\\\/09\\\/FHO5000-A.webp\",\"contentUrl\":\"https:\\\/\\\/rertech.it\\\/wp-content\\\/uploads\\\/2023\\\/09\\\/FHO5000-A.webp\",\"width\":768,\"height\":576,\"caption\":\"OTDR quad e FTTx\"},{\"@type\":\"BreadcrumbList\",\"@id\":\"https:\\\/\\\/rertech.it\\\/prodotti\\\/collaudo-e-manutenzione\\\/reti-in-fibra-ottica\\\/otdr-per-fibra-ottica-quad-sm-mm-fho5000-md21\\\/#breadcrumb\",\"itemListElement\":[{\"@type\":\"ListItem\",\"position\":1,\"name\":\"Home\",\"item\":\"https:\\\/\\\/rertech.it\\\/\"},{\"@type\":\"ListItem\",\"position\":2,\"name\":\"Prodotti\",\"item\":\"https:\\\/\\\/rertech.it\\\/prodotti\\\/\"},{\"@type\":\"ListItem\",\"position\":3,\"name\":\"COLLAUDO e MANUTENZIONE\",\"item\":\"https:\\\/\\\/rertech.it\\\/categoria-prodotto\\\/collaudo-e-manutenzione\\\/\"},{\"@type\":\"ListItem\",\"position\":4,\"name\":\"Reti in fibra ottica\",\"item\":\"https:\\\/\\\/rertech.it\\\/categoria-prodotto\\\/collaudo-e-manutenzione\\\/reti-in-fibra-ottica\\\/\"},{\"@type\":\"ListItem\",\"position\":5,\"name\":\"OTDR QUAD per Fibra Ottica SM\\\/MM FHO5000-MD21\"}]},{\"@type\":\"WebSite\",\"@id\":\"https:\\\/\\\/rertech.it\\\/#website\",\"url\":\"https:\\\/\\\/rertech.it\\\/\",\"name\":\"Rertech\",\"description\":\"Prodotti, attrezzatura e servizi per fibra ottica\",\"publisher\":{\"@id\":\"https:\\\/\\\/rertech.it\\\/#organization\"},\"potentialAction\":[{\"@type\":\"SearchAction\",\"target\":{\"@type\":\"EntryPoint\",\"urlTemplate\":\"https:\\\/\\\/rertech.it\\\/?s={search_term_string}\"},\"query-input\":{\"@type\":\"PropertyValueSpecification\",\"valueRequired\":true,\"valueName\":\"search_term_string\"}}],\"inLanguage\":\"en-GB\"},{\"@type\":\"Organization\",\"@id\":\"https:\\\/\\\/rertech.it\\\/#organization\",\"name\":\"RERTECH\",\"url\":\"https:\\\/\\\/rertech.it\\\/\",\"logo\":{\"@type\":\"ImageObject\",\"inLanguage\":\"en-GB\",\"@id\":\"https:\\\/\\\/rertech.it\\\/#\\\/schema\\\/logo\\\/image\\\/\",\"url\":\"https:\\\/\\\/rertech.it\\\/wp-content\\\/uploads\\\/2022\\\/03\\\/cropped-Copia-di-RERTECH-500x180-2.png\",\"contentUrl\":\"https:\\\/\\\/rertech.it\\\/wp-content\\\/uploads\\\/2022\\\/03\\\/cropped-Copia-di-RERTECH-500x180-2.png\",\"width\":512,\"height\":512,\"caption\":\"RERTECH\"},\"image\":{\"@id\":\"https:\\\/\\\/rertech.it\\\/#\\\/schema\\\/logo\\\/image\\\/\"},\"sameAs\":[\"https:\\\/\\\/www.facebook.com\\\/rertech.fibraottica\\\/\",\"https:\\\/\\\/www.instagram.com\\\/rertechfibraottica\\\/\",\"https:\\\/\\\/www.linkedin.com\\\/company\\\/rertech-fibraottica\\\/\",\"https:\\\/\\\/www.youtube.com\\\/channel\\\/UC5Sihqg7SPUcMPDCEnmQ5XQ\\\/\"]}]}<\/script>\n<meta property=\"product:price:amount\" content=\"3390.000\" \/>\n<meta property=\"product:price:currency\" content=\"EUR\" \/>\n<meta property=\"og:availability\" content=\"instock\" \/>\n<meta property=\"product:availability\" content=\"instock\" \/>\n<meta property=\"product:retailer_item_id\" content=\"FHO5000-MD21-LS-PM-TS-FM\" \/>\n<meta property=\"product:condition\" content=\"new\" \/>\n<!-- \/ Yoast SEO Premium plugin. -->","yoast_head_json":{"title":"FHO5000-MD21 SM\/MM Fiber Optic Quad-Optical Tester | Rertech","description":"The FHO5000-MD21 OTDR is the ideal instrument for certifying single-mode (SM) and multimode (MM) optical networks, offering a mix of performance, flexibility of use, and high-level reliability, along with a very competitive quality\/price ratio. Its typical use is in the telecommunications, networking, and IP video surveillance sectors. Thanks to the ability to generate measurement certificates in PDF format independently (without transferring the measurements to a PC) \u2013 a feature reserved for much higher-end products \u2013 this instrument allows significant time savings in the case of intensive use. (Download an example here) From today, with the new Quick Setup function (video), even the less experienced can configure the instrument quickly and easily.","robots":{"index":"index","follow":"follow","max-snippet":"max-snippet:-1","max-image-preview":"max-image-preview:large","max-video-preview":"max-video-preview:-1"},"canonical":"https:\/\/rertech.it\/en\/products\/testing-and-maintenance\/fiber-optic-networks\/otdr-for-quad-sm-mm-fiber-optics-fho5000-md21\/","og_locale":"en_GB","og_type":"article","og_title":"OTDR QUAD per Fibra Ottica SM\/MM FHO5000-MD21","og_description":"L'OTDR FHO5000-MD21 \u00e8 lo strumento ideale per la certificazione di reti ottiche monomodali (SM) e multimodali (MM), disponendo di un mix di prestazioni, flessibilit\u00e0 d'uso e affidabilit\u00e0 di alto livello, e di un rapporto qualit\u00e0\/prezzo molto competitivo.  L'utilizzo tipico \u00e8 nel settore delle telecomunicazioni, del networking e della video sorveglianza IP  Grazie alla capacit\u00e0 di realizzare i certificati di misura in pdf in modo autonomo (senza trasferire le misure a un PC) - prestazioni riservate a prodotti di fascia decisamente superiore - questo strumento permette notevoli risparmi di tempo nel caso di utilizzo intensivo. (scarica qui un esempio)  Da oggi, con la nuova funzione di Quick Setup (video), anche i meno esperti possono configurare lo strumento in modo semplice e veloce","og_url":"https:\/\/rertech.it\/en\/products\/testing-and-maintenance\/fiber-optic-networks\/otdr-for-quad-sm-mm-fiber-optics-fho5000-md21\/","og_site_name":"Rertech","article_publisher":"https:\/\/www.facebook.com\/rertech.fibraottica\/","article_modified_time":"2026-04-13T12:20:15+00:00","og_image":[{"width":768,"height":576,"url":"https:\/\/rertech.it\/wp-content\/uploads\/2023\/09\/FHO5000-A.webp","type":"image\/webp"}],"twitter_card":"summary_large_image","twitter_misc":{"Price":"3,390.00&nbsp;&euro; Iva esclusa","Availability":"In stock"},"schema":{"@context":"https:\/\/schema.org","@graph":[{"@type":"WebPage","@id":"https:\/\/rertech.it\/prodotti\/collaudo-e-manutenzione\/reti-in-fibra-ottica\/otdr-per-fibra-ottica-quad-sm-mm-fho5000-md21\/","url":"https:\/\/rertech.it\/prodotti\/collaudo-e-manutenzione\/reti-in-fibra-ottica\/otdr-per-fibra-ottica-quad-sm-mm-fho5000-md21\/","name":"FHO5000-MD21 SM\/MM Fiber Optic Quad-Optical Tester | Rertech","isPartOf":{"@id":"https:\/\/rertech.it\/#website"},"primaryImageOfPage":{"@id":"https:\/\/rertech.it\/prodotti\/collaudo-e-manutenzione\/reti-in-fibra-ottica\/otdr-per-fibra-ottica-quad-sm-mm-fho5000-md21\/#primaryimage"},"image":{"@id":"https:\/\/rertech.it\/prodotti\/collaudo-e-manutenzione\/reti-in-fibra-ottica\/otdr-per-fibra-ottica-quad-sm-mm-fho5000-md21\/#primaryimage"},"thumbnailUrl":"https:\/\/rertech.it\/wp-content\/uploads\/2023\/09\/FHO5000-A.webp","datePublished":"2023-09-11T15:49:56+00:00","dateModified":"2026-04-13T12:20:15+00:00","description":"The FHO5000-MD21 OTDR is the ideal instrument for certifying single-mode (SM) and multimode (MM) optical networks, offering a mix of performance, flexibility of use, and high-level reliability, along with a very competitive quality\/price ratio. Its typical use is in the telecommunications, networking, and IP video surveillance sectors. Thanks to the ability to generate measurement certificates in PDF format independently (without transferring the measurements to a PC) \u2013 a feature reserved for much higher-end products \u2013 this instrument allows significant time savings in the case of intensive use. (Download an example here) From today, with the new Quick Setup function (video), even the less experienced can configure the instrument quickly and easily.","breadcrumb":{"@id":"https:\/\/rertech.it\/prodotti\/collaudo-e-manutenzione\/reti-in-fibra-ottica\/otdr-per-fibra-ottica-quad-sm-mm-fho5000-md21\/#breadcrumb"},"inLanguage":"en-GB","potentialAction":[{"@type":"ReadAction","target":["https:\/\/rertech.it\/prodotti\/collaudo-e-manutenzione\/reti-in-fibra-ottica\/otdr-per-fibra-ottica-quad-sm-mm-fho5000-md21\/"]}]},{"@type":"ImageObject","inLanguage":"en-GB","@id":"https:\/\/rertech.it\/prodotti\/collaudo-e-manutenzione\/reti-in-fibra-ottica\/otdr-per-fibra-ottica-quad-sm-mm-fho5000-md21\/#primaryimage","url":"https:\/\/rertech.it\/wp-content\/uploads\/2023\/09\/FHO5000-A.webp","contentUrl":"https:\/\/rertech.it\/wp-content\/uploads\/2023\/09\/FHO5000-A.webp","width":768,"height":576,"caption":"OTDR quad e FTTx"},{"@type":"BreadcrumbList","@id":"https:\/\/rertech.it\/prodotti\/collaudo-e-manutenzione\/reti-in-fibra-ottica\/otdr-per-fibra-ottica-quad-sm-mm-fho5000-md21\/#breadcrumb","itemListElement":[{"@type":"ListItem","position":1,"name":"Home","item":"https:\/\/rertech.it\/"},{"@type":"ListItem","position":2,"name":"Prodotti","item":"https:\/\/rertech.it\/prodotti\/"},{"@type":"ListItem","position":3,"name":"COLLAUDO e MANUTENZIONE","item":"https:\/\/rertech.it\/categoria-prodotto\/collaudo-e-manutenzione\/"},{"@type":"ListItem","position":4,"name":"Reti in fibra ottica","item":"https:\/\/rertech.it\/categoria-prodotto\/collaudo-e-manutenzione\/reti-in-fibra-ottica\/"},{"@type":"ListItem","position":5,"name":"OTDR QUAD per Fibra Ottica SM\/MM FHO5000-MD21"}]},{"@type":"WebSite","@id":"https:\/\/rertech.it\/#website","url":"https:\/\/rertech.it\/","name":"Rertech","description":"Fiber Optic Products, Equipment and Services","publisher":{"@id":"https:\/\/rertech.it\/#organization"},"potentialAction":[{"@type":"SearchAction","target":{"@type":"EntryPoint","urlTemplate":"https:\/\/rertech.it\/?s={search_term_string}"},"query-input":{"@type":"PropertyValueSpecification","valueRequired":true,"valueName":"search_term_string"}}],"inLanguage":"en-GB"},{"@type":"Organization","@id":"https:\/\/rertech.it\/#organization","name":"RERTECH","url":"https:\/\/rertech.it\/","logo":{"@type":"ImageObject","inLanguage":"en-GB","@id":"https:\/\/rertech.it\/#\/schema\/logo\/image\/","url":"https:\/\/rertech.it\/wp-content\/uploads\/2022\/03\/cropped-Copia-di-RERTECH-500x180-2.png","contentUrl":"https:\/\/rertech.it\/wp-content\/uploads\/2022\/03\/cropped-Copia-di-RERTECH-500x180-2.png","width":512,"height":512,"caption":"RERTECH"},"image":{"@id":"https:\/\/rertech.it\/#\/schema\/logo\/image\/"},"sameAs":["https:\/\/www.facebook.com\/rertech.fibraottica\/","https:\/\/www.instagram.com\/rertechfibraottica\/","https:\/\/www.linkedin.com\/company\/rertech-fibraottica\/","https:\/\/www.youtube.com\/channel\/UC5Sihqg7SPUcMPDCEnmQ5XQ\/"]}]},"product_price_amount":"3390.000","product_price_currency":"EUR","og_availability":"instock","product_availability":"instock","product_retailer_item_id":"FHO5000-MD21-LS-PM-TS-FM","product_condition":"new"},"_links":{"self":[{"href":"https:\/\/rertech.it\/en\/wp-json\/wp\/v2\/product\/41486","targetHints":{"allow":["GET"]}}],"collection":[{"href":"https:\/\/rertech.it\/en\/wp-json\/wp\/v2\/product"}],"about":[{"href":"https:\/\/rertech.it\/en\/wp-json\/wp\/v2\/types\/product"}],"wp:featuredmedia":[{"embeddable":true,"href":"https:\/\/rertech.it\/en\/wp-json\/wp\/v2\/media\/41520"}],"wp:attachment":[{"href":"https:\/\/rertech.it\/en\/wp-json\/wp\/v2\/media?parent=41486"}],"wp:term":[{"taxonomy":"product_brand","embeddable":true,"href":"https:\/\/rertech.it\/en\/wp-json\/wp\/v2\/product_brand?post=41486"},{"taxonomy":"product_cat","embeddable":true,"href":"https:\/\/rertech.it\/en\/wp-json\/wp\/v2\/product_cat?post=41486"},{"taxonomy":"product_tag","embeddable":true,"href":"https:\/\/rertech.it\/en\/wp-json\/wp\/v2\/product_tag?post=41486"}],"curies":[{"name":"wp","href":"https:\/\/api.w.org\/{rel}","templated":true}]}}