{"id":41789,"date":"2023-11-08T12:40:54","date_gmt":"2023-11-08T11:40:54","guid":{"rendered":"https:\/\/rertech.it\/?post_type=product&#038;p=41789"},"modified":"2026-04-20T08:00:10","modified_gmt":"2026-04-08T09:17:08","slug":"6-mm-x-100-m-fiberglass-cable-gland-probe","status":"publish","type":"product","link":"https:\/\/rertech.it\/en\/prodotti\/posa-di-cavi-fibra-ottica\/sonde-passacavi\/sonda-passacavi-in-fibra-di-vetro-6-mm-x-100-m\/","title":{"rendered":"Fiberglass cable probe 6 mm x 100 m with reel"},"content":{"rendered":"<h3>Features of the 6 mm x 100 m fiberglass cable probe<\/h3>\n<p>Breaking load 2000 kg<br \/>\nTractive load 230 kg<br \/>\nBending radius 400 mm<br \/>\nSuitable for pipes with a diameter of 50-80 mm<br \/>\nRobust hot-dip galvanized steel reel<br \/>\nFiberglass probe covered with polypropylene<br \/>\nMetric marking<br \/>\nThreaded termination with slotted head or flexible shank, both supplied in a practical case<br \/>\nWeight 11 kg<\/p>\n<p>&nbsp;<\/p>","protected":false},"excerpt":{"rendered":"<p>This cable probe with a fiberglass core and polypropylene cover has a diameter of 6 mm and a length of 100 m.<\/p>\n<p>It is suitable for ducts with a diameter of 50-80 mm with a typical load of 230 kg<\/p>\n<p>The cable gland is supplied with a hot-dip galvanized steel reel<\/p>\n<p>L&#8217;estremit\u00e0 della sonda \u00e8 fornita di una terminazione filettata, sui cui \u00e8 possibile montare la testa con asola oppure un codolo flessibile con asola terminale<\/p>","protected":false},"featured_media":42014,"template":"","meta":{"_acf_changed":false},"product_brand":[1390],"product_cat":[408],"product_tag":[409,407],"class_list":{"0":"post-41789","1":"product","2":"type-product","3":"status-publish","4":"has-post-thumbnail","6":"product_brand-rertech","7":"product_cat-sonde-passacavi","8":"product_tag-passacavi","9":"product_tag-sonda-passacavi","11":"first","12":"instock","13":"taxable","14":"shipping-taxable","15":"product-type-simple"},"acf":[],"tiered_pricing_type":"fixed","tiered_pricing_fixed_rules":{"5":"143.90"},"tiered_pricing_percentage_rules":[],"tiered_pricing_minimum":1,"_administrator_tiered_pricing_type":"fixed","_administrator_tiered_pricing_fixed_rules":[],"_editor_tiered_pricing_type":"fixed","_editor_tiered_pricing_fixed_rules":[],"_author_tiered_pricing_type":"fixed","_author_tiered_pricing_fixed_rules":[],"_contributor_tiered_pricing_type":"fixed","_contributor_tiered_pricing_fixed_rules":[],"_subscriber_tiered_pricing_type":"fixed","_subscriber_tiered_pricing_fixed_rules":[],"_customer_tiered_pricing_type":"fixed","_customer_tiered_pricing_fixed_rules":[],"_shop_manager_tiered_pricing_type":"fixed","_shop_manager_tiered_pricing_fixed_rules":[],"_translator_tiered_pricing_type":"fixed","_translator_tiered_pricing_fixed_rules":[],"_give_manager_tiered_pricing_type":"fixed","_give_manager_tiered_pricing_fixed_rules":[],"_give_accountant_tiered_pricing_type":"fixed","_give_accountant_tiered_pricing_fixed_rules":[],"_give_worker_tiered_pricing_type":"fixed","_give_worker_tiered_pricing_fixed_rules":[],"_give_donor_tiered_pricing_type":"fixed","_give_donor_tiered_pricing_fixed_rules":[],"_wpseo_manager_tiered_pricing_type":"fixed","_wpseo_manager_tiered_pricing_fixed_rules":[],"_wpseo_editor_tiered_pricing_type":"fixed","_wpseo_editor_tiered_pricing_fixed_rules":[],"_wholesale_buyer_tiered_pricing_type":"fixed","_wholesale_buyer_tiered_pricing_fixed_rules":[],"_wholesale_tax_free_tiered_pricing_type":"fixed","_wholesale_tax_free_tiered_pricing_fixed_rules":[],"_azienda_tiered_pricing_type":"fixed","_azienda_tiered_pricing_fixed_rules":[],"_privato_tiered_pricing_type":"fixed","_privato_tiered_pricing_fixed_rules":[],"yoast_head":"<!-- This site is optimized with the Yoast SEO Premium plugin v20.8 (Yoast SEO v27.4) - https:\/\/yoast.com\/product\/yoast-seo-premium-wordpress\/ -->\n<title>Sonda passacavi in fibra di vetro 6 mm x 100 m con aspo | Rertech<\/title>\n<meta name=\"description\" content=\"sonda passa cavo\" \/>\n<meta name=\"robots\" content=\"index, follow, max-snippet:-1, max-image-preview:large, max-video-preview:-1\" \/>\n<link rel=\"canonical\" href=\"https:\/\/rertech.it\/en\/products\/laying-of-fiber-optic-cables\/cable-glands\/6-mm-x-100-m-fiberglass-cable-gland-probe\/\" \/>\n<meta property=\"og:locale\" content=\"en_GB\" \/>\n<meta property=\"og:type\" content=\"article\" \/>\n<meta property=\"og:title\" content=\"Sonda passacavi in fibra di vetro 6 mm x 100 m con aspo\" \/>\n<meta property=\"og:description\" content=\"sonda passa cavo\" \/>\n<meta property=\"og:url\" content=\"https:\/\/rertech.it\/en\/products\/laying-of-fiber-optic-cables\/cable-glands\/6-mm-x-100-m-fiberglass-cable-gland-probe\/\" \/>\n<meta property=\"og:site_name\" content=\"Rertech\" \/>\n<meta property=\"article:publisher\" content=\"https:\/\/www.facebook.com\/rertech.fibraottica\/\" \/>\n<meta property=\"article:modified_time\" content=\"2026-04-08T09:17:08+00:00\" \/>\n<meta property=\"og:image\" content=\"https:\/\/rertech.it\/wp-content\/uploads\/2023\/11\/DR-06-60-NW-1.webp\" \/>\n\t<meta property=\"og:image:width\" content=\"997\" \/>\n\t<meta property=\"og:image:height\" content=\"1176\" \/>\n\t<meta property=\"og:image:type\" content=\"image\/webp\" \/>\n<meta name=\"twitter:card\" content=\"summary_large_image\" \/>\n<meta name=\"twitter:label1\" content=\"Price\" \/>\n\t<meta name=\"twitter:data1\" content=\"159.90&nbsp;&euro; Iva esclusa\" \/>\n\t<meta name=\"twitter:label2\" content=\"Availability\" \/>\n\t<meta name=\"twitter:data2\" content=\"In stock\" \/>\n<script type=\"application\/ld+json\" class=\"yoast-schema-graph\">{\"@context\":\"https:\\\/\\\/schema.org\",\"@graph\":[{\"@type\":\"WebPage\",\"@id\":\"https:\\\/\\\/rertech.it\\\/prodotti\\\/posa-di-cavi-fibra-ottica\\\/sonde-passacavi\\\/sonda-passacavi-in-fibra-di-vetro-6-mm-x-100-m\\\/\",\"url\":\"https:\\\/\\\/rertech.it\\\/prodotti\\\/posa-di-cavi-fibra-ottica\\\/sonde-passacavi\\\/sonda-passacavi-in-fibra-di-vetro-6-mm-x-100-m\\\/\",\"name\":\"Sonda passacavi in fibra di vetro 6 mm x 100 m con aspo | Rertech\",\"isPartOf\":{\"@id\":\"https:\\\/\\\/rertech.it\\\/#website\"},\"primaryImageOfPage\":{\"@id\":\"https:\\\/\\\/rertech.it\\\/prodotti\\\/posa-di-cavi-fibra-ottica\\\/sonde-passacavi\\\/sonda-passacavi-in-fibra-di-vetro-6-mm-x-100-m\\\/#primaryimage\"},\"image\":{\"@id\":\"https:\\\/\\\/rertech.it\\\/prodotti\\\/posa-di-cavi-fibra-ottica\\\/sonde-passacavi\\\/sonda-passacavi-in-fibra-di-vetro-6-mm-x-100-m\\\/#primaryimage\"},\"thumbnailUrl\":\"https:\\\/\\\/rertech.it\\\/wp-content\\\/uploads\\\/2023\\\/11\\\/DR-06-60-NW-1.webp\",\"datePublished\":\"2023-11-08T11:40:54+00:00\",\"dateModified\":\"2026-04-08T09:17:08+00:00\",\"description\":\"sonda passa cavo\",\"breadcrumb\":{\"@id\":\"https:\\\/\\\/rertech.it\\\/prodotti\\\/posa-di-cavi-fibra-ottica\\\/sonde-passacavi\\\/sonda-passacavi-in-fibra-di-vetro-6-mm-x-100-m\\\/#breadcrumb\"},\"inLanguage\":\"en-GB\",\"potentialAction\":[{\"@type\":\"ReadAction\",\"target\":[\"https:\\\/\\\/rertech.it\\\/prodotti\\\/posa-di-cavi-fibra-ottica\\\/sonde-passacavi\\\/sonda-passacavi-in-fibra-di-vetro-6-mm-x-100-m\\\/\"]}]},{\"@type\":\"ImageObject\",\"inLanguage\":\"en-GB\",\"@id\":\"https:\\\/\\\/rertech.it\\\/prodotti\\\/posa-di-cavi-fibra-ottica\\\/sonde-passacavi\\\/sonda-passacavi-in-fibra-di-vetro-6-mm-x-100-m\\\/#primaryimage\",\"url\":\"https:\\\/\\\/rertech.it\\\/wp-content\\\/uploads\\\/2023\\\/11\\\/DR-06-60-NW-1.webp\",\"contentUrl\":\"https:\\\/\\\/rertech.it\\\/wp-content\\\/uploads\\\/2023\\\/11\\\/DR-06-60-NW-1.webp\",\"width\":997,\"height\":1176,\"caption\":\"Sonda passacavi 6 mm con aspo\"},{\"@type\":\"BreadcrumbList\",\"@id\":\"https:\\\/\\\/rertech.it\\\/prodotti\\\/posa-di-cavi-fibra-ottica\\\/sonde-passacavi\\\/sonda-passacavi-in-fibra-di-vetro-6-mm-x-100-m\\\/#breadcrumb\",\"itemListElement\":[{\"@type\":\"ListItem\",\"position\":1,\"name\":\"Home\",\"item\":\"https:\\\/\\\/rertech.it\\\/\"},{\"@type\":\"ListItem\",\"position\":2,\"name\":\"Prodotti\",\"item\":\"https:\\\/\\\/rertech.it\\\/prodotti\\\/\"},{\"@type\":\"ListItem\",\"position\":3,\"name\":\"POSA DI CAVI\",\"item\":\"https:\\\/\\\/rertech.it\\\/categoria-prodotto\\\/posa-di-cavi-fibra-ottica\\\/\"},{\"@type\":\"ListItem\",\"position\":4,\"name\":\"Sonde passacavi\",\"item\":\"https:\\\/\\\/rertech.it\\\/categoria-prodotto\\\/posa-di-cavi-fibra-ottica\\\/sonde-passacavi\\\/\"},{\"@type\":\"ListItem\",\"position\":5,\"name\":\"Sonda passacavi in fibra di vetro 6 mm x 100 m con aspo\"}]},{\"@type\":\"WebSite\",\"@id\":\"https:\\\/\\\/rertech.it\\\/#website\",\"url\":\"https:\\\/\\\/rertech.it\\\/\",\"name\":\"Rertech\",\"description\":\"Prodotti, attrezzatura e servizi per fibra ottica\",\"publisher\":{\"@id\":\"https:\\\/\\\/rertech.it\\\/#organization\"},\"potentialAction\":[{\"@type\":\"SearchAction\",\"target\":{\"@type\":\"EntryPoint\",\"urlTemplate\":\"https:\\\/\\\/rertech.it\\\/?s={search_term_string}\"},\"query-input\":{\"@type\":\"PropertyValueSpecification\",\"valueRequired\":true,\"valueName\":\"search_term_string\"}}],\"inLanguage\":\"en-GB\"},{\"@type\":\"Organization\",\"@id\":\"https:\\\/\\\/rertech.it\\\/#organization\",\"name\":\"RERTECH\",\"url\":\"https:\\\/\\\/rertech.it\\\/\",\"logo\":{\"@type\":\"ImageObject\",\"inLanguage\":\"en-GB\",\"@id\":\"https:\\\/\\\/rertech.it\\\/#\\\/schema\\\/logo\\\/image\\\/\",\"url\":\"https:\\\/\\\/rertech.it\\\/wp-content\\\/uploads\\\/2022\\\/03\\\/cropped-Copia-di-RERTECH-500x180-2.png\",\"contentUrl\":\"https:\\\/\\\/rertech.it\\\/wp-content\\\/uploads\\\/2022\\\/03\\\/cropped-Copia-di-RERTECH-500x180-2.png\",\"width\":512,\"height\":512,\"caption\":\"RERTECH\"},\"image\":{\"@id\":\"https:\\\/\\\/rertech.it\\\/#\\\/schema\\\/logo\\\/image\\\/\"},\"sameAs\":[\"https:\\\/\\\/www.facebook.com\\\/rertech.fibraottica\\\/\",\"https:\\\/\\\/www.instagram.com\\\/rertechfibraottica\\\/\",\"https:\\\/\\\/www.linkedin.com\\\/company\\\/rertech-fibraottica\\\/\",\"https:\\\/\\\/www.youtube.com\\\/channel\\\/UC5Sihqg7SPUcMPDCEnmQ5XQ\\\/\"]}]}<\/script>\n<meta property=\"product:price:amount\" content=\"159.900\" \/>\n<meta property=\"product:price:currency\" content=\"EUR\" \/>\n<meta property=\"og:availability\" content=\"instock\" \/>\n<meta property=\"product:availability\" content=\"instock\" \/>\n<meta property=\"product:retailer_item_id\" content=\"DR-06-100-NW\" \/>\n<meta property=\"product:condition\" content=\"new\" \/>\n<!-- \/ Yoast SEO Premium plugin. -->","yoast_head_json":{"title":"6 mm x 100 m fiberglass cable probe with reel | Rertech","description":"cable pass probe","robots":{"index":"index","follow":"follow","max-snippet":"max-snippet:-1","max-image-preview":"max-image-preview:large","max-video-preview":"max-video-preview:-1"},"canonical":"https:\/\/rertech.it\/en\/products\/laying-of-fiber-optic-cables\/cable-glands\/6-mm-x-100-m-fiberglass-cable-gland-probe\/","og_locale":"en_GB","og_type":"article","og_title":"Sonda passacavi in fibra di vetro 6 mm x 100 m con aspo","og_description":"sonda passa cavo","og_url":"https:\/\/rertech.it\/en\/products\/laying-of-fiber-optic-cables\/cable-glands\/6-mm-x-100-m-fiberglass-cable-gland-probe\/","og_site_name":"Rertech","article_publisher":"https:\/\/www.facebook.com\/rertech.fibraottica\/","article_modified_time":"2026-04-08T09:17:08+00:00","og_image":[{"width":997,"height":1176,"url":"https:\/\/rertech.it\/wp-content\/uploads\/2023\/11\/DR-06-60-NW-1.webp","type":"image\/webp"}],"twitter_card":"summary_large_image","twitter_misc":{"Price":"159.90&nbsp;&euro; Iva esclusa","Availability":"In stock"},"schema":{"@context":"https:\/\/schema.org","@graph":[{"@type":"WebPage","@id":"https:\/\/rertech.it\/prodotti\/posa-di-cavi-fibra-ottica\/sonde-passacavi\/sonda-passacavi-in-fibra-di-vetro-6-mm-x-100-m\/","url":"https:\/\/rertech.it\/prodotti\/posa-di-cavi-fibra-ottica\/sonde-passacavi\/sonda-passacavi-in-fibra-di-vetro-6-mm-x-100-m\/","name":"6 mm x 100 m fiberglass cable probe with reel | Rertech","isPartOf":{"@id":"https:\/\/rertech.it\/#website"},"primaryImageOfPage":{"@id":"https:\/\/rertech.it\/prodotti\/posa-di-cavi-fibra-ottica\/sonde-passacavi\/sonda-passacavi-in-fibra-di-vetro-6-mm-x-100-m\/#primaryimage"},"image":{"@id":"https:\/\/rertech.it\/prodotti\/posa-di-cavi-fibra-ottica\/sonde-passacavi\/sonda-passacavi-in-fibra-di-vetro-6-mm-x-100-m\/#primaryimage"},"thumbnailUrl":"https:\/\/rertech.it\/wp-content\/uploads\/2023\/11\/DR-06-60-NW-1.webp","datePublished":"2023-11-08T11:40:54+00:00","dateModified":"2026-04-08T09:17:08+00:00","description":"cable pass probe","breadcrumb":{"@id":"https:\/\/rertech.it\/prodotti\/posa-di-cavi-fibra-ottica\/sonde-passacavi\/sonda-passacavi-in-fibra-di-vetro-6-mm-x-100-m\/#breadcrumb"},"inLanguage":"en-GB","potentialAction":[{"@type":"ReadAction","target":["https:\/\/rertech.it\/prodotti\/posa-di-cavi-fibra-ottica\/sonde-passacavi\/sonda-passacavi-in-fibra-di-vetro-6-mm-x-100-m\/"]}]},{"@type":"ImageObject","inLanguage":"en-GB","@id":"https:\/\/rertech.it\/prodotti\/posa-di-cavi-fibra-ottica\/sonde-passacavi\/sonda-passacavi-in-fibra-di-vetro-6-mm-x-100-m\/#primaryimage","url":"https:\/\/rertech.it\/wp-content\/uploads\/2023\/11\/DR-06-60-NW-1.webp","contentUrl":"https:\/\/rertech.it\/wp-content\/uploads\/2023\/11\/DR-06-60-NW-1.webp","width":997,"height":1176,"caption":"Sonda passacavi 6 mm con aspo"},{"@type":"BreadcrumbList","@id":"https:\/\/rertech.it\/prodotti\/posa-di-cavi-fibra-ottica\/sonde-passacavi\/sonda-passacavi-in-fibra-di-vetro-6-mm-x-100-m\/#breadcrumb","itemListElement":[{"@type":"ListItem","position":1,"name":"Home","item":"https:\/\/rertech.it\/"},{"@type":"ListItem","position":2,"name":"Prodotti","item":"https:\/\/rertech.it\/prodotti\/"},{"@type":"ListItem","position":3,"name":"POSA DI CAVI","item":"https:\/\/rertech.it\/categoria-prodotto\/posa-di-cavi-fibra-ottica\/"},{"@type":"ListItem","position":4,"name":"Sonde passacavi","item":"https:\/\/rertech.it\/categoria-prodotto\/posa-di-cavi-fibra-ottica\/sonde-passacavi\/"},{"@type":"ListItem","position":5,"name":"Sonda passacavi in fibra di vetro 6 mm x 100 m con aspo"}]},{"@type":"WebSite","@id":"https:\/\/rertech.it\/#website","url":"https:\/\/rertech.it\/","name":"Rertech","description":"Fiber Optic Products, Equipment and Services","publisher":{"@id":"https:\/\/rertech.it\/#organization"},"potentialAction":[{"@type":"SearchAction","target":{"@type":"EntryPoint","urlTemplate":"https:\/\/rertech.it\/?s={search_term_string}"},"query-input":{"@type":"PropertyValueSpecification","valueRequired":true,"valueName":"search_term_string"}}],"inLanguage":"en-GB"},{"@type":"Organization","@id":"https:\/\/rertech.it\/#organization","name":"RERTECH","url":"https:\/\/rertech.it\/","logo":{"@type":"ImageObject","inLanguage":"en-GB","@id":"https:\/\/rertech.it\/#\/schema\/logo\/image\/","url":"https:\/\/rertech.it\/wp-content\/uploads\/2022\/03\/cropped-Copia-di-RERTECH-500x180-2.png","contentUrl":"https:\/\/rertech.it\/wp-content\/uploads\/2022\/03\/cropped-Copia-di-RERTECH-500x180-2.png","width":512,"height":512,"caption":"RERTECH"},"image":{"@id":"https:\/\/rertech.it\/#\/schema\/logo\/image\/"},"sameAs":["https:\/\/www.facebook.com\/rertech.fibraottica\/","https:\/\/www.instagram.com\/rertechfibraottica\/","https:\/\/www.linkedin.com\/company\/rertech-fibraottica\/","https:\/\/www.youtube.com\/channel\/UC5Sihqg7SPUcMPDCEnmQ5XQ\/"]}]},"product_price_amount":"159.900","product_price_currency":"EUR","og_availability":"instock","product_availability":"instock","product_retailer_item_id":"DR-06-100-NW","product_condition":"new"},"_links":{"self":[{"href":"https:\/\/rertech.it\/en\/wp-json\/wp\/v2\/product\/41789","targetHints":{"allow":["GET"]}}],"collection":[{"href":"https:\/\/rertech.it\/en\/wp-json\/wp\/v2\/product"}],"about":[{"href":"https:\/\/rertech.it\/en\/wp-json\/wp\/v2\/types\/product"}],"wp:featuredmedia":[{"embeddable":true,"href":"https:\/\/rertech.it\/en\/wp-json\/wp\/v2\/media\/42014"}],"wp:attachment":[{"href":"https:\/\/rertech.it\/en\/wp-json\/wp\/v2\/media?parent=41789"}],"wp:term":[{"taxonomy":"product_brand","embeddable":true,"href":"https:\/\/rertech.it\/en\/wp-json\/wp\/v2\/product_brand?post=41789"},{"taxonomy":"product_cat","embeddable":true,"href":"https:\/\/rertech.it\/en\/wp-json\/wp\/v2\/product_cat?post=41789"},{"taxonomy":"product_tag","embeddable":true,"href":"https:\/\/rertech.it\/en\/wp-json\/wp\/v2\/product_tag?post=41789"}],"curies":[{"name":"wp","href":"https:\/\/api.w.org\/{rel}","templated":true}]}}