{"id":41857,"date":"2023-11-24T12:07:44","date_gmt":"2023-11-24T11:07:44","guid":{"rendered":"https:\/\/rertech.it\/?post_type=product&#038;p=41857"},"modified":"2026-05-06T08:00:14","modified_gmt":"2026-04-08T10:22:43","slug":"cc-03-fiber-optic-cleaver-single-motion-blade-rotation","status":"publish","type":"product","link":"https:\/\/rertech.it\/en\/prodotti\/installazione-reti-telecomunicazioni-trasmissione-dati\/taglierine-per-fibra-ottica\/cc-03-taglierina-per-fibra-ottica-movimento-singolo-rotazione-lama\/","title":{"rendered":"CC-03 Single-motion fiber optic cleaver with blade rotation"},"content":{"rendered":"<h3>Features of the single-motion fiber optic cleaver with blade rotation<\/h3>\n<p>Professional single-action cleaver<\/p>\n<p>Compact, lightweight and robust<br \/>\nRotation of the blade with a simple press of the appropriate lever<br \/>\nEasy blade replacement<br \/>\nFiber diameter: 125 \u00b5m<br \/>\nCoating diameter: 250-900 \u00b5m<br \/>\nAngle: 90\u00b0 \u00b1 0.5\u00b0<br \/>\nCutting length for single fibre: 5-16 mm<br \/>\nBlade life: 48,000 cuts<\/p>","protected":false},"excerpt":{"rendered":"<p>The CC-03 fiber optic cleaver is compact, easy to use, and robust. Thanks to its precision mechanics, it consistently delivers quality cuts and is suitable for any application, even the most demanding.<\/p>\n<p>La lama ha una durata di 48.000 tagli, e la sua rotazione pu\u00f2 essere effettuata dall&#8217;operatore semplicemente agendo su una piccola leva presente sul fondo della taglierina<\/p>","protected":false},"featured_media":41856,"template":"","meta":{"_acf_changed":false},"product_brand":[1420],"product_cat":[1100,126],"product_tag":[219,220,1132],"class_list":{"0":"post-41857","1":"product","2":"type-product","3":"status-publish","4":"has-post-thumbnail","6":"product_brand-comway","7":"product_cat-attrezzatura-ftth","8":"product_cat-taglierine-per-fibra-ottica","9":"product_tag-taglierina","10":"product_tag-taglierina-fibra-ottica","11":"product_tag-ucl-swift","13":"first","14":"instock","15":"taxable","16":"shipping-taxable","17":"product-type-simple"},"acf":[],"tiered_pricing_type":"fixed","tiered_pricing_fixed_rules":[],"tiered_pricing_percentage_rules":[],"tiered_pricing_minimum":1,"_administrator_tiered_pricing_type":"fixed","_administrator_tiered_pricing_fixed_rules":[],"_editor_tiered_pricing_type":"fixed","_editor_tiered_pricing_fixed_rules":[],"_author_tiered_pricing_type":"fixed","_author_tiered_pricing_fixed_rules":[],"_contributor_tiered_pricing_type":"fixed","_contributor_tiered_pricing_fixed_rules":[],"_subscriber_tiered_pricing_type":"fixed","_subscriber_tiered_pricing_fixed_rules":[],"_customer_tiered_pricing_type":"fixed","_customer_tiered_pricing_fixed_rules":[],"_shop_manager_tiered_pricing_type":"fixed","_shop_manager_tiered_pricing_fixed_rules":[],"_translator_tiered_pricing_type":"fixed","_translator_tiered_pricing_fixed_rules":[],"_give_manager_tiered_pricing_type":"fixed","_give_manager_tiered_pricing_fixed_rules":[],"_give_accountant_tiered_pricing_type":"fixed","_give_accountant_tiered_pricing_fixed_rules":[],"_give_worker_tiered_pricing_type":"fixed","_give_worker_tiered_pricing_fixed_rules":[],"_give_donor_tiered_pricing_type":"fixed","_give_donor_tiered_pricing_fixed_rules":[],"_wpseo_manager_tiered_pricing_type":"fixed","_wpseo_manager_tiered_pricing_fixed_rules":[],"_wpseo_editor_tiered_pricing_type":"fixed","_wpseo_editor_tiered_pricing_fixed_rules":[],"_wholesale_buyer_tiered_pricing_type":"fixed","_wholesale_buyer_tiered_pricing_fixed_rules":[],"_wholesale_tax_free_tiered_pricing_type":"fixed","_wholesale_tax_free_tiered_pricing_fixed_rules":[],"_azienda_tiered_pricing_type":"fixed","_azienda_tiered_pricing_fixed_rules":[],"_privato_tiered_pricing_type":"fixed","_privato_tiered_pricing_fixed_rules":[],"yoast_head":"<!-- This site is optimized with the Yoast SEO Premium plugin v20.8 (Yoast SEO v27.4) - https:\/\/yoast.com\/product\/yoast-seo-premium-wordpress\/ -->\n<title>CC-03 Taglierina per fibra ottica a movimento singolo con rotazione della lama | Rertech<\/title>\n<meta name=\"description\" content=\"La taglierina per fibra ottica CC-03 \u00e8 compatta, semplice da usare e robusta. Grazie alla sua meccanica di precisione, offre sempre tagli di qualit\u00e0, ed \u00e8 adatta a qualunque applicazione, anche le pi\u00f9 impegnative.  La lama ha una durata di 48.000 tagli, e la sua rotazione pu\u00f2 essere effettuata dall&#039;operatore semplicemente agendo su una piccola leva presente sul fondo della taglierina\" \/>\n<meta name=\"robots\" content=\"index, follow, max-snippet:-1, max-image-preview:large, max-video-preview:-1\" \/>\n<link rel=\"canonical\" href=\"http:\/\/www.uclswift.com\/it\/sub2\/pdt_detail_new.php?k=159&amp;ct=cl\" \/>\n<meta property=\"og:locale\" content=\"en_GB\" \/>\n<meta property=\"og:type\" content=\"article\" \/>\n<meta property=\"og:title\" content=\"CC-03 Taglierina per fibra ottica a movimento singolo con rotazione della lama\" \/>\n<meta property=\"og:description\" content=\"La taglierina per fibra ottica CC-03 \u00e8 compatta, semplice da usare e robusta. Grazie alla sua meccanica di precisione, offre sempre tagli di qualit\u00e0, ed \u00e8 adatta a qualunque applicazione, anche le pi\u00f9 impegnative.  La lama ha una durata di 48.000 tagli, e la sua rotazione pu\u00f2 essere effettuata dall&#039;operatore semplicemente agendo su una piccola leva presente sul fondo della taglierina\" \/>\n<meta property=\"og:url\" content=\"http:\/\/www.uclswift.com\/it\/sub2\/pdt_detail_new.php?k=159&amp;ct=cl\" \/>\n<meta property=\"og:site_name\" content=\"Rertech\" \/>\n<meta property=\"article:publisher\" content=\"https:\/\/www.facebook.com\/rertech.fibraottica\/\" \/>\n<meta property=\"article:modified_time\" content=\"2026-04-08T10:22:43+00:00\" \/>\n<meta property=\"og:image\" content=\"https:\/\/rertech.it\/wp-content\/uploads\/2023\/11\/cc-03.webp\" \/>\n\t<meta property=\"og:image:width\" content=\"800\" \/>\n\t<meta property=\"og:image:height\" content=\"800\" \/>\n\t<meta property=\"og:image:type\" content=\"image\/webp\" \/>\n<meta name=\"twitter:card\" content=\"summary_large_image\" \/>\n<meta name=\"twitter:label1\" content=\"Price\" \/>\n\t<meta name=\"twitter:data1\" content=\"239.00&nbsp;&euro; Iva esclusa\" \/>\n\t<meta name=\"twitter:label2\" content=\"Availability\" \/>\n\t<meta name=\"twitter:data2\" content=\"In stock\" \/>\n<script type=\"application\/ld+json\" class=\"yoast-schema-graph\">{\"@context\":\"https:\\\/\\\/schema.org\",\"@graph\":[{\"@type\":\"WebPage\",\"@id\":\"https:\\\/\\\/rertech.it\\\/prodotti\\\/installazione-reti-telecomunicazioni-trasmissione-dati\\\/taglierine-per-fibra-ottica\\\/cc-03-taglierina-per-fibra-ottica-movimento-singolo-rotazione-lama\\\/\",\"url\":\"http:\\\/\\\/www.uclswift.com\\\/it\\\/sub2\\\/pdt_detail_new.php?k=159&amp%3bct=cl\",\"name\":\"CC-03 Taglierina per fibra ottica a movimento singolo con rotazione della lama | Rertech\",\"isPartOf\":{\"@id\":\"https:\\\/\\\/rertech.it\\\/#website\"},\"primaryImageOfPage\":{\"@id\":\"http:\\\/\\\/www.uclswift.com\\\/it\\\/sub2\\\/pdt_detail_new.php?k=159&amp%3bct=cl#primaryimage\"},\"image\":{\"@id\":\"http:\\\/\\\/www.uclswift.com\\\/it\\\/sub2\\\/pdt_detail_new.php?k=159&amp%3bct=cl#primaryimage\"},\"thumbnailUrl\":\"https:\\\/\\\/rertech.it\\\/wp-content\\\/uploads\\\/2023\\\/11\\\/cc-03.webp\",\"datePublished\":\"2023-11-24T11:07:44+00:00\",\"dateModified\":\"2026-04-08T10:22:43+00:00\",\"description\":\"La taglierina per fibra ottica CC-03 \u00e8 compatta, semplice da usare e robusta. Grazie alla sua meccanica di precisione, offre sempre tagli di qualit\u00e0, ed \u00e8 adatta a qualunque applicazione, anche le pi\u00f9 impegnative. La lama ha una durata di 48.000 tagli, e la sua rotazione pu\u00f2 essere effettuata dall'operatore semplicemente agendo su una piccola leva presente sul fondo della taglierina\",\"breadcrumb\":{\"@id\":\"http:\\\/\\\/www.uclswift.com\\\/it\\\/sub2\\\/pdt_detail_new.php?k=159&amp%3bct=cl#breadcrumb\"},\"inLanguage\":\"en-GB\",\"potentialAction\":[{\"@type\":\"ReadAction\",\"target\":[\"http:\\\/\\\/www.uclswift.com\\\/it\\\/sub2\\\/pdt_detail_new.php?k=159&amp%3bct=cl\"]}]},{\"@type\":\"ImageObject\",\"inLanguage\":\"en-GB\",\"@id\":\"http:\\\/\\\/www.uclswift.com\\\/it\\\/sub2\\\/pdt_detail_new.php?k=159&amp%3bct=cl#primaryimage\",\"url\":\"https:\\\/\\\/rertech.it\\\/wp-content\\\/uploads\\\/2023\\\/11\\\/cc-03.webp\",\"contentUrl\":\"https:\\\/\\\/rertech.it\\\/wp-content\\\/uploads\\\/2023\\\/11\\\/cc-03.webp\",\"width\":800,\"height\":800,\"caption\":\"taglierina per fibra ottica CC-03 a movimento singolo\"},{\"@type\":\"BreadcrumbList\",\"@id\":\"http:\\\/\\\/www.uclswift.com\\\/it\\\/sub2\\\/pdt_detail_new.php?k=159&amp%3bct=cl#breadcrumb\",\"itemListElement\":[{\"@type\":\"ListItem\",\"position\":1,\"name\":\"Home\",\"item\":\"https:\\\/\\\/rertech.it\\\/\"},{\"@type\":\"ListItem\",\"position\":2,\"name\":\"Prodotti\",\"item\":\"https:\\\/\\\/rertech.it\\\/prodotti\\\/\"},{\"@type\":\"ListItem\",\"position\":3,\"name\":\"INSTALLAZIONE DI RETI DI TELECOMUNICAZIONE E TRASMISSIONE DATI\",\"item\":\"https:\\\/\\\/rertech.it\\\/categoria-prodotto\\\/installazione-reti-telecomunicazioni-trasmissione-dati\\\/\"},{\"@type\":\"ListItem\",\"position\":4,\"name\":\"Taglierine per fibra ottica\",\"item\":\"https:\\\/\\\/rertech.it\\\/categoria-prodotto\\\/installazione-reti-telecomunicazioni-trasmissione-dati\\\/taglierine-per-fibra-ottica\\\/\"},{\"@type\":\"ListItem\",\"position\":5,\"name\":\"CC-03 Taglierina per fibra ottica a movimento singolo con rotazione della lama\"}]},{\"@type\":\"WebSite\",\"@id\":\"https:\\\/\\\/rertech.it\\\/#website\",\"url\":\"https:\\\/\\\/rertech.it\\\/\",\"name\":\"Rertech\",\"description\":\"Prodotti, attrezzatura e servizi per fibra ottica\",\"publisher\":{\"@id\":\"https:\\\/\\\/rertech.it\\\/#organization\"},\"potentialAction\":[{\"@type\":\"SearchAction\",\"target\":{\"@type\":\"EntryPoint\",\"urlTemplate\":\"https:\\\/\\\/rertech.it\\\/?s={search_term_string}\"},\"query-input\":{\"@type\":\"PropertyValueSpecification\",\"valueRequired\":true,\"valueName\":\"search_term_string\"}}],\"inLanguage\":\"en-GB\"},{\"@type\":\"Organization\",\"@id\":\"https:\\\/\\\/rertech.it\\\/#organization\",\"name\":\"RERTECH\",\"url\":\"https:\\\/\\\/rertech.it\\\/\",\"logo\":{\"@type\":\"ImageObject\",\"inLanguage\":\"en-GB\",\"@id\":\"https:\\\/\\\/rertech.it\\\/#\\\/schema\\\/logo\\\/image\\\/\",\"url\":\"https:\\\/\\\/rertech.it\\\/wp-content\\\/uploads\\\/2022\\\/03\\\/cropped-Copia-di-RERTECH-500x180-2.png\",\"contentUrl\":\"https:\\\/\\\/rertech.it\\\/wp-content\\\/uploads\\\/2022\\\/03\\\/cropped-Copia-di-RERTECH-500x180-2.png\",\"width\":512,\"height\":512,\"caption\":\"RERTECH\"},\"image\":{\"@id\":\"https:\\\/\\\/rertech.it\\\/#\\\/schema\\\/logo\\\/image\\\/\"},\"sameAs\":[\"https:\\\/\\\/www.facebook.com\\\/rertech.fibraottica\\\/\",\"https:\\\/\\\/www.instagram.com\\\/rertechfibraottica\\\/\",\"https:\\\/\\\/www.linkedin.com\\\/company\\\/rertech-fibraottica\\\/\",\"https:\\\/\\\/www.youtube.com\\\/channel\\\/UC5Sihqg7SPUcMPDCEnmQ5XQ\\\/\"]}]}<\/script>\n<meta property=\"product:price:amount\" content=\"239.000\" \/>\n<meta property=\"product:price:currency\" content=\"EUR\" \/>\n<meta property=\"og:availability\" content=\"instock\" \/>\n<meta property=\"product:availability\" content=\"instock\" \/>\n<meta property=\"product:retailer_item_id\" content=\"CC-03\" \/>\n<meta property=\"product:condition\" content=\"new\" \/>\n<!-- \/ Yoast SEO Premium plugin. -->","yoast_head_json":{"title":"CC-03 Single-Motion Fiber Optic Cleaver with Blade Rotation | Rertech","description":"The CC-03 fiber optic cleaver is compact, easy to use, and robust. Thanks to its precision mechanics, it consistently delivers quality cuts and is suitable for any application, even the most demanding. The blade has a lifespan of 48,000 cuts, and can be rotated by the operator simply by using a small lever on the bottom of the cleaver.","robots":{"index":"index","follow":"follow","max-snippet":"max-snippet:-1","max-image-preview":"max-image-preview:large","max-video-preview":"max-video-preview:-1"},"canonical":"http:\/\/www.uclswift.com\/it\/sub2\/pdt_detail_new.php?k=159&amp;ct=cl","og_locale":"en_GB","og_type":"article","og_title":"CC-03 Taglierina per fibra ottica a movimento singolo con rotazione della lama","og_description":"La taglierina per fibra ottica CC-03 \u00e8 compatta, semplice da usare e robusta. Grazie alla sua meccanica di precisione, offre sempre tagli di qualit\u00e0, ed \u00e8 adatta a qualunque applicazione, anche le pi\u00f9 impegnative.  La lama ha una durata di 48.000 tagli, e la sua rotazione pu\u00f2 essere effettuata dall'operatore semplicemente agendo su una piccola leva presente sul fondo della taglierina","og_url":"http:\/\/www.uclswift.com\/it\/sub2\/pdt_detail_new.php?k=159&amp;ct=cl","og_site_name":"Rertech","article_publisher":"https:\/\/www.facebook.com\/rertech.fibraottica\/","article_modified_time":"2026-04-08T10:22:43+00:00","og_image":[{"width":800,"height":800,"url":"https:\/\/rertech.it\/wp-content\/uploads\/2023\/11\/cc-03.webp","type":"image\/webp"}],"twitter_card":"summary_large_image","twitter_misc":{"Price":"239.00&nbsp;&euro; Iva esclusa","Availability":"In stock"},"schema":{"@context":"https:\/\/schema.org","@graph":[{"@type":"WebPage","@id":"https:\/\/rertech.it\/prodotti\/installazione-reti-telecomunicazioni-trasmissione-dati\/taglierine-per-fibra-ottica\/cc-03-taglierina-per-fibra-ottica-movimento-singolo-rotazione-lama\/","url":"http:\/\/www.uclswift.com\/it\/sub2\/pdt_detail_new.php?k=159&amp%3bct=cl","name":"CC-03 Single-Motion Fiber Optic Cleaver with Blade Rotation | Rertech","isPartOf":{"@id":"https:\/\/rertech.it\/#website"},"primaryImageOfPage":{"@id":"http:\/\/www.uclswift.com\/it\/sub2\/pdt_detail_new.php?k=159&amp%3bct=cl#primaryimage"},"image":{"@id":"http:\/\/www.uclswift.com\/it\/sub2\/pdt_detail_new.php?k=159&amp%3bct=cl#primaryimage"},"thumbnailUrl":"https:\/\/rertech.it\/wp-content\/uploads\/2023\/11\/cc-03.webp","datePublished":"2023-11-24T11:07:44+00:00","dateModified":"2026-04-08T10:22:43+00:00","description":"The CC-03 fiber optic cutter is compact, easy to use, and robust. Thanks to its precision mechanics, it consistently delivers quality cuts and is suitable for any application, even the most demanding. The blade has a lifespan of 48,000 cuts, and can be rotated by the operator simply by using a small lever on the bottom of the cutter.","breadcrumb":{"@id":"http:\/\/www.uclswift.com\/it\/sub2\/pdt_detail_new.php?k=159&amp%3bct=cl#breadcrumb"},"inLanguage":"en-GB","potentialAction":[{"@type":"ReadAction","target":["http:\/\/www.uclswift.com\/it\/sub2\/pdt_detail_new.php?k=159&amp%3bct=cl"]}]},{"@type":"ImageObject","inLanguage":"en-GB","@id":"http:\/\/www.uclswift.com\/it\/sub2\/pdt_detail_new.php?k=159&amp%3bct=cl#primaryimage","url":"https:\/\/rertech.it\/wp-content\/uploads\/2023\/11\/cc-03.webp","contentUrl":"https:\/\/rertech.it\/wp-content\/uploads\/2023\/11\/cc-03.webp","width":800,"height":800,"caption":"taglierina per fibra ottica CC-03 a movimento singolo"},{"@type":"BreadcrumbList","@id":"http:\/\/www.uclswift.com\/it\/sub2\/pdt_detail_new.php?k=159&amp%3bct=cl#breadcrumb","itemListElement":[{"@type":"ListItem","position":1,"name":"Home","item":"https:\/\/rertech.it\/"},{"@type":"ListItem","position":2,"name":"Prodotti","item":"https:\/\/rertech.it\/prodotti\/"},{"@type":"ListItem","position":3,"name":"INSTALLAZIONE DI RETI DI TELECOMUNICAZIONE E TRASMISSIONE DATI","item":"https:\/\/rertech.it\/categoria-prodotto\/installazione-reti-telecomunicazioni-trasmissione-dati\/"},{"@type":"ListItem","position":4,"name":"Taglierine per fibra ottica","item":"https:\/\/rertech.it\/categoria-prodotto\/installazione-reti-telecomunicazioni-trasmissione-dati\/taglierine-per-fibra-ottica\/"},{"@type":"ListItem","position":5,"name":"CC-03 Taglierina per fibra ottica a movimento singolo con rotazione della lama"}]},{"@type":"WebSite","@id":"https:\/\/rertech.it\/#website","url":"https:\/\/rertech.it\/","name":"Rertech","description":"Fiber Optic Products, Equipment and Services","publisher":{"@id":"https:\/\/rertech.it\/#organization"},"potentialAction":[{"@type":"SearchAction","target":{"@type":"EntryPoint","urlTemplate":"https:\/\/rertech.it\/?s={search_term_string}"},"query-input":{"@type":"PropertyValueSpecification","valueRequired":true,"valueName":"search_term_string"}}],"inLanguage":"en-GB"},{"@type":"Organization","@id":"https:\/\/rertech.it\/#organization","name":"RERTECH","url":"https:\/\/rertech.it\/","logo":{"@type":"ImageObject","inLanguage":"en-GB","@id":"https:\/\/rertech.it\/#\/schema\/logo\/image\/","url":"https:\/\/rertech.it\/wp-content\/uploads\/2022\/03\/cropped-Copia-di-RERTECH-500x180-2.png","contentUrl":"https:\/\/rertech.it\/wp-content\/uploads\/2022\/03\/cropped-Copia-di-RERTECH-500x180-2.png","width":512,"height":512,"caption":"RERTECH"},"image":{"@id":"https:\/\/rertech.it\/#\/schema\/logo\/image\/"},"sameAs":["https:\/\/www.facebook.com\/rertech.fibraottica\/","https:\/\/www.instagram.com\/rertechfibraottica\/","https:\/\/www.linkedin.com\/company\/rertech-fibraottica\/","https:\/\/www.youtube.com\/channel\/UC5Sihqg7SPUcMPDCEnmQ5XQ\/"]}]},"product_price_amount":"239.000","product_price_currency":"EUR","og_availability":"instock","product_availability":"instock","product_retailer_item_id":"CC-03","product_condition":"new"},"_links":{"self":[{"href":"https:\/\/rertech.it\/en\/wp-json\/wp\/v2\/product\/41857","targetHints":{"allow":["GET"]}}],"collection":[{"href":"https:\/\/rertech.it\/en\/wp-json\/wp\/v2\/product"}],"about":[{"href":"https:\/\/rertech.it\/en\/wp-json\/wp\/v2\/types\/product"}],"wp:featuredmedia":[{"embeddable":true,"href":"https:\/\/rertech.it\/en\/wp-json\/wp\/v2\/media\/41856"}],"wp:attachment":[{"href":"https:\/\/rertech.it\/en\/wp-json\/wp\/v2\/media?parent=41857"}],"wp:term":[{"taxonomy":"product_brand","embeddable":true,"href":"https:\/\/rertech.it\/en\/wp-json\/wp\/v2\/product_brand?post=41857"},{"taxonomy":"product_cat","embeddable":true,"href":"https:\/\/rertech.it\/en\/wp-json\/wp\/v2\/product_cat?post=41857"},{"taxonomy":"product_tag","embeddable":true,"href":"https:\/\/rertech.it\/en\/wp-json\/wp\/v2\/product_tag?post=41857"}],"curies":[{"name":"wp","href":"https:\/\/api.w.org\/{rel}","templated":true}]}}