{"id":42644,"date":"2024-11-28T17:01:42","date_gmt":"2024-11-28T16:01:42","guid":{"rendered":"https:\/\/rertech.it\/?post_type=product&#038;p=42644"},"modified":"2026-04-20T08:00:14","modified_gmt":"2026-03-19T11:59:22","slug":"draeger-xam2500-4-gas-detector","status":"publish","type":"product","link":"https:\/\/rertech.it\/en\/prodotti\/posa-di-cavi-fibra-ottica\/localizzatori-rilevatori\/rilevatore-4-gas-draeger-xam2500\/","title":{"rendered":"Draeger XAM2500 4-gas detector"},"content":{"rendered":"<h4>Features of the Draeger XAM2500 4-gas detector<\/h4>\n<ul>\n<li>Accurate and safe detection of O2 \u2013 H2S -CO and explosive gases (calibrated on methane CH4)<\/li>\n<li>Long-life electrochemical sensors<\/li>\n<li>Maximum safety thanks to Ex approval for zone 0<\/li>\n<li>Maximum ergonomics and safety, with IP67 protection rating<\/li>\n<li>Power supply by alkaline or rechargeable NiMh batteries (with optional kit) <a href=\"https:\/\/rertech.it\/en\/products\/laying-of-fiber-optic-cables\/accessories\/battery-kit-for-draeger-xam2500\/\" target=\"_blank\" rel=\"noopener\">8318785<\/a>)<\/li>\n<li>Certification recommended every six months (the first one included in the price), carried out in Italy with minimum turnaround times<\/li>\n<\/ul>","protected":false},"excerpt":{"rendered":"<p>From Draeger, the world leader in gas detection and analysis instrumentation, the XAM2500 instrument is specifically designed for cable laying and civil works in general.<\/p>\n<p>The instrument promptly and reliably detects the presence of O2, CO, H2S and explosive gases (EX)<\/p>","protected":false},"featured_media":42643,"template":"","meta":{"_acf_changed":false},"product_brand":[1425],"product_cat":[112,1470,1100],"product_tag":[1292,1293],"class_list":{"0":"post-42644","1":"product","2":"type-product","3":"status-publish","4":"has-post-thumbnail","6":"product_brand-drager","7":"product_cat-accessori","8":"product_cat-localizzatori-rilevatori","9":"product_cat-attrezzatura-ftth","10":"product_tag-draeger","11":"product_tag-rilevatore-di-gas","13":"first","14":"onbackorder","15":"taxable","16":"shipping-taxable","17":"product-type-simple"},"acf":[],"tiered_pricing_type":"fixed","tiered_pricing_fixed_rules":[],"tiered_pricing_percentage_rules":[],"tiered_pricing_minimum":1,"_administrator_tiered_pricing_type":"fixed","_administrator_tiered_pricing_fixed_rules":[],"_editor_tiered_pricing_type":"fixed","_editor_tiered_pricing_fixed_rules":[],"_author_tiered_pricing_type":"fixed","_author_tiered_pricing_fixed_rules":[],"_contributor_tiered_pricing_type":"fixed","_contributor_tiered_pricing_fixed_rules":[],"_subscriber_tiered_pricing_type":"fixed","_subscriber_tiered_pricing_fixed_rules":[],"_customer_tiered_pricing_type":"fixed","_customer_tiered_pricing_fixed_rules":[],"_shop_manager_tiered_pricing_type":"fixed","_shop_manager_tiered_pricing_fixed_rules":[],"_translator_tiered_pricing_type":"fixed","_translator_tiered_pricing_fixed_rules":[],"_give_manager_tiered_pricing_type":"fixed","_give_manager_tiered_pricing_fixed_rules":[],"_give_accountant_tiered_pricing_type":"fixed","_give_accountant_tiered_pricing_fixed_rules":[],"_give_worker_tiered_pricing_type":"fixed","_give_worker_tiered_pricing_fixed_rules":[],"_give_donor_tiered_pricing_type":"fixed","_give_donor_tiered_pricing_fixed_rules":[],"_wpseo_manager_tiered_pricing_type":"fixed","_wpseo_manager_tiered_pricing_fixed_rules":[],"_wpseo_editor_tiered_pricing_type":"fixed","_wpseo_editor_tiered_pricing_fixed_rules":[],"_wholesale_buyer_tiered_pricing_type":"fixed","_wholesale_buyer_tiered_pricing_fixed_rules":[],"_wholesale_tax_free_tiered_pricing_type":"fixed","_wholesale_tax_free_tiered_pricing_fixed_rules":[],"_azienda_tiered_pricing_type":"fixed","_azienda_tiered_pricing_fixed_rules":[],"_privato_tiered_pricing_type":"fixed","_privato_tiered_pricing_fixed_rules":[],"yoast_head":"<!-- This site is optimized with the Yoast SEO Premium plugin v20.8 (Yoast SEO v27.4) - https:\/\/yoast.com\/product\/yoast-seo-premium-wordpress\/ -->\n<title>Rilevatore 4 gas Draeger XAM2500 | Rertech<\/title>\n<meta name=\"description\" content=\"Da Draeger, leader mondiale nella strumentazione di rilevazione ed analisi dei gas, lo strumento XAM2500 \u00e8 specificamente realizzato per l&#039;attivit\u00e0 di posa di cavi ed opere civili in generale.  Lo strumento rileva prontamente e con la massima affidabilit\u00e0 la presenza di O2, CO, H2S e di gas a rischio di esplosione (EX)\" \/>\n<meta name=\"robots\" content=\"index, follow, max-snippet:-1, max-image-preview:large, max-video-preview:-1\" \/>\n<link rel=\"canonical\" href=\"https:\/\/rertech.it\/en\/products\/laying-of-fiber-optic-cables\/locators-detectors\/draeger-xam2500-4-gas-detector\/\" \/>\n<meta property=\"og:locale\" content=\"en_GB\" \/>\n<meta property=\"og:type\" content=\"article\" \/>\n<meta property=\"og:title\" content=\"Rilevatore 4 gas Draeger XAM2500\" \/>\n<meta property=\"og:description\" content=\"Da Draeger, leader mondiale nella strumentazione di rilevazione ed analisi dei gas, lo strumento XAM2500 \u00e8 specificamente realizzato per l&#039;attivit\u00e0 di posa di cavi ed opere civili in generale.  Lo strumento rileva prontamente e con la massima affidabilit\u00e0 la presenza di O2, CO, H2S e di gas a rischio di esplosione (EX)\" \/>\n<meta property=\"og:url\" content=\"https:\/\/rertech.it\/en\/products\/laying-of-fiber-optic-cables\/locators-detectors\/draeger-xam2500-4-gas-detector\/\" \/>\n<meta property=\"og:site_name\" content=\"Rertech\" \/>\n<meta property=\"article:publisher\" content=\"https:\/\/www.facebook.com\/rertech.fibraottica\/\" \/>\n<meta property=\"article:modified_time\" content=\"2026-03-19T11:59:22+00:00\" \/>\n<meta property=\"og:image\" content=\"https:\/\/rertech.it\/wp-content\/uploads\/2024\/11\/XAM2500.webp\" \/>\n\t<meta property=\"og:image:width\" content=\"600\" \/>\n\t<meta property=\"og:image:height\" content=\"900\" \/>\n\t<meta property=\"og:image:type\" content=\"image\/webp\" \/>\n<meta name=\"twitter:card\" content=\"summary_large_image\" \/>\n<meta name=\"twitter:label1\" content=\"Price\" \/>\n\t<meta name=\"twitter:data1\" content=\"890.00&nbsp;&euro; Iva esclusa\" \/>\n\t<meta name=\"twitter:label2\" content=\"Availability\" \/>\n\t<meta name=\"twitter:data2\" content=\"On backorder\" \/>\n<script type=\"application\/ld+json\" class=\"yoast-schema-graph\">{\"@context\":\"https:\\\/\\\/schema.org\",\"@graph\":[{\"@type\":\"WebPage\",\"@id\":\"https:\\\/\\\/rertech.it\\\/prodotti\\\/posa-di-cavi-fibra-ottica\\\/localizzatori-rilevatori\\\/rilevatore-4-gas-draeger-xam2500\\\/\",\"url\":\"https:\\\/\\\/rertech.it\\\/prodotti\\\/posa-di-cavi-fibra-ottica\\\/localizzatori-rilevatori\\\/rilevatore-4-gas-draeger-xam2500\\\/\",\"name\":\"Rilevatore 4 gas Draeger XAM2500 | Rertech\",\"isPartOf\":{\"@id\":\"https:\\\/\\\/rertech.it\\\/#website\"},\"primaryImageOfPage\":{\"@id\":\"https:\\\/\\\/rertech.it\\\/prodotti\\\/posa-di-cavi-fibra-ottica\\\/localizzatori-rilevatori\\\/rilevatore-4-gas-draeger-xam2500\\\/#primaryimage\"},\"image\":{\"@id\":\"https:\\\/\\\/rertech.it\\\/prodotti\\\/posa-di-cavi-fibra-ottica\\\/localizzatori-rilevatori\\\/rilevatore-4-gas-draeger-xam2500\\\/#primaryimage\"},\"thumbnailUrl\":\"https:\\\/\\\/rertech.it\\\/wp-content\\\/uploads\\\/2024\\\/11\\\/XAM2500.webp\",\"datePublished\":\"2024-11-28T16:01:42+00:00\",\"dateModified\":\"2026-03-19T11:59:22+00:00\",\"description\":\"Da Draeger, leader mondiale nella strumentazione di rilevazione ed analisi dei gas, lo strumento XAM2500 \u00e8 specificamente realizzato per l'attivit\u00e0 di posa di cavi ed opere civili in generale. Lo strumento rileva prontamente e con la massima affidabilit\u00e0 la presenza di O2, CO, H2S e di gas a rischio di esplosione (EX)\",\"breadcrumb\":{\"@id\":\"https:\\\/\\\/rertech.it\\\/prodotti\\\/posa-di-cavi-fibra-ottica\\\/localizzatori-rilevatori\\\/rilevatore-4-gas-draeger-xam2500\\\/#breadcrumb\"},\"inLanguage\":\"en-GB\",\"potentialAction\":[{\"@type\":\"ReadAction\",\"target\":[\"https:\\\/\\\/rertech.it\\\/prodotti\\\/posa-di-cavi-fibra-ottica\\\/localizzatori-rilevatori\\\/rilevatore-4-gas-draeger-xam2500\\\/\"]}]},{\"@type\":\"ImageObject\",\"inLanguage\":\"en-GB\",\"@id\":\"https:\\\/\\\/rertech.it\\\/prodotti\\\/posa-di-cavi-fibra-ottica\\\/localizzatori-rilevatori\\\/rilevatore-4-gas-draeger-xam2500\\\/#primaryimage\",\"url\":\"https:\\\/\\\/rertech.it\\\/wp-content\\\/uploads\\\/2024\\\/11\\\/XAM2500.webp\",\"contentUrl\":\"https:\\\/\\\/rertech.it\\\/wp-content\\\/uploads\\\/2024\\\/11\\\/XAM2500.webp\",\"width\":600,\"height\":900,\"caption\":\"Rilevatore 4 gas draeger XAM2500\"},{\"@type\":\"BreadcrumbList\",\"@id\":\"https:\\\/\\\/rertech.it\\\/prodotti\\\/posa-di-cavi-fibra-ottica\\\/localizzatori-rilevatori\\\/rilevatore-4-gas-draeger-xam2500\\\/#breadcrumb\",\"itemListElement\":[{\"@type\":\"ListItem\",\"position\":1,\"name\":\"Home\",\"item\":\"https:\\\/\\\/rertech.it\\\/\"},{\"@type\":\"ListItem\",\"position\":2,\"name\":\"Prodotti\",\"item\":\"https:\\\/\\\/rertech.it\\\/prodotti\\\/\"},{\"@type\":\"ListItem\",\"position\":3,\"name\":\"POSA DI CAVI\",\"item\":\"https:\\\/\\\/rertech.it\\\/categoria-prodotto\\\/posa-di-cavi-fibra-ottica\\\/\"},{\"@type\":\"ListItem\",\"position\":4,\"name\":\"Localizzatori-Rilevatori\",\"item\":\"https:\\\/\\\/rertech.it\\\/categoria-prodotto\\\/posa-di-cavi-fibra-ottica\\\/localizzatori-rilevatori\\\/\"},{\"@type\":\"ListItem\",\"position\":5,\"name\":\"Rilevatore 4 gas Draeger XAM2500\"}]},{\"@type\":\"WebSite\",\"@id\":\"https:\\\/\\\/rertech.it\\\/#website\",\"url\":\"https:\\\/\\\/rertech.it\\\/\",\"name\":\"Rertech\",\"description\":\"Prodotti, attrezzatura e servizi per fibra ottica\",\"publisher\":{\"@id\":\"https:\\\/\\\/rertech.it\\\/#organization\"},\"potentialAction\":[{\"@type\":\"SearchAction\",\"target\":{\"@type\":\"EntryPoint\",\"urlTemplate\":\"https:\\\/\\\/rertech.it\\\/?s={search_term_string}\"},\"query-input\":{\"@type\":\"PropertyValueSpecification\",\"valueRequired\":true,\"valueName\":\"search_term_string\"}}],\"inLanguage\":\"en-GB\"},{\"@type\":\"Organization\",\"@id\":\"https:\\\/\\\/rertech.it\\\/#organization\",\"name\":\"RERTECH\",\"url\":\"https:\\\/\\\/rertech.it\\\/\",\"logo\":{\"@type\":\"ImageObject\",\"inLanguage\":\"en-GB\",\"@id\":\"https:\\\/\\\/rertech.it\\\/#\\\/schema\\\/logo\\\/image\\\/\",\"url\":\"https:\\\/\\\/rertech.it\\\/wp-content\\\/uploads\\\/2022\\\/03\\\/cropped-Copia-di-RERTECH-500x180-2.png\",\"contentUrl\":\"https:\\\/\\\/rertech.it\\\/wp-content\\\/uploads\\\/2022\\\/03\\\/cropped-Copia-di-RERTECH-500x180-2.png\",\"width\":512,\"height\":512,\"caption\":\"RERTECH\"},\"image\":{\"@id\":\"https:\\\/\\\/rertech.it\\\/#\\\/schema\\\/logo\\\/image\\\/\"},\"sameAs\":[\"https:\\\/\\\/www.facebook.com\\\/rertech.fibraottica\\\/\",\"https:\\\/\\\/www.instagram.com\\\/rertechfibraottica\\\/\",\"https:\\\/\\\/www.linkedin.com\\\/company\\\/rertech-fibraottica\\\/\",\"https:\\\/\\\/www.youtube.com\\\/channel\\\/UC5Sihqg7SPUcMPDCEnmQ5XQ\\\/\"]}]}<\/script>\n<meta property=\"product:price:amount\" content=\"890.000\" \/>\n<meta property=\"product:price:currency\" content=\"EUR\" \/>\n<meta property=\"og:availability\" content=\"backorder\" \/>\n<meta property=\"product:availability\" content=\"available for order\" \/>\n<meta property=\"product:retailer_item_id\" content=\"8323918\" \/>\n<meta property=\"product:condition\" content=\"new\" \/>\n<!-- \/ Yoast SEO Premium plugin. -->","yoast_head_json":{"title":"Draeger XAM2500 4-Gas Detector | Rertech","description":"From Draeger, a world leader in gas detection and analysis instrumentation, the XAM2500 instrument is specifically designed for cable laying and general civil engineering. The instrument promptly and reliably detects the presence of O2, CO, H2S, and explosive gases (EX).","robots":{"index":"index","follow":"follow","max-snippet":"max-snippet:-1","max-image-preview":"max-image-preview:large","max-video-preview":"max-video-preview:-1"},"canonical":"https:\/\/rertech.it\/en\/products\/laying-of-fiber-optic-cables\/locators-detectors\/draeger-xam2500-4-gas-detector\/","og_locale":"en_GB","og_type":"article","og_title":"Rilevatore 4 gas Draeger XAM2500","og_description":"Da Draeger, leader mondiale nella strumentazione di rilevazione ed analisi dei gas, lo strumento XAM2500 \u00e8 specificamente realizzato per l'attivit\u00e0 di posa di cavi ed opere civili in generale.  Lo strumento rileva prontamente e con la massima affidabilit\u00e0 la presenza di O2, CO, H2S e di gas a rischio di esplosione (EX)","og_url":"https:\/\/rertech.it\/en\/products\/laying-of-fiber-optic-cables\/locators-detectors\/draeger-xam2500-4-gas-detector\/","og_site_name":"Rertech","article_publisher":"https:\/\/www.facebook.com\/rertech.fibraottica\/","article_modified_time":"2026-03-19T11:59:22+00:00","og_image":[{"width":600,"height":900,"url":"https:\/\/rertech.it\/wp-content\/uploads\/2024\/11\/XAM2500.webp","type":"image\/webp"}],"twitter_card":"summary_large_image","twitter_misc":{"Price":"890.00&nbsp;&euro; Iva esclusa","Availability":"On backorder"},"schema":{"@context":"https:\/\/schema.org","@graph":[{"@type":"WebPage","@id":"https:\/\/rertech.it\/prodotti\/posa-di-cavi-fibra-ottica\/localizzatori-rilevatori\/rilevatore-4-gas-draeger-xam2500\/","url":"https:\/\/rertech.it\/prodotti\/posa-di-cavi-fibra-ottica\/localizzatori-rilevatori\/rilevatore-4-gas-draeger-xam2500\/","name":"Draeger XAM2500 4-Gas Detector | Rertech","isPartOf":{"@id":"https:\/\/rertech.it\/#website"},"primaryImageOfPage":{"@id":"https:\/\/rertech.it\/prodotti\/posa-di-cavi-fibra-ottica\/localizzatori-rilevatori\/rilevatore-4-gas-draeger-xam2500\/#primaryimage"},"image":{"@id":"https:\/\/rertech.it\/prodotti\/posa-di-cavi-fibra-ottica\/localizzatori-rilevatori\/rilevatore-4-gas-draeger-xam2500\/#primaryimage"},"thumbnailUrl":"https:\/\/rertech.it\/wp-content\/uploads\/2024\/11\/XAM2500.webp","datePublished":"2024-11-28T16:01:42+00:00","dateModified":"2026-03-19T11:59:22+00:00","description":"Da Draeger, leader mondiale nella strumentazione di rilevazione ed analisi dei gas, lo strumento XAM2500 \u00e8 specificamente realizzato per l'attivit\u00e0 di posa di cavi ed opere civili in generale. Lo strumento rileva prontamente e con la massima affidabilit\u00e0 la presenza di O2, CO, H2S e di gas a rischio di esplosione (EX)","breadcrumb":{"@id":"https:\/\/rertech.it\/prodotti\/posa-di-cavi-fibra-ottica\/localizzatori-rilevatori\/rilevatore-4-gas-draeger-xam2500\/#breadcrumb"},"inLanguage":"en-GB","potentialAction":[{"@type":"ReadAction","target":["https:\/\/rertech.it\/prodotti\/posa-di-cavi-fibra-ottica\/localizzatori-rilevatori\/rilevatore-4-gas-draeger-xam2500\/"]}]},{"@type":"ImageObject","inLanguage":"en-GB","@id":"https:\/\/rertech.it\/prodotti\/posa-di-cavi-fibra-ottica\/localizzatori-rilevatori\/rilevatore-4-gas-draeger-xam2500\/#primaryimage","url":"https:\/\/rertech.it\/wp-content\/uploads\/2024\/11\/XAM2500.webp","contentUrl":"https:\/\/rertech.it\/wp-content\/uploads\/2024\/11\/XAM2500.webp","width":600,"height":900,"caption":"Rilevatore 4 gas draeger XAM2500"},{"@type":"BreadcrumbList","@id":"https:\/\/rertech.it\/prodotti\/posa-di-cavi-fibra-ottica\/localizzatori-rilevatori\/rilevatore-4-gas-draeger-xam2500\/#breadcrumb","itemListElement":[{"@type":"ListItem","position":1,"name":"Home","item":"https:\/\/rertech.it\/"},{"@type":"ListItem","position":2,"name":"Prodotti","item":"https:\/\/rertech.it\/prodotti\/"},{"@type":"ListItem","position":3,"name":"POSA DI CAVI","item":"https:\/\/rertech.it\/categoria-prodotto\/posa-di-cavi-fibra-ottica\/"},{"@type":"ListItem","position":4,"name":"Localizzatori-Rilevatori","item":"https:\/\/rertech.it\/categoria-prodotto\/posa-di-cavi-fibra-ottica\/localizzatori-rilevatori\/"},{"@type":"ListItem","position":5,"name":"Rilevatore 4 gas Draeger XAM2500"}]},{"@type":"WebSite","@id":"https:\/\/rertech.it\/#website","url":"https:\/\/rertech.it\/","name":"Rertech","description":"Fiber Optic Products, Equipment and Services","publisher":{"@id":"https:\/\/rertech.it\/#organization"},"potentialAction":[{"@type":"SearchAction","target":{"@type":"EntryPoint","urlTemplate":"https:\/\/rertech.it\/?s={search_term_string}"},"query-input":{"@type":"PropertyValueSpecification","valueRequired":true,"valueName":"search_term_string"}}],"inLanguage":"en-GB"},{"@type":"Organization","@id":"https:\/\/rertech.it\/#organization","name":"RERTECH","url":"https:\/\/rertech.it\/","logo":{"@type":"ImageObject","inLanguage":"en-GB","@id":"https:\/\/rertech.it\/#\/schema\/logo\/image\/","url":"https:\/\/rertech.it\/wp-content\/uploads\/2022\/03\/cropped-Copia-di-RERTECH-500x180-2.png","contentUrl":"https:\/\/rertech.it\/wp-content\/uploads\/2022\/03\/cropped-Copia-di-RERTECH-500x180-2.png","width":512,"height":512,"caption":"RERTECH"},"image":{"@id":"https:\/\/rertech.it\/#\/schema\/logo\/image\/"},"sameAs":["https:\/\/www.facebook.com\/rertech.fibraottica\/","https:\/\/www.instagram.com\/rertechfibraottica\/","https:\/\/www.linkedin.com\/company\/rertech-fibraottica\/","https:\/\/www.youtube.com\/channel\/UC5Sihqg7SPUcMPDCEnmQ5XQ\/"]}]},"product_price_amount":"890.000","product_price_currency":"EUR","og_availability":"backorder","product_availability":"available for order","product_retailer_item_id":"8323918","product_condition":"new"},"_links":{"self":[{"href":"https:\/\/rertech.it\/en\/wp-json\/wp\/v2\/product\/42644","targetHints":{"allow":["GET"]}}],"collection":[{"href":"https:\/\/rertech.it\/en\/wp-json\/wp\/v2\/product"}],"about":[{"href":"https:\/\/rertech.it\/en\/wp-json\/wp\/v2\/types\/product"}],"wp:featuredmedia":[{"embeddable":true,"href":"https:\/\/rertech.it\/en\/wp-json\/wp\/v2\/media\/42643"}],"wp:attachment":[{"href":"https:\/\/rertech.it\/en\/wp-json\/wp\/v2\/media?parent=42644"}],"wp:term":[{"taxonomy":"product_brand","embeddable":true,"href":"https:\/\/rertech.it\/en\/wp-json\/wp\/v2\/product_brand?post=42644"},{"taxonomy":"product_cat","embeddable":true,"href":"https:\/\/rertech.it\/en\/wp-json\/wp\/v2\/product_cat?post=42644"},{"taxonomy":"product_tag","embeddable":true,"href":"https:\/\/rertech.it\/en\/wp-json\/wp\/v2\/product_tag?post=42644"}],"curies":[{"name":"wp","href":"https:\/\/api.w.org\/{rel}","templated":true}]}}