{"id":42849,"date":"2024-12-20T17:34:49","date_gmt":"2024-12-20T16:34:49","guid":{"rendered":"https:\/\/rertech.it\/?post_type=product&#038;p=42849"},"modified":"2026-04-20T08:00:10","modified_gmt":"2026-02-09T13:08:09","slug":"otdr-quad-sm-mm-trend-networks-fibermaster-2","status":"publish","type":"product","link":"https:\/\/rertech.it\/en\/prodotti\/collaudo-e-manutenzione\/reti-in-fibra-ottica\/otdr-quad-sm-mm-trend-networks-fibermaster-2\/","title":{"rendered":"OTDR Quad (SM\/MM) Trend Networks Fibermaster"},"content":{"rendered":"<h4>Features of the Quad Trend Networks Fibermaster OTDR<\/h4>\n<ul>\n<li>Compact and powerful<\/li>\n<li>Specific for analysis, certification and troubleshooting in the IT and networking fields<\/li>\n<li>Simplified setting of test parameters, no specific expertise in OTDRs is required<\/li>\n<li>Single-mode (1310\/1550 nm, 37\/38 dB) and multimode (850\/1300 nm, 29\/30 dB) ports<\/li>\n<li>SC connector (ST or FC optional)<\/li>\n<li>Integrated VFL (red laser) and OPM (power meter)<\/li>\n<li>Pass\/fail thresholds according to IEC61300-3-35 standard<\/li>\n<li>Compatible with connector ferrule inspection microscopes (e.g., <a href=\"https:\/\/rertech.it\/en\/products\/testing-and-maintenance\/fiber-optic-networks\/digital-microscope-for-optical-connectors-di1000\/\" target=\"_blank\" rel=\"noopener\">DI-1000<\/a>)<\/li>\n<li>Powered by Li-Ion battery<\/li>\n<\/ul>\n<p>&nbsp;<\/p>\n<p><strong>RERTECH is a Master Distribution Partner of Trend Networks<\/strong><\/p>\n<p><a href=\"https:\/\/rertech.it\/wp-content\/uploads\/2026\/02\/Rivenditori-Rertech-prodotti-Trend-Networks-01-01-26.pdf\" target=\"_blank\" rel=\"noopener\"><strong>BUY FROM ONE OF OUR DEALERS<\/strong><\/a><\/p>","protected":false},"excerpt":{"rendered":"<p>The Fibermaster OTDR is a powerful tool for analyzing, certifying and troubleshooting single-mode and multimode fiber optical links.<\/p>\n<p>The Fibermaster is a compact tool (it can be used with just one hand) and very effective, because it is specifically designed for operators in the IT\/Networking sector, thanks to a measurement setup menu that does not require detailed skills, other than identifying the measurement&#039;s regulatory references and the network type (speed and type of fiber).<\/p>\n<p><strong>RERTECH is a Master Distribution Partner of Trend Networks<\/strong><\/p>\n<p><a href=\"https:\/\/rertech.it\/wp-content\/uploads\/2026\/02\/Rivenditori-Rertech-prodotti-Trend-Networks-01-01-26.pdf\" target=\"_blank\" rel=\"noopener\"><strong>BUY FROM ONE OF OUR DEALERS<\/strong><\/a><\/p>","protected":false},"featured_media":42794,"template":"","meta":{"_acf_changed":false},"product_brand":[1426],"product_cat":[121],"product_tag":[1325,1326,170,1310,167],"class_list":{"0":"post-42849","1":"product","2":"type-product","3":"status-publish","4":"has-post-thumbnail","6":"product_brand-trend-networks","7":"product_cat-reti-in-fibra-ottica","8":"product_tag-optifiber","9":"product_tag-otdr-flike","10":"product_tag-otdr-monomodale","11":"product_tag-otdr-multimodale","12":"product_tag-otdr-quad","14":"first","15":"instock","16":"taxable","17":"shipping-taxable","18":"product-type-simple"},"acf":[],"tiered_pricing_type":"fixed","tiered_pricing_fixed_rules":[],"tiered_pricing_percentage_rules":[],"tiered_pricing_minimum":1,"_administrator_tiered_pricing_type":"fixed","_administrator_tiered_pricing_fixed_rules":[],"_editor_tiered_pricing_type":"fixed","_editor_tiered_pricing_fixed_rules":[],"_author_tiered_pricing_type":"fixed","_author_tiered_pricing_fixed_rules":[],"_contributor_tiered_pricing_type":"fixed","_contributor_tiered_pricing_fixed_rules":[],"_subscriber_tiered_pricing_type":"fixed","_subscriber_tiered_pricing_fixed_rules":[],"_customer_tiered_pricing_type":"fixed","_customer_tiered_pricing_fixed_rules":[],"_shop_manager_tiered_pricing_type":"fixed","_shop_manager_tiered_pricing_fixed_rules":[],"_translator_tiered_pricing_type":"fixed","_translator_tiered_pricing_fixed_rules":[],"_give_manager_tiered_pricing_type":"fixed","_give_manager_tiered_pricing_fixed_rules":[],"_give_accountant_tiered_pricing_type":"fixed","_give_accountant_tiered_pricing_fixed_rules":[],"_give_worker_tiered_pricing_type":"fixed","_give_worker_tiered_pricing_fixed_rules":[],"_give_donor_tiered_pricing_type":"fixed","_give_donor_tiered_pricing_fixed_rules":[],"_wpseo_manager_tiered_pricing_type":"fixed","_wpseo_manager_tiered_pricing_fixed_rules":[],"_wpseo_editor_tiered_pricing_type":"fixed","_wpseo_editor_tiered_pricing_fixed_rules":[],"_wholesale_buyer_tiered_pricing_type":"fixed","_wholesale_buyer_tiered_pricing_fixed_rules":[],"_wholesale_tax_free_tiered_pricing_type":"fixed","_wholesale_tax_free_tiered_pricing_fixed_rules":[],"_azienda_tiered_pricing_type":"fixed","_azienda_tiered_pricing_fixed_rules":[],"_privato_tiered_pricing_type":"fixed","_privato_tiered_pricing_fixed_rules":[],"yoast_head":"<!-- This site is optimized with the Yoast SEO Premium plugin v20.8 (Yoast SEO v27.4) - https:\/\/yoast.com\/product\/yoast-seo-premium-wordpress\/ -->\n<title>OTDR Quad (SM\/MM) Trend Networks Fibermaster | Rertech<\/title>\n<meta name=\"description\" content=\"L&#039;otdr Fibermaster \u00e8 un potente strumento per l&#039;analisi, la certificazione e la ricerca guasti di link ottici in fibra monomodale e multimodale  Il Fibermaster \u00e8 uno strumento compatto (si utilizza con una sola mano) e molto efficace, perch\u00e8 \u00e8 studiato specificamente per operatori del settore IT\/Networking, grazie un men\u00f9 di impostazione della misura che non richiede competenze dettagliate, se non identificare i riferimenti normativi della misura e la tipologia di rete (velocit\u00e0 e tipo di fibra)  RERTECH \u00e8 Master Distribution Partner di Trend Networks  ACQUISTA DA UN NOSTRO RIVENDITORE\" \/>\n<meta name=\"robots\" content=\"index, follow, max-snippet:-1, max-image-preview:large, max-video-preview:-1\" \/>\n<link rel=\"canonical\" href=\"https:\/\/rertech.it\/en\/products\/testing-and-maintenance\/fiber-optic-networks\/otdr-quad-sm-mm-trend-networks-fibermaster-2\/\" \/>\n<meta property=\"og:locale\" content=\"en_GB\" \/>\n<meta property=\"og:type\" content=\"article\" \/>\n<meta property=\"og:title\" content=\"OTDR Quad (SM\/MM) Trend Networks Fibermaster\" \/>\n<meta property=\"og:description\" content=\"L&#039;otdr Fibermaster \u00e8 un potente strumento per l&#039;analisi, la certificazione e la ricerca guasti di link ottici in fibra monomodale e multimodale  Il Fibermaster \u00e8 uno strumento compatto (si utilizza con una sola mano) e molto efficace, perch\u00e8 \u00e8 studiato specificamente per operatori del settore IT\/Networking, grazie un men\u00f9 di impostazione della misura che non richiede competenze dettagliate, se non identificare i riferimenti normativi della misura e la tipologia di rete (velocit\u00e0 e tipo di fibra)  RERTECH \u00e8 Master Distribution Partner di Trend Networks  ACQUISTA DA UN NOSTRO RIVENDITORE\" \/>\n<meta property=\"og:url\" content=\"https:\/\/rertech.it\/en\/products\/testing-and-maintenance\/fiber-optic-networks\/otdr-quad-sm-mm-trend-networks-fibermaster-2\/\" \/>\n<meta property=\"og:site_name\" content=\"Rertech\" \/>\n<meta property=\"article:publisher\" content=\"https:\/\/www.facebook.com\/rertech.fibraottica\/\" \/>\n<meta property=\"article:modified_time\" content=\"2026-02-09T13:08:09+00:00\" \/>\n<meta property=\"og:image\" content=\"https:\/\/rertech.it\/wp-content\/uploads\/2024\/12\/Mid-range-OTDR-FiberMASTER-NEW-1.webp\" \/>\n\t<meta property=\"og:image:width\" content=\"900\" \/>\n\t<meta property=\"og:image:height\" content=\"900\" \/>\n\t<meta property=\"og:image:type\" content=\"image\/webp\" \/>\n<meta name=\"twitter:card\" content=\"summary_large_image\" \/>\n<meta name=\"twitter:label1\" content=\"Price\" \/>\n\t<meta name=\"twitter:data1\" content=\"\" \/>\n\t<meta name=\"twitter:label2\" content=\"Availability\" \/>\n\t<meta name=\"twitter:data2\" content=\"In stock\" \/>\n<script type=\"application\/ld+json\" class=\"yoast-schema-graph\">{\"@context\":\"https:\\\/\\\/schema.org\",\"@graph\":[{\"@type\":\"WebPage\",\"@id\":\"https:\\\/\\\/rertech.it\\\/prodotti\\\/collaudo-e-manutenzione\\\/reti-in-fibra-ottica\\\/otdr-quad-sm-mm-trend-networks-fibermaster-2\\\/\",\"url\":\"https:\\\/\\\/rertech.it\\\/prodotti\\\/collaudo-e-manutenzione\\\/reti-in-fibra-ottica\\\/otdr-quad-sm-mm-trend-networks-fibermaster-2\\\/\",\"name\":\"OTDR Quad (SM\\\/MM) Trend Networks Fibermaster | Rertech\",\"isPartOf\":{\"@id\":\"https:\\\/\\\/rertech.it\\\/#website\"},\"primaryImageOfPage\":{\"@id\":\"https:\\\/\\\/rertech.it\\\/prodotti\\\/collaudo-e-manutenzione\\\/reti-in-fibra-ottica\\\/otdr-quad-sm-mm-trend-networks-fibermaster-2\\\/#primaryimage\"},\"image\":{\"@id\":\"https:\\\/\\\/rertech.it\\\/prodotti\\\/collaudo-e-manutenzione\\\/reti-in-fibra-ottica\\\/otdr-quad-sm-mm-trend-networks-fibermaster-2\\\/#primaryimage\"},\"thumbnailUrl\":\"https:\\\/\\\/rertech.it\\\/wp-content\\\/uploads\\\/2024\\\/12\\\/Mid-range-OTDR-FiberMASTER-NEW-1.webp\",\"datePublished\":\"2024-12-20T16:34:49+00:00\",\"dateModified\":\"2026-02-09T13:08:09+00:00\",\"description\":\"L'otdr Fibermaster \u00e8 un potente strumento per l'analisi, la certificazione e la ricerca guasti di link ottici in fibra monomodale e multimodale Il Fibermaster \u00e8 uno strumento compatto (si utilizza con una sola mano) e molto efficace, perch\u00e8 \u00e8 studiato specificamente per operatori del settore IT\\\/Networking, grazie un men\u00f9 di impostazione della misura che non richiede competenze dettagliate, se non identificare i riferimenti normativi della misura e la tipologia di rete (velocit\u00e0 e tipo di fibra) RERTECH \u00e8 Master Distribution Partner di Trend Networks ACQUISTA DA UN NOSTRO RIVENDITORE\",\"breadcrumb\":{\"@id\":\"https:\\\/\\\/rertech.it\\\/prodotti\\\/collaudo-e-manutenzione\\\/reti-in-fibra-ottica\\\/otdr-quad-sm-mm-trend-networks-fibermaster-2\\\/#breadcrumb\"},\"inLanguage\":\"en-GB\",\"potentialAction\":[{\"@type\":\"ReadAction\",\"target\":[\"https:\\\/\\\/rertech.it\\\/prodotti\\\/collaudo-e-manutenzione\\\/reti-in-fibra-ottica\\\/otdr-quad-sm-mm-trend-networks-fibermaster-2\\\/\"]}]},{\"@type\":\"ImageObject\",\"inLanguage\":\"en-GB\",\"@id\":\"https:\\\/\\\/rertech.it\\\/prodotti\\\/collaudo-e-manutenzione\\\/reti-in-fibra-ottica\\\/otdr-quad-sm-mm-trend-networks-fibermaster-2\\\/#primaryimage\",\"url\":\"https:\\\/\\\/rertech.it\\\/wp-content\\\/uploads\\\/2024\\\/12\\\/Mid-range-OTDR-FiberMASTER-NEW-1.webp\",\"contentUrl\":\"https:\\\/\\\/rertech.it\\\/wp-content\\\/uploads\\\/2024\\\/12\\\/Mid-range-OTDR-FiberMASTER-NEW-1.webp\",\"width\":900,\"height\":900,\"caption\":\"trend fibermaster OTDR quad\"},{\"@type\":\"BreadcrumbList\",\"@id\":\"https:\\\/\\\/rertech.it\\\/prodotti\\\/collaudo-e-manutenzione\\\/reti-in-fibra-ottica\\\/otdr-quad-sm-mm-trend-networks-fibermaster-2\\\/#breadcrumb\",\"itemListElement\":[{\"@type\":\"ListItem\",\"position\":1,\"name\":\"Home\",\"item\":\"https:\\\/\\\/rertech.it\\\/\"},{\"@type\":\"ListItem\",\"position\":2,\"name\":\"Prodotti\",\"item\":\"https:\\\/\\\/rertech.it\\\/prodotti\\\/\"},{\"@type\":\"ListItem\",\"position\":3,\"name\":\"COLLAUDO e MANUTENZIONE\",\"item\":\"https:\\\/\\\/rertech.it\\\/categoria-prodotto\\\/collaudo-e-manutenzione\\\/\"},{\"@type\":\"ListItem\",\"position\":4,\"name\":\"Reti in fibra ottica\",\"item\":\"https:\\\/\\\/rertech.it\\\/categoria-prodotto\\\/collaudo-e-manutenzione\\\/reti-in-fibra-ottica\\\/\"},{\"@type\":\"ListItem\",\"position\":5,\"name\":\"OTDR Quad (SM\\\/MM) Trend Networks Fibermaster\"}]},{\"@type\":\"WebSite\",\"@id\":\"https:\\\/\\\/rertech.it\\\/#website\",\"url\":\"https:\\\/\\\/rertech.it\\\/\",\"name\":\"Rertech\",\"description\":\"Prodotti, attrezzatura e servizi per fibra ottica\",\"publisher\":{\"@id\":\"https:\\\/\\\/rertech.it\\\/#organization\"},\"potentialAction\":[{\"@type\":\"SearchAction\",\"target\":{\"@type\":\"EntryPoint\",\"urlTemplate\":\"https:\\\/\\\/rertech.it\\\/?s={search_term_string}\"},\"query-input\":{\"@type\":\"PropertyValueSpecification\",\"valueRequired\":true,\"valueName\":\"search_term_string\"}}],\"inLanguage\":\"en-GB\"},{\"@type\":\"Organization\",\"@id\":\"https:\\\/\\\/rertech.it\\\/#organization\",\"name\":\"RERTECH\",\"url\":\"https:\\\/\\\/rertech.it\\\/\",\"logo\":{\"@type\":\"ImageObject\",\"inLanguage\":\"en-GB\",\"@id\":\"https:\\\/\\\/rertech.it\\\/#\\\/schema\\\/logo\\\/image\\\/\",\"url\":\"https:\\\/\\\/rertech.it\\\/wp-content\\\/uploads\\\/2022\\\/03\\\/cropped-Copia-di-RERTECH-500x180-2.png\",\"contentUrl\":\"https:\\\/\\\/rertech.it\\\/wp-content\\\/uploads\\\/2022\\\/03\\\/cropped-Copia-di-RERTECH-500x180-2.png\",\"width\":512,\"height\":512,\"caption\":\"RERTECH\"},\"image\":{\"@id\":\"https:\\\/\\\/rertech.it\\\/#\\\/schema\\\/logo\\\/image\\\/\"},\"sameAs\":[\"https:\\\/\\\/www.facebook.com\\\/rertech.fibraottica\\\/\",\"https:\\\/\\\/www.instagram.com\\\/rertechfibraottica\\\/\",\"https:\\\/\\\/www.linkedin.com\\\/company\\\/rertech-fibraottica\\\/\",\"https:\\\/\\\/www.youtube.com\\\/channel\\\/UC5Sihqg7SPUcMPDCEnmQ5XQ\\\/\"]}]}<\/script>\n<meta property=\"product:price:currency\" content=\"EUR\" \/>\n<meta property=\"og:availability\" content=\"instock\" \/>\n<meta property=\"product:availability\" content=\"instock\" \/>\n<meta property=\"product:retailer_item_id\" content=\"R240-QIP\" \/>\n<meta property=\"product:condition\" content=\"new\" \/>\n<!-- \/ Yoast SEO Premium plugin. -->","yoast_head_json":{"title":"OTDR Quad (SM\/MM) Trend Networks Fibermaster | Rertech","description":"The Fibermaster OTDR is a powerful tool for the analysis, certification and troubleshooting of single-mode and multi-mode fiber optical links. The Fibermaster is a compact (one-handed use) and very effective tool, because it is specifically designed for IT\/Networking operators, thanks to a measurement setup menu that does not require detailed skills, other than identifying the measurement regulatory references and the network type (speed and fiber type). RERTECH is a Master Distribution Partner of Trend Networks. BUY FROM ONE OF OUR RESELLERS.","robots":{"index":"index","follow":"follow","max-snippet":"max-snippet:-1","max-image-preview":"max-image-preview:large","max-video-preview":"max-video-preview:-1"},"canonical":"https:\/\/rertech.it\/en\/products\/testing-and-maintenance\/fiber-optic-networks\/otdr-quad-sm-mm-trend-networks-fibermaster-2\/","og_locale":"en_GB","og_type":"article","og_title":"OTDR Quad (SM\/MM) Trend Networks Fibermaster","og_description":"L'otdr Fibermaster \u00e8 un potente strumento per l'analisi, la certificazione e la ricerca guasti di link ottici in fibra monomodale e multimodale  Il Fibermaster \u00e8 uno strumento compatto (si utilizza con una sola mano) e molto efficace, perch\u00e8 \u00e8 studiato specificamente per operatori del settore IT\/Networking, grazie un men\u00f9 di impostazione della misura che non richiede competenze dettagliate, se non identificare i riferimenti normativi della misura e la tipologia di rete (velocit\u00e0 e tipo di fibra)  RERTECH \u00e8 Master Distribution Partner di Trend Networks  ACQUISTA DA UN NOSTRO RIVENDITORE","og_url":"https:\/\/rertech.it\/en\/products\/testing-and-maintenance\/fiber-optic-networks\/otdr-quad-sm-mm-trend-networks-fibermaster-2\/","og_site_name":"Rertech","article_publisher":"https:\/\/www.facebook.com\/rertech.fibraottica\/","article_modified_time":"2026-02-09T13:08:09+00:00","og_image":[{"width":900,"height":900,"url":"https:\/\/rertech.it\/wp-content\/uploads\/2024\/12\/Mid-range-OTDR-FiberMASTER-NEW-1.webp","type":"image\/webp"}],"twitter_card":"summary_large_image","twitter_misc":{"Price":"","Availability":"In stock"},"schema":{"@context":"https:\/\/schema.org","@graph":[{"@type":"WebPage","@id":"https:\/\/rertech.it\/prodotti\/collaudo-e-manutenzione\/reti-in-fibra-ottica\/otdr-quad-sm-mm-trend-networks-fibermaster-2\/","url":"https:\/\/rertech.it\/prodotti\/collaudo-e-manutenzione\/reti-in-fibra-ottica\/otdr-quad-sm-mm-trend-networks-fibermaster-2\/","name":"OTDR Quad (SM\/MM) Trend Networks Fibermaster | Rertech","isPartOf":{"@id":"https:\/\/rertech.it\/#website"},"primaryImageOfPage":{"@id":"https:\/\/rertech.it\/prodotti\/collaudo-e-manutenzione\/reti-in-fibra-ottica\/otdr-quad-sm-mm-trend-networks-fibermaster-2\/#primaryimage"},"image":{"@id":"https:\/\/rertech.it\/prodotti\/collaudo-e-manutenzione\/reti-in-fibra-ottica\/otdr-quad-sm-mm-trend-networks-fibermaster-2\/#primaryimage"},"thumbnailUrl":"https:\/\/rertech.it\/wp-content\/uploads\/2024\/12\/Mid-range-OTDR-FiberMASTER-NEW-1.webp","datePublished":"2024-12-20T16:34:49+00:00","dateModified":"2026-02-09T13:08:09+00:00","description":"The Fibermaster OTDR is a powerful tool for the analysis, certification and troubleshooting of single-mode and multi-mode fiber optical links. The Fibermaster is a compact (one-handed use) and very effective tool, because it is specifically designed for IT\/Networking operators, thanks to a measurement setup menu that does not require detailed skills, other than identifying the measurement regulatory references and the network type (speed and fiber type). RERTECH is a Master Distribution Partner of Trend Networks. BUY FROM ONE OF OUR RESELLERS.","breadcrumb":{"@id":"https:\/\/rertech.it\/prodotti\/collaudo-e-manutenzione\/reti-in-fibra-ottica\/otdr-quad-sm-mm-trend-networks-fibermaster-2\/#breadcrumb"},"inLanguage":"en-GB","potentialAction":[{"@type":"ReadAction","target":["https:\/\/rertech.it\/prodotti\/collaudo-e-manutenzione\/reti-in-fibra-ottica\/otdr-quad-sm-mm-trend-networks-fibermaster-2\/"]}]},{"@type":"ImageObject","inLanguage":"en-GB","@id":"https:\/\/rertech.it\/prodotti\/collaudo-e-manutenzione\/reti-in-fibra-ottica\/otdr-quad-sm-mm-trend-networks-fibermaster-2\/#primaryimage","url":"https:\/\/rertech.it\/wp-content\/uploads\/2024\/12\/Mid-range-OTDR-FiberMASTER-NEW-1.webp","contentUrl":"https:\/\/rertech.it\/wp-content\/uploads\/2024\/12\/Mid-range-OTDR-FiberMASTER-NEW-1.webp","width":900,"height":900,"caption":"trend fibermaster OTDR quad"},{"@type":"BreadcrumbList","@id":"https:\/\/rertech.it\/prodotti\/collaudo-e-manutenzione\/reti-in-fibra-ottica\/otdr-quad-sm-mm-trend-networks-fibermaster-2\/#breadcrumb","itemListElement":[{"@type":"ListItem","position":1,"name":"Home","item":"https:\/\/rertech.it\/"},{"@type":"ListItem","position":2,"name":"Prodotti","item":"https:\/\/rertech.it\/prodotti\/"},{"@type":"ListItem","position":3,"name":"COLLAUDO e MANUTENZIONE","item":"https:\/\/rertech.it\/categoria-prodotto\/collaudo-e-manutenzione\/"},{"@type":"ListItem","position":4,"name":"Reti in fibra ottica","item":"https:\/\/rertech.it\/categoria-prodotto\/collaudo-e-manutenzione\/reti-in-fibra-ottica\/"},{"@type":"ListItem","position":5,"name":"OTDR Quad (SM\/MM) Trend Networks Fibermaster"}]},{"@type":"WebSite","@id":"https:\/\/rertech.it\/#website","url":"https:\/\/rertech.it\/","name":"Rertech","description":"Fiber Optic Products, Equipment and Services","publisher":{"@id":"https:\/\/rertech.it\/#organization"},"potentialAction":[{"@type":"SearchAction","target":{"@type":"EntryPoint","urlTemplate":"https:\/\/rertech.it\/?s={search_term_string}"},"query-input":{"@type":"PropertyValueSpecification","valueRequired":true,"valueName":"search_term_string"}}],"inLanguage":"en-GB"},{"@type":"Organization","@id":"https:\/\/rertech.it\/#organization","name":"RERTECH","url":"https:\/\/rertech.it\/","logo":{"@type":"ImageObject","inLanguage":"en-GB","@id":"https:\/\/rertech.it\/#\/schema\/logo\/image\/","url":"https:\/\/rertech.it\/wp-content\/uploads\/2022\/03\/cropped-Copia-di-RERTECH-500x180-2.png","contentUrl":"https:\/\/rertech.it\/wp-content\/uploads\/2022\/03\/cropped-Copia-di-RERTECH-500x180-2.png","width":512,"height":512,"caption":"RERTECH"},"image":{"@id":"https:\/\/rertech.it\/#\/schema\/logo\/image\/"},"sameAs":["https:\/\/www.facebook.com\/rertech.fibraottica\/","https:\/\/www.instagram.com\/rertechfibraottica\/","https:\/\/www.linkedin.com\/company\/rertech-fibraottica\/","https:\/\/www.youtube.com\/channel\/UC5Sihqg7SPUcMPDCEnmQ5XQ\/"]}]},"product_price_currency":"EUR","og_availability":"instock","product_availability":"instock","product_retailer_item_id":"R240-QIP","product_condition":"new"},"_links":{"self":[{"href":"https:\/\/rertech.it\/en\/wp-json\/wp\/v2\/product\/42849","targetHints":{"allow":["GET"]}}],"collection":[{"href":"https:\/\/rertech.it\/en\/wp-json\/wp\/v2\/product"}],"about":[{"href":"https:\/\/rertech.it\/en\/wp-json\/wp\/v2\/types\/product"}],"wp:featuredmedia":[{"embeddable":true,"href":"https:\/\/rertech.it\/en\/wp-json\/wp\/v2\/media\/42794"}],"wp:attachment":[{"href":"https:\/\/rertech.it\/en\/wp-json\/wp\/v2\/media?parent=42849"}],"wp:term":[{"taxonomy":"product_brand","embeddable":true,"href":"https:\/\/rertech.it\/en\/wp-json\/wp\/v2\/product_brand?post=42849"},{"taxonomy":"product_cat","embeddable":true,"href":"https:\/\/rertech.it\/en\/wp-json\/wp\/v2\/product_cat?post=42849"},{"taxonomy":"product_tag","embeddable":true,"href":"https:\/\/rertech.it\/en\/wp-json\/wp\/v2\/product_tag?post=42849"}],"curies":[{"name":"wp","href":"https:\/\/api.w.org\/{rel}","templated":true}]}}