{"id":43050,"date":"2025-02-27T16:17:40","date_gmt":"2025-02-27T15:17:40","guid":{"rendered":"https:\/\/rertech.it\/?post_type=product&#038;p=43050"},"modified":"2025-10-17T15:50:35","modified_gmt":"2025-10-17T13:50:35","slug":"ftth-delivery-kit","status":"publish","type":"product","link":"https:\/\/rertech.it\/en\/prodotti\/installazione-reti-telecomunicazioni-trasmissione-dati\/accessori-per-giuntatrici\/kit-per-ftth-delivery\/","title":{"rendered":"FTTH delivery kit"},"content":{"rendered":"<h4>Features of the FTTH delivery kit<\/h4>\n<p>The kit includes:<\/p>\n<ul>\n<li>A couple of <a href=\"https:\/\/rertech.it\/en\/products\/installation-telecommunication-and-data-transmission-networks\/fiber-optic-fusion-splicers\/pair-of-250-micron-removable-magnetic-media\/\" target=\"_blank\" rel=\"noopener\">magnetic supports for 250 micron fiber<\/a>, compatible with <a href=\"https:\/\/rertech.it\/en\/products\/installation-telecommunication-and-data-transmission-networks\/fiber-optic-fusion-splicers\/comway-a33-fiber-optic-fusion-splicer\/\" target=\"_blank\" rel=\"noopener\">Comway A33<\/a> and Fujikura FH-70-250<\/li>\n<li>A couple of <a href=\"https:\/\/rertech.it\/en\/products\/installation-telecommunication-and-data-transmission-networks\/fiber-optic-fusion-splicers\/pair-of-900-micron-removable-magnetic-media\/\" target=\"_blank\" rel=\"noopener\">magnetic supports for 900 micron fiber<\/a>, compatible with <a href=\"https:\/\/rertech.it\/en\/products\/installation-telecommunication-and-data-transmission-networks\/fiber-optic-fusion-splicers\/comway-a33-fiber-optic-fusion-splicer\/\" target=\"_blank\" rel=\"noopener\">Comway A33<\/a> and Fujikura FH-70-250<\/li>\n<li>A <a href=\"https:\/\/rertech.it\/en\/products\/installation-telecommunication-and-data-transmission-networks\/splicer-accessories\/hands-free-splicer-harness\/\" target=\"_blank\" rel=\"noopener\">hands-free kit<\/a> to operate the shoulder splicer<\/li>\n<\/ul>","protected":false},"excerpt":{"rendered":"<p>This kit is a great tool to increase productivity in FTTH delivery activities.<\/p>\n<p>The harness kit allows you to comfortably carry the splicer over your shoulder for fully hands-free operation, and also includes a convenient pouch to store other tools.<\/p>\n<p>The magnetic supports (250 and 900 microns) make cleaning and cutting the fibre easier, without wasting time.<\/p>","protected":false},"featured_media":43052,"template":"","meta":{"_acf_changed":false},"product_brand":[1420],"product_cat":[1156,1100],"product_tag":[],"class_list":{"0":"post-43050","1":"product","2":"type-product","3":"status-publish","4":"has-post-thumbnail","6":"product_brand-comway","7":"product_cat-accessori-per-giuntatrici","8":"product_cat-attrezzatura-ftth","10":"first","11":"instock","12":"taxable","13":"shipping-taxable","14":"product-type-simple"},"acf":[],"tiered_pricing_type":"fixed","tiered_pricing_fixed_rules":[],"tiered_pricing_percentage_rules":[],"tiered_pricing_minimum":1,"_administrator_tiered_pricing_type":"fixed","_administrator_tiered_pricing_fixed_rules":[],"_editor_tiered_pricing_type":"fixed","_editor_tiered_pricing_fixed_rules":[],"_author_tiered_pricing_type":"fixed","_author_tiered_pricing_fixed_rules":[],"_contributor_tiered_pricing_type":"fixed","_contributor_tiered_pricing_fixed_rules":[],"_subscriber_tiered_pricing_type":"fixed","_subscriber_tiered_pricing_fixed_rules":[],"_customer_tiered_pricing_type":"fixed","_customer_tiered_pricing_fixed_rules":[],"_shop_manager_tiered_pricing_type":"fixed","_shop_manager_tiered_pricing_fixed_rules":[],"_translator_tiered_pricing_type":"fixed","_translator_tiered_pricing_fixed_rules":[],"_give_manager_tiered_pricing_type":"fixed","_give_manager_tiered_pricing_fixed_rules":[],"_give_accountant_tiered_pricing_type":"fixed","_give_accountant_tiered_pricing_fixed_rules":[],"_give_worker_tiered_pricing_type":"fixed","_give_worker_tiered_pricing_fixed_rules":[],"_give_donor_tiered_pricing_type":"fixed","_give_donor_tiered_pricing_fixed_rules":[],"_wpseo_manager_tiered_pricing_type":"fixed","_wpseo_manager_tiered_pricing_fixed_rules":[],"_wpseo_editor_tiered_pricing_type":"fixed","_wpseo_editor_tiered_pricing_fixed_rules":[],"_wholesale_buyer_tiered_pricing_type":"fixed","_wholesale_buyer_tiered_pricing_fixed_rules":[],"_wholesale_tax_free_tiered_pricing_type":"fixed","_wholesale_tax_free_tiered_pricing_fixed_rules":[],"_azienda_tiered_pricing_type":"fixed","_azienda_tiered_pricing_fixed_rules":[],"_privato_tiered_pricing_type":"fixed","_privato_tiered_pricing_fixed_rules":[],"yoast_head":"<!-- This site is optimized with the Yoast SEO Premium plugin v20.8 (Yoast SEO v27.4) - https:\/\/yoast.com\/product\/yoast-seo-premium-wordpress\/ -->\n<title>Kit per FTTH delivery | Rertech<\/title>\n<meta name=\"description\" content=\"Questo kit \u00e8 un ottimo strumento per aumentare la produttivit\u00e0 nelle attivit\u00e0 di FTTH delivery.  Il kit di imbragatura consente di mantenere comodamente la giuntatrice a tracolla e di operare pienamente a mani libere, oltre a comprendere un comodo marsupio per alloggiare altri attrezzi  I supporti magnetici (da 250 e 900 micron) facilitano l&#039;operazione di pulizia e di taglio della fibra, senza inutili perdite di tempo\" \/>\n<meta name=\"robots\" content=\"index, follow, max-snippet:-1, max-image-preview:large, max-video-preview:-1\" \/>\n<link rel=\"canonical\" href=\"https:\/\/rertech.it\/en\/products\/installation-telecommunication-and-data-transmission-networks\/splicer-accessories\/ftth-delivery-kit\/\" \/>\n<meta property=\"og:locale\" content=\"en_GB\" \/>\n<meta property=\"og:type\" content=\"article\" \/>\n<meta property=\"og:title\" content=\"Kit per FTTH delivery\" \/>\n<meta property=\"og:description\" content=\"Questo kit \u00e8 un ottimo strumento per aumentare la produttivit\u00e0 nelle attivit\u00e0 di FTTH delivery.  Il kit di imbragatura consente di mantenere comodamente la giuntatrice a tracolla e di operare pienamente a mani libere, oltre a comprendere un comodo marsupio per alloggiare altri attrezzi  I supporti magnetici (da 250 e 900 micron) facilitano l&#039;operazione di pulizia e di taglio della fibra, senza inutili perdite di tempo\" \/>\n<meta property=\"og:url\" content=\"https:\/\/rertech.it\/en\/products\/installation-telecommunication-and-data-transmission-networks\/splicer-accessories\/ftth-delivery-kit\/\" \/>\n<meta property=\"og:site_name\" content=\"Rertech\" \/>\n<meta property=\"article:publisher\" content=\"https:\/\/www.facebook.com\/rertech.fibraottica\/\" \/>\n<meta property=\"article:modified_time\" content=\"2025-10-17T13:50:35+00:00\" \/>\n<meta property=\"og:image\" content=\"https:\/\/rertech.it\/wp-content\/uploads\/2025\/02\/kit-ffth.webp\" \/>\n\t<meta property=\"og:image:width\" content=\"1024\" \/>\n\t<meta property=\"og:image:height\" content=\"821\" \/>\n\t<meta property=\"og:image:type\" content=\"image\/webp\" \/>\n<meta name=\"twitter:card\" content=\"summary_large_image\" \/>\n<meta name=\"twitter:label1\" content=\"Price\" \/>\n\t<meta name=\"twitter:data1\" content=\"180.00&nbsp;&euro; Iva esclusa\" \/>\n\t<meta name=\"twitter:label2\" content=\"Availability\" \/>\n\t<meta name=\"twitter:data2\" content=\"In stock\" \/>\n<script type=\"application\/ld+json\" class=\"yoast-schema-graph\">{\"@context\":\"https:\\\/\\\/schema.org\",\"@graph\":[{\"@type\":\"WebPage\",\"@id\":\"https:\\\/\\\/rertech.it\\\/prodotti\\\/installazione-reti-telecomunicazioni-trasmissione-dati\\\/accessori-per-giuntatrici\\\/kit-per-ftth-delivery\\\/\",\"url\":\"https:\\\/\\\/rertech.it\\\/prodotti\\\/installazione-reti-telecomunicazioni-trasmissione-dati\\\/accessori-per-giuntatrici\\\/kit-per-ftth-delivery\\\/\",\"name\":\"Kit per FTTH delivery | Rertech\",\"isPartOf\":{\"@id\":\"https:\\\/\\\/rertech.it\\\/#website\"},\"primaryImageOfPage\":{\"@id\":\"https:\\\/\\\/rertech.it\\\/prodotti\\\/installazione-reti-telecomunicazioni-trasmissione-dati\\\/accessori-per-giuntatrici\\\/kit-per-ftth-delivery\\\/#primaryimage\"},\"image\":{\"@id\":\"https:\\\/\\\/rertech.it\\\/prodotti\\\/installazione-reti-telecomunicazioni-trasmissione-dati\\\/accessori-per-giuntatrici\\\/kit-per-ftth-delivery\\\/#primaryimage\"},\"thumbnailUrl\":\"https:\\\/\\\/rertech.it\\\/wp-content\\\/uploads\\\/2025\\\/02\\\/kit-ffth.webp\",\"datePublished\":\"2025-02-27T15:17:40+00:00\",\"dateModified\":\"2025-10-17T13:50:35+00:00\",\"description\":\"Questo kit \u00e8 un ottimo strumento per aumentare la produttivit\u00e0 nelle attivit\u00e0 di FTTH delivery. Il kit di imbragatura consente di mantenere comodamente la giuntatrice a tracolla e di operare pienamente a mani libere, oltre a comprendere un comodo marsupio per alloggiare altri attrezzi I supporti magnetici (da 250 e 900 micron) facilitano l'operazione di pulizia e di taglio della fibra, senza inutili perdite di tempo\",\"breadcrumb\":{\"@id\":\"https:\\\/\\\/rertech.it\\\/prodotti\\\/installazione-reti-telecomunicazioni-trasmissione-dati\\\/accessori-per-giuntatrici\\\/kit-per-ftth-delivery\\\/#breadcrumb\"},\"inLanguage\":\"en-GB\",\"potentialAction\":[{\"@type\":\"ReadAction\",\"target\":[\"https:\\\/\\\/rertech.it\\\/prodotti\\\/installazione-reti-telecomunicazioni-trasmissione-dati\\\/accessori-per-giuntatrici\\\/kit-per-ftth-delivery\\\/\"]}]},{\"@type\":\"ImageObject\",\"inLanguage\":\"en-GB\",\"@id\":\"https:\\\/\\\/rertech.it\\\/prodotti\\\/installazione-reti-telecomunicazioni-trasmissione-dati\\\/accessori-per-giuntatrici\\\/kit-per-ftth-delivery\\\/#primaryimage\",\"url\":\"https:\\\/\\\/rertech.it\\\/wp-content\\\/uploads\\\/2025\\\/02\\\/kit-ffth.webp\",\"contentUrl\":\"https:\\\/\\\/rertech.it\\\/wp-content\\\/uploads\\\/2025\\\/02\\\/kit-ffth.webp\",\"width\":1024,\"height\":821,\"caption\":\"Kit per FTTH delivery\"},{\"@type\":\"BreadcrumbList\",\"@id\":\"https:\\\/\\\/rertech.it\\\/prodotti\\\/installazione-reti-telecomunicazioni-trasmissione-dati\\\/accessori-per-giuntatrici\\\/kit-per-ftth-delivery\\\/#breadcrumb\",\"itemListElement\":[{\"@type\":\"ListItem\",\"position\":1,\"name\":\"Home\",\"item\":\"https:\\\/\\\/rertech.it\\\/\"},{\"@type\":\"ListItem\",\"position\":2,\"name\":\"Prodotti\",\"item\":\"https:\\\/\\\/rertech.it\\\/prodotti\\\/\"},{\"@type\":\"ListItem\",\"position\":3,\"name\":\"INSTALLAZIONE DI RETI DI TELECOMUNICAZIONE E TRASMISSIONE DATI\",\"item\":\"https:\\\/\\\/rertech.it\\\/categoria-prodotto\\\/installazione-reti-telecomunicazioni-trasmissione-dati\\\/\"},{\"@type\":\"ListItem\",\"position\":4,\"name\":\"Accessori per giuntatrici\",\"item\":\"https:\\\/\\\/rertech.it\\\/categoria-prodotto\\\/installazione-reti-telecomunicazioni-trasmissione-dati\\\/accessori-per-giuntatrici\\\/\"},{\"@type\":\"ListItem\",\"position\":5,\"name\":\"Kit per FTTH delivery\"}]},{\"@type\":\"WebSite\",\"@id\":\"https:\\\/\\\/rertech.it\\\/#website\",\"url\":\"https:\\\/\\\/rertech.it\\\/\",\"name\":\"Rertech\",\"description\":\"Prodotti, attrezzatura e servizi per fibra ottica\",\"publisher\":{\"@id\":\"https:\\\/\\\/rertech.it\\\/#organization\"},\"potentialAction\":[{\"@type\":\"SearchAction\",\"target\":{\"@type\":\"EntryPoint\",\"urlTemplate\":\"https:\\\/\\\/rertech.it\\\/?s={search_term_string}\"},\"query-input\":{\"@type\":\"PropertyValueSpecification\",\"valueRequired\":true,\"valueName\":\"search_term_string\"}}],\"inLanguage\":\"en-GB\"},{\"@type\":\"Organization\",\"@id\":\"https:\\\/\\\/rertech.it\\\/#organization\",\"name\":\"RERTECH\",\"url\":\"https:\\\/\\\/rertech.it\\\/\",\"logo\":{\"@type\":\"ImageObject\",\"inLanguage\":\"en-GB\",\"@id\":\"https:\\\/\\\/rertech.it\\\/#\\\/schema\\\/logo\\\/image\\\/\",\"url\":\"https:\\\/\\\/rertech.it\\\/wp-content\\\/uploads\\\/2022\\\/03\\\/cropped-Copia-di-RERTECH-500x180-2.png\",\"contentUrl\":\"https:\\\/\\\/rertech.it\\\/wp-content\\\/uploads\\\/2022\\\/03\\\/cropped-Copia-di-RERTECH-500x180-2.png\",\"width\":512,\"height\":512,\"caption\":\"RERTECH\"},\"image\":{\"@id\":\"https:\\\/\\\/rertech.it\\\/#\\\/schema\\\/logo\\\/image\\\/\"},\"sameAs\":[\"https:\\\/\\\/www.facebook.com\\\/rertech.fibraottica\\\/\",\"https:\\\/\\\/www.instagram.com\\\/rertechfibraottica\\\/\",\"https:\\\/\\\/www.linkedin.com\\\/company\\\/rertech-fibraottica\\\/\",\"https:\\\/\\\/www.youtube.com\\\/channel\\\/UC5Sihqg7SPUcMPDCEnmQ5XQ\\\/\"]}]}<\/script>\n<meta property=\"product:price:amount\" content=\"180.000\" \/>\n<meta property=\"product:price:currency\" content=\"EUR\" \/>\n<meta property=\"og:availability\" content=\"instock\" \/>\n<meta property=\"product:availability\" content=\"instock\" \/>\n<meta property=\"product:retailer_item_id\" content=\"CO-FTTH\" \/>\n<meta property=\"product:condition\" content=\"new\" \/>\n<!-- \/ Yoast SEO Premium plugin. -->","yoast_head_json":{"title":"Kit for FTTH delivery | Rertech","description":"This kit is a great tool for increasing productivity in FTTH delivery operations. The harness kit allows you to comfortably carry the splicer over your shoulder for hands-free operation, and also includes a convenient pouch for storing other tools. The magnetic holders (250 and 900 microns) make cleaning and cutting the fiber easier, without wasting time.","robots":{"index":"index","follow":"follow","max-snippet":"max-snippet:-1","max-image-preview":"max-image-preview:large","max-video-preview":"max-video-preview:-1"},"canonical":"https:\/\/rertech.it\/en\/products\/installation-telecommunication-and-data-transmission-networks\/splicer-accessories\/ftth-delivery-kit\/","og_locale":"en_GB","og_type":"article","og_title":"Kit per FTTH delivery","og_description":"Questo kit \u00e8 un ottimo strumento per aumentare la produttivit\u00e0 nelle attivit\u00e0 di FTTH delivery.  Il kit di imbragatura consente di mantenere comodamente la giuntatrice a tracolla e di operare pienamente a mani libere, oltre a comprendere un comodo marsupio per alloggiare altri attrezzi  I supporti magnetici (da 250 e 900 micron) facilitano l'operazione di pulizia e di taglio della fibra, senza inutili perdite di tempo","og_url":"https:\/\/rertech.it\/en\/products\/installation-telecommunication-and-data-transmission-networks\/splicer-accessories\/ftth-delivery-kit\/","og_site_name":"Rertech","article_publisher":"https:\/\/www.facebook.com\/rertech.fibraottica\/","article_modified_time":"2025-10-17T13:50:35+00:00","og_image":[{"width":1024,"height":821,"url":"https:\/\/rertech.it\/wp-content\/uploads\/2025\/02\/kit-ffth.webp","type":"image\/webp"}],"twitter_card":"summary_large_image","twitter_misc":{"Price":"180.00&nbsp;&euro; Iva esclusa","Availability":"In stock"},"schema":{"@context":"https:\/\/schema.org","@graph":[{"@type":"WebPage","@id":"https:\/\/rertech.it\/prodotti\/installazione-reti-telecomunicazioni-trasmissione-dati\/accessori-per-giuntatrici\/kit-per-ftth-delivery\/","url":"https:\/\/rertech.it\/prodotti\/installazione-reti-telecomunicazioni-trasmissione-dati\/accessori-per-giuntatrici\/kit-per-ftth-delivery\/","name":"Kit for FTTH delivery | Rertech","isPartOf":{"@id":"https:\/\/rertech.it\/#website"},"primaryImageOfPage":{"@id":"https:\/\/rertech.it\/prodotti\/installazione-reti-telecomunicazioni-trasmissione-dati\/accessori-per-giuntatrici\/kit-per-ftth-delivery\/#primaryimage"},"image":{"@id":"https:\/\/rertech.it\/prodotti\/installazione-reti-telecomunicazioni-trasmissione-dati\/accessori-per-giuntatrici\/kit-per-ftth-delivery\/#primaryimage"},"thumbnailUrl":"https:\/\/rertech.it\/wp-content\/uploads\/2025\/02\/kit-ffth.webp","datePublished":"2025-02-27T15:17:40+00:00","dateModified":"2025-10-17T13:50:35+00:00","description":"Questo kit \u00e8 un ottimo strumento per aumentare la produttivit\u00e0 nelle attivit\u00e0 di FTTH delivery. Il kit di imbragatura consente di mantenere comodamente la giuntatrice a tracolla e di operare pienamente a mani libere, oltre a comprendere un comodo marsupio per alloggiare altri attrezzi I supporti magnetici (da 250 e 900 micron) facilitano l'operazione di pulizia e di taglio della fibra, senza inutili perdite di tempo","breadcrumb":{"@id":"https:\/\/rertech.it\/prodotti\/installazione-reti-telecomunicazioni-trasmissione-dati\/accessori-per-giuntatrici\/kit-per-ftth-delivery\/#breadcrumb"},"inLanguage":"en-GB","potentialAction":[{"@type":"ReadAction","target":["https:\/\/rertech.it\/prodotti\/installazione-reti-telecomunicazioni-trasmissione-dati\/accessori-per-giuntatrici\/kit-per-ftth-delivery\/"]}]},{"@type":"ImageObject","inLanguage":"en-GB","@id":"https:\/\/rertech.it\/prodotti\/installazione-reti-telecomunicazioni-trasmissione-dati\/accessori-per-giuntatrici\/kit-per-ftth-delivery\/#primaryimage","url":"https:\/\/rertech.it\/wp-content\/uploads\/2025\/02\/kit-ffth.webp","contentUrl":"https:\/\/rertech.it\/wp-content\/uploads\/2025\/02\/kit-ffth.webp","width":1024,"height":821,"caption":"Kit per FTTH delivery"},{"@type":"BreadcrumbList","@id":"https:\/\/rertech.it\/prodotti\/installazione-reti-telecomunicazioni-trasmissione-dati\/accessori-per-giuntatrici\/kit-per-ftth-delivery\/#breadcrumb","itemListElement":[{"@type":"ListItem","position":1,"name":"Home","item":"https:\/\/rertech.it\/"},{"@type":"ListItem","position":2,"name":"Prodotti","item":"https:\/\/rertech.it\/prodotti\/"},{"@type":"ListItem","position":3,"name":"INSTALLAZIONE DI RETI DI TELECOMUNICAZIONE E TRASMISSIONE DATI","item":"https:\/\/rertech.it\/categoria-prodotto\/installazione-reti-telecomunicazioni-trasmissione-dati\/"},{"@type":"ListItem","position":4,"name":"Accessori per giuntatrici","item":"https:\/\/rertech.it\/categoria-prodotto\/installazione-reti-telecomunicazioni-trasmissione-dati\/accessori-per-giuntatrici\/"},{"@type":"ListItem","position":5,"name":"Kit per FTTH delivery"}]},{"@type":"WebSite","@id":"https:\/\/rertech.it\/#website","url":"https:\/\/rertech.it\/","name":"Rertech","description":"Fiber Optic Products, Equipment and Services","publisher":{"@id":"https:\/\/rertech.it\/#organization"},"potentialAction":[{"@type":"SearchAction","target":{"@type":"EntryPoint","urlTemplate":"https:\/\/rertech.it\/?s={search_term_string}"},"query-input":{"@type":"PropertyValueSpecification","valueRequired":true,"valueName":"search_term_string"}}],"inLanguage":"en-GB"},{"@type":"Organization","@id":"https:\/\/rertech.it\/#organization","name":"RERTECH","url":"https:\/\/rertech.it\/","logo":{"@type":"ImageObject","inLanguage":"en-GB","@id":"https:\/\/rertech.it\/#\/schema\/logo\/image\/","url":"https:\/\/rertech.it\/wp-content\/uploads\/2022\/03\/cropped-Copia-di-RERTECH-500x180-2.png","contentUrl":"https:\/\/rertech.it\/wp-content\/uploads\/2022\/03\/cropped-Copia-di-RERTECH-500x180-2.png","width":512,"height":512,"caption":"RERTECH"},"image":{"@id":"https:\/\/rertech.it\/#\/schema\/logo\/image\/"},"sameAs":["https:\/\/www.facebook.com\/rertech.fibraottica\/","https:\/\/www.instagram.com\/rertechfibraottica\/","https:\/\/www.linkedin.com\/company\/rertech-fibraottica\/","https:\/\/www.youtube.com\/channel\/UC5Sihqg7SPUcMPDCEnmQ5XQ\/"]}]},"product_price_amount":"180.000","product_price_currency":"EUR","og_availability":"instock","product_availability":"instock","product_retailer_item_id":"CO-FTTH","product_condition":"new"},"_links":{"self":[{"href":"https:\/\/rertech.it\/en\/wp-json\/wp\/v2\/product\/43050","targetHints":{"allow":["GET"]}}],"collection":[{"href":"https:\/\/rertech.it\/en\/wp-json\/wp\/v2\/product"}],"about":[{"href":"https:\/\/rertech.it\/en\/wp-json\/wp\/v2\/types\/product"}],"wp:featuredmedia":[{"embeddable":true,"href":"https:\/\/rertech.it\/en\/wp-json\/wp\/v2\/media\/43052"}],"wp:attachment":[{"href":"https:\/\/rertech.it\/en\/wp-json\/wp\/v2\/media?parent=43050"}],"wp:term":[{"taxonomy":"product_brand","embeddable":true,"href":"https:\/\/rertech.it\/en\/wp-json\/wp\/v2\/product_brand?post=43050"},{"taxonomy":"product_cat","embeddable":true,"href":"https:\/\/rertech.it\/en\/wp-json\/wp\/v2\/product_cat?post=43050"},{"taxonomy":"product_tag","embeddable":true,"href":"https:\/\/rertech.it\/en\/wp-json\/wp\/v2\/product_tag?post=43050"}],"curies":[{"name":"wp","href":"https:\/\/api.w.org\/{rel}","templated":true}]}}