{"id":43258,"date":"2025-04-19T10:22:01","date_gmt":"2025-04-19T08:22:01","guid":{"rendered":"https:\/\/rertech.it\/?post_type=product&#038;p=43258"},"modified":"2026-04-20T08:00:14","modified_gmt":"2026-04-09T07:59:31","slug":"profinet-navitek-ie-network-tester","status":"publish","type":"product","link":"https:\/\/rertech.it\/en\/prodotti\/collaudo-e-manutenzione\/reti-in-rame-trasmissione-dati\/tester-di-rete-profinet-navitek-ie\/","title":{"rendered":"Profinet Navitek NT IE network tester"},"content":{"rendered":"<h4>Navitek IE Network Tester Features<\/h4>\n<p>ALL FUNCTIONS OF <a href=\"https:\/\/rertech.it\/en\/products\/testing-and-maintenance\/copper-data-transmission-networks\/navitiek-nt-pro-network-tester\/\" target=\"_blank\" rel=\"noopener\">NAVITEK NT PRO<\/a>, and also<\/p>\n<ul>\n<li>PROFINET M12 Cable Test<\/li>\n<li>PROFINET fiber cable testing (with SFPs supplied separately)<\/li>\n<li>Network status indicated with color code<\/li>\n<li>LED flash to quickly locate devices<\/li>\n<li>NETMAP Comparison \u2013 to identify changes in the network<\/li>\n<li>You can configure node settings without using a laptop<\/li>\n<li>List of all node details in the network; e.g., IP address, vendor information, software version, etc.<\/li>\n<li>Ability to restore the device to its original settings<\/li>\n<li>Device alarm\/error detection<\/li>\n<li>Professional PDF reports for Industrial Ethernet<\/li>\n<\/ul>\n<h4>Navitek IE Network Tester Features<\/h4>\n<ul>\n<li>Cloud connectivity with TREND anyware<\/li>\n<li>Rechargeable battery power supply<\/li>\n<li>Battery life 5 hours<\/li>\n<li>Backlit screen<\/li>\n<li>Dimensions 175 x 80 x 40 mm, weight 400 grams<\/li>\n<\/ul>\n<p>&nbsp;<\/p>","protected":false},"excerpt":{"rendered":"<p>Navitek IE is part of a large family of tools for data network analysis and troubleshooting (which also includes <a href=\"https:\/\/rertech.it\/en\/products\/testing-and-maintenance\/copper-data-transmission-networks\/navitiek-nt-network-tester\/\" target=\"_blank\" rel=\"noopener\">Navitek NT<\/a>, <a href=\"https:\/\/rertech.it\/en\/products\/testing-and-maintenance\/copper-data-transmission-networks\/navitiek-nt-pro-network-tester\/\" target=\"_blank\" rel=\"noopener\">Navitek PRO<\/a>, <a href=\"https:\/\/rertech.it\/en\/products\/testing-and-maintenance\/copper-data-transmission-networks\/tester-di-rete-navitek-nt-plus\/\" target=\"_blank\" rel=\"noopener\">Navitek NT PLUS<\/a>)<\/p>\n<p>Questa versione specifica \u00e8 realizzata per l&#8217;utilizzo in ambito industrial ethernet su sistemi Profinet.<\/p>\n<p>With Navitek IE you will be able to:<\/p>\n<ul>\n<li>Troubleshooting PROFINET Cable Faults (RJ45, M12, Fiber)<\/li>\n<li>Configure nodes with ease<\/li>\n<li>Prevent network problems with a health check<\/li>\n<li>Locate hard-to-find devices with event logging over a 48-hour period<\/li>\n<li>Detect misconfigured devices with the NetMAP tool<\/li>\n<li>Create professional PDF reports using the TREND anyware cloud application.<\/li>\n<\/ul>\n<p>&nbsp;<\/p>","protected":false},"featured_media":43259,"template":"","meta":{"_acf_changed":false},"product_brand":[1426],"product_cat":[120,272,1007],"product_tag":[1371,1370],"class_list":{"0":"post-43258","1":"product","2":"type-product","3":"status-publish","4":"has-post-thumbnail","6":"product_brand-trend-networks","7":"product_cat-reti-in-rame-trasmissione-dati","8":"product_cat-trasmissione-dati","9":"product_cat-categoria-prodotti-transizione-4-0","10":"product_tag-tester-ethernet-industriale","11":"product_tag-tester-profinet","13":"first","14":"onbackorder","15":"taxable","16":"shipping-taxable","17":"product-type-simple"},"acf":[],"tiered_pricing_type":"fixed","tiered_pricing_fixed_rules":[],"tiered_pricing_percentage_rules":[],"tiered_pricing_minimum":1,"_administrator_tiered_pricing_type":"fixed","_administrator_tiered_pricing_fixed_rules":[],"_editor_tiered_pricing_type":"fixed","_editor_tiered_pricing_fixed_rules":[],"_author_tiered_pricing_type":"fixed","_author_tiered_pricing_fixed_rules":[],"_contributor_tiered_pricing_type":"fixed","_contributor_tiered_pricing_fixed_rules":[],"_subscriber_tiered_pricing_type":"fixed","_subscriber_tiered_pricing_fixed_rules":[],"_customer_tiered_pricing_type":"fixed","_customer_tiered_pricing_fixed_rules":[],"_shop_manager_tiered_pricing_type":"fixed","_shop_manager_tiered_pricing_fixed_rules":[],"_translator_tiered_pricing_type":"fixed","_translator_tiered_pricing_fixed_rules":[],"_give_manager_tiered_pricing_type":"fixed","_give_manager_tiered_pricing_fixed_rules":[],"_give_accountant_tiered_pricing_type":"fixed","_give_accountant_tiered_pricing_fixed_rules":[],"_give_worker_tiered_pricing_type":"fixed","_give_worker_tiered_pricing_fixed_rules":[],"_give_donor_tiered_pricing_type":"fixed","_give_donor_tiered_pricing_fixed_rules":[],"_wpseo_manager_tiered_pricing_type":"fixed","_wpseo_manager_tiered_pricing_fixed_rules":[],"_wpseo_editor_tiered_pricing_type":"fixed","_wpseo_editor_tiered_pricing_fixed_rules":[],"_wholesale_buyer_tiered_pricing_type":"fixed","_wholesale_buyer_tiered_pricing_fixed_rules":[],"_wholesale_tax_free_tiered_pricing_type":"fixed","_wholesale_tax_free_tiered_pricing_fixed_rules":[],"_azienda_tiered_pricing_type":"fixed","_azienda_tiered_pricing_fixed_rules":[],"_privato_tiered_pricing_type":"fixed","_privato_tiered_pricing_fixed_rules":[],"yoast_head":"<!-- This site is optimized with the Yoast SEO Premium plugin v20.8 (Yoast SEO v27.4) - https:\/\/yoast.com\/product\/yoast-seo-premium-wordpress\/ -->\n<title>Tester di rete Profinet Navitek NT IE | Rertech<\/title>\n<meta name=\"description\" content=\"Navitek IE \u00e8 parte di una ampia famiglia di strumenti per l&#039;analisi e la ricerca guasti di reti dati (che comprende anche Navitek NT, Navitek PRO, Navitek NT PLUS)  Questa versione specifica \u00e8 realizzata per l&#039;utilizzo in ambito industrial ethernet su sistemi Profinet.  Con il Navitek IE sar\u00e0 possibile:   Individuare i guasti del cavo PROFINET (RJ45, M12, Fibra)  Configurare i nodi con facilit\u00e0  Prevenire problemi alla rete con una verifica dello stato di salute  Individuare dispositivi difficili da trovare grazie alla registrazione degli eventi su un periodo di 48 ore  Individuare dispositivi mal configurati con lo strumento NetMAP  Creare rapporti professionali in PDF attraverso l&#039;applicazione TREND anyware cloud  &nbsp;\" \/>\n<meta name=\"robots\" content=\"index, follow, max-snippet:-1, max-image-preview:large, max-video-preview:-1\" \/>\n<link rel=\"canonical\" href=\"https:\/\/rertech.it\/en\/products\/testing-and-maintenance\/copper-data-transmission-networks\/profinet-navitek-ie-network-tester\/\" \/>\n<meta property=\"og:locale\" content=\"en_GB\" \/>\n<meta property=\"og:type\" content=\"article\" \/>\n<meta property=\"og:title\" content=\"Tester di rete Profinet Navitek NT IE\" \/>\n<meta property=\"og:description\" content=\"Navitek IE \u00e8 parte di una ampia famiglia di strumenti per l&#039;analisi e la ricerca guasti di reti dati (che comprende anche Navitek NT, Navitek PRO, Navitek NT PLUS)  Questa versione specifica \u00e8 realizzata per l&#039;utilizzo in ambito industrial ethernet su sistemi Profinet.  Con il Navitek IE sar\u00e0 possibile:   Individuare i guasti del cavo PROFINET (RJ45, M12, Fibra)  Configurare i nodi con facilit\u00e0  Prevenire problemi alla rete con una verifica dello stato di salute  Individuare dispositivi difficili da trovare grazie alla registrazione degli eventi su un periodo di 48 ore  Individuare dispositivi mal configurati con lo strumento NetMAP  Creare rapporti professionali in PDF attraverso l&#039;applicazione TREND anyware cloud  &nbsp;\" \/>\n<meta property=\"og:url\" content=\"https:\/\/rertech.it\/en\/products\/testing-and-maintenance\/copper-data-transmission-networks\/profinet-navitek-ie-network-tester\/\" \/>\n<meta property=\"og:site_name\" content=\"Rertech\" \/>\n<meta property=\"article:publisher\" content=\"https:\/\/www.facebook.com\/rertech.fibraottica\/\" \/>\n<meta property=\"article:modified_time\" content=\"2026-04-09T07:59:31+00:00\" \/>\n<meta property=\"og:image\" content=\"https:\/\/rertech.it\/wp-content\/uploads\/2025\/04\/navitek-ie-02-1.webp\" \/>\n\t<meta property=\"og:image:width\" content=\"1280\" \/>\n\t<meta property=\"og:image:height\" content=\"960\" \/>\n\t<meta property=\"og:image:type\" content=\"image\/webp\" \/>\n<meta name=\"twitter:card\" content=\"summary_large_image\" \/>\n<meta name=\"twitter:label1\" content=\"Price\" \/>\n\t<meta name=\"twitter:data1\" content=\"2,385.00&nbsp;&euro; Iva esclusa\" \/>\n\t<meta name=\"twitter:label2\" content=\"Availability\" \/>\n\t<meta name=\"twitter:data2\" content=\"On backorder\" \/>\n<script type=\"application\/ld+json\" class=\"yoast-schema-graph\">{\"@context\":\"https:\\\/\\\/schema.org\",\"@graph\":[{\"@type\":\"WebPage\",\"@id\":\"https:\\\/\\\/rertech.it\\\/prodotti\\\/collaudo-e-manutenzione\\\/reti-in-rame-trasmissione-dati\\\/tester-di-rete-profinet-navitek-ie\\\/\",\"url\":\"https:\\\/\\\/rertech.it\\\/prodotti\\\/collaudo-e-manutenzione\\\/reti-in-rame-trasmissione-dati\\\/tester-di-rete-profinet-navitek-ie\\\/\",\"name\":\"Tester di rete Profinet Navitek NT IE | Rertech\",\"isPartOf\":{\"@id\":\"https:\\\/\\\/rertech.it\\\/#website\"},\"primaryImageOfPage\":{\"@id\":\"https:\\\/\\\/rertech.it\\\/prodotti\\\/collaudo-e-manutenzione\\\/reti-in-rame-trasmissione-dati\\\/tester-di-rete-profinet-navitek-ie\\\/#primaryimage\"},\"image\":{\"@id\":\"https:\\\/\\\/rertech.it\\\/prodotti\\\/collaudo-e-manutenzione\\\/reti-in-rame-trasmissione-dati\\\/tester-di-rete-profinet-navitek-ie\\\/#primaryimage\"},\"thumbnailUrl\":\"https:\\\/\\\/rertech.it\\\/wp-content\\\/uploads\\\/2025\\\/04\\\/navitek-ie-02-1.webp\",\"datePublished\":\"2025-04-19T08:22:01+00:00\",\"dateModified\":\"2026-04-09T07:59:31+00:00\",\"description\":\"Navitek IE \u00e8 parte di una ampia famiglia di strumenti per l'analisi e la ricerca guasti di reti dati (che comprende anche Navitek NT, Navitek PRO, Navitek NT PLUS) Questa versione specifica \u00e8 realizzata per l'utilizzo in ambito industrial ethernet su sistemi Profinet. Con il Navitek IE sar\u00e0 possibile: Individuare i guasti del cavo PROFINET (RJ45, M12, Fibra) Configurare i nodi con facilit\u00e0 Prevenire problemi alla rete con una verifica dello stato di salute Individuare dispositivi difficili da trovare grazie alla registrazione degli eventi su un periodo di 48 ore Individuare dispositivi mal configurati con lo strumento NetMAP Creare rapporti professionali in PDF attraverso l'applicazione TREND anyware cloud &nbsp;\",\"breadcrumb\":{\"@id\":\"https:\\\/\\\/rertech.it\\\/prodotti\\\/collaudo-e-manutenzione\\\/reti-in-rame-trasmissione-dati\\\/tester-di-rete-profinet-navitek-ie\\\/#breadcrumb\"},\"inLanguage\":\"en-GB\",\"potentialAction\":[{\"@type\":\"ReadAction\",\"target\":[\"https:\\\/\\\/rertech.it\\\/prodotti\\\/collaudo-e-manutenzione\\\/reti-in-rame-trasmissione-dati\\\/tester-di-rete-profinet-navitek-ie\\\/\"]}]},{\"@type\":\"ImageObject\",\"inLanguage\":\"en-GB\",\"@id\":\"https:\\\/\\\/rertech.it\\\/prodotti\\\/collaudo-e-manutenzione\\\/reti-in-rame-trasmissione-dati\\\/tester-di-rete-profinet-navitek-ie\\\/#primaryimage\",\"url\":\"https:\\\/\\\/rertech.it\\\/wp-content\\\/uploads\\\/2025\\\/04\\\/navitek-ie-02-1.webp\",\"contentUrl\":\"https:\\\/\\\/rertech.it\\\/wp-content\\\/uploads\\\/2025\\\/04\\\/navitek-ie-02-1.webp\",\"width\":1280,\"height\":960,\"caption\":\"Navitek IE tester profinet\"},{\"@type\":\"BreadcrumbList\",\"@id\":\"https:\\\/\\\/rertech.it\\\/prodotti\\\/collaudo-e-manutenzione\\\/reti-in-rame-trasmissione-dati\\\/tester-di-rete-profinet-navitek-ie\\\/#breadcrumb\",\"itemListElement\":[{\"@type\":\"ListItem\",\"position\":1,\"name\":\"Home\",\"item\":\"https:\\\/\\\/rertech.it\\\/\"},{\"@type\":\"ListItem\",\"position\":2,\"name\":\"Prodotti\",\"item\":\"https:\\\/\\\/rertech.it\\\/prodotti\\\/\"},{\"@type\":\"ListItem\",\"position\":3,\"name\":\"COLLAUDO e MANUTENZIONE\",\"item\":\"https:\\\/\\\/rertech.it\\\/categoria-prodotto\\\/collaudo-e-manutenzione\\\/\"},{\"@type\":\"ListItem\",\"position\":4,\"name\":\"Reti in rame Trasmissione dati\",\"item\":\"https:\\\/\\\/rertech.it\\\/categoria-prodotto\\\/collaudo-e-manutenzione\\\/reti-in-rame-trasmissione-dati\\\/\"},{\"@type\":\"ListItem\",\"position\":5,\"name\":\"Tester di rete Profinet Navitek NT IE\"}]},{\"@type\":\"WebSite\",\"@id\":\"https:\\\/\\\/rertech.it\\\/#website\",\"url\":\"https:\\\/\\\/rertech.it\\\/\",\"name\":\"Rertech\",\"description\":\"Prodotti, attrezzatura e servizi per fibra ottica\",\"publisher\":{\"@id\":\"https:\\\/\\\/rertech.it\\\/#organization\"},\"potentialAction\":[{\"@type\":\"SearchAction\",\"target\":{\"@type\":\"EntryPoint\",\"urlTemplate\":\"https:\\\/\\\/rertech.it\\\/?s={search_term_string}\"},\"query-input\":{\"@type\":\"PropertyValueSpecification\",\"valueRequired\":true,\"valueName\":\"search_term_string\"}}],\"inLanguage\":\"en-GB\"},{\"@type\":\"Organization\",\"@id\":\"https:\\\/\\\/rertech.it\\\/#organization\",\"name\":\"RERTECH\",\"url\":\"https:\\\/\\\/rertech.it\\\/\",\"logo\":{\"@type\":\"ImageObject\",\"inLanguage\":\"en-GB\",\"@id\":\"https:\\\/\\\/rertech.it\\\/#\\\/schema\\\/logo\\\/image\\\/\",\"url\":\"https:\\\/\\\/rertech.it\\\/wp-content\\\/uploads\\\/2022\\\/03\\\/cropped-Copia-di-RERTECH-500x180-2.png\",\"contentUrl\":\"https:\\\/\\\/rertech.it\\\/wp-content\\\/uploads\\\/2022\\\/03\\\/cropped-Copia-di-RERTECH-500x180-2.png\",\"width\":512,\"height\":512,\"caption\":\"RERTECH\"},\"image\":{\"@id\":\"https:\\\/\\\/rertech.it\\\/#\\\/schema\\\/logo\\\/image\\\/\"},\"sameAs\":[\"https:\\\/\\\/www.facebook.com\\\/rertech.fibraottica\\\/\",\"https:\\\/\\\/www.instagram.com\\\/rertechfibraottica\\\/\",\"https:\\\/\\\/www.linkedin.com\\\/company\\\/rertech-fibraottica\\\/\",\"https:\\\/\\\/www.youtube.com\\\/channel\\\/UC5Sihqg7SPUcMPDCEnmQ5XQ\\\/\"]}]}<\/script>\n<meta property=\"product:price:amount\" content=\"2385.000\" \/>\n<meta property=\"product:price:currency\" content=\"EUR\" \/>\n<meta property=\"og:availability\" content=\"backorder\" \/>\n<meta property=\"product:availability\" content=\"available for order\" \/>\n<meta property=\"product:retailer_item_id\" content=\"R151010\" \/>\n<meta property=\"product:condition\" content=\"new\" \/>\n<!-- \/ Yoast SEO Premium plugin. -->","yoast_head_json":{"title":"Profinet Navitek NT IE Network Tester | Rertech","description":"Navitek IE is part of a large family of tools for analyzing and troubleshooting data networks (which also includes Navitek NT, Navitek PRO, Navitek NT PLUS). This specific version is designed for use in industrial Ethernet on Profinet systems. With Navitek IE you will be able to: Locate PROFINET cable faults (RJ45, M12, Fiber) Configure nodes with ease Prevent network problems with a health check Locate hard-to-find devices with event logging over a 48-hour period Identify misconfigured devices with the NetMAP tool Create professional PDF reports using the TREND anyware cloud application  &nbsp;","robots":{"index":"index","follow":"follow","max-snippet":"max-snippet:-1","max-image-preview":"max-image-preview:large","max-video-preview":"max-video-preview:-1"},"canonical":"https:\/\/rertech.it\/en\/products\/testing-and-maintenance\/copper-data-transmission-networks\/profinet-navitek-ie-network-tester\/","og_locale":"en_GB","og_type":"article","og_title":"Tester di rete Profinet Navitek NT IE","og_description":"Navitek IE \u00e8 parte di una ampia famiglia di strumenti per l'analisi e la ricerca guasti di reti dati (che comprende anche Navitek NT, Navitek PRO, Navitek NT PLUS)  Questa versione specifica \u00e8 realizzata per l'utilizzo in ambito industrial ethernet su sistemi Profinet.  Con il Navitek IE sar\u00e0 possibile:   Individuare i guasti del cavo PROFINET (RJ45, M12, Fibra)  Configurare i nodi con facilit\u00e0  Prevenire problemi alla rete con una verifica dello stato di salute  Individuare dispositivi difficili da trovare grazie alla registrazione degli eventi su un periodo di 48 ore  Individuare dispositivi mal configurati con lo strumento NetMAP  Creare rapporti professionali in PDF attraverso l'applicazione TREND anyware cloud  &nbsp;","og_url":"https:\/\/rertech.it\/en\/products\/testing-and-maintenance\/copper-data-transmission-networks\/profinet-navitek-ie-network-tester\/","og_site_name":"Rertech","article_publisher":"https:\/\/www.facebook.com\/rertech.fibraottica\/","article_modified_time":"2026-04-09T07:59:31+00:00","og_image":[{"width":1280,"height":960,"url":"https:\/\/rertech.it\/wp-content\/uploads\/2025\/04\/navitek-ie-02-1.webp","type":"image\/webp"}],"twitter_card":"summary_large_image","twitter_misc":{"Price":"2,385.00&nbsp;&euro; Iva esclusa","Availability":"On backorder"},"schema":{"@context":"https:\/\/schema.org","@graph":[{"@type":"WebPage","@id":"https:\/\/rertech.it\/prodotti\/collaudo-e-manutenzione\/reti-in-rame-trasmissione-dati\/tester-di-rete-profinet-navitek-ie\/","url":"https:\/\/rertech.it\/prodotti\/collaudo-e-manutenzione\/reti-in-rame-trasmissione-dati\/tester-di-rete-profinet-navitek-ie\/","name":"Profinet Navitek NT IE Network Tester | Rertech","isPartOf":{"@id":"https:\/\/rertech.it\/#website"},"primaryImageOfPage":{"@id":"https:\/\/rertech.it\/prodotti\/collaudo-e-manutenzione\/reti-in-rame-trasmissione-dati\/tester-di-rete-profinet-navitek-ie\/#primaryimage"},"image":{"@id":"https:\/\/rertech.it\/prodotti\/collaudo-e-manutenzione\/reti-in-rame-trasmissione-dati\/tester-di-rete-profinet-navitek-ie\/#primaryimage"},"thumbnailUrl":"https:\/\/rertech.it\/wp-content\/uploads\/2025\/04\/navitek-ie-02-1.webp","datePublished":"2025-04-19T08:22:01+00:00","dateModified":"2026-04-09T07:59:31+00:00","description":"Navitek IE is part of a large family of tools for analyzing and troubleshooting data networks (which also includes Navitek NT, Navitek PRO, Navitek NT PLUS). This specific version is designed for use in industrial Ethernet on Profinet systems. With Navitek IE you will be able to: Locate PROFINET cable faults (RJ45, M12, Fiber) Configure nodes with ease Prevent network problems with a health check Locate hard-to-find devices with event logging over a 48-hour period Identify misconfigured devices with the NetMAP tool Create professional PDF reports using the TREND anyware cloud application &nbsp;","breadcrumb":{"@id":"https:\/\/rertech.it\/prodotti\/collaudo-e-manutenzione\/reti-in-rame-trasmissione-dati\/tester-di-rete-profinet-navitek-ie\/#breadcrumb"},"inLanguage":"en-GB","potentialAction":[{"@type":"ReadAction","target":["https:\/\/rertech.it\/prodotti\/collaudo-e-manutenzione\/reti-in-rame-trasmissione-dati\/tester-di-rete-profinet-navitek-ie\/"]}]},{"@type":"ImageObject","inLanguage":"en-GB","@id":"https:\/\/rertech.it\/prodotti\/collaudo-e-manutenzione\/reti-in-rame-trasmissione-dati\/tester-di-rete-profinet-navitek-ie\/#primaryimage","url":"https:\/\/rertech.it\/wp-content\/uploads\/2025\/04\/navitek-ie-02-1.webp","contentUrl":"https:\/\/rertech.it\/wp-content\/uploads\/2025\/04\/navitek-ie-02-1.webp","width":1280,"height":960,"caption":"Navitek IE tester profinet"},{"@type":"BreadcrumbList","@id":"https:\/\/rertech.it\/prodotti\/collaudo-e-manutenzione\/reti-in-rame-trasmissione-dati\/tester-di-rete-profinet-navitek-ie\/#breadcrumb","itemListElement":[{"@type":"ListItem","position":1,"name":"Home","item":"https:\/\/rertech.it\/"},{"@type":"ListItem","position":2,"name":"Prodotti","item":"https:\/\/rertech.it\/prodotti\/"},{"@type":"ListItem","position":3,"name":"COLLAUDO e MANUTENZIONE","item":"https:\/\/rertech.it\/categoria-prodotto\/collaudo-e-manutenzione\/"},{"@type":"ListItem","position":4,"name":"Reti in rame Trasmissione dati","item":"https:\/\/rertech.it\/categoria-prodotto\/collaudo-e-manutenzione\/reti-in-rame-trasmissione-dati\/"},{"@type":"ListItem","position":5,"name":"Tester di rete Profinet Navitek NT IE"}]},{"@type":"WebSite","@id":"https:\/\/rertech.it\/#website","url":"https:\/\/rertech.it\/","name":"Rertech","description":"Fiber Optic Products, Equipment and Services","publisher":{"@id":"https:\/\/rertech.it\/#organization"},"potentialAction":[{"@type":"SearchAction","target":{"@type":"EntryPoint","urlTemplate":"https:\/\/rertech.it\/?s={search_term_string}"},"query-input":{"@type":"PropertyValueSpecification","valueRequired":true,"valueName":"search_term_string"}}],"inLanguage":"en-GB"},{"@type":"Organization","@id":"https:\/\/rertech.it\/#organization","name":"RERTECH","url":"https:\/\/rertech.it\/","logo":{"@type":"ImageObject","inLanguage":"en-GB","@id":"https:\/\/rertech.it\/#\/schema\/logo\/image\/","url":"https:\/\/rertech.it\/wp-content\/uploads\/2022\/03\/cropped-Copia-di-RERTECH-500x180-2.png","contentUrl":"https:\/\/rertech.it\/wp-content\/uploads\/2022\/03\/cropped-Copia-di-RERTECH-500x180-2.png","width":512,"height":512,"caption":"RERTECH"},"image":{"@id":"https:\/\/rertech.it\/#\/schema\/logo\/image\/"},"sameAs":["https:\/\/www.facebook.com\/rertech.fibraottica\/","https:\/\/www.instagram.com\/rertechfibraottica\/","https:\/\/www.linkedin.com\/company\/rertech-fibraottica\/","https:\/\/www.youtube.com\/channel\/UC5Sihqg7SPUcMPDCEnmQ5XQ\/"]}]},"product_price_amount":"2385.000","product_price_currency":"EUR","og_availability":"backorder","product_availability":"available for order","product_retailer_item_id":"R151010","product_condition":"new"},"_links":{"self":[{"href":"https:\/\/rertech.it\/en\/wp-json\/wp\/v2\/product\/43258","targetHints":{"allow":["GET"]}}],"collection":[{"href":"https:\/\/rertech.it\/en\/wp-json\/wp\/v2\/product"}],"about":[{"href":"https:\/\/rertech.it\/en\/wp-json\/wp\/v2\/types\/product"}],"wp:featuredmedia":[{"embeddable":true,"href":"https:\/\/rertech.it\/en\/wp-json\/wp\/v2\/media\/43259"}],"wp:attachment":[{"href":"https:\/\/rertech.it\/en\/wp-json\/wp\/v2\/media?parent=43258"}],"wp:term":[{"taxonomy":"product_brand","embeddable":true,"href":"https:\/\/rertech.it\/en\/wp-json\/wp\/v2\/product_brand?post=43258"},{"taxonomy":"product_cat","embeddable":true,"href":"https:\/\/rertech.it\/en\/wp-json\/wp\/v2\/product_cat?post=43258"},{"taxonomy":"product_tag","embeddable":true,"href":"https:\/\/rertech.it\/en\/wp-json\/wp\/v2\/product_tag?post=43258"}],"curies":[{"name":"wp","href":"https:\/\/api.w.org\/{rel}","templated":true}]}}