{"id":43360,"date":"2025-05-21T16:02:33","date_gmt":"2025-05-21T14:02:33","guid":{"rendered":"https:\/\/rertech.it\/?post_type=product&#038;p=43360"},"modified":"2026-04-20T08:00:10","modified_gmt":"2026-04-08T10:30:40","slug":"smart-otdr-for-ftth-troubleshooting-1310-1550-nm","status":"publish","type":"product","link":"https:\/\/rertech.it\/en\/prodotti\/collaudo-e-manutenzione\/reti-in-fibra-ottica\/smart-otdr-per-ricerca-guasti-ftth-1310-1550-nm\/","title":{"rendered":"Smart OTDR for FTTH Fault Detection (1310\/1550 nm)"},"content":{"rendered":"<h4>Features of the smart OTDR for FTTH fault finding<\/h4>\n<ul>\n<li>Wavelength 1310\/1550 for measurements on dark fiber<\/li>\n<li>Dead\/attenuation zone 3\/10 m<\/li>\n<li>4-inch color display with capacitive multi-touch touchscreen<\/li>\n<li>VFL, power meter and optical source<\/li>\n<li>SC\/APC connector<\/li>\n<li>4000 mAh Li-Ion battery<\/li>\n<li>Charging and data transfer with USB-C<\/li>\n<li>Compact size and weight: 85x148x37mm, 275g<\/li>\n<\/ul>\n<p>&nbsp;<\/p>","protected":false},"excerpt":{"rendered":"<p>The M1000D mini OTDR is a tool for troubleshooting fiber optic networks offered at a very competitive price.<br \/>\nThanks to its small size, a multi-touch color display and a very low weight, this tool is ideal for everyday activities.<br \/>\nIt operates at 1310 and 1550 nm on &quot;dark&quot; optical fibers. It is not suitable for testing operational PON networks.<br \/>\nIt also includes a visible red laser (VLF), a power meter and an optical source<\/p>","protected":false},"featured_media":43355,"template":"","meta":{"_acf_changed":false},"product_brand":[1395],"product_cat":[121,1100],"product_tag":[1379,1240,171],"class_list":{"0":"post-43360","1":"product","2":"type-product","3":"status-publish","4":"has-post-thumbnail","6":"product_brand-grandway","7":"product_cat-reti-in-fibra-ottica","8":"product_cat-attrezzatura-ftth","9":"product_tag-mini-otdr","10":"product_tag-otdr-1650","11":"product_tag-otdr-ftth","13":"first","14":"instock","15":"taxable","16":"shipping-taxable","17":"product-type-simple"},"acf":[],"tiered_pricing_type":"fixed","tiered_pricing_fixed_rules":[],"tiered_pricing_percentage_rules":[],"tiered_pricing_minimum":1,"_administrator_tiered_pricing_type":"fixed","_administrator_tiered_pricing_fixed_rules":[],"_editor_tiered_pricing_type":"fixed","_editor_tiered_pricing_fixed_rules":[],"_author_tiered_pricing_type":"fixed","_author_tiered_pricing_fixed_rules":[],"_contributor_tiered_pricing_type":"fixed","_contributor_tiered_pricing_fixed_rules":[],"_subscriber_tiered_pricing_type":"fixed","_subscriber_tiered_pricing_fixed_rules":[],"_customer_tiered_pricing_type":"fixed","_customer_tiered_pricing_fixed_rules":[],"_shop_manager_tiered_pricing_type":"fixed","_shop_manager_tiered_pricing_fixed_rules":[],"_translator_tiered_pricing_type":"fixed","_translator_tiered_pricing_fixed_rules":[],"_give_manager_tiered_pricing_type":"fixed","_give_manager_tiered_pricing_fixed_rules":[],"_give_accountant_tiered_pricing_type":"fixed","_give_accountant_tiered_pricing_fixed_rules":[],"_give_worker_tiered_pricing_type":"fixed","_give_worker_tiered_pricing_fixed_rules":[],"_give_donor_tiered_pricing_type":"fixed","_give_donor_tiered_pricing_fixed_rules":[],"_wpseo_manager_tiered_pricing_type":"fixed","_wpseo_manager_tiered_pricing_fixed_rules":[],"_wpseo_editor_tiered_pricing_type":"fixed","_wpseo_editor_tiered_pricing_fixed_rules":[],"_wholesale_buyer_tiered_pricing_type":"fixed","_wholesale_buyer_tiered_pricing_fixed_rules":[],"_wholesale_tax_free_tiered_pricing_type":"fixed","_wholesale_tax_free_tiered_pricing_fixed_rules":[],"_azienda_tiered_pricing_type":"fixed","_azienda_tiered_pricing_fixed_rules":[],"_privato_tiered_pricing_type":"fixed","_privato_tiered_pricing_fixed_rules":[],"yoast_head":"<!-- This site is optimized with the Yoast SEO Premium plugin v20.8 (Yoast SEO v27.4) - https:\/\/yoast.com\/product\/yoast-seo-premium-wordpress\/ -->\n<title>Smart OTDR per ricerca guasti FTTH (1310\/1550 nm) | Rertech<\/title>\n<meta name=\"description\" content=\"Il mini OTDR M1000D e&#039; uno strumento per la ricerca guasti di reti in fibra ottica offerto ad un prezzo molto aggressivo Grazie alle piccole dimensioni, ad un un display multi touch a colori e ad un peso davvero ridotto, questo strumento \u00e8 l&#039;ideale per le attivit\u00e0 di tutti i giorni Lavora a 1310 e 1550 nm su fibre ottiche &quot;spente&quot;. Non \u00e8 adatto al collaudo di reti PON in funzione. Comprende anche un laser rosso visibile (VLF), un power meter ed una sorgente ottica\" \/>\n<meta name=\"robots\" content=\"index, follow, max-snippet:-1, max-image-preview:large, max-video-preview:-1\" \/>\n<link rel=\"canonical\" href=\"https:\/\/rertech.it\/en\/products\/testing-and-maintenance\/fiber-optic-networks\/smart-otdr-for-ftth-troubleshooting-1310-1550-nm\/\" \/>\n<meta property=\"og:locale\" content=\"en_GB\" \/>\n<meta property=\"og:type\" content=\"article\" \/>\n<meta property=\"og:title\" content=\"Smart OTDR per ricerca guasti FTTH (1310\/1550 nm)\" \/>\n<meta property=\"og:description\" content=\"Il mini OTDR M1000D e&#039; uno strumento per la ricerca guasti di reti in fibra ottica offerto ad un prezzo molto aggressivo Grazie alle piccole dimensioni, ad un un display multi touch a colori e ad un peso davvero ridotto, questo strumento \u00e8 l&#039;ideale per le attivit\u00e0 di tutti i giorni Lavora a 1310 e 1550 nm su fibre ottiche &quot;spente&quot;. Non \u00e8 adatto al collaudo di reti PON in funzione. Comprende anche un laser rosso visibile (VLF), un power meter ed una sorgente ottica\" \/>\n<meta property=\"og:url\" content=\"https:\/\/rertech.it\/en\/products\/testing-and-maintenance\/fiber-optic-networks\/smart-otdr-for-ftth-troubleshooting-1310-1550-nm\/\" \/>\n<meta property=\"og:site_name\" content=\"Rertech\" \/>\n<meta property=\"article:publisher\" content=\"https:\/\/www.facebook.com\/rertech.fibraottica\/\" \/>\n<meta property=\"article:modified_time\" content=\"2026-04-08T10:30:40+00:00\" \/>\n<meta property=\"og:image\" content=\"https:\/\/rertech.it\/wp-content\/uploads\/2025\/05\/M1000T.webp\" \/>\n\t<meta property=\"og:image:width\" content=\"720\" \/>\n\t<meta property=\"og:image:height\" content=\"720\" \/>\n\t<meta property=\"og:image:type\" content=\"image\/webp\" \/>\n<meta name=\"twitter:card\" content=\"summary_large_image\" \/>\n<meta name=\"twitter:label1\" content=\"Price\" \/>\n\t<meta name=\"twitter:data1\" content=\"319.00&nbsp;&euro; Iva esclusa\" \/>\n\t<meta name=\"twitter:label2\" content=\"Availability\" \/>\n\t<meta name=\"twitter:data2\" content=\"In stock\" \/>\n<script type=\"application\/ld+json\" class=\"yoast-schema-graph\">{\"@context\":\"https:\\\/\\\/schema.org\",\"@graph\":[{\"@type\":\"WebPage\",\"@id\":\"https:\\\/\\\/rertech.it\\\/prodotti\\\/collaudo-e-manutenzione\\\/reti-in-fibra-ottica\\\/smart-otdr-per-ricerca-guasti-ftth-1310-1550-nm\\\/\",\"url\":\"https:\\\/\\\/rertech.it\\\/prodotti\\\/collaudo-e-manutenzione\\\/reti-in-fibra-ottica\\\/smart-otdr-per-ricerca-guasti-ftth-1310-1550-nm\\\/\",\"name\":\"Smart OTDR per ricerca guasti FTTH (1310\\\/1550 nm) | Rertech\",\"isPartOf\":{\"@id\":\"https:\\\/\\\/rertech.it\\\/#website\"},\"primaryImageOfPage\":{\"@id\":\"https:\\\/\\\/rertech.it\\\/prodotti\\\/collaudo-e-manutenzione\\\/reti-in-fibra-ottica\\\/smart-otdr-per-ricerca-guasti-ftth-1310-1550-nm\\\/#primaryimage\"},\"image\":{\"@id\":\"https:\\\/\\\/rertech.it\\\/prodotti\\\/collaudo-e-manutenzione\\\/reti-in-fibra-ottica\\\/smart-otdr-per-ricerca-guasti-ftth-1310-1550-nm\\\/#primaryimage\"},\"thumbnailUrl\":\"https:\\\/\\\/rertech.it\\\/wp-content\\\/uploads\\\/2025\\\/05\\\/M1000T.webp\",\"datePublished\":\"2025-05-21T14:02:33+00:00\",\"dateModified\":\"2026-04-08T10:30:40+00:00\",\"description\":\"Il mini OTDR M1000D e' uno strumento per la ricerca guasti di reti in fibra ottica offerto ad un prezzo molto aggressivo Grazie alle piccole dimensioni, ad un un display multi touch a colori e ad un peso davvero ridotto, questo strumento \u00e8 l'ideale per le attivit\u00e0 di tutti i giorni Lavora a 1310 e 1550 nm su fibre ottiche \\\"spente\\\". Non \u00e8 adatto al collaudo di reti PON in funzione. Comprende anche un laser rosso visibile (VLF), un power meter ed una sorgente ottica\",\"breadcrumb\":{\"@id\":\"https:\\\/\\\/rertech.it\\\/prodotti\\\/collaudo-e-manutenzione\\\/reti-in-fibra-ottica\\\/smart-otdr-per-ricerca-guasti-ftth-1310-1550-nm\\\/#breadcrumb\"},\"inLanguage\":\"en-GB\",\"potentialAction\":[{\"@type\":\"ReadAction\",\"target\":[\"https:\\\/\\\/rertech.it\\\/prodotti\\\/collaudo-e-manutenzione\\\/reti-in-fibra-ottica\\\/smart-otdr-per-ricerca-guasti-ftth-1310-1550-nm\\\/\"]}]},{\"@type\":\"ImageObject\",\"inLanguage\":\"en-GB\",\"@id\":\"https:\\\/\\\/rertech.it\\\/prodotti\\\/collaudo-e-manutenzione\\\/reti-in-fibra-ottica\\\/smart-otdr-per-ricerca-guasti-ftth-1310-1550-nm\\\/#primaryimage\",\"url\":\"https:\\\/\\\/rertech.it\\\/wp-content\\\/uploads\\\/2025\\\/05\\\/M1000T.webp\",\"contentUrl\":\"https:\\\/\\\/rertech.it\\\/wp-content\\\/uploads\\\/2025\\\/05\\\/M1000T.webp\",\"width\":720,\"height\":720,\"caption\":\"Smart OTDR ricerca guasti FTTH\"},{\"@type\":\"BreadcrumbList\",\"@id\":\"https:\\\/\\\/rertech.it\\\/prodotti\\\/collaudo-e-manutenzione\\\/reti-in-fibra-ottica\\\/smart-otdr-per-ricerca-guasti-ftth-1310-1550-nm\\\/#breadcrumb\",\"itemListElement\":[{\"@type\":\"ListItem\",\"position\":1,\"name\":\"Home\",\"item\":\"https:\\\/\\\/rertech.it\\\/\"},{\"@type\":\"ListItem\",\"position\":2,\"name\":\"Prodotti\",\"item\":\"https:\\\/\\\/rertech.it\\\/prodotti\\\/\"},{\"@type\":\"ListItem\",\"position\":3,\"name\":\"COLLAUDO e MANUTENZIONE\",\"item\":\"https:\\\/\\\/rertech.it\\\/categoria-prodotto\\\/collaudo-e-manutenzione\\\/\"},{\"@type\":\"ListItem\",\"position\":4,\"name\":\"Reti in fibra ottica\",\"item\":\"https:\\\/\\\/rertech.it\\\/categoria-prodotto\\\/collaudo-e-manutenzione\\\/reti-in-fibra-ottica\\\/\"},{\"@type\":\"ListItem\",\"position\":5,\"name\":\"Smart OTDR per ricerca guasti FTTH (1310\\\/1550 nm)\"}]},{\"@type\":\"WebSite\",\"@id\":\"https:\\\/\\\/rertech.it\\\/#website\",\"url\":\"https:\\\/\\\/rertech.it\\\/\",\"name\":\"Rertech\",\"description\":\"Prodotti, attrezzatura e servizi per fibra ottica\",\"publisher\":{\"@id\":\"https:\\\/\\\/rertech.it\\\/#organization\"},\"potentialAction\":[{\"@type\":\"SearchAction\",\"target\":{\"@type\":\"EntryPoint\",\"urlTemplate\":\"https:\\\/\\\/rertech.it\\\/?s={search_term_string}\"},\"query-input\":{\"@type\":\"PropertyValueSpecification\",\"valueRequired\":true,\"valueName\":\"search_term_string\"}}],\"inLanguage\":\"en-GB\"},{\"@type\":\"Organization\",\"@id\":\"https:\\\/\\\/rertech.it\\\/#organization\",\"name\":\"RERTECH\",\"url\":\"https:\\\/\\\/rertech.it\\\/\",\"logo\":{\"@type\":\"ImageObject\",\"inLanguage\":\"en-GB\",\"@id\":\"https:\\\/\\\/rertech.it\\\/#\\\/schema\\\/logo\\\/image\\\/\",\"url\":\"https:\\\/\\\/rertech.it\\\/wp-content\\\/uploads\\\/2022\\\/03\\\/cropped-Copia-di-RERTECH-500x180-2.png\",\"contentUrl\":\"https:\\\/\\\/rertech.it\\\/wp-content\\\/uploads\\\/2022\\\/03\\\/cropped-Copia-di-RERTECH-500x180-2.png\",\"width\":512,\"height\":512,\"caption\":\"RERTECH\"},\"image\":{\"@id\":\"https:\\\/\\\/rertech.it\\\/#\\\/schema\\\/logo\\\/image\\\/\"},\"sameAs\":[\"https:\\\/\\\/www.facebook.com\\\/rertech.fibraottica\\\/\",\"https:\\\/\\\/www.instagram.com\\\/rertechfibraottica\\\/\",\"https:\\\/\\\/www.linkedin.com\\\/company\\\/rertech-fibraottica\\\/\",\"https:\\\/\\\/www.youtube.com\\\/channel\\\/UC5Sihqg7SPUcMPDCEnmQ5XQ\\\/\"]}]}<\/script>\n<meta property=\"product:price:amount\" content=\"319.000\" \/>\n<meta property=\"product:price:currency\" content=\"EUR\" \/>\n<meta property=\"og:availability\" content=\"instock\" \/>\n<meta property=\"product:availability\" content=\"instock\" \/>\n<meta property=\"product:retailer_item_id\" content=\"M1000D\" \/>\n<meta property=\"product:condition\" content=\"new\" \/>\n<!-- \/ Yoast SEO Premium plugin. -->","yoast_head_json":{"title":"Smart OTDR for FTTH Troubleshooting (1310\/1550 nm) | Rertech","description":"The M1000D mini OTDR is a fiber optic network troubleshooting tool offered at a very competitive price. Thanks to its small size, a multi-touch color display, and a very low weight, this tool is ideal for everyday tasks. It works at 1310 and 1550 nm on &quot;dark&quot; optical fibers. It is not suitable for testing PON networks in operation. It also includes a visible red laser (VLF), a power meter, and an optical source.","robots":{"index":"index","follow":"follow","max-snippet":"max-snippet:-1","max-image-preview":"max-image-preview:large","max-video-preview":"max-video-preview:-1"},"canonical":"https:\/\/rertech.it\/en\/products\/testing-and-maintenance\/fiber-optic-networks\/smart-otdr-for-ftth-troubleshooting-1310-1550-nm\/","og_locale":"en_GB","og_type":"article","og_title":"Smart OTDR per ricerca guasti FTTH (1310\/1550 nm)","og_description":"Il mini OTDR M1000D e' uno strumento per la ricerca guasti di reti in fibra ottica offerto ad un prezzo molto aggressivo Grazie alle piccole dimensioni, ad un un display multi touch a colori e ad un peso davvero ridotto, questo strumento \u00e8 l'ideale per le attivit\u00e0 di tutti i giorni Lavora a 1310 e 1550 nm su fibre ottiche \"spente\". Non \u00e8 adatto al collaudo di reti PON in funzione. Comprende anche un laser rosso visibile (VLF), un power meter ed una sorgente ottica","og_url":"https:\/\/rertech.it\/en\/products\/testing-and-maintenance\/fiber-optic-networks\/smart-otdr-for-ftth-troubleshooting-1310-1550-nm\/","og_site_name":"Rertech","article_publisher":"https:\/\/www.facebook.com\/rertech.fibraottica\/","article_modified_time":"2026-04-08T10:30:40+00:00","og_image":[{"width":720,"height":720,"url":"https:\/\/rertech.it\/wp-content\/uploads\/2025\/05\/M1000T.webp","type":"image\/webp"}],"twitter_card":"summary_large_image","twitter_misc":{"Price":"319.00&nbsp;&euro; Iva esclusa","Availability":"In stock"},"schema":{"@context":"https:\/\/schema.org","@graph":[{"@type":"WebPage","@id":"https:\/\/rertech.it\/prodotti\/collaudo-e-manutenzione\/reti-in-fibra-ottica\/smart-otdr-per-ricerca-guasti-ftth-1310-1550-nm\/","url":"https:\/\/rertech.it\/prodotti\/collaudo-e-manutenzione\/reti-in-fibra-ottica\/smart-otdr-per-ricerca-guasti-ftth-1310-1550-nm\/","name":"Smart OTDR for FTTH Troubleshooting (1310\/1550 nm) | Rertech","isPartOf":{"@id":"https:\/\/rertech.it\/#website"},"primaryImageOfPage":{"@id":"https:\/\/rertech.it\/prodotti\/collaudo-e-manutenzione\/reti-in-fibra-ottica\/smart-otdr-per-ricerca-guasti-ftth-1310-1550-nm\/#primaryimage"},"image":{"@id":"https:\/\/rertech.it\/prodotti\/collaudo-e-manutenzione\/reti-in-fibra-ottica\/smart-otdr-per-ricerca-guasti-ftth-1310-1550-nm\/#primaryimage"},"thumbnailUrl":"https:\/\/rertech.it\/wp-content\/uploads\/2025\/05\/M1000T.webp","datePublished":"2025-05-21T14:02:33+00:00","dateModified":"2026-04-08T10:30:40+00:00","description":"The M1000D mini OTDR is a fiber optic network troubleshooting tool offered at a very competitive price. Thanks to its small size, a multi-touch color display, and a very low weight, this tool is ideal for everyday tasks. It works at 1310 and 1550 nm on &quot;dark&quot; optical fibers. It is not suitable for testing PON networks in operation. It also includes a visible red laser (VLF), a power meter, and an optical source.","breadcrumb":{"@id":"https:\/\/rertech.it\/prodotti\/collaudo-e-manutenzione\/reti-in-fibra-ottica\/smart-otdr-per-ricerca-guasti-ftth-1310-1550-nm\/#breadcrumb"},"inLanguage":"en-GB","potentialAction":[{"@type":"ReadAction","target":["https:\/\/rertech.it\/prodotti\/collaudo-e-manutenzione\/reti-in-fibra-ottica\/smart-otdr-per-ricerca-guasti-ftth-1310-1550-nm\/"]}]},{"@type":"ImageObject","inLanguage":"en-GB","@id":"https:\/\/rertech.it\/prodotti\/collaudo-e-manutenzione\/reti-in-fibra-ottica\/smart-otdr-per-ricerca-guasti-ftth-1310-1550-nm\/#primaryimage","url":"https:\/\/rertech.it\/wp-content\/uploads\/2025\/05\/M1000T.webp","contentUrl":"https:\/\/rertech.it\/wp-content\/uploads\/2025\/05\/M1000T.webp","width":720,"height":720,"caption":"Smart OTDR ricerca guasti FTTH"},{"@type":"BreadcrumbList","@id":"https:\/\/rertech.it\/prodotti\/collaudo-e-manutenzione\/reti-in-fibra-ottica\/smart-otdr-per-ricerca-guasti-ftth-1310-1550-nm\/#breadcrumb","itemListElement":[{"@type":"ListItem","position":1,"name":"Home","item":"https:\/\/rertech.it\/"},{"@type":"ListItem","position":2,"name":"Prodotti","item":"https:\/\/rertech.it\/prodotti\/"},{"@type":"ListItem","position":3,"name":"COLLAUDO e MANUTENZIONE","item":"https:\/\/rertech.it\/categoria-prodotto\/collaudo-e-manutenzione\/"},{"@type":"ListItem","position":4,"name":"Reti in fibra ottica","item":"https:\/\/rertech.it\/categoria-prodotto\/collaudo-e-manutenzione\/reti-in-fibra-ottica\/"},{"@type":"ListItem","position":5,"name":"Smart OTDR per ricerca guasti FTTH (1310\/1550 nm)"}]},{"@type":"WebSite","@id":"https:\/\/rertech.it\/#website","url":"https:\/\/rertech.it\/","name":"Rertech","description":"Fiber Optic Products, Equipment and Services","publisher":{"@id":"https:\/\/rertech.it\/#organization"},"potentialAction":[{"@type":"SearchAction","target":{"@type":"EntryPoint","urlTemplate":"https:\/\/rertech.it\/?s={search_term_string}"},"query-input":{"@type":"PropertyValueSpecification","valueRequired":true,"valueName":"search_term_string"}}],"inLanguage":"en-GB"},{"@type":"Organization","@id":"https:\/\/rertech.it\/#organization","name":"RERTECH","url":"https:\/\/rertech.it\/","logo":{"@type":"ImageObject","inLanguage":"en-GB","@id":"https:\/\/rertech.it\/#\/schema\/logo\/image\/","url":"https:\/\/rertech.it\/wp-content\/uploads\/2022\/03\/cropped-Copia-di-RERTECH-500x180-2.png","contentUrl":"https:\/\/rertech.it\/wp-content\/uploads\/2022\/03\/cropped-Copia-di-RERTECH-500x180-2.png","width":512,"height":512,"caption":"RERTECH"},"image":{"@id":"https:\/\/rertech.it\/#\/schema\/logo\/image\/"},"sameAs":["https:\/\/www.facebook.com\/rertech.fibraottica\/","https:\/\/www.instagram.com\/rertechfibraottica\/","https:\/\/www.linkedin.com\/company\/rertech-fibraottica\/","https:\/\/www.youtube.com\/channel\/UC5Sihqg7SPUcMPDCEnmQ5XQ\/"]}]},"product_price_amount":"319.000","product_price_currency":"EUR","og_availability":"instock","product_availability":"instock","product_retailer_item_id":"M1000D","product_condition":"new"},"_links":{"self":[{"href":"https:\/\/rertech.it\/en\/wp-json\/wp\/v2\/product\/43360","targetHints":{"allow":["GET"]}}],"collection":[{"href":"https:\/\/rertech.it\/en\/wp-json\/wp\/v2\/product"}],"about":[{"href":"https:\/\/rertech.it\/en\/wp-json\/wp\/v2\/types\/product"}],"wp:featuredmedia":[{"embeddable":true,"href":"https:\/\/rertech.it\/en\/wp-json\/wp\/v2\/media\/43355"}],"wp:attachment":[{"href":"https:\/\/rertech.it\/en\/wp-json\/wp\/v2\/media?parent=43360"}],"wp:term":[{"taxonomy":"product_brand","embeddable":true,"href":"https:\/\/rertech.it\/en\/wp-json\/wp\/v2\/product_brand?post=43360"},{"taxonomy":"product_cat","embeddable":true,"href":"https:\/\/rertech.it\/en\/wp-json\/wp\/v2\/product_cat?post=43360"},{"taxonomy":"product_tag","embeddable":true,"href":"https:\/\/rertech.it\/en\/wp-json\/wp\/v2\/product_tag?post=43360"}],"curies":[{"name":"wp","href":"https:\/\/api.w.org\/{rel}","templated":true}]}}