{"id":44343,"date":"2025-11-25T15:45:37","date_gmt":"2025-11-25T14:45:37","guid":{"rendered":"https:\/\/rertech.it\/?post_type=product&#038;p=44343"},"modified":"2026-05-06T08:00:15","modified_gmt":"2026-04-08T08:30:39","slug":"lan-vdv-ii-plus-trend-networks-tester","status":"publish","type":"product","link":"https:\/\/rertech.it\/en\/prodotti\/collaudo-e-manutenzione\/reti-in-rame-trasmissione-dati\/tester-lan-vdv-ii-plus-trend-networks\/","title":{"rendered":"Trend Networks VDV II Plus LAN Tester"},"content":{"rendered":"<h3>Trend Networks VDV II PLUS LAN Tester Features<\/h3>\n<h4>Main functions<\/h4>\n<ul>\n<li>Interface for RJ45, RJ11\/12 and coaxial F<\/li>\n<li>Instantly detect termination errors: reversals, open or closed circuits<\/li>\n<li>Measures cable length (up to 450m)<\/li>\n<li>Measures the distance of open or short circuits<\/li>\n<li>Integrated analog and digital tone generator<\/li>\n<\/ul>\n<h4>Connectivity with anyWARE<\/h4>\n<p>Thanks to the support of the anyWARE cloud (<a ref=\"magnificPopup\" href=\"https:\/\/rertech.it\/wp-content\/uploads\/2024\/12\/anyWARE.webp\" target=\"_blank\" rel=\"noopener\">to find out more<\/a>), through a specific smartphone app, the measurement data is saved in the cloud, with a standard format and complete documentation visible to anyone with the access keys.<\/p>\n<h4>Technical data<\/h4>\n<ul>\n<li>Powered by 9V alkaline battery, battery life approximately 20 hours (with backlight off)<\/li>\n<li>Dimensions 160 x 76 x 36 cm, weight 0.26 kg<\/li>\n<\/ul>\n<h4>Kit contents<\/h4>\n<ul>\n<li>1 tester<\/li>\n<li>1 x Dual-Port Remote Unit<\/li>\n<li>1 coaxial remote unit<\/li>\n<li>1 alkaline battery<\/li>\n<li>1 multilingual user guide<\/li>\n<li>2 x 390mm RJ 45 crocodile clip cables<\/li>\n<li>2 x 150mm RJ45 to RJ45 shielded cables<\/li>\n<li>2 x 100mm RJ-12 to RJ-12 Cable<\/li>\n<li>1 x 230mm cable type-F socket to type-F socket<\/li>\n<li>1 F-81 barrel connector<\/li>\n<li>1 x BNC female to F-type male socket adapter<\/li>\n<li>1 x BNC female to F-type female socket adapter<\/li>\n<li>1 x RCA Female to F-Type Male Adapter<\/li>\n<li>1 x RCA Female to F-Type Female Socket Adapter<\/li>\n<li>1 pocket wiring board<\/li>\n<li>1 carry bag.<\/li>\n<\/ul>\n<p>&nbsp;<\/p>\n<p><strong>RERTECH is a Master Distribution Partner of Trend Networks<\/strong><\/p>\n<p><a href=\"https:\/\/rertech.it\/wp-content\/uploads\/2026\/02\/Rivenditori-Rertech-prodotti-Trend-Networks-01-01-26.pdf\" target=\"_blank\" rel=\"noopener\"><strong>BUY FROM ONE OF OUR DEALERS<\/strong><\/a><\/p>","protected":false},"excerpt":{"rendered":"<p>The VDV II PLUS LAN tester is the intermediate version of the VDV II family from Trend Networks (<a href=\"https:\/\/rertech.it\/wp-content\/uploads\/2025\/11\/VDVII-version-comparison.png\" target=\"_blank\" rel=\"noopener\">see the differences<\/a>)<\/p>\n<p>The VDV II PLUS LAN tester is a powerful analysis, verification and troubleshooting tool with a high quality\/price ratio.<\/p>\n<p>It also includes a tone generator that can be used as a pair finder using the dedicated R18001 probe (supplied separately)<\/p>\n<p>Like all Trend Networks products, this basic tester can also be connected to the free anyWARE cloud for reporting.<\/p>\n<p><strong>RERTECH is a Master Distribution Partner of Trend Networks<\/strong><\/p>\n<p><a href=\"https:\/\/rertech.it\/wp-content\/uploads\/2026\/02\/Rivenditori-Rertech-prodotti-Trend-Networks-01-01-26.pdf\" target=\"_blank\" rel=\"noopener\"><strong>BUY FROM ONE OF OUR DEALERS<\/strong><\/a><\/p>","protected":false},"featured_media":44344,"template":"","meta":{"_acf_changed":false},"product_brand":[1426],"product_cat":[120,272],"product_tag":[1298,1219,148,1297],"class_list":{"0":"post-44343","1":"product","2":"type-product","3":"status-publish","4":"has-post-thumbnail","6":"product_brand-trend-networks","7":"product_cat-reti-in-rame-trasmissione-dati","8":"product_cat-trasmissione-dati","9":"product_tag-fluke-microscanner","10":"product_tag-tester-ethernet","11":"product_tag-tester-lan","12":"product_tag-verificatore-ethernet","14":"first","15":"instock","16":"taxable","17":"shipping-taxable","18":"product-type-simple"},"acf":[],"tiered_pricing_type":"fixed","tiered_pricing_fixed_rules":[],"tiered_pricing_percentage_rules":[],"tiered_pricing_minimum":1,"_administrator_tiered_pricing_type":"fixed","_administrator_tiered_pricing_fixed_rules":[],"_editor_tiered_pricing_type":"fixed","_editor_tiered_pricing_fixed_rules":[],"_author_tiered_pricing_type":"fixed","_author_tiered_pricing_fixed_rules":[],"_contributor_tiered_pricing_type":"fixed","_contributor_tiered_pricing_fixed_rules":[],"_subscriber_tiered_pricing_type":"fixed","_subscriber_tiered_pricing_fixed_rules":[],"_customer_tiered_pricing_type":"fixed","_customer_tiered_pricing_fixed_rules":[],"_shop_manager_tiered_pricing_type":"fixed","_shop_manager_tiered_pricing_fixed_rules":[],"_translator_tiered_pricing_type":"fixed","_translator_tiered_pricing_fixed_rules":[],"_give_manager_tiered_pricing_type":"fixed","_give_manager_tiered_pricing_fixed_rules":[],"_give_accountant_tiered_pricing_type":"fixed","_give_accountant_tiered_pricing_fixed_rules":[],"_give_worker_tiered_pricing_type":"fixed","_give_worker_tiered_pricing_fixed_rules":[],"_give_donor_tiered_pricing_type":"fixed","_give_donor_tiered_pricing_fixed_rules":[],"_wpseo_manager_tiered_pricing_type":"fixed","_wpseo_manager_tiered_pricing_fixed_rules":[],"_wpseo_editor_tiered_pricing_type":"fixed","_wpseo_editor_tiered_pricing_fixed_rules":[],"_wholesale_buyer_tiered_pricing_type":"fixed","_wholesale_buyer_tiered_pricing_fixed_rules":[],"_wholesale_tax_free_tiered_pricing_type":"fixed","_wholesale_tax_free_tiered_pricing_fixed_rules":[],"_azienda_tiered_pricing_type":"fixed","_azienda_tiered_pricing_fixed_rules":[],"_privato_tiered_pricing_type":"fixed","_privato_tiered_pricing_fixed_rules":[],"yoast_head":"<!-- This site is optimized with the Yoast SEO Premium plugin v20.8 (Yoast SEO v27.4) - https:\/\/yoast.com\/product\/yoast-seo-premium-wordpress\/ -->\n<title>Tester LAN VDV II Plus Trend Networks | Rertech<\/title>\n<meta name=\"description\" content=\"Il tester LAN VDV II PLUS \u00e8 la versione intermedia della famiglia VDV II di Trend Networks (vedi le differenze)  Il tester LAN VDV II PLUS \u00e8 un potente strumento di analisi, verifica e ricerca guasti con un alto rapporto qualit\u00e0\/prezzo  Include anche un generatore di toni che pu\u00f2 essere impiegato come cerca coppie utilizzando l&#039;apposita sonda R18001 (fornita separatamente)  Come tutti i prodotti Trend Networks, anche questo tester di base pu\u00f2 essere connesso al cloud gratuito anyWARE per la creazione di report  RERTECH \u00e8 Master Distribution Partner di Trend Networks  ACQUISTA DA UN NOSTRO RIVENDITORE\" \/>\n<meta name=\"robots\" content=\"index, follow, max-snippet:-1, max-image-preview:large, max-video-preview:-1\" \/>\n<link rel=\"canonical\" href=\"https:\/\/rertech.it\/en\/products\/testing-and-maintenance\/copper-data-transmission-networks\/lan-vdv-ii-plus-trend-networks-tester\/\" \/>\n<meta property=\"og:locale\" content=\"en_GB\" \/>\n<meta property=\"og:type\" content=\"article\" \/>\n<meta property=\"og:title\" content=\"Tester LAN VDV II Plus Trend Networks\" \/>\n<meta property=\"og:description\" content=\"Il tester LAN VDV II PLUS \u00e8 la versione intermedia della famiglia VDV II di Trend Networks (vedi le differenze)  Il tester LAN VDV II PLUS \u00e8 un potente strumento di analisi, verifica e ricerca guasti con un alto rapporto qualit\u00e0\/prezzo  Include anche un generatore di toni che pu\u00f2 essere impiegato come cerca coppie utilizzando l&#039;apposita sonda R18001 (fornita separatamente)  Come tutti i prodotti Trend Networks, anche questo tester di base pu\u00f2 essere connesso al cloud gratuito anyWARE per la creazione di report  RERTECH \u00e8 Master Distribution Partner di Trend Networks  ACQUISTA DA UN NOSTRO RIVENDITORE\" \/>\n<meta property=\"og:url\" content=\"https:\/\/rertech.it\/en\/products\/testing-and-maintenance\/copper-data-transmission-networks\/lan-vdv-ii-plus-trend-networks-tester\/\" \/>\n<meta property=\"og:site_name\" content=\"Rertech\" \/>\n<meta property=\"article:publisher\" content=\"https:\/\/www.facebook.com\/rertech.fibraottica\/\" \/>\n<meta property=\"article:modified_time\" content=\"2026-04-08T08:30:39+00:00\" \/>\n<meta property=\"og:image\" content=\"https:\/\/rertech.it\/wp-content\/uploads\/2025\/11\/R158008.webp\" \/>\n\t<meta property=\"og:image:width\" content=\"455\" \/>\n\t<meta property=\"og:image:height\" content=\"666\" \/>\n\t<meta property=\"og:image:type\" content=\"image\/webp\" \/>\n<meta name=\"twitter:card\" content=\"summary_large_image\" \/>\n<meta name=\"twitter:label1\" content=\"Price\" \/>\n\t<meta name=\"twitter:data1\" content=\"365.00&nbsp;&euro; Iva esclusa\" \/>\n\t<meta name=\"twitter:label2\" content=\"Availability\" \/>\n\t<meta name=\"twitter:data2\" content=\"In stock\" \/>\n<script type=\"application\/ld+json\" class=\"yoast-schema-graph\">{\"@context\":\"https:\\\/\\\/schema.org\",\"@graph\":[{\"@type\":\"WebPage\",\"@id\":\"https:\\\/\\\/rertech.it\\\/prodotti\\\/collaudo-e-manutenzione\\\/reti-in-rame-trasmissione-dati\\\/tester-lan-vdv-ii-plus-trend-networks\\\/\",\"url\":\"https:\\\/\\\/rertech.it\\\/prodotti\\\/collaudo-e-manutenzione\\\/reti-in-rame-trasmissione-dati\\\/tester-lan-vdv-ii-plus-trend-networks\\\/\",\"name\":\"Tester LAN VDV II Plus Trend Networks | Rertech\",\"isPartOf\":{\"@id\":\"https:\\\/\\\/rertech.it\\\/#website\"},\"primaryImageOfPage\":{\"@id\":\"https:\\\/\\\/rertech.it\\\/prodotti\\\/collaudo-e-manutenzione\\\/reti-in-rame-trasmissione-dati\\\/tester-lan-vdv-ii-plus-trend-networks\\\/#primaryimage\"},\"image\":{\"@id\":\"https:\\\/\\\/rertech.it\\\/prodotti\\\/collaudo-e-manutenzione\\\/reti-in-rame-trasmissione-dati\\\/tester-lan-vdv-ii-plus-trend-networks\\\/#primaryimage\"},\"thumbnailUrl\":\"https:\\\/\\\/rertech.it\\\/wp-content\\\/uploads\\\/2025\\\/11\\\/R158008.webp\",\"datePublished\":\"2025-11-25T14:45:37+00:00\",\"dateModified\":\"2026-04-08T08:30:39+00:00\",\"description\":\"Il tester LAN VDV II PLUS \u00e8 la versione intermedia della famiglia VDV II di Trend Networks (vedi le differenze) Il tester LAN VDV II PLUS \u00e8 un potente strumento di analisi, verifica e ricerca guasti con un alto rapporto qualit\u00e0\\\/prezzo Include anche un generatore di toni che pu\u00f2 essere impiegato come cerca coppie utilizzando l'apposita sonda R18001 (fornita separatamente) Come tutti i prodotti Trend Networks, anche questo tester di base pu\u00f2 essere connesso al cloud gratuito anyWARE per la creazione di report RERTECH \u00e8 Master Distribution Partner di Trend Networks ACQUISTA DA UN NOSTRO RIVENDITORE\",\"breadcrumb\":{\"@id\":\"https:\\\/\\\/rertech.it\\\/prodotti\\\/collaudo-e-manutenzione\\\/reti-in-rame-trasmissione-dati\\\/tester-lan-vdv-ii-plus-trend-networks\\\/#breadcrumb\"},\"inLanguage\":\"en-GB\",\"potentialAction\":[{\"@type\":\"ReadAction\",\"target\":[\"https:\\\/\\\/rertech.it\\\/prodotti\\\/collaudo-e-manutenzione\\\/reti-in-rame-trasmissione-dati\\\/tester-lan-vdv-ii-plus-trend-networks\\\/\"]}]},{\"@type\":\"ImageObject\",\"inLanguage\":\"en-GB\",\"@id\":\"https:\\\/\\\/rertech.it\\\/prodotti\\\/collaudo-e-manutenzione\\\/reti-in-rame-trasmissione-dati\\\/tester-lan-vdv-ii-plus-trend-networks\\\/#primaryimage\",\"url\":\"https:\\\/\\\/rertech.it\\\/wp-content\\\/uploads\\\/2025\\\/11\\\/R158008.webp\",\"contentUrl\":\"https:\\\/\\\/rertech.it\\\/wp-content\\\/uploads\\\/2025\\\/11\\\/R158008.webp\",\"width\":455,\"height\":666,\"caption\":\"Tester lan R158008 VDV Plus\"},{\"@type\":\"BreadcrumbList\",\"@id\":\"https:\\\/\\\/rertech.it\\\/prodotti\\\/collaudo-e-manutenzione\\\/reti-in-rame-trasmissione-dati\\\/tester-lan-vdv-ii-plus-trend-networks\\\/#breadcrumb\",\"itemListElement\":[{\"@type\":\"ListItem\",\"position\":1,\"name\":\"Home\",\"item\":\"https:\\\/\\\/rertech.it\\\/\"},{\"@type\":\"ListItem\",\"position\":2,\"name\":\"Prodotti\",\"item\":\"https:\\\/\\\/rertech.it\\\/prodotti\\\/\"},{\"@type\":\"ListItem\",\"position\":3,\"name\":\"COLLAUDO e MANUTENZIONE\",\"item\":\"https:\\\/\\\/rertech.it\\\/categoria-prodotto\\\/collaudo-e-manutenzione\\\/\"},{\"@type\":\"ListItem\",\"position\":4,\"name\":\"Reti in rame Trasmissione dati\",\"item\":\"https:\\\/\\\/rertech.it\\\/categoria-prodotto\\\/collaudo-e-manutenzione\\\/reti-in-rame-trasmissione-dati\\\/\"},{\"@type\":\"ListItem\",\"position\":5,\"name\":\"Tester LAN VDV II Plus Trend Networks\"}]},{\"@type\":\"WebSite\",\"@id\":\"https:\\\/\\\/rertech.it\\\/#website\",\"url\":\"https:\\\/\\\/rertech.it\\\/\",\"name\":\"Rertech\",\"description\":\"Prodotti, attrezzatura e servizi per fibra ottica\",\"publisher\":{\"@id\":\"https:\\\/\\\/rertech.it\\\/#organization\"},\"potentialAction\":[{\"@type\":\"SearchAction\",\"target\":{\"@type\":\"EntryPoint\",\"urlTemplate\":\"https:\\\/\\\/rertech.it\\\/?s={search_term_string}\"},\"query-input\":{\"@type\":\"PropertyValueSpecification\",\"valueRequired\":true,\"valueName\":\"search_term_string\"}}],\"inLanguage\":\"en-GB\"},{\"@type\":\"Organization\",\"@id\":\"https:\\\/\\\/rertech.it\\\/#organization\",\"name\":\"RERTECH\",\"url\":\"https:\\\/\\\/rertech.it\\\/\",\"logo\":{\"@type\":\"ImageObject\",\"inLanguage\":\"en-GB\",\"@id\":\"https:\\\/\\\/rertech.it\\\/#\\\/schema\\\/logo\\\/image\\\/\",\"url\":\"https:\\\/\\\/rertech.it\\\/wp-content\\\/uploads\\\/2022\\\/03\\\/cropped-Copia-di-RERTECH-500x180-2.png\",\"contentUrl\":\"https:\\\/\\\/rertech.it\\\/wp-content\\\/uploads\\\/2022\\\/03\\\/cropped-Copia-di-RERTECH-500x180-2.png\",\"width\":512,\"height\":512,\"caption\":\"RERTECH\"},\"image\":{\"@id\":\"https:\\\/\\\/rertech.it\\\/#\\\/schema\\\/logo\\\/image\\\/\"},\"sameAs\":[\"https:\\\/\\\/www.facebook.com\\\/rertech.fibraottica\\\/\",\"https:\\\/\\\/www.instagram.com\\\/rertechfibraottica\\\/\",\"https:\\\/\\\/www.linkedin.com\\\/company\\\/rertech-fibraottica\\\/\",\"https:\\\/\\\/www.youtube.com\\\/channel\\\/UC5Sihqg7SPUcMPDCEnmQ5XQ\\\/\"]}]}<\/script>\n<meta property=\"product:price:amount\" content=\"365.000\" \/>\n<meta property=\"product:price:currency\" content=\"EUR\" \/>\n<meta property=\"og:availability\" content=\"instock\" \/>\n<meta property=\"product:availability\" content=\"instock\" \/>\n<meta property=\"product:retailer_item_id\" content=\"R158008\" \/>\n<meta property=\"product:condition\" content=\"new\" \/>\n<!-- \/ Yoast SEO Premium plugin. -->","yoast_head_json":{"title":"VDV II Plus LAN Tester Trend Networks | Rertech","description":"The VDV II PLUS LAN tester is the intermediate version of the VDV II family from Trend Networks (see the differences) The VDV II PLUS LAN tester is a powerful analysis, verification and troubleshooting tool with a high quality\/price ratio It also includes a tone generator that can be used as a pair finder using the dedicated R18001 probe (supplied separately) Like all Trend Networks products, this basic tester can also be connected to the free anyWARE cloud for reporting RERTECH is a Master Distribution Partner of Trend Networks BUY FROM ONE OF OUR RESELLERS","robots":{"index":"index","follow":"follow","max-snippet":"max-snippet:-1","max-image-preview":"max-image-preview:large","max-video-preview":"max-video-preview:-1"},"canonical":"https:\/\/rertech.it\/en\/products\/testing-and-maintenance\/copper-data-transmission-networks\/lan-vdv-ii-plus-trend-networks-tester\/","og_locale":"en_GB","og_type":"article","og_title":"Tester LAN VDV II Plus Trend Networks","og_description":"Il tester LAN VDV II PLUS \u00e8 la versione intermedia della famiglia VDV II di Trend Networks (vedi le differenze)  Il tester LAN VDV II PLUS \u00e8 un potente strumento di analisi, verifica e ricerca guasti con un alto rapporto qualit\u00e0\/prezzo  Include anche un generatore di toni che pu\u00f2 essere impiegato come cerca coppie utilizzando l'apposita sonda R18001 (fornita separatamente)  Come tutti i prodotti Trend Networks, anche questo tester di base pu\u00f2 essere connesso al cloud gratuito anyWARE per la creazione di report  RERTECH \u00e8 Master Distribution Partner di Trend Networks  ACQUISTA DA UN NOSTRO RIVENDITORE","og_url":"https:\/\/rertech.it\/en\/products\/testing-and-maintenance\/copper-data-transmission-networks\/lan-vdv-ii-plus-trend-networks-tester\/","og_site_name":"Rertech","article_publisher":"https:\/\/www.facebook.com\/rertech.fibraottica\/","article_modified_time":"2026-04-08T08:30:39+00:00","og_image":[{"width":455,"height":666,"url":"https:\/\/rertech.it\/wp-content\/uploads\/2025\/11\/R158008.webp","type":"image\/webp"}],"twitter_card":"summary_large_image","twitter_misc":{"Price":"365.00&nbsp;&euro; Iva esclusa","Availability":"In stock"},"schema":{"@context":"https:\/\/schema.org","@graph":[{"@type":"WebPage","@id":"https:\/\/rertech.it\/prodotti\/collaudo-e-manutenzione\/reti-in-rame-trasmissione-dati\/tester-lan-vdv-ii-plus-trend-networks\/","url":"https:\/\/rertech.it\/prodotti\/collaudo-e-manutenzione\/reti-in-rame-trasmissione-dati\/tester-lan-vdv-ii-plus-trend-networks\/","name":"VDV II Plus LAN Tester Trend Networks | Rertech","isPartOf":{"@id":"https:\/\/rertech.it\/#website"},"primaryImageOfPage":{"@id":"https:\/\/rertech.it\/prodotti\/collaudo-e-manutenzione\/reti-in-rame-trasmissione-dati\/tester-lan-vdv-ii-plus-trend-networks\/#primaryimage"},"image":{"@id":"https:\/\/rertech.it\/prodotti\/collaudo-e-manutenzione\/reti-in-rame-trasmissione-dati\/tester-lan-vdv-ii-plus-trend-networks\/#primaryimage"},"thumbnailUrl":"https:\/\/rertech.it\/wp-content\/uploads\/2025\/11\/R158008.webp","datePublished":"2025-11-25T14:45:37+00:00","dateModified":"2026-04-08T08:30:39+00:00","description":"The VDV II PLUS LAN tester is the intermediate version of the VDV II family from Trend Networks (see the differences) The VDV II PLUS LAN tester is a powerful analysis, verification and troubleshooting tool with a high quality\/price ratio It also includes a tone generator that can be used as a pair finder using the dedicated R18001 probe (supplied separately) Like all Trend Networks products, this basic tester can also be connected to the free anyWARE cloud for reporting RERTECH is a Master Distribution Partner of Trend Networks BUY FROM ONE OF OUR RESELLERS","breadcrumb":{"@id":"https:\/\/rertech.it\/prodotti\/collaudo-e-manutenzione\/reti-in-rame-trasmissione-dati\/tester-lan-vdv-ii-plus-trend-networks\/#breadcrumb"},"inLanguage":"en-GB","potentialAction":[{"@type":"ReadAction","target":["https:\/\/rertech.it\/prodotti\/collaudo-e-manutenzione\/reti-in-rame-trasmissione-dati\/tester-lan-vdv-ii-plus-trend-networks\/"]}]},{"@type":"ImageObject","inLanguage":"en-GB","@id":"https:\/\/rertech.it\/prodotti\/collaudo-e-manutenzione\/reti-in-rame-trasmissione-dati\/tester-lan-vdv-ii-plus-trend-networks\/#primaryimage","url":"https:\/\/rertech.it\/wp-content\/uploads\/2025\/11\/R158008.webp","contentUrl":"https:\/\/rertech.it\/wp-content\/uploads\/2025\/11\/R158008.webp","width":455,"height":666,"caption":"Tester lan R158008 VDV Plus"},{"@type":"BreadcrumbList","@id":"https:\/\/rertech.it\/prodotti\/collaudo-e-manutenzione\/reti-in-rame-trasmissione-dati\/tester-lan-vdv-ii-plus-trend-networks\/#breadcrumb","itemListElement":[{"@type":"ListItem","position":1,"name":"Home","item":"https:\/\/rertech.it\/"},{"@type":"ListItem","position":2,"name":"Prodotti","item":"https:\/\/rertech.it\/prodotti\/"},{"@type":"ListItem","position":3,"name":"COLLAUDO e MANUTENZIONE","item":"https:\/\/rertech.it\/categoria-prodotto\/collaudo-e-manutenzione\/"},{"@type":"ListItem","position":4,"name":"Reti in rame Trasmissione dati","item":"https:\/\/rertech.it\/categoria-prodotto\/collaudo-e-manutenzione\/reti-in-rame-trasmissione-dati\/"},{"@type":"ListItem","position":5,"name":"Tester LAN VDV II Plus Trend Networks"}]},{"@type":"WebSite","@id":"https:\/\/rertech.it\/#website","url":"https:\/\/rertech.it\/","name":"Rertech","description":"Fiber Optic Products, Equipment and Services","publisher":{"@id":"https:\/\/rertech.it\/#organization"},"potentialAction":[{"@type":"SearchAction","target":{"@type":"EntryPoint","urlTemplate":"https:\/\/rertech.it\/?s={search_term_string}"},"query-input":{"@type":"PropertyValueSpecification","valueRequired":true,"valueName":"search_term_string"}}],"inLanguage":"en-GB"},{"@type":"Organization","@id":"https:\/\/rertech.it\/#organization","name":"RERTECH","url":"https:\/\/rertech.it\/","logo":{"@type":"ImageObject","inLanguage":"en-GB","@id":"https:\/\/rertech.it\/#\/schema\/logo\/image\/","url":"https:\/\/rertech.it\/wp-content\/uploads\/2022\/03\/cropped-Copia-di-RERTECH-500x180-2.png","contentUrl":"https:\/\/rertech.it\/wp-content\/uploads\/2022\/03\/cropped-Copia-di-RERTECH-500x180-2.png","width":512,"height":512,"caption":"RERTECH"},"image":{"@id":"https:\/\/rertech.it\/#\/schema\/logo\/image\/"},"sameAs":["https:\/\/www.facebook.com\/rertech.fibraottica\/","https:\/\/www.instagram.com\/rertechfibraottica\/","https:\/\/www.linkedin.com\/company\/rertech-fibraottica\/","https:\/\/www.youtube.com\/channel\/UC5Sihqg7SPUcMPDCEnmQ5XQ\/"]}]},"product_price_amount":"365.000","product_price_currency":"EUR","og_availability":"instock","product_availability":"instock","product_retailer_item_id":"R158008","product_condition":"new"},"_links":{"self":[{"href":"https:\/\/rertech.it\/en\/wp-json\/wp\/v2\/product\/44343","targetHints":{"allow":["GET"]}}],"collection":[{"href":"https:\/\/rertech.it\/en\/wp-json\/wp\/v2\/product"}],"about":[{"href":"https:\/\/rertech.it\/en\/wp-json\/wp\/v2\/types\/product"}],"wp:featuredmedia":[{"embeddable":true,"href":"https:\/\/rertech.it\/en\/wp-json\/wp\/v2\/media\/44344"}],"wp:attachment":[{"href":"https:\/\/rertech.it\/en\/wp-json\/wp\/v2\/media?parent=44343"}],"wp:term":[{"taxonomy":"product_brand","embeddable":true,"href":"https:\/\/rertech.it\/en\/wp-json\/wp\/v2\/product_brand?post=44343"},{"taxonomy":"product_cat","embeddable":true,"href":"https:\/\/rertech.it\/en\/wp-json\/wp\/v2\/product_cat?post=44343"},{"taxonomy":"product_tag","embeddable":true,"href":"https:\/\/rertech.it\/en\/wp-json\/wp\/v2\/product_tag?post=44343"}],"curies":[{"name":"wp","href":"https:\/\/api.w.org\/{rel}","templated":true}]}}