{"id":44752,"date":"2026-01-28T12:35:52","date_gmt":"2026-01-28T11:35:52","guid":{"rendered":"https:\/\/rertech.it\/?post_type=product&#038;p=44752"},"modified":"2026-04-20T08:00:11","modified_gmt":"2026-03-19T11:58:33","slug":"multi-frequency-locator-for-buried-cables-and-pipes","status":"publish","type":"product","link":"https:\/\/rertech.it\/en\/prodotti\/posa-di-cavi-fibra-ottica\/localizzatori-rilevatori\/localizzatore-multifrequenza-di-cavi-tubi-interrati\/","title":{"rendered":"Tempo 551EU Multi-Frequency Underground Cable and Pipe Locator"},"content":{"rendered":"<h4>Characteristics of the l<span>Tempo 551EU multi-frequency locator for buried cables and pipes<\/span><\/h4>\n<h4>Transmitter<\/h4>\n<p>Signal injection:<\/p>\n<ul>\n<li>Galvanic connection (contact)<\/li>\n<li>Inductive clamp<\/li>\n<li>Induction from the transmitter with built-in antenna<\/li>\n<\/ul>\n<p>Performance:<\/p>\n<ul>\n<li>Massima profondit\u00e0: &gt;= 6m<\/li>\n<li>Maximum distance: &gt;= 1.6 km<\/li>\n<\/ul>\n<p>Operating frequencies:<\/p>\n<ul>\n<li>Galvanic connection: 1.75 kHz + 33 kHz Simultaneous<\/li>\n<li>inductive coupling with clamp: 33kHz<\/li>\n<li>inductive coupling with antenna: 133kHz<\/li>\n<li>AC 50Hz detection<\/li>\n<\/ul>\n<p>Battery life: 40\/50 hours with 6xD batteries<\/p>\n<h4>Receiver<\/h4>\n<p>35 hours of battery life with 4xAA batteries<\/p>\n<h4>MADE IN USA<\/h4>","protected":false},"excerpt":{"rendered":"<p>Il localizzatore 551EU \u00e8 un prodotto professionale per individuare cavi elettrici, tubazioni metalliche e sonde RF interrate. Grazie all&#8217;utilizzo simultaneo di due frequenze (1.75 kHz e 33 kHz) e al sistema Intellitrack per la reiezione del rumore digitale, il localizzatore 551EU vi aiuter\u00e0 a rintracciare quello che cercate in modo semplice e veloce.<\/p>\n<p>L&#8217;utilizzo principale \u00e8 per la localizzazione di:<\/p>\n<ul>\n<li><span>power lines<\/span><\/li>\n<li><span>irrigation pipes<\/span><\/li>\n<li><span>telecommunication cables<\/span><\/li>\n<li><span>metal pipes<\/span><\/li>\n<li><span>33 kHz probes<\/span><\/li>\n<\/ul>\n<p>La distanza di localizzazione delle utilities \u00e8 fino a 1,5 km, con una profondit\u00e0 massima di 6 metri, che pu\u00f2 raggiungere anche i 10 metri con la triangolazione<\/p>\n<p>Lo strumento \u00e8 realizzato con materiali durevoli nel tempo, ed \u00e8 IP54<\/p>","protected":false},"featured_media":44749,"template":"","meta":{"_acf_changed":false},"product_brand":[1427],"product_cat":[112,1470,1100],"product_tag":[1454,1453,1461,1457,1455,1456],"class_list":{"0":"post-44752","1":"product","2":"type-product","3":"status-publish","4":"has-post-thumbnail","6":"product_brand-tempo-communication","7":"product_cat-accessori","8":"product_cat-localizzatori-rilevatori","9":"product_cat-attrezzatura-ftth","10":"product_tag-cerca-cavi","11":"product_tag-cerca-tubi","12":"product_tag-greenlee","13":"product_tag-localizzatore","14":"product_tag-localizzatore-cavi","15":"product_tag-localizzatore-sonde","17":"first","18":"instock","19":"taxable","20":"shipping-taxable","21":"product-type-simple"},"acf":[],"tiered_pricing_type":"fixed","tiered_pricing_fixed_rules":[],"tiered_pricing_percentage_rules":[],"tiered_pricing_minimum":1,"_administrator_tiered_pricing_type":"fixed","_administrator_tiered_pricing_fixed_rules":[],"_editor_tiered_pricing_type":"fixed","_editor_tiered_pricing_fixed_rules":[],"_author_tiered_pricing_type":"fixed","_author_tiered_pricing_fixed_rules":[],"_contributor_tiered_pricing_type":"fixed","_contributor_tiered_pricing_fixed_rules":[],"_subscriber_tiered_pricing_type":"fixed","_subscriber_tiered_pricing_fixed_rules":[],"_customer_tiered_pricing_type":"fixed","_customer_tiered_pricing_fixed_rules":[],"_shop_manager_tiered_pricing_type":"fixed","_shop_manager_tiered_pricing_fixed_rules":[],"_translator_tiered_pricing_type":"fixed","_translator_tiered_pricing_fixed_rules":[],"_give_manager_tiered_pricing_type":"fixed","_give_manager_tiered_pricing_fixed_rules":[],"_give_accountant_tiered_pricing_type":"fixed","_give_accountant_tiered_pricing_fixed_rules":[],"_give_worker_tiered_pricing_type":"fixed","_give_worker_tiered_pricing_fixed_rules":[],"_give_donor_tiered_pricing_type":"fixed","_give_donor_tiered_pricing_fixed_rules":[],"_wpseo_manager_tiered_pricing_type":"fixed","_wpseo_manager_tiered_pricing_fixed_rules":[],"_wpseo_editor_tiered_pricing_type":"fixed","_wpseo_editor_tiered_pricing_fixed_rules":[],"_wholesale_buyer_tiered_pricing_type":"fixed","_wholesale_buyer_tiered_pricing_fixed_rules":[],"_wholesale_tax_free_tiered_pricing_type":"fixed","_wholesale_tax_free_tiered_pricing_fixed_rules":[],"_azienda_tiered_pricing_type":"fixed","_azienda_tiered_pricing_fixed_rules":[],"_privato_tiered_pricing_type":"fixed","_privato_tiered_pricing_fixed_rules":[],"yoast_head":"<!-- This site is optimized with the Yoast SEO Premium plugin v20.8 (Yoast SEO v27.4) - https:\/\/yoast.com\/product\/yoast-seo-premium-wordpress\/ -->\n<title>Localizzatore multifrequenza di cavi e tubi interrati Tempo 551EU | Rertech<\/title>\n<meta name=\"description\" content=\"Il localizzatore 551EU \u00e8 un prodotto professionale per individuare cavi elettrici, tubazioni metalliche e sonde RF interrate. Grazie all&#039;utilizzo simultaneo di due frequenze (1.75 kHz e 33 kHz) e al sistema Intellitrack per la reiezione del rumore digitale, il localizzatore 551EU vi aiuter\u00e0 a rintracciare quello che cercate in modo semplice e veloce.  L&#039;utilizzo principale \u00e8 per la localizzazione di:   linee elettriche  condotte di irrigazione  cavi per telecomunicazione  tubazioni metalliche  sonde a 33 kHz  La distanza di localizzazione delle utilities \u00e8 fino a 1,5 km, con una profondit\u00e0 massima di 6 metri, che pu\u00f2 raggiungere anche i 10 metri con la triangolazione  Lo strumento \u00e8 realizzato con materiali durevoli nel tempo, ed \u00e8 IP54\" \/>\n<meta name=\"robots\" content=\"index, follow, max-snippet:-1, max-image-preview:large, max-video-preview:-1\" \/>\n<link rel=\"canonical\" href=\"https:\/\/rertech.it\/en\/products\/laying-of-fiber-optic-cables\/locators-detectors\/multi-frequency-locator-for-buried-cables-and-pipes\/\" \/>\n<meta property=\"og:locale\" content=\"en_GB\" \/>\n<meta property=\"og:type\" content=\"article\" \/>\n<meta property=\"og:title\" content=\"Localizzatore multifrequenza di cavi e tubi interrati Tempo 551EU\" \/>\n<meta property=\"og:description\" content=\"Il localizzatore 551EU \u00e8 un prodotto professionale per individuare cavi elettrici, tubazioni metalliche e sonde RF interrate. Grazie all&#039;utilizzo simultaneo di due frequenze (1.75 kHz e 33 kHz) e al sistema Intellitrack per la reiezione del rumore digitale, il localizzatore 551EU vi aiuter\u00e0 a rintracciare quello che cercate in modo semplice e veloce.  L&#039;utilizzo principale \u00e8 per la localizzazione di:   linee elettriche  condotte di irrigazione  cavi per telecomunicazione  tubazioni metalliche  sonde a 33 kHz  La distanza di localizzazione delle utilities \u00e8 fino a 1,5 km, con una profondit\u00e0 massima di 6 metri, che pu\u00f2 raggiungere anche i 10 metri con la triangolazione  Lo strumento \u00e8 realizzato con materiali durevoli nel tempo, ed \u00e8 IP54\" \/>\n<meta property=\"og:url\" content=\"https:\/\/rertech.it\/en\/products\/laying-of-fiber-optic-cables\/locators-detectors\/multi-frequency-locator-for-buried-cables-and-pipes\/\" \/>\n<meta property=\"og:site_name\" content=\"Rertech\" \/>\n<meta property=\"article:publisher\" content=\"https:\/\/www.facebook.com\/rertech.fibraottica\/\" \/>\n<meta property=\"article:modified_time\" content=\"2026-03-19T11:58:33+00:00\" \/>\n<meta property=\"og:image\" content=\"https:\/\/rertech.it\/wp-content\/uploads\/2026\/01\/551-3.webp\" \/>\n\t<meta property=\"og:image:width\" content=\"1820\" \/>\n\t<meta property=\"og:image:height\" content=\"1240\" \/>\n\t<meta property=\"og:image:type\" content=\"image\/webp\" \/>\n<meta name=\"twitter:card\" content=\"summary_large_image\" \/>\n<meta name=\"twitter:label1\" content=\"Price\" \/>\n\t<meta name=\"twitter:data1\" content=\"1,390.00&nbsp;&euro; Iva esclusa\" \/>\n\t<meta name=\"twitter:label2\" content=\"Availability\" \/>\n\t<meta name=\"twitter:data2\" content=\"In stock\" \/>\n<script type=\"application\/ld+json\" class=\"yoast-schema-graph\">{\"@context\":\"https:\\\/\\\/schema.org\",\"@graph\":[{\"@type\":\"WebPage\",\"@id\":\"https:\\\/\\\/rertech.it\\\/prodotti\\\/posa-di-cavi-fibra-ottica\\\/localizzatori-rilevatori\\\/localizzatore-multifrequenza-di-cavi-tubi-interrati\\\/\",\"url\":\"https:\\\/\\\/rertech.it\\\/prodotti\\\/posa-di-cavi-fibra-ottica\\\/localizzatori-rilevatori\\\/localizzatore-multifrequenza-di-cavi-tubi-interrati\\\/\",\"name\":\"Localizzatore multifrequenza di cavi e tubi interrati Tempo 551EU | Rertech\",\"isPartOf\":{\"@id\":\"https:\\\/\\\/rertech.it\\\/#website\"},\"primaryImageOfPage\":{\"@id\":\"https:\\\/\\\/rertech.it\\\/prodotti\\\/posa-di-cavi-fibra-ottica\\\/localizzatori-rilevatori\\\/localizzatore-multifrequenza-di-cavi-tubi-interrati\\\/#primaryimage\"},\"image\":{\"@id\":\"https:\\\/\\\/rertech.it\\\/prodotti\\\/posa-di-cavi-fibra-ottica\\\/localizzatori-rilevatori\\\/localizzatore-multifrequenza-di-cavi-tubi-interrati\\\/#primaryimage\"},\"thumbnailUrl\":\"https:\\\/\\\/rertech.it\\\/wp-content\\\/uploads\\\/2026\\\/01\\\/551-3.webp\",\"datePublished\":\"2026-01-28T11:35:52+00:00\",\"dateModified\":\"2026-03-19T11:58:33+00:00\",\"description\":\"Il localizzatore 551EU \u00e8 un prodotto professionale per individuare cavi elettrici, tubazioni metalliche e sonde RF interrate. Grazie all'utilizzo simultaneo di due frequenze (1.75 kHz e 33 kHz) e al sistema Intellitrack per la reiezione del rumore digitale, il localizzatore 551EU vi aiuter\u00e0 a rintracciare quello che cercate in modo semplice e veloce. L'utilizzo principale \u00e8 per la localizzazione di: linee elettriche condotte di irrigazione cavi per telecomunicazione tubazioni metalliche sonde a 33 kHz La distanza di localizzazione delle utilities \u00e8 fino a 1,5 km, con una profondit\u00e0 massima di 6 metri, che pu\u00f2 raggiungere anche i 10 metri con la triangolazione Lo strumento \u00e8 realizzato con materiali durevoli nel tempo, ed \u00e8 IP54\",\"breadcrumb\":{\"@id\":\"https:\\\/\\\/rertech.it\\\/prodotti\\\/posa-di-cavi-fibra-ottica\\\/localizzatori-rilevatori\\\/localizzatore-multifrequenza-di-cavi-tubi-interrati\\\/#breadcrumb\"},\"inLanguage\":\"en-GB\",\"potentialAction\":[{\"@type\":\"ReadAction\",\"target\":[\"https:\\\/\\\/rertech.it\\\/prodotti\\\/posa-di-cavi-fibra-ottica\\\/localizzatori-rilevatori\\\/localizzatore-multifrequenza-di-cavi-tubi-interrati\\\/\"]}]},{\"@type\":\"ImageObject\",\"inLanguage\":\"en-GB\",\"@id\":\"https:\\\/\\\/rertech.it\\\/prodotti\\\/posa-di-cavi-fibra-ottica\\\/localizzatori-rilevatori\\\/localizzatore-multifrequenza-di-cavi-tubi-interrati\\\/#primaryimage\",\"url\":\"https:\\\/\\\/rertech.it\\\/wp-content\\\/uploads\\\/2026\\\/01\\\/551-3.webp\",\"contentUrl\":\"https:\\\/\\\/rertech.it\\\/wp-content\\\/uploads\\\/2026\\\/01\\\/551-3.webp\",\"width\":1820,\"height\":1240,\"caption\":\"localizzatore cavi tubi interrati\"},{\"@type\":\"BreadcrumbList\",\"@id\":\"https:\\\/\\\/rertech.it\\\/prodotti\\\/posa-di-cavi-fibra-ottica\\\/localizzatori-rilevatori\\\/localizzatore-multifrequenza-di-cavi-tubi-interrati\\\/#breadcrumb\",\"itemListElement\":[{\"@type\":\"ListItem\",\"position\":1,\"name\":\"Home\",\"item\":\"https:\\\/\\\/rertech.it\\\/\"},{\"@type\":\"ListItem\",\"position\":2,\"name\":\"Prodotti\",\"item\":\"https:\\\/\\\/rertech.it\\\/prodotti\\\/\"},{\"@type\":\"ListItem\",\"position\":3,\"name\":\"POSA DI CAVI\",\"item\":\"https:\\\/\\\/rertech.it\\\/categoria-prodotto\\\/posa-di-cavi-fibra-ottica\\\/\"},{\"@type\":\"ListItem\",\"position\":4,\"name\":\"Localizzatori-Rilevatori\",\"item\":\"https:\\\/\\\/rertech.it\\\/categoria-prodotto\\\/posa-di-cavi-fibra-ottica\\\/localizzatori-rilevatori\\\/\"},{\"@type\":\"ListItem\",\"position\":5,\"name\":\"Localizzatore multifrequenza di cavi e tubi interrati Tempo 551EU\"}]},{\"@type\":\"WebSite\",\"@id\":\"https:\\\/\\\/rertech.it\\\/#website\",\"url\":\"https:\\\/\\\/rertech.it\\\/\",\"name\":\"Rertech\",\"description\":\"Prodotti, attrezzatura e servizi per fibra ottica\",\"publisher\":{\"@id\":\"https:\\\/\\\/rertech.it\\\/#organization\"},\"potentialAction\":[{\"@type\":\"SearchAction\",\"target\":{\"@type\":\"EntryPoint\",\"urlTemplate\":\"https:\\\/\\\/rertech.it\\\/?s={search_term_string}\"},\"query-input\":{\"@type\":\"PropertyValueSpecification\",\"valueRequired\":true,\"valueName\":\"search_term_string\"}}],\"inLanguage\":\"en-GB\"},{\"@type\":\"Organization\",\"@id\":\"https:\\\/\\\/rertech.it\\\/#organization\",\"name\":\"RERTECH\",\"url\":\"https:\\\/\\\/rertech.it\\\/\",\"logo\":{\"@type\":\"ImageObject\",\"inLanguage\":\"en-GB\",\"@id\":\"https:\\\/\\\/rertech.it\\\/#\\\/schema\\\/logo\\\/image\\\/\",\"url\":\"https:\\\/\\\/rertech.it\\\/wp-content\\\/uploads\\\/2022\\\/03\\\/cropped-Copia-di-RERTECH-500x180-2.png\",\"contentUrl\":\"https:\\\/\\\/rertech.it\\\/wp-content\\\/uploads\\\/2022\\\/03\\\/cropped-Copia-di-RERTECH-500x180-2.png\",\"width\":512,\"height\":512,\"caption\":\"RERTECH\"},\"image\":{\"@id\":\"https:\\\/\\\/rertech.it\\\/#\\\/schema\\\/logo\\\/image\\\/\"},\"sameAs\":[\"https:\\\/\\\/www.facebook.com\\\/rertech.fibraottica\\\/\",\"https:\\\/\\\/www.instagram.com\\\/rertechfibraottica\\\/\",\"https:\\\/\\\/www.linkedin.com\\\/company\\\/rertech-fibraottica\\\/\",\"https:\\\/\\\/www.youtube.com\\\/channel\\\/UC5Sihqg7SPUcMPDCEnmQ5XQ\\\/\"]}]}<\/script>\n<meta property=\"product:price:amount\" content=\"1390.000\" \/>\n<meta property=\"product:price:currency\" content=\"EUR\" \/>\n<meta property=\"og:availability\" content=\"instock\" \/>\n<meta property=\"product:availability\" content=\"instock\" \/>\n<meta property=\"product:retailer_item_id\" content=\"TE-551EU\" \/>\n<meta property=\"product:condition\" content=\"new\" \/>\n<!-- \/ Yoast SEO Premium plugin. -->","yoast_head_json":{"title":"Tempo 551EU Multi-Frequency Underground Cable and Pipe Locator | Rertech","description":"The 551EU locator is a professional product for locating electrical cables, metal pipes, and buried RF probes. Thanks to the simultaneous use of two frequencies (1.75 kHz and 33 kHz) and the Intellitrack system for digital noise rejection, the 551EU locator will help you track down what you are looking for quickly and easily. Its primary use is for locating: power lines, irrigation pipes, telecommunication cables, metal pipes, 33 kHz probes. The utility location range is up to 1.5 km, with a maximum depth of 6 meters, which can reach up to 10 meters with triangulation. The instrument is made of durable materials and is IP54.","robots":{"index":"index","follow":"follow","max-snippet":"max-snippet:-1","max-image-preview":"max-image-preview:large","max-video-preview":"max-video-preview:-1"},"canonical":"https:\/\/rertech.it\/en\/products\/laying-of-fiber-optic-cables\/locators-detectors\/multi-frequency-locator-for-buried-cables-and-pipes\/","og_locale":"en_GB","og_type":"article","og_title":"Localizzatore multifrequenza di cavi e tubi interrati Tempo 551EU","og_description":"Il localizzatore 551EU \u00e8 un prodotto professionale per individuare cavi elettrici, tubazioni metalliche e sonde RF interrate. Grazie all'utilizzo simultaneo di due frequenze (1.75 kHz e 33 kHz) e al sistema Intellitrack per la reiezione del rumore digitale, il localizzatore 551EU vi aiuter\u00e0 a rintracciare quello che cercate in modo semplice e veloce.  L'utilizzo principale \u00e8 per la localizzazione di:   linee elettriche  condotte di irrigazione  cavi per telecomunicazione  tubazioni metalliche  sonde a 33 kHz  La distanza di localizzazione delle utilities \u00e8 fino a 1,5 km, con una profondit\u00e0 massima di 6 metri, che pu\u00f2 raggiungere anche i 10 metri con la triangolazione  Lo strumento \u00e8 realizzato con materiali durevoli nel tempo, ed \u00e8 IP54","og_url":"https:\/\/rertech.it\/en\/products\/laying-of-fiber-optic-cables\/locators-detectors\/multi-frequency-locator-for-buried-cables-and-pipes\/","og_site_name":"Rertech","article_publisher":"https:\/\/www.facebook.com\/rertech.fibraottica\/","article_modified_time":"2026-03-19T11:58:33+00:00","og_image":[{"width":1820,"height":1240,"url":"https:\/\/rertech.it\/wp-content\/uploads\/2026\/01\/551-3.webp","type":"image\/webp"}],"twitter_card":"summary_large_image","twitter_misc":{"Price":"1,390.00&nbsp;&euro; Iva esclusa","Availability":"In stock"},"schema":{"@context":"https:\/\/schema.org","@graph":[{"@type":"WebPage","@id":"https:\/\/rertech.it\/prodotti\/posa-di-cavi-fibra-ottica\/localizzatori-rilevatori\/localizzatore-multifrequenza-di-cavi-tubi-interrati\/","url":"https:\/\/rertech.it\/prodotti\/posa-di-cavi-fibra-ottica\/localizzatori-rilevatori\/localizzatore-multifrequenza-di-cavi-tubi-interrati\/","name":"Tempo 551EU Multi-Frequency Underground Cable and Pipe Locator | Rertech","isPartOf":{"@id":"https:\/\/rertech.it\/#website"},"primaryImageOfPage":{"@id":"https:\/\/rertech.it\/prodotti\/posa-di-cavi-fibra-ottica\/localizzatori-rilevatori\/localizzatore-multifrequenza-di-cavi-tubi-interrati\/#primaryimage"},"image":{"@id":"https:\/\/rertech.it\/prodotti\/posa-di-cavi-fibra-ottica\/localizzatori-rilevatori\/localizzatore-multifrequenza-di-cavi-tubi-interrati\/#primaryimage"},"thumbnailUrl":"https:\/\/rertech.it\/wp-content\/uploads\/2026\/01\/551-3.webp","datePublished":"2026-01-28T11:35:52+00:00","dateModified":"2026-03-19T11:58:33+00:00","description":"Il localizzatore 551EU \u00e8 un prodotto professionale per individuare cavi elettrici, tubazioni metalliche e sonde RF interrate. Grazie all'utilizzo simultaneo di due frequenze (1.75 kHz e 33 kHz) e al sistema Intellitrack per la reiezione del rumore digitale, il localizzatore 551EU vi aiuter\u00e0 a rintracciare quello che cercate in modo semplice e veloce. L'utilizzo principale \u00e8 per la localizzazione di: linee elettriche condotte di irrigazione cavi per telecomunicazione tubazioni metalliche sonde a 33 kHz La distanza di localizzazione delle utilities \u00e8 fino a 1,5 km, con una profondit\u00e0 massima di 6 metri, che pu\u00f2 raggiungere anche i 10 metri con la triangolazione Lo strumento \u00e8 realizzato con materiali durevoli nel tempo, ed \u00e8 IP54","breadcrumb":{"@id":"https:\/\/rertech.it\/prodotti\/posa-di-cavi-fibra-ottica\/localizzatori-rilevatori\/localizzatore-multifrequenza-di-cavi-tubi-interrati\/#breadcrumb"},"inLanguage":"en-GB","potentialAction":[{"@type":"ReadAction","target":["https:\/\/rertech.it\/prodotti\/posa-di-cavi-fibra-ottica\/localizzatori-rilevatori\/localizzatore-multifrequenza-di-cavi-tubi-interrati\/"]}]},{"@type":"ImageObject","inLanguage":"en-GB","@id":"https:\/\/rertech.it\/prodotti\/posa-di-cavi-fibra-ottica\/localizzatori-rilevatori\/localizzatore-multifrequenza-di-cavi-tubi-interrati\/#primaryimage","url":"https:\/\/rertech.it\/wp-content\/uploads\/2026\/01\/551-3.webp","contentUrl":"https:\/\/rertech.it\/wp-content\/uploads\/2026\/01\/551-3.webp","width":1820,"height":1240,"caption":"localizzatore cavi tubi interrati"},{"@type":"BreadcrumbList","@id":"https:\/\/rertech.it\/prodotti\/posa-di-cavi-fibra-ottica\/localizzatori-rilevatori\/localizzatore-multifrequenza-di-cavi-tubi-interrati\/#breadcrumb","itemListElement":[{"@type":"ListItem","position":1,"name":"Home","item":"https:\/\/rertech.it\/"},{"@type":"ListItem","position":2,"name":"Prodotti","item":"https:\/\/rertech.it\/prodotti\/"},{"@type":"ListItem","position":3,"name":"POSA DI CAVI","item":"https:\/\/rertech.it\/categoria-prodotto\/posa-di-cavi-fibra-ottica\/"},{"@type":"ListItem","position":4,"name":"Localizzatori-Rilevatori","item":"https:\/\/rertech.it\/categoria-prodotto\/posa-di-cavi-fibra-ottica\/localizzatori-rilevatori\/"},{"@type":"ListItem","position":5,"name":"Localizzatore multifrequenza di cavi e tubi interrati Tempo 551EU"}]},{"@type":"WebSite","@id":"https:\/\/rertech.it\/#website","url":"https:\/\/rertech.it\/","name":"Rertech","description":"Fiber Optic Products, Equipment and Services","publisher":{"@id":"https:\/\/rertech.it\/#organization"},"potentialAction":[{"@type":"SearchAction","target":{"@type":"EntryPoint","urlTemplate":"https:\/\/rertech.it\/?s={search_term_string}"},"query-input":{"@type":"PropertyValueSpecification","valueRequired":true,"valueName":"search_term_string"}}],"inLanguage":"en-GB"},{"@type":"Organization","@id":"https:\/\/rertech.it\/#organization","name":"RERTECH","url":"https:\/\/rertech.it\/","logo":{"@type":"ImageObject","inLanguage":"en-GB","@id":"https:\/\/rertech.it\/#\/schema\/logo\/image\/","url":"https:\/\/rertech.it\/wp-content\/uploads\/2022\/03\/cropped-Copia-di-RERTECH-500x180-2.png","contentUrl":"https:\/\/rertech.it\/wp-content\/uploads\/2022\/03\/cropped-Copia-di-RERTECH-500x180-2.png","width":512,"height":512,"caption":"RERTECH"},"image":{"@id":"https:\/\/rertech.it\/#\/schema\/logo\/image\/"},"sameAs":["https:\/\/www.facebook.com\/rertech.fibraottica\/","https:\/\/www.instagram.com\/rertechfibraottica\/","https:\/\/www.linkedin.com\/company\/rertech-fibraottica\/","https:\/\/www.youtube.com\/channel\/UC5Sihqg7SPUcMPDCEnmQ5XQ\/"]}]},"product_price_amount":"1390.000","product_price_currency":"EUR","og_availability":"instock","product_availability":"instock","product_retailer_item_id":"TE-551EU","product_condition":"new"},"_links":{"self":[{"href":"https:\/\/rertech.it\/en\/wp-json\/wp\/v2\/product\/44752","targetHints":{"allow":["GET"]}}],"collection":[{"href":"https:\/\/rertech.it\/en\/wp-json\/wp\/v2\/product"}],"about":[{"href":"https:\/\/rertech.it\/en\/wp-json\/wp\/v2\/types\/product"}],"wp:featuredmedia":[{"embeddable":true,"href":"https:\/\/rertech.it\/en\/wp-json\/wp\/v2\/media\/44749"}],"wp:attachment":[{"href":"https:\/\/rertech.it\/en\/wp-json\/wp\/v2\/media?parent=44752"}],"wp:term":[{"taxonomy":"product_brand","embeddable":true,"href":"https:\/\/rertech.it\/en\/wp-json\/wp\/v2\/product_brand?post=44752"},{"taxonomy":"product_cat","embeddable":true,"href":"https:\/\/rertech.it\/en\/wp-json\/wp\/v2\/product_cat?post=44752"},{"taxonomy":"product_tag","embeddable":true,"href":"https:\/\/rertech.it\/en\/wp-json\/wp\/v2\/product_tag?post=44752"}],"curies":[{"name":"wp","href":"https:\/\/api.w.org\/{rel}","templated":true}]}}