{"id":44758,"date":"2026-01-28T12:58:07","date_gmt":"2026-01-28T11:58:07","guid":{"rendered":"https:\/\/rertech.it\/?post_type=product&#038;p=44758"},"modified":"2026-04-20T08:00:11","modified_gmt":"2026-03-19T11:58:44","slug":"eml100-time-marker-ball-locator","status":"publish","type":"product","link":"https:\/\/rertech.it\/en\/prodotti\/posa-di-cavi-fibra-ottica\/localizzatori-rilevatori\/localizzatore-ball-marker-tempo-eml100\/","title":{"rendered":"Tempo EML100 Ball Marker Locator"},"content":{"rendered":"<h4>Characteristics of the l<span>Tempo EML100 ball marker locator<\/span><\/h4>\n<h4>Locatable markers<\/h4>\n<ul>\n<li>Non-Potable Water Purple 66.4 kHz OM-01 OM01-ID<\/li>\n<li>Cable TV Orange Black 77.0 kHz OM-02 OM02-ID<\/li>\n<li>Gas Yellow 83.0 kHz OM-03 OM03-ID<\/li>\n<li>Fiber Optic Yellow Black 92.0 kHz OM-04 OM04-ID<\/li>\n<li>Telephone Orange 101.4 kHz OM-05 OM05-ID<\/li>\n<li>Sanitary Green 121.6 kHz OM-06 OM06-ID<\/li>\n<li>Europower Blue Red 134.0 kHz OM-07 OM07-ID<\/li>\n<li>Water Blue 145.7 kHz OM-08 OM08-ID<\/li>\n<li>Power Red 169.8 kHz OM-09 OM09-ID<\/li>\n<\/ul>\n<h4>Other features:<\/h4>\n<ul>\n<li>Depth of over 1.6 meters<\/li>\n<li>Simultaneous detection of multiple markers<\/li>\n<li>Localization threshold adjustable in 3 steps<\/li>\n<li>Large display with excellent visibility in any light conditions<\/li>\n<li>Adjusting the speaker volume<\/li>\n<li>Headphone jack<\/li>\n<li>Auto shut off<\/li>\n<li>Typical battery life 20 hours<\/li>\n<\/ul>\n<h4>MADE IN USA<\/h4>","protected":false},"excerpt":{"rendered":"<p>The EML100 product has been designed to locate all types of burial markers on the market, up to a depth of 1.5 metres.<\/p>\n<p>Tra questi, ad esempio, i marker per l&#8217;energia, la fibra ottica, la telefonia, l&#8217;acqua sanitaria, il gas ecc&#8230;<\/p>\n<p>Lo strumento permette la localizzazione simultanea di pi\u00f9 marker, e il restringimento dell&#8217;area di individuazione.<\/p>\n<p>L&#8217;EML100 \u00e8 dotato di un display di facile lettura in ogni condizione. Il display mostra l&#8217;intensit\u00e0 del segnale, il tipo di marker ed il livello della batteria. E&#8217; presente un altoparlante per indicazioni sonore, con la possibilit\u00e0 di collegare degli auricolari.<\/p>\n<p>The construction is made with materials made to last over time, even when used in difficult environmental conditions.<\/p>","protected":false},"featured_media":44748,"template":"","meta":{"_acf_changed":false},"product_brand":[1427],"product_cat":[112,1470,1100],"product_tag":[1337,1458,1459],"class_list":{"0":"post-44758","1":"product","2":"type-product","3":"status-publish","4":"has-post-thumbnail","6":"product_brand-tempo-communication","7":"product_cat-accessori","8":"product_cat-localizzatori-rilevatori","9":"product_cat-attrezzatura-ftth","10":"product_tag-ball-marker","11":"product_tag-cerca-ball-marker","12":"product_tag-localizzatore-marker","14":"first","15":"instock","16":"taxable","17":"shipping-taxable","18":"product-type-simple"},"acf":[],"tiered_pricing_type":"fixed","tiered_pricing_fixed_rules":[],"tiered_pricing_percentage_rules":[],"tiered_pricing_minimum":1,"_administrator_tiered_pricing_type":"fixed","_administrator_tiered_pricing_fixed_rules":[],"_editor_tiered_pricing_type":"fixed","_editor_tiered_pricing_fixed_rules":[],"_author_tiered_pricing_type":"fixed","_author_tiered_pricing_fixed_rules":[],"_contributor_tiered_pricing_type":"fixed","_contributor_tiered_pricing_fixed_rules":[],"_subscriber_tiered_pricing_type":"fixed","_subscriber_tiered_pricing_fixed_rules":[],"_customer_tiered_pricing_type":"fixed","_customer_tiered_pricing_fixed_rules":[],"_shop_manager_tiered_pricing_type":"fixed","_shop_manager_tiered_pricing_fixed_rules":[],"_translator_tiered_pricing_type":"fixed","_translator_tiered_pricing_fixed_rules":[],"_give_manager_tiered_pricing_type":"fixed","_give_manager_tiered_pricing_fixed_rules":[],"_give_accountant_tiered_pricing_type":"fixed","_give_accountant_tiered_pricing_fixed_rules":[],"_give_worker_tiered_pricing_type":"fixed","_give_worker_tiered_pricing_fixed_rules":[],"_give_donor_tiered_pricing_type":"fixed","_give_donor_tiered_pricing_fixed_rules":[],"_wpseo_manager_tiered_pricing_type":"fixed","_wpseo_manager_tiered_pricing_fixed_rules":[],"_wpseo_editor_tiered_pricing_type":"fixed","_wpseo_editor_tiered_pricing_fixed_rules":[],"_wholesale_buyer_tiered_pricing_type":"fixed","_wholesale_buyer_tiered_pricing_fixed_rules":[],"_wholesale_tax_free_tiered_pricing_type":"fixed","_wholesale_tax_free_tiered_pricing_fixed_rules":[],"_azienda_tiered_pricing_type":"fixed","_azienda_tiered_pricing_fixed_rules":[],"_privato_tiered_pricing_type":"fixed","_privato_tiered_pricing_fixed_rules":[],"yoast_head":"<!-- This site is optimized with the Yoast SEO Premium plugin v20.8 (Yoast SEO v27.4) - https:\/\/yoast.com\/product\/yoast-seo-premium-wordpress\/ -->\n<title>Localizzatore di ball marker Tempo EML100 | Rertech<\/title>\n<meta name=\"description\" content=\"Il prodotto EML100 \u00e8 stato progettato per localizzare tutti i tipi di marker da interramento presenti sul mercato, fino ad una profondit\u00e0 di 1,5\u00a0 metri.  Tra questi, ad esempio, i marker per l&#039;energia, la fibra ottica, la telefonia, l&#039;acqua sanitaria, il gas ecc...  Lo strumento permette la localizzazione simultanea di pi\u00f9 marker, e il restringimento dell&#039;area di individuazione.  L&#039;EML100 \u00e8 dotato di un display di facile lettura in ogni condizione. Il display mostra l&#039;intensit\u00e0 del segnale, il tipo di marker ed il livello della batteria. E&#039; presente un altoparlante per indicazioni sonore, con la possibilit\u00e0 di collegare degli auricolari.  La costruzione \u00e8 realizzata con materiali fatti per durare nel tempo, anche in caso di utilizzo in condizioni ambientali difficili.\" \/>\n<meta name=\"robots\" content=\"index, follow, max-snippet:-1, max-image-preview:large, max-video-preview:-1\" \/>\n<link rel=\"canonical\" href=\"https:\/\/rertech.it\/en\/products\/laying-of-fiber-optic-cables\/locators-detectors\/eml100-time-marker-ball-locator\/\" \/>\n<meta property=\"og:locale\" content=\"en_GB\" \/>\n<meta property=\"og:type\" content=\"article\" \/>\n<meta property=\"og:title\" content=\"Localizzatore di ball marker Tempo EML100\" \/>\n<meta property=\"og:description\" content=\"Il prodotto EML100 \u00e8 stato progettato per localizzare tutti i tipi di marker da interramento presenti sul mercato, fino ad una profondit\u00e0 di 1,5\u00a0 metri.  Tra questi, ad esempio, i marker per l&#039;energia, la fibra ottica, la telefonia, l&#039;acqua sanitaria, il gas ecc...  Lo strumento permette la localizzazione simultanea di pi\u00f9 marker, e il restringimento dell&#039;area di individuazione.  L&#039;EML100 \u00e8 dotato di un display di facile lettura in ogni condizione. Il display mostra l&#039;intensit\u00e0 del segnale, il tipo di marker ed il livello della batteria. E&#039; presente un altoparlante per indicazioni sonore, con la possibilit\u00e0 di collegare degli auricolari.  La costruzione \u00e8 realizzata con materiali fatti per durare nel tempo, anche in caso di utilizzo in condizioni ambientali difficili.\" \/>\n<meta property=\"og:url\" content=\"https:\/\/rertech.it\/en\/products\/laying-of-fiber-optic-cables\/locators-detectors\/eml100-time-marker-ball-locator\/\" \/>\n<meta property=\"og:site_name\" content=\"Rertech\" \/>\n<meta property=\"article:publisher\" content=\"https:\/\/www.facebook.com\/rertech.fibraottica\/\" \/>\n<meta property=\"article:modified_time\" content=\"2026-03-19T11:58:44+00:00\" \/>\n<meta property=\"og:image\" content=\"https:\/\/rertech.it\/wp-content\/uploads\/2026\/01\/EML100-1-scaled.webp\" \/>\n\t<meta property=\"og:image:width\" content=\"1463\" \/>\n\t<meta property=\"og:image:height\" content=\"2560\" \/>\n\t<meta property=\"og:image:type\" content=\"image\/webp\" \/>\n<meta name=\"twitter:card\" content=\"summary_large_image\" \/>\n<meta name=\"twitter:label1\" content=\"Price\" \/>\n\t<meta name=\"twitter:data1\" content=\"1,290.00&nbsp;&euro; Iva esclusa\" \/>\n\t<meta name=\"twitter:label2\" content=\"Availability\" \/>\n\t<meta name=\"twitter:data2\" content=\"In stock\" \/>\n<script type=\"application\/ld+json\" class=\"yoast-schema-graph\">{\"@context\":\"https:\\\/\\\/schema.org\",\"@graph\":[{\"@type\":\"WebPage\",\"@id\":\"https:\\\/\\\/rertech.it\\\/prodotti\\\/posa-di-cavi-fibra-ottica\\\/localizzatori-rilevatori\\\/localizzatore-ball-marker-tempo-eml100\\\/\",\"url\":\"https:\\\/\\\/rertech.it\\\/prodotti\\\/posa-di-cavi-fibra-ottica\\\/localizzatori-rilevatori\\\/localizzatore-ball-marker-tempo-eml100\\\/\",\"name\":\"Localizzatore di ball marker Tempo EML100 | Rertech\",\"isPartOf\":{\"@id\":\"https:\\\/\\\/rertech.it\\\/#website\"},\"primaryImageOfPage\":{\"@id\":\"https:\\\/\\\/rertech.it\\\/prodotti\\\/posa-di-cavi-fibra-ottica\\\/localizzatori-rilevatori\\\/localizzatore-ball-marker-tempo-eml100\\\/#primaryimage\"},\"image\":{\"@id\":\"https:\\\/\\\/rertech.it\\\/prodotti\\\/posa-di-cavi-fibra-ottica\\\/localizzatori-rilevatori\\\/localizzatore-ball-marker-tempo-eml100\\\/#primaryimage\"},\"thumbnailUrl\":\"https:\\\/\\\/rertech.it\\\/wp-content\\\/uploads\\\/2026\\\/01\\\/EML100-1-scaled.webp\",\"datePublished\":\"2026-01-28T11:58:07+00:00\",\"dateModified\":\"2026-03-19T11:58:44+00:00\",\"description\":\"Il prodotto EML100 \u00e8 stato progettato per localizzare tutti i tipi di marker da interramento presenti sul mercato, fino ad una profondit\u00e0 di 1,5\u00a0 metri. Tra questi, ad esempio, i marker per l'energia, la fibra ottica, la telefonia, l'acqua sanitaria, il gas ecc... Lo strumento permette la localizzazione simultanea di pi\u00f9 marker, e il restringimento dell'area di individuazione. L'EML100 \u00e8 dotato di un display di facile lettura in ogni condizione. Il display mostra l'intensit\u00e0 del segnale, il tipo di marker ed il livello della batteria. E' presente un altoparlante per indicazioni sonore, con la possibilit\u00e0 di collegare degli auricolari. La costruzione \u00e8 realizzata con materiali fatti per durare nel tempo, anche in caso di utilizzo in condizioni ambientali difficili.\",\"breadcrumb\":{\"@id\":\"https:\\\/\\\/rertech.it\\\/prodotti\\\/posa-di-cavi-fibra-ottica\\\/localizzatori-rilevatori\\\/localizzatore-ball-marker-tempo-eml100\\\/#breadcrumb\"},\"inLanguage\":\"en-GB\",\"potentialAction\":[{\"@type\":\"ReadAction\",\"target\":[\"https:\\\/\\\/rertech.it\\\/prodotti\\\/posa-di-cavi-fibra-ottica\\\/localizzatori-rilevatori\\\/localizzatore-ball-marker-tempo-eml100\\\/\"]}]},{\"@type\":\"ImageObject\",\"inLanguage\":\"en-GB\",\"@id\":\"https:\\\/\\\/rertech.it\\\/prodotti\\\/posa-di-cavi-fibra-ottica\\\/localizzatori-rilevatori\\\/localizzatore-ball-marker-tempo-eml100\\\/#primaryimage\",\"url\":\"https:\\\/\\\/rertech.it\\\/wp-content\\\/uploads\\\/2026\\\/01\\\/EML100-1-scaled.webp\",\"contentUrl\":\"https:\\\/\\\/rertech.it\\\/wp-content\\\/uploads\\\/2026\\\/01\\\/EML100-1-scaled.webp\",\"width\":1463,\"height\":2560,\"caption\":\"localizzatore di ball marker\"},{\"@type\":\"BreadcrumbList\",\"@id\":\"https:\\\/\\\/rertech.it\\\/prodotti\\\/posa-di-cavi-fibra-ottica\\\/localizzatori-rilevatori\\\/localizzatore-ball-marker-tempo-eml100\\\/#breadcrumb\",\"itemListElement\":[{\"@type\":\"ListItem\",\"position\":1,\"name\":\"Home\",\"item\":\"https:\\\/\\\/rertech.it\\\/\"},{\"@type\":\"ListItem\",\"position\":2,\"name\":\"Prodotti\",\"item\":\"https:\\\/\\\/rertech.it\\\/prodotti\\\/\"},{\"@type\":\"ListItem\",\"position\":3,\"name\":\"POSA DI CAVI\",\"item\":\"https:\\\/\\\/rertech.it\\\/categoria-prodotto\\\/posa-di-cavi-fibra-ottica\\\/\"},{\"@type\":\"ListItem\",\"position\":4,\"name\":\"Localizzatori-Rilevatori\",\"item\":\"https:\\\/\\\/rertech.it\\\/categoria-prodotto\\\/posa-di-cavi-fibra-ottica\\\/localizzatori-rilevatori\\\/\"},{\"@type\":\"ListItem\",\"position\":5,\"name\":\"Localizzatore di ball marker Tempo EML100\"}]},{\"@type\":\"WebSite\",\"@id\":\"https:\\\/\\\/rertech.it\\\/#website\",\"url\":\"https:\\\/\\\/rertech.it\\\/\",\"name\":\"Rertech\",\"description\":\"Prodotti, attrezzatura e servizi per fibra ottica\",\"publisher\":{\"@id\":\"https:\\\/\\\/rertech.it\\\/#organization\"},\"potentialAction\":[{\"@type\":\"SearchAction\",\"target\":{\"@type\":\"EntryPoint\",\"urlTemplate\":\"https:\\\/\\\/rertech.it\\\/?s={search_term_string}\"},\"query-input\":{\"@type\":\"PropertyValueSpecification\",\"valueRequired\":true,\"valueName\":\"search_term_string\"}}],\"inLanguage\":\"en-GB\"},{\"@type\":\"Organization\",\"@id\":\"https:\\\/\\\/rertech.it\\\/#organization\",\"name\":\"RERTECH\",\"url\":\"https:\\\/\\\/rertech.it\\\/\",\"logo\":{\"@type\":\"ImageObject\",\"inLanguage\":\"en-GB\",\"@id\":\"https:\\\/\\\/rertech.it\\\/#\\\/schema\\\/logo\\\/image\\\/\",\"url\":\"https:\\\/\\\/rertech.it\\\/wp-content\\\/uploads\\\/2022\\\/03\\\/cropped-Copia-di-RERTECH-500x180-2.png\",\"contentUrl\":\"https:\\\/\\\/rertech.it\\\/wp-content\\\/uploads\\\/2022\\\/03\\\/cropped-Copia-di-RERTECH-500x180-2.png\",\"width\":512,\"height\":512,\"caption\":\"RERTECH\"},\"image\":{\"@id\":\"https:\\\/\\\/rertech.it\\\/#\\\/schema\\\/logo\\\/image\\\/\"},\"sameAs\":[\"https:\\\/\\\/www.facebook.com\\\/rertech.fibraottica\\\/\",\"https:\\\/\\\/www.instagram.com\\\/rertechfibraottica\\\/\",\"https:\\\/\\\/www.linkedin.com\\\/company\\\/rertech-fibraottica\\\/\",\"https:\\\/\\\/www.youtube.com\\\/channel\\\/UC5Sihqg7SPUcMPDCEnmQ5XQ\\\/\"]}]}<\/script>\n<meta property=\"product:price:amount\" content=\"1290.000\" \/>\n<meta property=\"product:price:currency\" content=\"EUR\" \/>\n<meta property=\"og:availability\" content=\"instock\" \/>\n<meta property=\"product:availability\" content=\"instock\" \/>\n<meta property=\"product:retailer_item_id\" content=\"TE-EML100\" \/>\n<meta property=\"product:condition\" content=\"new\" \/>\n<!-- \/ Yoast SEO Premium plugin. -->","yoast_head_json":{"title":"Tempo EML100 Ball Marker Locator | Rertech","description":"The EML100 is designed to locate all types of burial markers on the market, up to a depth of 1.5 meters. These include, for example, markers for energy, fiber optics, telephony, hot water, gas, etc. The device allows the simultaneous location of multiple markers and the narrowing of the detection area. The EML100 features an easy-to-read display in all conditions. The display shows signal strength, marker type, and battery level. A speaker provides audible indications, with the option to connect earphones. The device is constructed of materials designed to last over time, even when used in harsh environmental conditions.","robots":{"index":"index","follow":"follow","max-snippet":"max-snippet:-1","max-image-preview":"max-image-preview:large","max-video-preview":"max-video-preview:-1"},"canonical":"https:\/\/rertech.it\/en\/products\/laying-of-fiber-optic-cables\/locators-detectors\/eml100-time-marker-ball-locator\/","og_locale":"en_GB","og_type":"article","og_title":"Localizzatore di ball marker Tempo EML100","og_description":"Il prodotto EML100 \u00e8 stato progettato per localizzare tutti i tipi di marker da interramento presenti sul mercato, fino ad una profondit\u00e0 di 1,5\u00a0 metri.  Tra questi, ad esempio, i marker per l'energia, la fibra ottica, la telefonia, l'acqua sanitaria, il gas ecc...  Lo strumento permette la localizzazione simultanea di pi\u00f9 marker, e il restringimento dell'area di individuazione.  L'EML100 \u00e8 dotato di un display di facile lettura in ogni condizione. Il display mostra l'intensit\u00e0 del segnale, il tipo di marker ed il livello della batteria. E' presente un altoparlante per indicazioni sonore, con la possibilit\u00e0 di collegare degli auricolari.  La costruzione \u00e8 realizzata con materiali fatti per durare nel tempo, anche in caso di utilizzo in condizioni ambientali difficili.","og_url":"https:\/\/rertech.it\/en\/products\/laying-of-fiber-optic-cables\/locators-detectors\/eml100-time-marker-ball-locator\/","og_site_name":"Rertech","article_publisher":"https:\/\/www.facebook.com\/rertech.fibraottica\/","article_modified_time":"2026-03-19T11:58:44+00:00","og_image":[{"width":1463,"height":2560,"url":"https:\/\/rertech.it\/wp-content\/uploads\/2026\/01\/EML100-1-scaled.webp","type":"image\/webp"}],"twitter_card":"summary_large_image","twitter_misc":{"Price":"1,290.00&nbsp;&euro; Iva esclusa","Availability":"In stock"},"schema":{"@context":"https:\/\/schema.org","@graph":[{"@type":"WebPage","@id":"https:\/\/rertech.it\/prodotti\/posa-di-cavi-fibra-ottica\/localizzatori-rilevatori\/localizzatore-ball-marker-tempo-eml100\/","url":"https:\/\/rertech.it\/prodotti\/posa-di-cavi-fibra-ottica\/localizzatori-rilevatori\/localizzatore-ball-marker-tempo-eml100\/","name":"Tempo EML100 Ball Marker Locator | Rertech","isPartOf":{"@id":"https:\/\/rertech.it\/#website"},"primaryImageOfPage":{"@id":"https:\/\/rertech.it\/prodotti\/posa-di-cavi-fibra-ottica\/localizzatori-rilevatori\/localizzatore-ball-marker-tempo-eml100\/#primaryimage"},"image":{"@id":"https:\/\/rertech.it\/prodotti\/posa-di-cavi-fibra-ottica\/localizzatori-rilevatori\/localizzatore-ball-marker-tempo-eml100\/#primaryimage"},"thumbnailUrl":"https:\/\/rertech.it\/wp-content\/uploads\/2026\/01\/EML100-1-scaled.webp","datePublished":"2026-01-28T11:58:07+00:00","dateModified":"2026-03-19T11:58:44+00:00","description":"The EML100 is designed to locate all types of burial markers on the market, up to a depth of 1.5 meters. These include, for example, markers for energy, fiber optics, telephony, hot water, gas, etc. The device allows the simultaneous location of multiple markers and the narrowing of the detection area. The EML100 features an easy-to-read display in all conditions. The display shows signal strength, marker type, and battery level. A speaker provides audible indications, with the option to connect earphones. The device is constructed of materials designed to last over time, even when used in harsh environmental conditions.","breadcrumb":{"@id":"https:\/\/rertech.it\/prodotti\/posa-di-cavi-fibra-ottica\/localizzatori-rilevatori\/localizzatore-ball-marker-tempo-eml100\/#breadcrumb"},"inLanguage":"en-GB","potentialAction":[{"@type":"ReadAction","target":["https:\/\/rertech.it\/prodotti\/posa-di-cavi-fibra-ottica\/localizzatori-rilevatori\/localizzatore-ball-marker-tempo-eml100\/"]}]},{"@type":"ImageObject","inLanguage":"en-GB","@id":"https:\/\/rertech.it\/prodotti\/posa-di-cavi-fibra-ottica\/localizzatori-rilevatori\/localizzatore-ball-marker-tempo-eml100\/#primaryimage","url":"https:\/\/rertech.it\/wp-content\/uploads\/2026\/01\/EML100-1-scaled.webp","contentUrl":"https:\/\/rertech.it\/wp-content\/uploads\/2026\/01\/EML100-1-scaled.webp","width":1463,"height":2560,"caption":"localizzatore di ball marker"},{"@type":"BreadcrumbList","@id":"https:\/\/rertech.it\/prodotti\/posa-di-cavi-fibra-ottica\/localizzatori-rilevatori\/localizzatore-ball-marker-tempo-eml100\/#breadcrumb","itemListElement":[{"@type":"ListItem","position":1,"name":"Home","item":"https:\/\/rertech.it\/"},{"@type":"ListItem","position":2,"name":"Prodotti","item":"https:\/\/rertech.it\/prodotti\/"},{"@type":"ListItem","position":3,"name":"POSA DI CAVI","item":"https:\/\/rertech.it\/categoria-prodotto\/posa-di-cavi-fibra-ottica\/"},{"@type":"ListItem","position":4,"name":"Localizzatori-Rilevatori","item":"https:\/\/rertech.it\/categoria-prodotto\/posa-di-cavi-fibra-ottica\/localizzatori-rilevatori\/"},{"@type":"ListItem","position":5,"name":"Localizzatore di ball marker Tempo EML100"}]},{"@type":"WebSite","@id":"https:\/\/rertech.it\/#website","url":"https:\/\/rertech.it\/","name":"Rertech","description":"Fiber Optic Products, Equipment and Services","publisher":{"@id":"https:\/\/rertech.it\/#organization"},"potentialAction":[{"@type":"SearchAction","target":{"@type":"EntryPoint","urlTemplate":"https:\/\/rertech.it\/?s={search_term_string}"},"query-input":{"@type":"PropertyValueSpecification","valueRequired":true,"valueName":"search_term_string"}}],"inLanguage":"en-GB"},{"@type":"Organization","@id":"https:\/\/rertech.it\/#organization","name":"RERTECH","url":"https:\/\/rertech.it\/","logo":{"@type":"ImageObject","inLanguage":"en-GB","@id":"https:\/\/rertech.it\/#\/schema\/logo\/image\/","url":"https:\/\/rertech.it\/wp-content\/uploads\/2022\/03\/cropped-Copia-di-RERTECH-500x180-2.png","contentUrl":"https:\/\/rertech.it\/wp-content\/uploads\/2022\/03\/cropped-Copia-di-RERTECH-500x180-2.png","width":512,"height":512,"caption":"RERTECH"},"image":{"@id":"https:\/\/rertech.it\/#\/schema\/logo\/image\/"},"sameAs":["https:\/\/www.facebook.com\/rertech.fibraottica\/","https:\/\/www.instagram.com\/rertechfibraottica\/","https:\/\/www.linkedin.com\/company\/rertech-fibraottica\/","https:\/\/www.youtube.com\/channel\/UC5Sihqg7SPUcMPDCEnmQ5XQ\/"]}]},"product_price_amount":"1290.000","product_price_currency":"EUR","og_availability":"instock","product_availability":"instock","product_retailer_item_id":"TE-EML100","product_condition":"new"},"_links":{"self":[{"href":"https:\/\/rertech.it\/en\/wp-json\/wp\/v2\/product\/44758","targetHints":{"allow":["GET"]}}],"collection":[{"href":"https:\/\/rertech.it\/en\/wp-json\/wp\/v2\/product"}],"about":[{"href":"https:\/\/rertech.it\/en\/wp-json\/wp\/v2\/types\/product"}],"wp:featuredmedia":[{"embeddable":true,"href":"https:\/\/rertech.it\/en\/wp-json\/wp\/v2\/media\/44748"}],"wp:attachment":[{"href":"https:\/\/rertech.it\/en\/wp-json\/wp\/v2\/media?parent=44758"}],"wp:term":[{"taxonomy":"product_brand","embeddable":true,"href":"https:\/\/rertech.it\/en\/wp-json\/wp\/v2\/product_brand?post=44758"},{"taxonomy":"product_cat","embeddable":true,"href":"https:\/\/rertech.it\/en\/wp-json\/wp\/v2\/product_cat?post=44758"},{"taxonomy":"product_tag","embeddable":true,"href":"https:\/\/rertech.it\/en\/wp-json\/wp\/v2\/product_tag?post=44758"}],"curies":[{"name":"wp","href":"https:\/\/api.w.org\/{rel}","templated":true}]}}